{"id":672,"date":"2025-11-01T11:04:13","date_gmt":"2025-11-01T11:04:13","guid":{"rendered":"https:\/\/www.cxjsmartcard.com\/?post_type=product&#038;p=672"},"modified":"2025-12-29T01:27:11","modified_gmt":"2025-12-29T01:27:11","slug":"rfid-smart-contactless-mifare-plus-ev2-card","status":"publish","type":"product","link":"https:\/\/www.cxjsmartcard.com\/pt\/rfid-smart-contactless-mifare-plus-ev2-card\/","title":{"rendered":"Cart\u00e3o RFID Smart Contactless MIFARE Plus EV2"},"content":{"rendered":"<p data-start=\"50\" data-end=\"400\">Cart\u00e3o inteligente contactless de alta seguran\u00e7a de 13,56 MHz baseado em NXP MIFARE Plus\u00ae EV2, projetado para programas de transporte, controle de acesso, fidelidade\/associa\u00e7\u00e3o e varejo. Compat\u00edvel com ISO\/IEC 14443A, transfer\u00eancia r\u00e1pida de 106\u2013848 kbit\/s, mensagens seguras AES-128 e migra\u00e7\u00e3o perfeita de infraestruturas legadas.<\/p>\n<p data-start=\"402\" data-end=\"421\"><strong data-start=\"402\" data-end=\"419\">Especifica\u00e7\u00e3o<\/strong><\/p>\n<div class=\"_tableContainer_1rjym_1\">\n<div class=\"group _tableWrapper_1rjym_13 flex w-fit flex-col-reverse\" tabindex=\"-1\">\n<table class=\"w-fit min-w-(--thread-content-width)\" data-start=\"422\" data-end=\"1050\">\n<thead data-start=\"422\" data-end=\"440\">\n<tr data-start=\"422\" data-end=\"440\">\n<th data-start=\"422\" data-end=\"429\" data-col-size=\"sm\">Item<\/th>\n<th data-start=\"429\" data-end=\"440\" data-col-size=\"md\">Detalhes<\/th>\n<\/tr>\n<\/thead>\n<tbody data-start=\"451\" data-end=\"1050\">\n<tr data-start=\"451\" data-end=\"500\">\n<td data-start=\"451\" data-end=\"458\" data-col-size=\"sm\">Chip<\/td>\n<td data-col-size=\"md\" data-start=\"458\" data-end=\"500\">MIFARE Plus\u00ae EV2 (mem\u00f3ria NV de 2 KB \/ 4 KB)<\/td>\n<\/tr>\n<tr data-start=\"501\" data-end=\"526\">\n<td data-start=\"501\" data-end=\"513\" data-col-size=\"sm\">Freq\u00fc\u00eancia<\/td>\n<td data-col-size=\"md\" data-start=\"513\" data-end=\"526\">13,56 MHz<\/td>\n<\/tr>\n<tr data-start=\"527\" data-end=\"576\">\n<td data-start=\"527\" data-end=\"538\" data-col-size=\"sm\">Protocolo<\/td>\n<td data-col-size=\"md\" data-start=\"538\" data-end=\"576\">ISO\/IEC 14443 Tipo A (partes 2\/3\/4)<\/td>\n<\/tr>\n<tr data-start=\"577\" data-end=\"621\">\n<td data-start=\"577\" data-end=\"589\" data-col-size=\"sm\">Taxa de dados<\/td>\n<td data-col-size=\"md\" data-start=\"589\" data-end=\"621\">106 \/ 212 \/ 424 \/ 848 kbit\/s<\/td>\n<\/tr>\n<tr data-start=\"622\" data-end=\"684\">\n<td data-start=\"622\" data-end=\"628\" data-col-size=\"sm\">UID<\/td>\n<td data-col-size=\"md\" data-start=\"628\" data-end=\"684\">UID de 7 bytes (op\u00e7\u00e3o de ID aleat\u00f3rio), NUID de 4 bytes suportado.<\/td>\n<\/tr>\n<tr data-start=\"685\" data-end=\"736\">\n<td data-start=\"685\" data-end=\"698\" data-col-size=\"sm\">Intervalo de leitura<\/td>\n<td data-col-size=\"md\" data-start=\"698\" data-end=\"736\">~1\u20136 cm (dependendo do leitor\/antena)<\/td>\n<\/tr>\n<tr data-start=\"737\" data-end=\"780\">\n<td data-start=\"737\" data-end=\"754\" data-col-size=\"sm\">Materiais para Cart\u00f5es<\/td>\n<td data-col-size=\"md\" data-start=\"754\" data-end=\"780\">PVC \/ PET \/ PETG \/ ABS<\/td>\n<\/tr>\n<tr data-start=\"781\" data-end=\"839\">\n<td data-start=\"781\" data-end=\"788\" data-col-size=\"sm\">Tamanho<\/td>\n<td data-col-size=\"md\" data-start=\"788\" data-end=\"839\">85,5 \u00d7 54 \u00d7 0,9 mm (ID-1); OEM\/personalizado dispon\u00edvel<\/td>\n<\/tr>\n<tr data-start=\"840\" data-end=\"887\">\n<td data-start=\"840\" data-end=\"857\" data-col-size=\"sm\">Certifica\u00e7\u00f5es<\/td>\n<td data-col-size=\"md\" data-start=\"857\" data-end=\"887\">ISO9001, ISO14001, CE, SGS<\/td>\n<\/tr>\n<tr data-start=\"888\" data-end=\"963\">\n<td data-start=\"888\" data-end=\"912\" data-col-size=\"sm\">Resist\u00eancia \/ Reten\u00e7\u00e3o<\/td>\n<td data-col-size=\"md\" data-start=\"912\" data-end=\"963\">Aproximadamente 1.000.000 ciclos de grava\u00e7\u00e3o; reten\u00e7\u00e3o de dados por 25 anos.<\/td>\n<\/tr>\n<tr data-start=\"964\" data-end=\"1050\">\n<td data-start=\"964\" data-end=\"989\" data-col-size=\"sm\">Compatibilidade com vers\u00f5es anteriores<\/td>\n<td data-col-size=\"md\" data-start=\"989\" data-end=\"1050\">Organiza\u00e7\u00e3o de mem\u00f3ria compat\u00edvel com MIFARE Classic\/Plus<\/td>\n<\/tr>\n<\/tbody>\n<\/table>\n<\/div>\n<\/div>\n<p data-start=\"1052\" data-end=\"1076\"><strong data-start=\"1052\" data-end=\"1074\">Seguran\u00e7a e Privacidade<\/strong><\/p>\n<div class=\"_tableContainer_1rjym_1\">\n<div class=\"group _tableWrapper_1rjym_13 flex w-fit flex-col-reverse\" tabindex=\"-1\">\n<table class=\"w-fit min-w-(--thread-content-width)\" data-start=\"1077\" data-end=\"1475\">\n<thead data-start=\"1077\" data-end=\"1102\">\n<tr data-start=\"1077\" data-end=\"1102\">\n<th data-start=\"1077\" data-end=\"1087\" data-col-size=\"sm\">Recurso<\/th>\n<th data-start=\"1087\" data-end=\"1102\" data-col-size=\"md\">Descri\u00e7\u00e3o<\/th>\n<\/tr>\n<\/thead>\n<tbody data-start=\"1113\" data-end=\"1475\">\n<tr data-start=\"1113\" data-end=\"1186\">\n<td data-start=\"1113\" data-end=\"1128\" data-col-size=\"sm\">Criptografia<\/td>\n<td data-col-size=\"md\" data-start=\"1128\" data-end=\"1186\">AES-128 (autentica\u00e7\u00e3o m\u00fatua de 3 etapas), integridade CMAC<\/td>\n<\/tr>\n<tr data-start=\"1187\" data-end=\"1236\">\n<td data-start=\"1187\" data-end=\"1205\" data-col-size=\"sm\">Crit\u00e9rios comuns<\/td>\n<td data-col-size=\"md\" data-start=\"1205\" data-end=\"1236\">EAL5+ (hardware e software)<\/td>\n<\/tr>\n<tr data-start=\"1237\" data-end=\"1288\">\n<td data-start=\"1237\" data-end=\"1250\" data-col-size=\"sm\">Anti-rel\u00e9<\/td>\n<td data-col-size=\"md\" data-start=\"1250\" data-end=\"1288\">Verifica\u00e7\u00e3o de proximidade, temporizador de transa\u00e7\u00e3o<\/td>\n<\/tr>\n<tr data-start=\"1289\" data-end=\"1345\">\n<td data-start=\"1289\" data-end=\"1299\" data-col-size=\"sm\">Privacidade<\/td>\n<td data-col-size=\"md\" data-start=\"1299\" data-end=\"1345\">ID aleat\u00f3rio, Arquitetura de cart\u00e3o virtual (VCA)<\/td>\n<\/tr>\n<tr data-start=\"1346\" data-end=\"1402\">\n<td data-start=\"1346\" data-end=\"1361\" data-col-size=\"sm\">Autenticidade<\/td>\n<td data-col-size=\"md\" data-start=\"1361\" data-end=\"1402\">Verifica\u00e7\u00e3o de autenticidade para circuitos integrados NXP genu\u00ednos<\/td>\n<\/tr>\n<tr data-start=\"1403\" data-end=\"1475\">\n<td data-start=\"1403\" data-end=\"1422\" data-col-size=\"sm\">Mensagens seguras<\/td>\n<td data-col-size=\"md\" data-start=\"1422\" data-end=\"1475\">Canal de radiofrequ\u00eancia criptografado; autentica\u00e7\u00e3o em n\u00edvel de setor.<\/td>\n<\/tr>\n<\/tbody>\n<\/table>\n<\/div>\n<\/div>\n<p data-start=\"1477\" data-end=\"1502\"><strong data-start=\"1477\" data-end=\"1500\">Organiza\u00e7\u00e3o da mem\u00f3ria<\/strong><\/p>\n<div class=\"_tableContainer_1rjym_1\">\n<div class=\"group _tableWrapper_1rjym_13 flex w-fit flex-col-reverse\" tabindex=\"-1\">\n<table class=\"w-fit min-w-(--thread-content-width)\" data-start=\"1503\" data-end=\"1718\">\n<thead data-start=\"1503\" data-end=\"1538\">\n<tr data-start=\"1503\" data-end=\"1538\">\n<th data-start=\"1503\" data-end=\"1517\" data-col-size=\"sm\">Variante EV2<\/th>\n<th data-start=\"1517\" data-end=\"1538\" data-col-size=\"md\">Destaques do layout<\/th>\n<\/tr>\n<\/thead>\n<tbody data-start=\"1549\" data-end=\"1718\">\n<tr data-start=\"1549\" data-end=\"1630\">\n<td data-start=\"1549\" data-end=\"1567\" data-col-size=\"sm\">MF1P(H)22 (2KB)<\/td>\n<td data-col-size=\"md\" data-start=\"1567\" data-end=\"1630\">32 setores \u00d7 4 blocos; o bloco 0 armazena dados do fabricante NXP.<\/td>\n<\/tr>\n<tr data-start=\"1631\" data-end=\"1718\">\n<td data-start=\"1631\" data-end=\"1649\" data-col-size=\"sm\">MF1P(H)42 (4KB)<\/td>\n<td data-col-size=\"md\" data-start=\"1649\" data-end=\"1718\">Acima + 8 setores \u00d7 16 blocos; os trailers dos setores definem as chaves de acesso.<\/td>\n<\/tr>\n<\/tbody>\n<\/table>\n<\/div>\n<\/div>\n<p data-start=\"1720\" data-end=\"1755\"><strong data-start=\"1720\" data-end=\"1753\">Personaliza\u00e7\u00e3o e artesanato em cart\u00f5es<\/strong><\/p>\n<div class=\"_tableContainer_1rjym_1\">\n<div class=\"group _tableWrapper_1rjym_13 flex w-fit flex-col-reverse\" tabindex=\"-1\">\n<table class=\"w-fit min-w-(--thread-content-width)\" data-start=\"1756\" data-end=\"2165\">\n<thead data-start=\"1756\" data-end=\"1775\">\n<tr data-start=\"1756\" data-end=\"1775\">\n<th data-start=\"1756\" data-end=\"1764\" data-col-size=\"sm\">Arte<\/th>\n<th data-start=\"1764\" data-end=\"1775\" data-col-size=\"md\">Op\u00e7\u00f5es<\/th>\n<\/tr>\n<\/thead>\n<tbody data-start=\"1786\" data-end=\"2165\">\n<tr data-start=\"1786\" data-end=\"1883\">\n<td data-start=\"1786\" data-end=\"1798\" data-col-size=\"sm\">Numera\u00e7\u00e3o<\/td>\n<td data-col-size=\"md\" data-start=\"1798\" data-end=\"1883\">N\u00fameros impressos em impressoras t\u00e9rmicas\/jato de tinta (preto\/branco\/dourado\/prateado), n\u00famero de s\u00e9rie\/NSB em relevo (13pt\/18pt)<\/td>\n<\/tr>\n<tr data-start=\"1884\" data-end=\"1965\">\n<td data-start=\"1884\" data-end=\"1895\" data-col-size=\"sm\">Impress\u00e3o<\/td>\n<td data-col-size=\"md\" data-start=\"1895\" data-end=\"1965\">Impress\u00e3o offset CMYK, UV, mapeamento de n\u00famero de s\u00e9rie\/UID, c\u00f3digo QR\/de barras gravado a laser<\/td>\n<\/tr>\n<tr data-start=\"1966\" data-end=\"2065\">\n<td data-start=\"1966\" data-end=\"1983\" data-col-size=\"sm\">Folha e Efeitos<\/td>\n<td data-col-size=\"md\" data-start=\"1983\" data-end=\"2065\">Impress\u00e3o a quente em ouro\/prata\/laser, espelhada\/transparente, hologr\u00e1fica, lenticular<\/td>\n<\/tr>\n<tr data-start=\"2066\" data-end=\"2165\">\n<td data-start=\"2066\" data-end=\"2076\" data-col-size=\"sm\">Complementos<\/td>\n<td data-col-size=\"md\" data-start=\"2076\" data-end=\"2165\">Tarja magn\u00e9tica (HICO 2750\/4000 OE, LOCO 300 OE), pain\u00e9is rasp\u00e1veis, painel de assinatura<\/td>\n<\/tr>\n<\/tbody>\n<\/table>\n<\/div>\n<\/div>\n<p data-start=\"2167\" data-end=\"2192\"><strong data-start=\"2167\" data-end=\"2190\">Embalagem e amostras<\/strong><\/p>\n<div class=\"_tableContainer_1rjym_1\">\n<div class=\"group _tableWrapper_1rjym_13 flex w-fit flex-col-reverse\" tabindex=\"-1\">\n<table class=\"w-fit min-w-(--thread-content-width)\" data-start=\"2193\" data-end=\"2414\">\n<thead data-start=\"2193\" data-end=\"2211\">\n<tr data-start=\"2193\" data-end=\"2211\">\n<th data-start=\"2193\" data-end=\"2200\" data-col-size=\"sm\">Item<\/th>\n<th data-start=\"2200\" data-end=\"2211\" data-col-size=\"md\">Detalhes<\/th>\n<\/tr>\n<\/thead>\n<tbody data-start=\"2222\" data-end=\"2414\">\n<tr data-start=\"2222\" data-end=\"2295\">\n<td data-start=\"2222\" data-end=\"2238\" data-col-size=\"sm\">Pacote padr\u00e3o<\/td>\n<td data-col-size=\"md\" data-start=\"2238\" data-end=\"2295\">200 unidades por caixa interna; 5000 unidades por caixa de papel\u00e3o; aproximadamente 35 kg por caixa.<\/td>\n<\/tr>\n<tr data-start=\"2296\" data-end=\"2366\">\n<td data-start=\"2296\" data-end=\"2314\" data-col-size=\"sm\">Tamanhos irregulares<\/td>\n<td data-col-size=\"md\" data-start=\"2314\" data-end=\"2366\">50 a 100 unidades por saco OPP, depois caixa de papel\u00e3o (ou conforme solicita\u00e7\u00e3o).<\/td>\n<\/tr>\n<tr data-start=\"2367\" data-end=\"2414\">\n<td data-start=\"2367\" data-end=\"2377\" data-col-size=\"sm\">Amostras<\/td>\n<td data-col-size=\"md\" data-start=\"2377\" data-end=\"2414\">Amostras gr\u00e1tis dispon\u00edveis mediante solicita\u00e7\u00e3o.<\/td>\n<\/tr>\n<\/tbody>\n<\/table>\n<\/div>\n<\/div>\n<p data-start=\"2416\" data-end=\"2442\"><strong data-start=\"2416\" data-end=\"2440\">Aplica\u00e7\u00f5es t\u00edpicas<\/strong><\/p>\n<ul data-start=\"2443\" data-end=\"2607\">\n<li data-start=\"2443\" data-end=\"2519\">\n<p data-start=\"2445\" data-end=\"2519\">Bilhetagem de transporte, acesso ao campus\/empresa, programas de fidelidade e associa\u00e7\u00e3o.<\/p>\n<\/li>\n<li data-start=\"2520\" data-end=\"2607\">\n<p data-start=\"2522\" data-end=\"2607\">Cart\u00f5es-presente VIP\/corporativos, cart\u00f5es de lavanderia\/garantia, etiquetas de bagagem, cart\u00f5es de desconto\/pr\u00e9-pagos<\/p>\n<\/li>\n<\/ul>","protected":false},"excerpt":{"rendered":"<p>Cart\u00e3o inteligente MIFARE Plus EV2 de 13,56 MHz com seguran\u00e7a AES, EAL5+, RF de alta velocidade e ampla personaliza\u00e7\u00e3o \u2014 ideal para transporte, controle de acesso e cart\u00f5es de fidelidade\/associa\u00e7\u00e3o.<\/p>","protected":false},"featured_media":673,"template":"","meta":{"_gspb_post_css":""},"product_brand":[],"product_cat":[15],"product_tag":[],"class_list":{"0":"post-672","1":"product","2":"type-product","3":"status-publish","4":"has-post-thumbnail","6":"product_cat-rfid-cards","8":"first","9":"instock","10":"shipping-taxable","11":"purchasable","12":"product-type-simple"},"_links":{"self":[{"href":"https:\/\/www.cxjsmartcard.com\/pt\/wp-json\/wp\/v2\/product\/672","targetHints":{"allow":["GET"]}}],"collection":[{"href":"https:\/\/www.cxjsmartcard.com\/pt\/wp-json\/wp\/v2\/product"}],"about":[{"href":"https:\/\/www.cxjsmartcard.com\/pt\/wp-json\/wp\/v2\/types\/product"}],"wp:featuredmedia":[{"embeddable":true,"href":"https:\/\/www.cxjsmartcard.com\/pt\/wp-json\/wp\/v2\/media\/673"}],"wp:attachment":[{"href":"https:\/\/www.cxjsmartcard.com\/pt\/wp-json\/wp\/v2\/media?parent=672"}],"wp:term":[{"taxonomy":"product_brand","embeddable":true,"href":"https:\/\/www.cxjsmartcard.com\/pt\/wp-json\/wp\/v2\/product_brand?post=672"},{"taxonomy":"product_cat","embeddable":true,"href":"https:\/\/www.cxjsmartcard.com\/pt\/wp-json\/wp\/v2\/product_cat?post=672"},{"taxonomy":"product_tag","embeddable":true,"href":"https:\/\/www.cxjsmartcard.com\/pt\/wp-json\/wp\/v2\/product_tag?post=672"}],"curies":[{"name":"wp","href":"https:\/\/api.w.org\/{rel}","templated":true}]}}