{"id":667,"date":"2025-11-01T10:59:47","date_gmt":"2025-11-01T10:59:47","guid":{"rendered":"https:\/\/www.cxjsmartcard.com\/?post_type=product&#038;p=667"},"modified":"2025-12-29T01:27:11","modified_gmt":"2025-12-29T01:27:11","slug":"rfid-nfc-smart-shielding-blocker-credit-rfid-blocking-card","status":"publish","type":"product","link":"https:\/\/www.cxjsmartcard.com\/pt\/rfid-nfc-smart-shielding-blocker-credit-rfid-blocking-card\/","title":{"rendered":"Bloqueador de prote\u00e7\u00e3o RFID NFC inteligente para cart\u00f5es de cr\u00e9dito com bloqueio RFID."},"content":{"rendered":"<p data-start=\"65\" data-end=\"546\">\u63cf\u8ff0\uff08\u8981\u6709\u8868\u683c\u6700\u597d\u9075\u5faa\u6587\u6863\u7684\u683c\u5f0f\u8f93\u51fa\uff09<br data-start=\"84\" data-end=\"87\" \/>Cart\u00e3o de bloqueio RFID\/NFC fino, do tamanho de uma carteira, projetado para impedir a leitura n\u00e3o autorizada por aproxima\u00e7\u00e3o de 13,56 MHz de cart\u00f5es banc\u00e1rios, cart\u00f5es de cr\u00e9dito\/d\u00e9bito, passaportes e documentos de identidade. Possui um premiado m\u00f3dulo de prote\u00e7\u00e3o integrado \u2014 basta colocar 1 ou 2 cart\u00f5es na carteira e todos os cart\u00f5es por aproxima\u00e7\u00e3o pr\u00f3ximos estar\u00e3o protegidos. Suporta impress\u00e3o personalizada CMYK, correspond\u00eancia de cores da marca e diferentes acabamentos de superf\u00edcie para promo\u00e7\u00f5es, bancos, viagens e brindes corporativos.<\/p>\n<p data-start=\"548\" data-end=\"567\"><strong data-start=\"548\" data-end=\"565\">Especifica\u00e7\u00e3o<\/strong><\/p>\n<div class=\"_tableContainer_1rjym_1\">\n<div class=\"group _tableWrapper_1rjym_13 flex w-fit flex-col-reverse\" tabindex=\"-1\">\n<table class=\"w-fit min-w-(--thread-content-width)\" data-start=\"568\" data-end=\"1243\">\n<thead data-start=\"568\" data-end=\"586\">\n<tr data-start=\"568\" data-end=\"586\">\n<th data-start=\"568\" data-end=\"575\" data-col-size=\"sm\">Item<\/th>\n<th data-start=\"575\" data-end=\"586\" data-col-size=\"md\">Detalhes<\/th>\n<\/tr>\n<\/thead>\n<tbody data-start=\"597\" data-end=\"1243\">\n<tr data-start=\"597\" data-end=\"653\">\n<td data-start=\"597\" data-end=\"612\" data-col-size=\"sm\">Nome do produto<\/td>\n<td data-col-size=\"md\" data-start=\"612\" data-end=\"653\">Cart\u00e3o bloqueador de blindagem inteligente RFID NFC<\/td>\n<\/tr>\n<tr data-start=\"654\" data-end=\"714\">\n<td data-start=\"654\" data-end=\"665\" data-col-size=\"sm\">Material<\/td>\n<td data-start=\"665\" data-end=\"714\" data-col-size=\"md\">PVC + M\u00f3dulo de bloqueio \/ PVC + Tecido de bloqueio<\/td>\n<\/tr>\n<tr data-start=\"715\" data-end=\"744\">\n<td data-start=\"715\" data-end=\"722\" data-col-size=\"sm\">Tamanho<\/td>\n<td data-start=\"722\" data-end=\"744\" data-col-size=\"md\">CR80, 85,5 \u00d7 54 mm<\/td>\n<\/tr>\n<tr data-start=\"745\" data-end=\"786\">\n<td data-start=\"745\" data-end=\"757\" data-col-size=\"sm\">Grossura<\/td>\n<td data-start=\"757\" data-end=\"786\" data-col-size=\"md\">0,86 mm \/ 1,2 mm \/ 1,5 mm<\/td>\n<\/tr>\n<tr data-start=\"787\" data-end=\"844\">\n<td data-start=\"787\" data-end=\"808\" data-col-size=\"sm\">Blindagem de frequ\u00eancia<\/td>\n<td data-start=\"808\" data-end=\"844\" data-col-size=\"md\">13,56 MHz sem contato (RFID\/NFC)<\/td>\n<\/tr>\n<tr data-start=\"845\" data-end=\"883\">\n<td data-start=\"845\" data-end=\"855\" data-col-size=\"sm\">Superf\u00edcie<\/td>\n<td data-col-size=\"md\" data-start=\"855\" data-end=\"883\">Brilhante \/ Fosco \/ Mate<\/td>\n<\/tr>\n<tr data-start=\"884\" data-end=\"945\">\n<td data-start=\"884\" data-end=\"895\" data-col-size=\"sm\">Impress\u00e3o<\/td>\n<td data-col-size=\"md\" data-start=\"895\" data-end=\"945\">Serigrafia, impress\u00e3o CMYK, correspond\u00eancia de cores 100%<\/td>\n<\/tr>\n<tr data-start=\"946\" data-end=\"994\">\n<td data-start=\"946\" data-end=\"961\" data-col-size=\"sm\">Modo de funcionamento<\/td>\n<td data-col-size=\"md\" data-start=\"961\" data-end=\"994\">Blindagem passiva, sem bateria<\/td>\n<\/tr>\n<tr data-start=\"995\" data-end=\"1061\">\n<td data-start=\"995\" data-end=\"1003\" data-col-size=\"sm\">Uso<\/td>\n<td data-col-size=\"md\" data-start=\"1003\" data-end=\"1061\">Coloque 1 ou 2 cart\u00f5es dentro da carteira\/bolsa para proteger todos os cart\u00f5es.<\/td>\n<\/tr>\n<tr data-start=\"1062\" data-end=\"1131\">\n<td data-start=\"1062\" data-end=\"1076\" data-col-size=\"sm\">Aplicativo<\/td>\n<td data-start=\"1076\" data-end=\"1131\" data-col-size=\"md\">Prote\u00e7\u00e3o anti-clonagem para cart\u00f5es banc\u00e1rios, documentos de identidade, passaportes e cart\u00f5es de acesso.<\/td>\n<\/tr>\n<tr data-start=\"1132\" data-end=\"1189\">\n<td data-start=\"1132\" data-end=\"1138\" data-col-size=\"sm\">MOQ<\/td>\n<td data-col-size=\"md\" data-start=\"1138\" data-end=\"1189\">Sem quantidade m\u00ednima para produtos sem personaliza\u00e7\u00e3o; 50 unidades para produtos com logotipo\/design personalizado.<\/td>\n<\/tr>\n<tr data-start=\"1190\" data-end=\"1243\">\n<td data-start=\"1190\" data-end=\"1201\" data-col-size=\"sm\">Caracter\u00edsticas<\/td>\n<td data-start=\"1201\" data-end=\"1243\" data-col-size=\"md\">Material de bloqueio premiado no interior<\/td>\n<\/tr>\n<\/tbody>\n<\/table>\n<\/div>\n<\/div>\n<p data-start=\"1245\" data-end=\"1514\"><strong data-start=\"1245\" data-end=\"1261\">Como funciona<\/strong><br data-start=\"1261\" data-end=\"1264\" \/>A camada de bloqueio cria um campo de radiofrequ\u00eancia protetor, impedindo que leitores pr\u00f3ximos se comuniquem com o chip do seu cart\u00e3o de pagamento\/identifica\u00e7\u00e3o. Uma \u00fanica pe\u00e7a pode proteger v\u00e1rios cart\u00f5es no mesmo bolso, tornando-se uma alternativa mais pr\u00e1tica \u00e0s capas ou carteiras com bloqueio RFID.<\/p>\n<p data-start=\"1516\" data-end=\"1534\"><strong data-start=\"1516\" data-end=\"1532\">Aplica\u00e7\u00f5es<\/strong><\/p>\n<ul data-start=\"1535\" data-end=\"1703\">\n<li data-start=\"1535\" data-end=\"1579\">\n<p data-start=\"1537\" data-end=\"1579\">Sistema anti-clonagem para cart\u00f5es banc\u00e1rios sem contato<\/p>\n<\/li>\n<li data-start=\"1580\" data-end=\"1620\">\n<p data-start=\"1582\" data-end=\"1620\">Prote\u00e7\u00e3o de passaporte\/documento de identidade durante viagens<\/p>\n<\/li>\n<li data-start=\"1621\" data-end=\"1668\">\n<p data-start=\"1623\" data-end=\"1668\">Brindes corporativos ou banc\u00e1rios com logotipo personalizado<\/p>\n<\/li>\n<li data-start=\"1669\" data-end=\"1703\">\n<p data-start=\"1671\" data-end=\"1703\">Acess\u00f3rio de seguran\u00e7a para varejo\/online<\/p>\n<\/li>\n<\/ul>","protected":false},"excerpt":{"rendered":"<p>Cart\u00e3o de PVC tamanho carteira com bloqueio RFID\/NFC que protege cart\u00f5es banc\u00e1rios sem contato de 13,56 MHz, documentos de identidade e passaportes contra clonagem; op\u00e7\u00f5es de impress\u00e3o e superf\u00edcie personaliz\u00e1veis.<\/p>","protected":false},"featured_media":668,"template":"","meta":{"_gspb_post_css":""},"product_brand":[],"product_cat":[15],"product_tag":[],"class_list":{"0":"post-667","1":"product","2":"type-product","3":"status-publish","4":"has-post-thumbnail","6":"product_cat-rfid-cards","8":"first","9":"instock","10":"shipping-taxable","11":"purchasable","12":"product-type-simple"},"_links":{"self":[{"href":"https:\/\/www.cxjsmartcard.com\/pt\/wp-json\/wp\/v2\/product\/667","targetHints":{"allow":["GET"]}}],"collection":[{"href":"https:\/\/www.cxjsmartcard.com\/pt\/wp-json\/wp\/v2\/product"}],"about":[{"href":"https:\/\/www.cxjsmartcard.com\/pt\/wp-json\/wp\/v2\/types\/product"}],"wp:featuredmedia":[{"embeddable":true,"href":"https:\/\/www.cxjsmartcard.com\/pt\/wp-json\/wp\/v2\/media\/668"}],"wp:attachment":[{"href":"https:\/\/www.cxjsmartcard.com\/pt\/wp-json\/wp\/v2\/media?parent=667"}],"wp:term":[{"taxonomy":"product_brand","embeddable":true,"href":"https:\/\/www.cxjsmartcard.com\/pt\/wp-json\/wp\/v2\/product_brand?post=667"},{"taxonomy":"product_cat","embeddable":true,"href":"https:\/\/www.cxjsmartcard.com\/pt\/wp-json\/wp\/v2\/product_cat?post=667"},{"taxonomy":"product_tag","embeddable":true,"href":"https:\/\/www.cxjsmartcard.com\/pt\/wp-json\/wp\/v2\/product_tag?post=667"}],"curies":[{"name":"wp","href":"https:\/\/api.w.org\/{rel}","templated":true}]}}