{"id":662,"date":"2025-11-01T08:43:38","date_gmt":"2025-11-01T08:43:38","guid":{"rendered":"https:\/\/www.cxjsmartcard.com\/?post_type=product&#038;p=662"},"modified":"2025-12-29T01:27:11","modified_gmt":"2025-12-29T01:27:11","slug":"rfid-contactless-google-nfc-review-card","status":"publish","type":"product","link":"https:\/\/www.cxjsmartcard.com\/pt\/rfid-contactless-google-nfc-review-card\/","title":{"rendered":"Cart\u00e3o de avalia\u00e7\u00e3o do Google NFC sem contato RFID"},"content":{"rendered":"<p data-start=\"46\" data-end=\"417\">Cart\u00e3o de avalia\u00e7\u00e3o NFC sem contato que permite aos clientes acessar a p\u00e1gina de avalia\u00e7\u00f5es da sua empresa no Google com um \u00fanico toque em um celular com NFC. Fabricado com chips NXP NTAG213\/215\/216 genu\u00ednos, PVC \u00e0 prova d&#039;\u00e1gua, impress\u00e3o CMYK completa e op\u00e7\u00e3o de laser\/serial para campanhas de marca, restaurantes, sal\u00f5es de beleza, cl\u00ednicas, balc\u00f5es de varejo e hot\u00e9is.<\/p>\n<p data-start=\"419\" data-end=\"438\"><strong data-start=\"419\" data-end=\"436\">Especifica\u00e7\u00e3o<\/strong><\/p>\n<div class=\"_tableContainer_1rjym_1\">\n<div class=\"group _tableWrapper_1rjym_13 flex w-fit flex-col-reverse\" tabindex=\"-1\">\n<table class=\"w-fit min-w-(--thread-content-width)\" data-start=\"439\" data-end=\"1041\">\n<thead data-start=\"439\" data-end=\"457\">\n<tr data-start=\"439\" data-end=\"457\">\n<th data-start=\"439\" data-end=\"446\" data-col-size=\"sm\">Item<\/th>\n<th data-start=\"446\" data-end=\"457\" data-col-size=\"md\">Detalhes<\/th>\n<\/tr>\n<\/thead>\n<tbody data-start=\"468\" data-end=\"1041\">\n<tr data-start=\"468\" data-end=\"526\">\n<td data-start=\"468\" data-end=\"483\" data-col-size=\"sm\">Nome do produto<\/td>\n<td data-col-size=\"md\" data-start=\"483\" data-end=\"526\">Cart\u00e3o de avalia\u00e7\u00e3o do Google NFC sem contato RFID<\/td>\n<\/tr>\n<tr data-start=\"527\" data-end=\"584\">\n<td data-start=\"527\" data-end=\"538\" data-col-size=\"sm\">Fun\u00e7\u00e3o<\/td>\n<td data-start=\"538\" data-end=\"584\" data-col-size=\"md\">Um toque para abrir a p\u00e1gina de avalia\u00e7\u00e3o\/destino do Google<\/td>\n<\/tr>\n<tr data-start=\"585\" data-end=\"631\">\n<td data-start=\"585\" data-end=\"600\" data-col-size=\"sm\">Op\u00e7\u00f5es de chip<\/td>\n<td data-col-size=\"md\" data-start=\"600\" data-end=\"631\">NTAG213 \/ NTAG215 \/ NTAG216<\/td>\n<\/tr>\n<tr data-start=\"632\" data-end=\"674\">\n<td data-start=\"632\" data-end=\"643\" data-col-size=\"sm\">Protocolo<\/td>\n<td data-start=\"643\" data-end=\"674\" data-col-size=\"md\">ISO14443A, F\u00f3rum NFC Tipo 2<\/td>\n<\/tr>\n<tr data-start=\"675\" data-end=\"700\">\n<td data-start=\"675\" data-end=\"687\" data-col-size=\"sm\">Freq\u00fc\u00eancia<\/td>\n<td data-col-size=\"md\" data-start=\"687\" data-end=\"700\">13,56 MHz<\/td>\n<\/tr>\n<tr data-start=\"701\" data-end=\"758\">\n<td data-start=\"701\" data-end=\"720\" data-col-size=\"sm\">Dist\u00e2ncia de leitura<\/td>\n<td data-col-size=\"md\" data-start=\"720\" data-end=\"758\">2\u20135 cm (dependendo do telefone e da antena)<\/td>\n<\/tr>\n<tr data-start=\"759\" data-end=\"804\">\n<td data-start=\"759\" data-end=\"770\" data-col-size=\"sm\">Material<\/td>\n<td data-col-size=\"md\" data-start=\"770\" data-end=\"804\">PVC, imperme\u00e1vel\/resistente \u00e0s intemp\u00e9ries<\/td>\n<\/tr>\n<tr data-start=\"805\" data-end=\"835\">\n<td data-start=\"805\" data-end=\"812\" data-col-size=\"sm\">Tamanho<\/td>\n<td data-start=\"812\" data-end=\"835\" data-col-size=\"md\">85,5 \u00d7 54 mm (CR80)<\/td>\n<\/tr>\n<tr data-start=\"836\" data-end=\"880\">\n<td data-start=\"836\" data-end=\"847\" data-col-size=\"sm\">Impress\u00e3o<\/td>\n<td data-col-size=\"md\" data-start=\"847\" data-end=\"880\">CMYK 4 cores \/ offset \/ serigrafia<\/td>\n<\/tr>\n<tr data-start=\"881\" data-end=\"947\">\n<td data-start=\"881\" data-end=\"890\" data-col-size=\"sm\">Artesanato<\/td>\n<td data-start=\"890\" data-end=\"947\" data-col-size=\"md\">C\u00f3digo a laser, tinta UV, n\u00famero de s\u00e9rie, relevo, t\u00e9rmico<\/td>\n<\/tr>\n<tr data-start=\"948\" data-end=\"1018\">\n<td data-start=\"948\" data-end=\"962\" data-col-size=\"sm\">Aplicativo<\/td>\n<td data-col-size=\"md\" data-start=\"962\" data-end=\"1018\">Feedback do cliente, avalia\u00e7\u00e3o social, promo\u00e7\u00e3o de neg\u00f3cios<\/td>\n<\/tr>\n<tr data-start=\"1019\" data-end=\"1041\">\n<td data-start=\"1019\" data-end=\"1028\" data-col-size=\"sm\">Amostra<\/td>\n<td data-col-size=\"md\" data-start=\"1028\" data-end=\"1041\">Dispon\u00edvel<\/td>\n<\/tr>\n<\/tbody>\n<\/table>\n<\/div>\n<\/div>\n<p data-start=\"1043\" data-end=\"1227\"><strong data-start=\"1043\" data-end=\"1057\">Como usar<\/strong><br data-start=\"1057\" data-end=\"1060\" \/>Coloque o cart\u00e3o de avalia\u00e7\u00e3o NFC no balc\u00e3o, mesa ou escrivaninha \u2192 o cliente aproxima o celular \u2192 o celular abre o link predefinido para avalia\u00e7\u00e3o no Google \u2192 o usu\u00e1rio deixa uma avalia\u00e7\u00e3o de 5 estrelas em segundos.<\/p>","protected":false},"excerpt":{"rendered":"<p>Cart\u00e3o de avalia\u00e7\u00e3o NFC em PVC com chip NTAG213\/215\/216 que abre sua p\u00e1gina de avalia\u00e7\u00f5es do Google com um \u00fanico toque, ideal para impulsionar o feedback dos clientes na loja.<\/p>","protected":false},"featured_media":663,"template":"","meta":{"_gspb_post_css":""},"product_brand":[],"product_cat":[15],"product_tag":[],"class_list":{"0":"post-662","1":"product","2":"type-product","3":"status-publish","4":"has-post-thumbnail","6":"product_cat-rfid-cards","8":"first","9":"instock","10":"shipping-taxable","11":"purchasable","12":"product-type-simple"},"_links":{"self":[{"href":"https:\/\/www.cxjsmartcard.com\/pt\/wp-json\/wp\/v2\/product\/662","targetHints":{"allow":["GET"]}}],"collection":[{"href":"https:\/\/www.cxjsmartcard.com\/pt\/wp-json\/wp\/v2\/product"}],"about":[{"href":"https:\/\/www.cxjsmartcard.com\/pt\/wp-json\/wp\/v2\/types\/product"}],"wp:featuredmedia":[{"embeddable":true,"href":"https:\/\/www.cxjsmartcard.com\/pt\/wp-json\/wp\/v2\/media\/663"}],"wp:attachment":[{"href":"https:\/\/www.cxjsmartcard.com\/pt\/wp-json\/wp\/v2\/media?parent=662"}],"wp:term":[{"taxonomy":"product_brand","embeddable":true,"href":"https:\/\/www.cxjsmartcard.com\/pt\/wp-json\/wp\/v2\/product_brand?post=662"},{"taxonomy":"product_cat","embeddable":true,"href":"https:\/\/www.cxjsmartcard.com\/pt\/wp-json\/wp\/v2\/product_cat?post=662"},{"taxonomy":"product_tag","embeddable":true,"href":"https:\/\/www.cxjsmartcard.com\/pt\/wp-json\/wp\/v2\/product_tag?post=662"}],"curies":[{"name":"wp","href":"https:\/\/api.w.org\/{rel}","templated":true}]}}