{"id":657,"date":"2025-11-01T08:41:57","date_gmt":"2025-11-01T08:41:57","guid":{"rendered":"https:\/\/www.cxjsmartcard.com\/?post_type=product&#038;p=657"},"modified":"2025-12-29T01:27:11","modified_gmt":"2025-12-29T01:27:11","slug":"plastic-pvc-mifare-classic-4k-s70-rfid-card","status":"publish","type":"product","link":"https:\/\/www.cxjsmartcard.com\/pt\/plastic-pvc-mifare-classic-4k-s70-rfid-card\/","title":{"rendered":"Cart\u00e3o RFID MIFARE Classic 4K S70 em PVC"},"content":{"rendered":"<p data-start=\"50\" data-end=\"378\">Cart\u00e3o RFID sem contato de 13,56 MHz em PVC baseado em MIFARE Classic 4K (S70), projetado para controle de acesso, pagamentos sem dinheiro, locais de jogos\/entretenimento, estacionamentos, campus, eventos e associa\u00e7\u00f5es. Tamanho padr\u00e3o CR80, imprim\u00edvel em offset\/digital\/serigrafia, suporta codifica\u00e7\u00e3o de UID\/serial\/c\u00f3digo de barras\/tarja magn\u00e9tica e chip.<\/p>\n<p data-start=\"380\" data-end=\"399\"><strong data-start=\"380\" data-end=\"397\">Especifica\u00e7\u00e3o<\/strong><\/p>\n<div class=\"_tableContainer_1rjym_1\">\n<div class=\"group _tableWrapper_1rjym_13 flex w-fit flex-col-reverse\" tabindex=\"-1\">\n<table class=\"w-fit min-w-(--thread-content-width)\" data-start=\"400\" data-end=\"1455\">\n<thead data-start=\"400\" data-end=\"418\">\n<tr data-start=\"400\" data-end=\"418\">\n<th data-start=\"400\" data-end=\"407\" data-col-size=\"sm\">Item<\/th>\n<th data-start=\"407\" data-end=\"418\" data-col-size=\"md\">Detalhes<\/th>\n<\/tr>\n<\/thead>\n<tbody data-start=\"429\" data-end=\"1455\">\n<tr data-start=\"429\" data-end=\"491\">\n<td data-start=\"429\" data-end=\"444\" data-col-size=\"sm\">Nome do produto<\/td>\n<td data-col-size=\"md\" data-start=\"444\" data-end=\"491\">Cart\u00e3o RFID MIFARE Classic 4K S70 em PVC<\/td>\n<\/tr>\n<tr data-start=\"492\" data-end=\"584\">\n<td data-start=\"492\" data-end=\"514\" data-col-size=\"sm\">Op\u00e7\u00f5es de chip\/RFID<\/td>\n<td data-col-size=\"md\" data-start=\"514\" data-end=\"584\">MIFARE Classic 4K S70; tamb\u00e9m MIFARE Ultralight EV1\/C\/AES (opcional)<\/td>\n<\/tr>\n<tr data-start=\"585\" data-end=\"614\">\n<td data-start=\"585\" data-end=\"596\" data-col-size=\"sm\">Protocolo<\/td>\n<td data-col-size=\"md\" data-start=\"596\" data-end=\"614\">ISO\/IEC 14443A<\/td>\n<\/tr>\n<tr data-start=\"615\" data-end=\"640\">\n<td data-start=\"615\" data-end=\"627\" data-col-size=\"sm\">Freq\u00fc\u00eancia<\/td>\n<td data-start=\"627\" data-end=\"640\" data-col-size=\"md\">13,56 MHz<\/td>\n<\/tr>\n<tr data-start=\"641\" data-end=\"721\">\n<td data-start=\"641\" data-end=\"650\" data-col-size=\"sm\">Mem\u00f3ria<\/td>\n<td data-start=\"650\" data-end=\"721\" data-col-size=\"md\">4 KB de EEPROM (organizada em 16 setores \u00d7 4 blocos, multiaplica\u00e7\u00e3o)<\/td>\n<\/tr>\n<tr data-start=\"722\" data-end=\"764\">\n<td data-start=\"722\" data-end=\"745\" data-col-size=\"sm\">Resist\u00eancia \u00e0 leitura e escrita<\/td>\n<td data-col-size=\"md\" data-start=\"745\" data-end=\"764\">\u2265100.000 ciclos<\/td>\n<\/tr>\n<tr data-start=\"765\" data-end=\"820\">\n<td data-start=\"765\" data-end=\"782\" data-col-size=\"sm\">Integridade de dados<\/td>\n<td data-start=\"782\" data-end=\"820\" data-col-size=\"md\">CRC de 16 bits, paridade, anticolis\u00e3o<\/td>\n<\/tr>\n<tr data-start=\"821\" data-end=\"888\">\n<td data-start=\"821\" data-end=\"833\" data-col-size=\"sm\">Tamanho do cart\u00e3o<\/td>\n<td data-col-size=\"md\" data-start=\"833\" data-end=\"888\">CR80, 85,5 \u00d7 54 mm; espessura 0,84\u20130,88 mm (sob medida)<\/td>\n<\/tr>\n<tr data-start=\"889\" data-end=\"931\">\n<td data-start=\"889\" data-end=\"900\" data-col-size=\"sm\">Material<\/td>\n<td data-col-size=\"md\" data-start=\"900\" data-end=\"931\">PVC de alta qualidade, imprim\u00edvel<\/td>\n<\/tr>\n<tr data-start=\"932\" data-end=\"1001\">\n<td data-start=\"932\" data-end=\"943\" data-col-size=\"sm\">Impress\u00e3o<\/td>\n<td data-start=\"943\" data-end=\"1001\" data-col-size=\"md\">Heidelberg offset \/ Digital \/ Serigrafia \/ Cores plenas<\/td>\n<\/tr>\n<tr data-start=\"1002\" data-end=\"1098\">\n<td data-start=\"1002\" data-end=\"1016\" data-col-size=\"sm\">Artesanato com Cart\u00f5es<\/td>\n<td data-col-size=\"md\" data-start=\"1016\" data-end=\"1098\">N\u00famero de s\u00e9rie, UID do chip, QR Code\/C\u00f3digo de barras, Tarja magn\u00e9tica (HICO\/LOCO), Painel de assinatura<\/td>\n<\/tr>\n<tr data-start=\"1099\" data-end=\"1169\">\n<td data-start=\"1099\" data-end=\"1118\" data-col-size=\"sm\">Servi\u00e7o de Codifica\u00e7\u00e3o<\/td>\n<td data-col-size=\"md\" data-start=\"1118\" data-end=\"1169\">URL, texto, n\u00famero, chaves de setor, bloqueio\/criptografia<\/td>\n<\/tr>\n<tr data-start=\"1170\" data-end=\"1241\">\n<td data-start=\"1170\" data-end=\"1180\" data-col-size=\"sm\">Pacote<\/td>\n<td data-col-size=\"md\" data-start=\"1180\" data-end=\"1241\">200 unidades por caixa; 2000 unidades por caixa de papel\u00e3o (embalagem personalizada dispon\u00edvel)<\/td>\n<\/tr>\n<tr data-start=\"1242\" data-end=\"1306\">\n<td data-start=\"1242\" data-end=\"1260\" data-col-size=\"sm\">Controle de qualidade<\/td>\n<td data-start=\"1260\" data-end=\"1306\" data-col-size=\"md\">Teste de sensibilidade do chip 100% antes do envio.<\/td>\n<\/tr>\n<tr data-start=\"1307\" data-end=\"1347\">\n<td data-start=\"1307\" data-end=\"1313\" data-col-size=\"sm\">MOQ<\/td>\n<td data-start=\"1313\" data-end=\"1347\" data-col-size=\"md\">500 unidades (com impress\u00e3o personalizada)<\/td>\n<\/tr>\n<tr data-start=\"1348\" data-end=\"1455\">\n<td data-start=\"1348\" data-end=\"1363\" data-col-size=\"sm\">Aplica\u00e7\u00f5es<\/td>\n<td data-start=\"1363\" data-end=\"1455\" data-col-size=\"md\">Controle de acesso, pagamento sem dinheiro, jogos, entretenimento, associa\u00e7\u00e3o, bilhetes de transporte<\/td>\n<\/tr>\n<\/tbody>\n<\/table>\n<\/div>\n<\/div>\n<p data-start=\"1457\" data-end=\"1471\"><strong data-start=\"1457\" data-end=\"1469\">Caracter\u00edsticas<\/strong><\/p>\n<ul data-start=\"1472\" data-end=\"1754\">\n<li data-start=\"1472\" data-end=\"1530\">\n<p data-start=\"1474\" data-end=\"1530\">Transfer\u00eancia de dados e alimenta\u00e7\u00e3o sem contato, sem bateria.<\/p>\n<\/li>\n<li data-start=\"1531\" data-end=\"1595\">\n<p data-start=\"1533\" data-end=\"1595\">Dist\u00e2ncia de opera\u00e7\u00e3o de at\u00e9 aproximadamente 100 mm (dependendo da antena\/leitor)<\/p>\n<\/li>\n<li data-start=\"1596\" data-end=\"1630\">\n<p data-start=\"1598\" data-end=\"1630\">Emiss\u00e3o de bilhetes\/entrada r\u00e1pida (&lt;100 ms)<\/p>\n<\/li>\n<li data-start=\"1631\" data-end=\"1664\">\n<p data-start=\"1633\" data-end=\"1664\">N\u00famero de s\u00e9rie \u00fanico por cart\u00e3o<\/p>\n<\/li>\n<li data-start=\"1665\" data-end=\"1714\">\n<p data-start=\"1667\" data-end=\"1714\">Suporta m\u00faltiplas aplica\u00e7\u00f5es com hierarquia de chaves.<\/p>\n<\/li>\n<li data-start=\"1715\" data-end=\"1754\">\n<p data-start=\"1717\" data-end=\"1754\">Pode permanecer na carteira durante a transa\u00e7\u00e3o.<\/p>\n<\/li>\n<\/ul>","protected":false},"excerpt":{"rendered":"<p>Cart\u00e3o contactless MIFARE Classic 4K S70 de 13,56 MHz em PVC, ISO14443A, imprim\u00edvel, com codifica\u00e7\u00e3o e personaliza\u00e7\u00e3o para acesso, pagamento e locais de entretenimento.<\/p>","protected":false},"featured_media":658,"template":"","meta":{"_gspb_post_css":""},"product_brand":[],"product_cat":[15],"product_tag":[],"class_list":{"0":"post-657","1":"product","2":"type-product","3":"status-publish","4":"has-post-thumbnail","6":"product_cat-rfid-cards","8":"first","9":"instock","10":"shipping-taxable","11":"purchasable","12":"product-type-simple"},"_links":{"self":[{"href":"https:\/\/www.cxjsmartcard.com\/pt\/wp-json\/wp\/v2\/product\/657","targetHints":{"allow":["GET"]}}],"collection":[{"href":"https:\/\/www.cxjsmartcard.com\/pt\/wp-json\/wp\/v2\/product"}],"about":[{"href":"https:\/\/www.cxjsmartcard.com\/pt\/wp-json\/wp\/v2\/types\/product"}],"wp:featuredmedia":[{"embeddable":true,"href":"https:\/\/www.cxjsmartcard.com\/pt\/wp-json\/wp\/v2\/media\/658"}],"wp:attachment":[{"href":"https:\/\/www.cxjsmartcard.com\/pt\/wp-json\/wp\/v2\/media?parent=657"}],"wp:term":[{"taxonomy":"product_brand","embeddable":true,"href":"https:\/\/www.cxjsmartcard.com\/pt\/wp-json\/wp\/v2\/product_brand?post=657"},{"taxonomy":"product_cat","embeddable":true,"href":"https:\/\/www.cxjsmartcard.com\/pt\/wp-json\/wp\/v2\/product_cat?post=657"},{"taxonomy":"product_tag","embeddable":true,"href":"https:\/\/www.cxjsmartcard.com\/pt\/wp-json\/wp\/v2\/product_tag?post=657"}],"curies":[{"name":"wp","href":"https:\/\/api.w.org\/{rel}","templated":true}]}}