{"id":652,"date":"2025-11-01T08:38:58","date_gmt":"2025-11-01T08:38:58","guid":{"rendered":"https:\/\/www.cxjsmartcard.com\/?post_type=product&#038;p=652"},"modified":"2025-12-29T01:27:12","modified_gmt":"2025-12-29T01:27:12","slug":"nxp-ntag213-blank-white-nfc-cards","status":"publish","type":"product","link":"https:\/\/www.cxjsmartcard.com\/pt\/nxp-ntag213-blank-white-nfc-cards\/","title":{"rendered":"Cart\u00f5es NFC brancos em branco NXP NTAG213"},"content":{"rendered":"<p data-start=\"40\" data-end=\"379\">Cart\u00f5es NFC brancos em branco, com chip NXP NTAG213 genu\u00edno, compat\u00edveis com NFC Forum Type 2 Tag e ISO\/IEC 14443A, projetados para marketing inteligente, autentica\u00e7\u00e3o de produtos, abertura de URLs\/aplicativos, programas de fidelidade, jogos e pareamento de eletr\u00f4nicos de consumo. Frequ\u00eancia de 13,56 MHz, desempenho de RF est\u00e1vel, prote\u00e7\u00e3o por senha e suporte para pr\u00e9-codifica\u00e7\u00e3o.<\/p>\n<p data-start=\"381\" data-end=\"400\"><strong data-start=\"381\" data-end=\"398\">Especifica\u00e7\u00e3o<\/strong><\/p>\n<div class=\"_tableContainer_1rjym_1\">\n<div class=\"group _tableWrapper_1rjym_13 flex w-fit flex-col-reverse\" tabindex=\"-1\">\n<table class=\"w-fit min-w-(--thread-content-width)\" data-start=\"401\" data-end=\"1193\">\n<thead data-start=\"401\" data-end=\"419\">\n<tr data-start=\"401\" data-end=\"419\">\n<th data-start=\"401\" data-end=\"408\" data-col-size=\"sm\">Item<\/th>\n<th data-start=\"408\" data-end=\"419\" data-col-size=\"md\">Detalhes<\/th>\n<\/tr>\n<\/thead>\n<tbody data-start=\"430\" data-end=\"1193\">\n<tr data-start=\"430\" data-end=\"476\">\n<td data-start=\"430\" data-end=\"447\" data-col-size=\"sm\">Chip\/Frequ\u00eancia<\/td>\n<td data-col-size=\"md\" data-start=\"447\" data-end=\"476\">NXP NTAG213, HF de 13,56 MHz<\/td>\n<\/tr>\n<tr data-start=\"477\" data-end=\"528\">\n<td data-start=\"477\" data-end=\"488\" data-col-size=\"sm\">Padr\u00e3o<\/td>\n<td data-col-size=\"md\" data-start=\"488\" data-end=\"528\">Etiqueta NFC Forum Tipo 2, ISO\/IEC 14443A<\/td>\n<\/tr>\n<tr data-start=\"529\" data-end=\"563\">\n<td data-start=\"529\" data-end=\"538\" data-col-size=\"sm\">Mem\u00f3ria<\/td>\n<td data-start=\"538\" data-end=\"563\" data-col-size=\"md\">144 bytes de mem\u00f3ria do usu\u00e1rio<\/td>\n<\/tr>\n<tr data-start=\"564\" data-end=\"615\">\n<td data-start=\"564\" data-end=\"571\" data-col-size=\"sm\">Tamanho<\/td>\n<td data-col-size=\"md\" data-start=\"571\" data-end=\"615\">85,5 \u00d7 54 \u00d7 0,84 mm (CR80) ou personalizado<\/td>\n<\/tr>\n<tr data-start=\"616\" data-end=\"665\">\n<td data-start=\"616\" data-end=\"627\" data-col-size=\"sm\">Material<\/td>\n<td data-col-size=\"md\" data-start=\"627\" data-end=\"665\">PVC (suporte para PET\/PET-G sob encomenda)<\/td>\n<\/tr>\n<tr data-start=\"666\" data-end=\"718\">\n<td data-start=\"666\" data-end=\"679\" data-col-size=\"sm\">Intervalo de leitura<\/td>\n<td data-start=\"679\" data-end=\"718\" data-col-size=\"md\">1\u20135 cm (dependendo do leitor e da antena)<\/td>\n<\/tr>\n<tr data-start=\"719\" data-end=\"756\">\n<td data-start=\"719\" data-end=\"737\" data-col-size=\"sm\">Escrita de resist\u00eancia<\/td>\n<td data-col-size=\"md\" data-start=\"737\" data-end=\"756\">\u2265100.000 ciclos<\/td>\n<\/tr>\n<tr data-start=\"757\" data-end=\"801\">\n<td data-start=\"757\" data-end=\"773\" data-col-size=\"sm\">Transfer\u00eancia de dados<\/td>\n<td data-col-size=\"md\" data-start=\"773\" data-end=\"801\">RF de alta velocidade de 106 kbit\/s<\/td>\n<\/tr>\n<tr data-start=\"802\" data-end=\"882\">\n<td data-start=\"802\" data-end=\"813\" data-col-size=\"sm\">Seguran\u00e7a<\/td>\n<td data-start=\"813\" data-end=\"882\" data-col-size=\"md\">UID de 7 bytes, prote\u00e7\u00e3o por senha, bits de bloqueio, assinatura de originalidade<\/td>\n<\/tr>\n<tr data-start=\"883\" data-end=\"946\">\n<td data-start=\"883\" data-end=\"894\" data-col-size=\"sm\">Impress\u00e3o<\/td>\n<td data-start=\"894\" data-end=\"946\" data-col-size=\"md\">Serigrafia, cores CMYK, acabamento brilhante\/fosco<\/td>\n<\/tr>\n<tr data-start=\"947\" data-end=\"1028\">\n<td data-start=\"947\" data-end=\"965\" data-col-size=\"sm\">Personaliza\u00e7\u00e3o<\/td>\n<td data-col-size=\"md\" data-start=\"965\" data-end=\"1028\">QR code\/c\u00f3digo de barras, logotipo, n\u00famero de s\u00e9rie, mapeamento de UID, pr\u00e9-escrita de URL<\/td>\n<\/tr>\n<tr data-start=\"1029\" data-end=\"1091\">\n<td data-start=\"1029\" data-end=\"1041\" data-col-size=\"sm\">Embalagem<\/td>\n<td data-start=\"1041\" data-end=\"1091\" data-col-size=\"md\">200 unidades por caixa, 2000 unidades por caixa de papel\u00e3o (aproximadamente 13 kg por caixa)<\/td>\n<\/tr>\n<tr data-start=\"1092\" data-end=\"1193\">\n<td data-start=\"1092\" data-end=\"1107\" data-col-size=\"sm\">Aplica\u00e7\u00f5es<\/td>\n<td data-col-size=\"md\" data-start=\"1107\" data-end=\"1193\">Publicidade inteligente, etiqueta NFC do produto, acesso, demonstra\u00e7\u00e3o de pagamento, log\u00edstica, O2O, SoLoMo<\/td>\n<\/tr>\n<\/tbody>\n<\/table>\n<\/div>\n<\/div>\n<p data-start=\"1195\" data-end=\"1209\"><strong data-start=\"1195\" data-end=\"1207\">Caracter\u00edsticas<\/strong><\/p>\n<ul data-start=\"1210\" data-end=\"1498\">\n<li data-start=\"1210\" data-end=\"1272\">\n<p data-start=\"1212\" data-end=\"1272\">Leitura r\u00e1pida (FAST_READ) para obter o NDEF completo em um \u00fanico comando.<\/p>\n<\/li>\n<li data-start=\"1273\" data-end=\"1327\">\n<p data-start=\"1275\" data-end=\"1327\">Bom desempenho de radiofrequ\u00eancia para diferentes formatos\/materiais<\/p>\n<\/li>\n<li data-start=\"1328\" data-end=\"1368\">\n<p data-start=\"1330\" data-end=\"1368\">Bloqueio somente leitura program\u00e1vel em campo<\/p>\n<\/li>\n<li data-start=\"1369\" data-end=\"1426\">\n<p data-start=\"1371\" data-end=\"1426\">Assinatura de originalidade baseada em ECC para autenticidade do chip<\/p>\n<\/li>\n<li data-start=\"1427\" data-end=\"1498\">\n<p data-start=\"1429\" data-end=\"1498\">Anticolis\u00e3o \u2014 v\u00e1rios cart\u00f5es NFC podem ser lidos um a um em campo.<\/p>\n<\/li>\n<\/ul>","protected":false},"excerpt":{"rendered":"<p>Cart\u00f5es NFC NXP NTAG213 brancos em branco de 13,56 MHz com 144 bytes de mem\u00f3ria, compat\u00edveis com ISO14443A\/NFC Tipo 2 e com suporte para impress\u00e3o colorida e pr\u00e9-codifica\u00e7\u00e3o.<\/p>","protected":false},"featured_media":653,"template":"","meta":{"_gspb_post_css":""},"product_brand":[],"product_cat":[15],"product_tag":[],"class_list":{"0":"post-652","1":"product","2":"type-product","3":"status-publish","4":"has-post-thumbnail","6":"product_cat-rfid-cards","8":"first","9":"instock","10":"shipping-taxable","11":"purchasable","12":"product-type-simple"},"_links":{"self":[{"href":"https:\/\/www.cxjsmartcard.com\/pt\/wp-json\/wp\/v2\/product\/652","targetHints":{"allow":["GET"]}}],"collection":[{"href":"https:\/\/www.cxjsmartcard.com\/pt\/wp-json\/wp\/v2\/product"}],"about":[{"href":"https:\/\/www.cxjsmartcard.com\/pt\/wp-json\/wp\/v2\/types\/product"}],"wp:featuredmedia":[{"embeddable":true,"href":"https:\/\/www.cxjsmartcard.com\/pt\/wp-json\/wp\/v2\/media\/653"}],"wp:attachment":[{"href":"https:\/\/www.cxjsmartcard.com\/pt\/wp-json\/wp\/v2\/media?parent=652"}],"wp:term":[{"taxonomy":"product_brand","embeddable":true,"href":"https:\/\/www.cxjsmartcard.com\/pt\/wp-json\/wp\/v2\/product_brand?post=652"},{"taxonomy":"product_cat","embeddable":true,"href":"https:\/\/www.cxjsmartcard.com\/pt\/wp-json\/wp\/v2\/product_cat?post=652"},{"taxonomy":"product_tag","embeddable":true,"href":"https:\/\/www.cxjsmartcard.com\/pt\/wp-json\/wp\/v2\/product_tag?post=652"}],"curies":[{"name":"wp","href":"https:\/\/api.w.org\/{rel}","templated":true}]}}