{"id":648,"date":"2025-11-01T08:35:32","date_gmt":"2025-11-01T08:35:32","guid":{"rendered":"https:\/\/www.cxjsmartcard.com\/?post_type=product&#038;p=648"},"modified":"2025-12-29T01:27:12","modified_gmt":"2025-12-29T01:27:12","slug":"nxp-mifare-desfire-ev2-2k-4k-8k-rfid-cards","status":"publish","type":"product","link":"https:\/\/www.cxjsmartcard.com\/pt\/nxp-mifare-desfire-ev2-2k-4k-8k-rfid-cards\/","title":{"rendered":"Cart\u00f5es RFID NXP MIFARE DESFire EV2 2K 4K 8K"},"content":{"rendered":"<p data-start=\"49\" data-end=\"396\">Cart\u00f5es contactless de alta seguran\u00e7a de 13,56 MHz baseados em NXP MIFARE DESFire EV2, dispon\u00edveis com 2K, 4K e 8K de EEPROM. Suportam ISO\/IEC 14443A, chaves AES\/3DES, gerenciamento delegado de aplicativos (MIsmartApp), verifica\u00e7\u00e3o de proximidade e VCA para privacidade. Projetados para projetos de transporte, controle de acesso, campus, hotelaria e cart\u00f5es urbanos.<\/p>\n<p data-start=\"398\" data-end=\"417\"><strong data-start=\"398\" data-end=\"415\">Especifica\u00e7\u00e3o<\/strong><\/p>\n<div class=\"_tableContainer_1rjym_1\">\n<div class=\"group _tableWrapper_1rjym_13 flex w-fit flex-col-reverse\" tabindex=\"-1\">\n<table class=\"w-fit min-w-(--thread-content-width)\" data-start=\"418\" data-end=\"1199\">\n<thead data-start=\"418\" data-end=\"436\">\n<tr data-start=\"418\" data-end=\"436\">\n<th data-start=\"418\" data-end=\"425\" data-col-size=\"sm\">Item<\/th>\n<th data-start=\"425\" data-end=\"436\" data-col-size=\"md\">Detalhes<\/th>\n<\/tr>\n<\/thead>\n<tbody data-start=\"447\" data-end=\"1199\">\n<tr data-start=\"447\" data-end=\"480\">\n<td data-start=\"447\" data-end=\"454\" data-col-size=\"sm\">Chip<\/td>\n<td data-col-size=\"md\" data-start=\"454\" data-end=\"480\">NXP MIFARE DESFire EV2<\/td>\n<\/tr>\n<tr data-start=\"481\" data-end=\"557\">\n<td data-start=\"481\" data-end=\"498\" data-col-size=\"sm\">Op\u00e7\u00f5es de mem\u00f3ria<\/td>\n<td data-col-size=\"md\" data-start=\"498\" data-end=\"557\">2K \/ 4K \/ 8K (tamb\u00e9m suporta mem\u00f3ria NV de maior capacidade em s\u00e9rie)<\/td>\n<\/tr>\n<tr data-start=\"558\" data-end=\"610\">\n<td data-start=\"558\" data-end=\"572\" data-col-size=\"sm\">Padr\u00e3o RF<\/td>\n<td data-col-size=\"md\" data-start=\"572\" data-end=\"610\">ISO\/IEC 14443 Tipo A (partes 2\/3\/4)<\/td>\n<\/tr>\n<tr data-start=\"611\" data-end=\"636\">\n<td data-start=\"611\" data-end=\"623\" data-col-size=\"sm\">Freq\u00fc\u00eancia<\/td>\n<td data-col-size=\"md\" data-start=\"623\" data-end=\"636\">13,56 MHz<\/td>\n<\/tr>\n<tr data-start=\"637\" data-end=\"681\">\n<td data-start=\"637\" data-end=\"649\" data-col-size=\"sm\">Taxa de dados<\/td>\n<td data-col-size=\"md\" data-start=\"649\" data-end=\"681\">106 \/ 212 \/ 424 \/ 848 kbit\/s<\/td>\n<\/tr>\n<tr data-start=\"682\" data-end=\"722\">\n<td data-start=\"682\" data-end=\"688\" data-col-size=\"sm\">UID<\/td>\n<td data-col-size=\"md\" data-start=\"688\" data-end=\"722\">UID de 7 bytes, ID aleat\u00f3rio opcional<\/td>\n<\/tr>\n<tr data-start=\"723\" data-end=\"795\">\n<td data-start=\"723\" data-end=\"737\" data-col-size=\"sm\">Sistema de arquivos<\/td>\n<td data-col-size=\"md\" data-start=\"737\" data-end=\"795\">At\u00e9 32 arquivos por aplica\u00e7\u00e3o, v\u00e1rias aplica\u00e7\u00f5es por PICC.<\/td>\n<\/tr>\n<tr data-start=\"796\" data-end=\"871\">\n<td data-start=\"796\" data-end=\"807\" data-col-size=\"sm\">Seguran\u00e7a<\/td>\n<td data-start=\"807\" data-end=\"871\" data-col-size=\"md\">Crit\u00e9rios comuns EAL5+, AES-128, autentica\u00e7\u00e3o m\u00fatua de 3 etapas<\/td>\n<\/tr>\n<tr data-start=\"872\" data-end=\"910\">\n<td data-start=\"872\" data-end=\"883\" data-col-size=\"sm\">Material<\/td>\n<td data-col-size=\"md\" data-start=\"883\" data-end=\"910\">PVC, ABS, PET, PC, etc.<\/td>\n<\/tr>\n<tr data-start=\"911\" data-end=\"946\">\n<td data-start=\"911\" data-end=\"918\" data-col-size=\"sm\">Tamanho<\/td>\n<td data-col-size=\"md\" data-start=\"918\" data-end=\"946\">CR80 30mil ou personalizado<\/td>\n<\/tr>\n<tr data-start=\"947\" data-end=\"985\">\n<td data-start=\"947\" data-end=\"957\" data-col-size=\"sm\">Superf\u00edcie<\/td>\n<td data-start=\"957\" data-end=\"985\" data-col-size=\"md\">Brilhante \/ Fosco \/ Mate<\/td>\n<\/tr>\n<tr data-start=\"986\" data-end=\"1028\">\n<td data-start=\"986\" data-end=\"998\" data-col-size=\"sm\">Imprim\u00edvel<\/td>\n<td data-col-size=\"md\" data-start=\"998\" data-end=\"1028\">T\u00e9rmica, jato de tinta, UV, laser<\/td>\n<\/tr>\n<tr data-start=\"1029\" data-end=\"1110\">\n<td data-start=\"1029\" data-end=\"1038\" data-col-size=\"sm\">Artesanato<\/td>\n<td data-start=\"1038\" data-end=\"1110\" data-col-size=\"md\">Tarja magn\u00e9tica, c\u00f3digo de barras\/QR, painel de assinatura, raspadinha, n\u00famero de s\u00e9rie<\/td>\n<\/tr>\n<tr data-start=\"1111\" data-end=\"1199\">\n<td data-start=\"1111\" data-end=\"1128\" data-col-size=\"sm\">Sistemas Alvo<\/td>\n<td data-start=\"1128\" data-end=\"1199\" data-col-size=\"md\">Bilhetagem de transporte, converg\u00eancia banc\u00e1ria, cart\u00e3o urbano, controle de acesso<\/td>\n<\/tr>\n<\/tbody>\n<\/table>\n<\/div>\n<\/div>\n<p data-start=\"1201\" data-end=\"1219\"><strong data-start=\"1201\" data-end=\"1217\">Principais caracter\u00edsticas<\/strong><\/p>\n<ul data-start=\"1220\" data-end=\"1537\">\n<li data-start=\"1220\" data-end=\"1251\">\n<p data-start=\"1222\" data-end=\"1251\">Alto n\u00edvel de seguran\u00e7a (EAL5+)<\/p>\n<\/li>\n<li data-start=\"1252\" data-end=\"1299\">\n<p data-start=\"1254\" data-end=\"1299\">Mensagens seguras AES semelhantes ao MIFARE Plus<\/p>\n<\/li>\n<li data-start=\"1300\" data-end=\"1351\">\n<p data-start=\"1302\" data-end=\"1351\">MIsmartApp para gerenciamento delegado de aplicativos<\/p>\n<\/li>\n<li data-start=\"1352\" data-end=\"1404\">\n<p data-start=\"1354\" data-end=\"1404\">Transa\u00e7\u00e3o MAC, anti-rasgo e rolagem r\u00e1pida de teclas<\/p>\n<\/li>\n<li data-start=\"1405\" data-end=\"1477\">\n<p data-start=\"1407\" data-end=\"1477\">Arquitetura de cart\u00e3o virtual (VCA) para cart\u00f5es multi-inquilino\/multi-servi\u00e7o<\/p>\n<\/li>\n<li data-start=\"1478\" data-end=\"1537\">\n<p data-start=\"1480\" data-end=\"1537\">Compatibilidade com vers\u00f5es anteriores do DESFire.<\/p>\n<\/li>\n<\/ul>","protected":false},"excerpt":{"rendered":"<p>Cart\u00f5es RFID NXP MIFARE DESFire EV2 de 13,56 MHz (2K\/4K\/8K) com seguran\u00e7a AES, ISO14443A e sistema de arquivos flex\u00edvel para m\u00faltiplas aplica\u00e7\u00f5es, ideais para transporte, acesso e cidades inteligentes.<\/p>","protected":false},"featured_media":649,"template":"","meta":{"_gspb_post_css":""},"product_brand":[],"product_cat":[15],"product_tag":[],"class_list":{"0":"post-648","1":"product","2":"type-product","3":"status-publish","4":"has-post-thumbnail","6":"product_cat-rfid-cards","8":"first","9":"instock","10":"shipping-taxable","11":"purchasable","12":"product-type-simple"},"_links":{"self":[{"href":"https:\/\/www.cxjsmartcard.com\/pt\/wp-json\/wp\/v2\/product\/648","targetHints":{"allow":["GET"]}}],"collection":[{"href":"https:\/\/www.cxjsmartcard.com\/pt\/wp-json\/wp\/v2\/product"}],"about":[{"href":"https:\/\/www.cxjsmartcard.com\/pt\/wp-json\/wp\/v2\/types\/product"}],"wp:featuredmedia":[{"embeddable":true,"href":"https:\/\/www.cxjsmartcard.com\/pt\/wp-json\/wp\/v2\/media\/649"}],"wp:attachment":[{"href":"https:\/\/www.cxjsmartcard.com\/pt\/wp-json\/wp\/v2\/media?parent=648"}],"wp:term":[{"taxonomy":"product_brand","embeddable":true,"href":"https:\/\/www.cxjsmartcard.com\/pt\/wp-json\/wp\/v2\/product_brand?post=648"},{"taxonomy":"product_cat","embeddable":true,"href":"https:\/\/www.cxjsmartcard.com\/pt\/wp-json\/wp\/v2\/product_cat?post=648"},{"taxonomy":"product_tag","embeddable":true,"href":"https:\/\/www.cxjsmartcard.com\/pt\/wp-json\/wp\/v2\/product_tag?post=648"}],"curies":[{"name":"wp","href":"https:\/\/api.w.org\/{rel}","templated":true}]}}