{"id":643,"date":"2025-11-01T08:29:51","date_gmt":"2025-11-01T08:29:51","guid":{"rendered":"https:\/\/www.cxjsmartcard.com\/?post_type=product&#038;p=643"},"modified":"2025-12-29T01:27:12","modified_gmt":"2025-12-29T01:27:12","slug":"nxp-mifare-desfire-ev1-4k-rfid-smart-card-for-access-control","status":"publish","type":"product","link":"https:\/\/www.cxjsmartcard.com\/pt\/nxp-mifare-desfire-ev1-4k-rfid-smart-card-for-access-control\/","title":{"rendered":"Cart\u00e3o inteligente RFID NXP MIFARE DESFire EV1 4K para controle de acesso"},"content":{"rendered":"<p data-start=\"67\" data-end=\"417\">Cart\u00e3o contactless seguro de 13,56 MHz com EEPROM de 4 KB baseado em NXP MIFARE DESFire EV1, adequado para controle de acesso, bilhetagem de transporte, pagamento eletr\u00f4nico e aplica\u00e7\u00f5es de identifica\u00e7\u00e3o\/fidelidade. Em conformidade com a norma ISO\/IEC 14443 Tipo A e suporta m\u00faltiplas aplica\u00e7\u00f5es e arquivos com autentica\u00e7\u00e3o m\u00fatua de tr\u00eas etapas.<\/p>\n<p data-start=\"419\" data-end=\"449\"><strong data-start=\"419\" data-end=\"447\">Especifica\u00e7\u00f5es t\u00e9cnicas<\/strong><\/p>\n<div class=\"_tableContainer_1rjym_1\">\n<div class=\"group _tableWrapper_1rjym_13 flex w-fit flex-col-reverse\" tabindex=\"-1\">\n<table class=\"w-fit min-w-(--thread-content-width)\" data-start=\"450\" data-end=\"1076\">\n<thead data-start=\"450\" data-end=\"471\">\n<tr data-start=\"450\" data-end=\"471\">\n<th data-start=\"450\" data-end=\"460\" data-col-size=\"sm\">Recurso<\/th>\n<th data-start=\"460\" data-end=\"471\" data-col-size=\"md\">Detalhes<\/th>\n<\/tr>\n<\/thead>\n<tbody data-start=\"482\" data-end=\"1076\">\n<tr data-start=\"482\" data-end=\"500\">\n<td data-start=\"482\" data-end=\"493\" data-col-size=\"sm\">Material<\/td>\n<td data-col-size=\"md\" data-start=\"493\" data-end=\"500\">PVC<\/td>\n<\/tr>\n<tr data-start=\"501\" data-end=\"556\">\n<td data-start=\"501\" data-end=\"513\" data-col-size=\"sm\">Dimens\u00e3o<\/td>\n<td data-col-size=\"md\" data-start=\"513\" data-end=\"556\">85,6 \u00d7 54 \u00d7 0,88 mm (ISO\/IEC 7810 ID-1)<\/td>\n<\/tr>\n<tr data-start=\"557\" data-end=\"598\">\n<td data-start=\"557\" data-end=\"565\" data-col-size=\"sm\">Cor<\/td>\n<td data-start=\"565\" data-end=\"598\" data-col-size=\"md\">Branco (impress\u00e3o personaliz\u00e1vel)<\/td>\n<\/tr>\n<tr data-start=\"599\" data-end=\"624\">\n<td data-start=\"599\" data-end=\"611\" data-col-size=\"sm\">Freq\u00fc\u00eancia<\/td>\n<td data-col-size=\"md\" data-start=\"611\" data-end=\"624\">13,56 MHz<\/td>\n<\/tr>\n<tr data-start=\"625\" data-end=\"661\">\n<td data-start=\"625\" data-end=\"632\" data-col-size=\"sm\">Chip<\/td>\n<td data-col-size=\"md\" data-start=\"632\" data-end=\"661\">NXP MIFARE DESFire EV1 4K<\/td>\n<\/tr>\n<tr data-start=\"662\" data-end=\"747\">\n<td data-start=\"662\" data-end=\"671\" data-col-size=\"sm\">Mem\u00f3ria<\/td>\n<td data-start=\"671\" data-end=\"747\" data-col-size=\"md\">4 KB de EEPROM; suporta at\u00e9 28 aplicativos e 32 arquivos por aplicativo.<\/td>\n<\/tr>\n<tr data-start=\"748\" data-end=\"820\">\n<td data-start=\"748\" data-end=\"760\" data-col-size=\"sm\">Padr\u00f5es<\/td>\n<td data-col-size=\"md\" data-start=\"760\" data-end=\"820\">ISO\/IEC 14443 Tipo A; ISO\/IEC 7816-4 (comandos opcionais)<\/td>\n<\/tr>\n<tr data-start=\"821\" data-end=\"903\">\n<td data-start=\"821\" data-end=\"832\" data-col-size=\"sm\">Seguran\u00e7a<\/td>\n<td data-start=\"832\" data-end=\"903\" data-col-size=\"md\">Autentica\u00e7\u00e3o m\u00fatua de 3 etapas, gerenciamento de backup no chip, UID de 7 bytes<\/td>\n<\/tr>\n<tr data-start=\"904\" data-end=\"946\">\n<td data-start=\"904\" data-end=\"917\" data-col-size=\"sm\">Intervalo de leitura<\/td>\n<td data-start=\"917\" data-end=\"946\" data-col-size=\"md\">2\u20135 cm (dependendo do leitor)<\/td>\n<\/tr>\n<tr data-start=\"947\" data-end=\"1076\">\n<td data-start=\"947\" data-end=\"962\" data-col-size=\"sm\">Usos t\u00edpicos<\/td>\n<td data-col-size=\"md\" data-start=\"962\" data-end=\"1037\">Controle de acesso, transporte p\u00fablico, pagamento eletr\u00f4nico, programas de identidade e fidelidade<\/td>\n<\/tr>\n<\/tbody>\n<\/table>\n<\/div>\n<\/div>\n<p data-start=\"1078\" data-end=\"1096\"><strong data-start=\"1078\" data-end=\"1094\">Principais caracter\u00edsticas<\/strong><\/p>\n<ul data-start=\"1097\" data-end=\"1370\">\n<li data-start=\"1097\" data-end=\"1178\">\n<p data-start=\"1099\" data-end=\"1178\">Alta seguran\u00e7a com autentica\u00e7\u00e3o m\u00fatua em tr\u00eas etapas e criptografia avan\u00e7ada.<\/p>\n<\/li>\n<li data-start=\"1179\" data-end=\"1238\">\n<p data-start=\"1181\" data-end=\"1238\">Sistema de arquivos grande e flex\u00edvel (com suporte a m\u00faltiplos aplicativos)<\/p>\n<\/li>\n<li data-start=\"1239\" data-end=\"1288\">\n<p data-start=\"1241\" data-end=\"1288\">Padr\u00f5es abertos para ampla compatibilidade de leitores<\/p>\n<\/li>\n<li data-start=\"1289\" data-end=\"1370\">\n<p data-start=\"1291\" data-end=\"1370\">UID exclusivo de 7 bytes para diversifica\u00e7\u00e3o de chaves.<\/p>\n<\/li>\n<\/ul>","protected":false},"excerpt":{"rendered":"<p>Cart\u00e3o contactless NXP MIFARE DESFire EV1 4K de 13,56 MHz com ISO14443A, 4 KB de mem\u00f3ria e autentica\u00e7\u00e3o forte para acesso, transporte e pagamento eletr\u00f4nico.<\/p>","protected":false},"featured_media":644,"template":"","meta":{"_gspb_post_css":""},"product_brand":[],"product_cat":[15],"product_tag":[],"class_list":{"0":"post-643","1":"product","2":"type-product","3":"status-publish","4":"has-post-thumbnail","6":"product_cat-rfid-cards","8":"first","9":"instock","10":"shipping-taxable","11":"purchasable","12":"product-type-simple"},"_links":{"self":[{"href":"https:\/\/www.cxjsmartcard.com\/pt\/wp-json\/wp\/v2\/product\/643","targetHints":{"allow":["GET"]}}],"collection":[{"href":"https:\/\/www.cxjsmartcard.com\/pt\/wp-json\/wp\/v2\/product"}],"about":[{"href":"https:\/\/www.cxjsmartcard.com\/pt\/wp-json\/wp\/v2\/types\/product"}],"wp:featuredmedia":[{"embeddable":true,"href":"https:\/\/www.cxjsmartcard.com\/pt\/wp-json\/wp\/v2\/media\/644"}],"wp:attachment":[{"href":"https:\/\/www.cxjsmartcard.com\/pt\/wp-json\/wp\/v2\/media?parent=643"}],"wp:term":[{"taxonomy":"product_brand","embeddable":true,"href":"https:\/\/www.cxjsmartcard.com\/pt\/wp-json\/wp\/v2\/product_brand?post=643"},{"taxonomy":"product_cat","embeddable":true,"href":"https:\/\/www.cxjsmartcard.com\/pt\/wp-json\/wp\/v2\/product_cat?post=643"},{"taxonomy":"product_tag","embeddable":true,"href":"https:\/\/www.cxjsmartcard.com\/pt\/wp-json\/wp\/v2\/product_tag?post=643"}],"curies":[{"name":"wp","href":"https:\/\/api.w.org\/{rel}","templated":true}]}}