{"id":627,"date":"2025-11-01T08:22:49","date_gmt":"2025-11-01T08:22:49","guid":{"rendered":"https:\/\/www.cxjsmartcard.com\/?post_type=product&#038;p=627"},"modified":"2025-12-29T01:27:12","modified_gmt":"2025-12-29T01:27:12","slug":"iso-15693-icode-sli-rfid-smart-nfc-card","status":"publish","type":"product","link":"https:\/\/www.cxjsmartcard.com\/pt\/iso-15693-icode-sli-rfid-smart-nfc-card\/","title":{"rendered":"Cart\u00e3o inteligente NFC RFID ISO 15693 ICODE SLI"},"content":{"rendered":"<p data-start=\"46\" data-end=\"378\">Cart\u00e3o RFID NFC inteligente de alto desempenho, em conformidade com a norma ISO 15693 ICODE s\u00e9rie SLI\/SLIX, operando a 13,56 MHz, com longo alcance de leitura, verdadeira prote\u00e7\u00e3o anticolis\u00e3o e mem\u00f3ria protegida por senha. Ideal para controle de acesso, cart\u00f5es de fechadura para portas de hot\u00e9is, gest\u00e3o de condom\u00ednios, identifica\u00e7\u00e3o industrial, rastreamento de ativos\/bibliotecas e cart\u00f5es de identifica\u00e7\u00e3o inteligentes.<\/p>\n<p data-start=\"380\" data-end=\"399\"><strong data-start=\"380\" data-end=\"397\">Especifica\u00e7\u00e3o<\/strong><\/p>\n<div class=\"_tableContainer_1rjym_1\">\n<div class=\"group _tableWrapper_1rjym_13 flex w-fit flex-col-reverse\" tabindex=\"-1\">\n<table class=\"w-fit min-w-(--thread-content-width)\" data-start=\"400\" data-end=\"1127\">\n<thead data-start=\"400\" data-end=\"418\">\n<tr data-start=\"400\" data-end=\"418\">\n<th data-start=\"400\" data-end=\"407\" data-col-size=\"sm\">Item<\/th>\n<th data-start=\"407\" data-end=\"418\" data-col-size=\"md\">Detalhes<\/th>\n<\/tr>\n<\/thead>\n<tbody data-start=\"429\" data-end=\"1127\">\n<tr data-start=\"429\" data-end=\"487\">\n<td data-start=\"429\" data-end=\"444\" data-col-size=\"sm\">Nome do produto<\/td>\n<td data-start=\"444\" data-end=\"487\" data-col-size=\"md\">Cart\u00e3o inteligente NFC RFID ISO 15693 ICODE SLI<\/td>\n<\/tr>\n<tr data-start=\"488\" data-end=\"522\">\n<td data-start=\"488\" data-end=\"499\" data-col-size=\"sm\">Material<\/td>\n<td data-start=\"499\" data-end=\"522\" data-col-size=\"md\">PVC ou material OEM<\/td>\n<\/tr>\n<tr data-start=\"523\" data-end=\"577\">\n<td data-start=\"523\" data-end=\"530\" data-col-size=\"sm\">Tamanho<\/td>\n<td data-start=\"530\" data-end=\"577\" data-col-size=\"md\">85,5 \u00d7 54 \u00d7 0,86 mm (tamanhos personalizados aceitos)<\/td>\n<\/tr>\n<tr data-start=\"578\" data-end=\"636\">\n<td data-start=\"578\" data-end=\"593\" data-col-size=\"sm\">Op\u00e7\u00f5es de chip<\/td>\n<td data-start=\"593\" data-end=\"636\" data-col-size=\"md\">ICODE SLI-S, ICODE SLIX-L, ICODE SLIX-S<\/td>\n<\/tr>\n<tr data-start=\"637\" data-end=\"676\">\n<td data-start=\"637\" data-end=\"648\" data-col-size=\"sm\">Protocolo<\/td>\n<td data-start=\"648\" data-end=\"676\" data-col-size=\"md\">ISO\/IEC 15693 (vizinhan\u00e7a)<\/td>\n<\/tr>\n<tr data-start=\"677\" data-end=\"702\">\n<td data-start=\"677\" data-end=\"689\" data-col-size=\"sm\">Freq\u00fc\u00eancia<\/td>\n<td data-start=\"689\" data-end=\"702\" data-col-size=\"md\">13,56 MHz<\/td>\n<\/tr>\n<tr data-start=\"703\" data-end=\"778\">\n<td data-start=\"703\" data-end=\"712\" data-col-size=\"sm\">Mem\u00f3ria<\/td>\n<td data-start=\"712\" data-end=\"778\" data-col-size=\"md\">1024 bits (32 blocos \u00d7 4 bytes) ou 2048 bits, dependendo do chip.<\/td>\n<\/tr>\n<tr data-start=\"779\" data-end=\"814\">\n<td data-start=\"779\" data-end=\"795\" data-col-size=\"sm\">Transfer\u00eancia de dados<\/td>\n<td data-start=\"795\" data-end=\"814\" data-col-size=\"md\">At\u00e9 53 kbit\/s<\/td>\n<\/tr>\n<tr data-start=\"815\" data-end=\"882\">\n<td data-start=\"815\" data-end=\"837\" data-col-size=\"sm\">Dist\u00e2ncia de leitura\/escrita<\/td>\n<td data-start=\"837\" data-end=\"882\" data-col-size=\"md\">At\u00e9 1,5 m (dependendo do leitor e da antena)<\/td>\n<\/tr>\n<tr data-start=\"883\" data-end=\"927\">\n<td data-start=\"883\" data-end=\"891\" data-col-size=\"sm\">Poder<\/td>\n<td data-start=\"891\" data-end=\"927\" data-col-size=\"md\">Sem contato, sem necessidade de bateria.<\/td>\n<\/tr>\n<tr data-start=\"928\" data-end=\"986\">\n<td data-start=\"928\" data-end=\"939\" data-col-size=\"sm\">Impress\u00e3o<\/td>\n<td data-start=\"939\" data-end=\"986\" data-col-size=\"md\">Impress\u00e3o offset \/ serigrafia \/ digital \/ UV<\/td>\n<\/tr>\n<tr data-start=\"987\" data-end=\"1040\">\n<td data-start=\"987\" data-end=\"1007\" data-col-size=\"sm\">Suporte t\u00e9cnico<\/td>\n<td data-start=\"1007\" data-end=\"1040\" data-col-size=\"md\">Codifica\u00e7\u00e3o do chip, configura\u00e7\u00e3o de senha<\/td>\n<\/tr>\n<tr data-start=\"1041\" data-end=\"1127\">\n<td data-start=\"1041\" data-end=\"1056\" data-col-size=\"sm\">Aplica\u00e7\u00f5es<\/td>\n<td data-start=\"1056\" data-end=\"1127\" data-col-size=\"md\">Controle de acesso, cart\u00e3o-chave do hotel, gest\u00e3o de comunidades, cart\u00e3o de identifica\u00e7\u00e3o, EAS<\/td>\n<\/tr>\n<\/tbody>\n<\/table>\n<\/div>\n<\/div>\n<p data-start=\"1129\" data-end=\"1158\"><strong data-start=\"1129\" data-end=\"1156\">Interface e recursos de RF<\/strong><\/p>\n<ul data-start=\"1159\" data-end=\"1484\">\n<li data-start=\"1159\" data-end=\"1203\">\n<p data-start=\"1161\" data-end=\"1203\">transmiss\u00e3o de dados e energia sem contato<\/p>\n<\/li>\n<li data-start=\"1204\" data-end=\"1238\">\n<p data-start=\"1206\" data-end=\"1238\">Dist\u00e2ncia de opera\u00e7\u00e3o de at\u00e9 1,5 m<\/p>\n<\/li>\n<li data-start=\"1239\" data-end=\"1283\">\n<p data-start=\"1241\" data-end=\"1283\">CRC de 16 bits, enquadramento, alta integridade de dados<\/p>\n<\/li>\n<li data-start=\"1284\" data-end=\"1362\">\n<p data-start=\"1286\" data-end=\"1362\">Verdadeiramente anticolis\u00e3o: v\u00e1rias etiquetas no campo podem ser identificadas individualmente.<\/p>\n<\/li>\n<li data-start=\"1363\" data-end=\"1390\">\n<p data-start=\"1365\" data-end=\"1390\">Suporte EAS, AFI, DSFID<\/p>\n<\/li>\n<li data-start=\"1391\" data-end=\"1432\">\n<p data-start=\"1393\" data-end=\"1432\">Escreva a dist\u00e2ncia igual \u00e0 dist\u00e2ncia de leitura.<\/p>\n<\/li>\n<li data-start=\"1433\" data-end=\"1484\">\n<p data-start=\"1435\" data-end=\"1484\">Comandos opcionais de privacidade e destrui\u00e7\u00e3o (no SLIX-S)<\/p>\n<\/li>\n<\/ul>\n<p data-start=\"1486\" data-end=\"1509\"><strong data-start=\"1486\" data-end=\"1507\">Mem\u00f3ria e seguran\u00e7a<\/strong><\/p>\n<ul data-start=\"1510\" data-end=\"1671\">\n<li data-start=\"1510\" data-end=\"1535\">\n<p data-start=\"1512\" data-end=\"1535\">EEPROM 1024\u20132048 bits<\/p>\n<\/li>\n<li data-start=\"1536\" data-end=\"1566\">\n<p data-start=\"1538\" data-end=\"1566\">Reten\u00e7\u00e3o de dados por 10 a 50 anos<\/p>\n<\/li>\n<li data-start=\"1567\" data-end=\"1591\">\n<p data-start=\"1569\" data-end=\"1591\">100.000 ciclos de grava\u00e7\u00e3o<\/p>\n<\/li>\n<li data-start=\"1592\" data-end=\"1620\">\n<p data-start=\"1594\" data-end=\"1620\">Mecanismo de travamento por bloco<\/p>\n<\/li>\n<li data-start=\"1621\" data-end=\"1671\">\n<p data-start=\"1623\" data-end=\"1671\">Leitura\/grava\u00e7\u00e3o protegida por senha, EAS, AFI, privacidade<\/p>\n<\/li>\n<\/ul>","protected":false},"excerpt":{"rendered":"<p>Cart\u00e3o NFC ISO 15693 ICODE SLI\/SLIX de 13,56 MHz com longo alcance de leitura, anticolis\u00e3o, mem\u00f3ria segura e impress\u00e3o colorida para controle de acesso e projetos de hot\u00e9is\/cart\u00f5es-chave.<\/p>","protected":false},"featured_media":630,"template":"","meta":{"_gspb_post_css":""},"product_brand":[],"product_cat":[15],"product_tag":[],"class_list":{"0":"post-627","1":"product","2":"type-product","3":"status-publish","4":"has-post-thumbnail","6":"product_cat-rfid-cards","8":"first","9":"instock","10":"shipping-taxable","11":"purchasable","12":"product-type-simple"},"_links":{"self":[{"href":"https:\/\/www.cxjsmartcard.com\/pt\/wp-json\/wp\/v2\/product\/627","targetHints":{"allow":["GET"]}}],"collection":[{"href":"https:\/\/www.cxjsmartcard.com\/pt\/wp-json\/wp\/v2\/product"}],"about":[{"href":"https:\/\/www.cxjsmartcard.com\/pt\/wp-json\/wp\/v2\/types\/product"}],"wp:featuredmedia":[{"embeddable":true,"href":"https:\/\/www.cxjsmartcard.com\/pt\/wp-json\/wp\/v2\/media\/630"}],"wp:attachment":[{"href":"https:\/\/www.cxjsmartcard.com\/pt\/wp-json\/wp\/v2\/media?parent=627"}],"wp:term":[{"taxonomy":"product_brand","embeddable":true,"href":"https:\/\/www.cxjsmartcard.com\/pt\/wp-json\/wp\/v2\/product_brand?post=627"},{"taxonomy":"product_cat","embeddable":true,"href":"https:\/\/www.cxjsmartcard.com\/pt\/wp-json\/wp\/v2\/product_cat?post=627"},{"taxonomy":"product_tag","embeddable":true,"href":"https:\/\/www.cxjsmartcard.com\/pt\/wp-json\/wp\/v2\/product_tag?post=627"}],"curies":[{"name":"wp","href":"https:\/\/api.w.org\/{rel}","templated":true}]}}