{"id":621,"date":"2025-11-01T08:20:22","date_gmt":"2025-11-01T08:20:22","guid":{"rendered":"https:\/\/www.cxjsmartcard.com\/?post_type=product&#038;p=621"},"modified":"2025-12-29T01:27:12","modified_gmt":"2025-12-29T01:27:12","slug":"customized-wooden-bamboo-rfid-hotel-key-card","status":"publish","type":"product","link":"https:\/\/www.cxjsmartcard.com\/pt\/customized-wooden-bamboo-rfid-hotel-key-card\/","title":{"rendered":"Cart\u00e3o-chave RFID personalizado em bambu e madeira para hotel"},"content":{"rendered":"<p data-start=\"51\" data-end=\"378\">Cart\u00e3o-chave RFID ecol\u00f3gico de madeira\/bambu, feito de materiais naturais e biodegrad\u00e1veis, totalmente personaliz\u00e1vel com o logotipo do hotel, dados vari\u00e1veis e op\u00e7\u00f5es de acabamento. Ideal para sistemas de fechaduras de portas de hot\u00e9is, controle de acesso, eventos, programas de fidelidade, brindes e campanhas de marca.<\/p>\n<p data-start=\"380\" data-end=\"399\"><strong data-start=\"380\" data-end=\"397\">Especifica\u00e7\u00e3o<\/strong><\/p>\n<div class=\"_tableContainer_1rjym_1\">\n<div class=\"group _tableWrapper_1rjym_13 flex w-fit flex-col-reverse\" tabindex=\"-1\">\n<table class=\"w-fit min-w-(--thread-content-width)\" data-start=\"400\" data-end=\"1166\">\n<thead data-start=\"400\" data-end=\"418\">\n<tr data-start=\"400\" data-end=\"418\">\n<th data-start=\"400\" data-end=\"407\" data-col-size=\"sm\">Item<\/th>\n<th data-start=\"407\" data-end=\"418\" data-col-size=\"md\">Detalhes<\/th>\n<\/tr>\n<\/thead>\n<tbody data-start=\"429\" data-end=\"1166\">\n<tr data-start=\"429\" data-end=\"492\">\n<td data-start=\"429\" data-end=\"444\" data-col-size=\"sm\">Nome do produto<\/td>\n<td data-col-size=\"md\" data-start=\"444\" data-end=\"492\">Cart\u00e3o-chave RFID personalizado em madeira\/bambu para hotel<\/td>\n<\/tr>\n<tr data-start=\"493\" data-end=\"582\">\n<td data-start=\"493\" data-end=\"515\" data-col-size=\"sm\">Materiais dispon\u00edveis<\/td>\n<td data-col-size=\"md\" data-start=\"515\" data-end=\"582\">\u00c1cer, bambu, t\u00edlia, faia, cerejeira, nogueira-preta, sapeli, carvalho<\/td>\n<\/tr>\n<tr data-start=\"583\" data-end=\"637\">\n<td data-start=\"583\" data-end=\"602\" data-col-size=\"sm\">Espessura \/ Tamanho<\/td>\n<td data-col-size=\"md\" data-start=\"602\" data-end=\"637\">0,8\u20130,84 mm ou 0,76 mm (sob medida)<\/td>\n<\/tr>\n<tr data-start=\"638\" data-end=\"685\">\n<td data-start=\"638\" data-end=\"649\" data-col-size=\"sm\">Protocolo<\/td>\n<td data-col-size=\"md\" data-start=\"649\" data-end=\"685\">ISO14443A, ISO15693, ISO18000-6C<\/td>\n<\/tr>\n<tr data-start=\"686\" data-end=\"733\">\n<td data-start=\"686\" data-end=\"698\" data-col-size=\"sm\">Freq\u00fc\u00eancia<\/td>\n<td data-col-size=\"md\" data-start=\"698\" data-end=\"733\">125 kHz, 13,56 MHz, 860\u2013960 MHz<\/td>\n<\/tr>\n<tr data-start=\"734\" data-end=\"791\">\n<td data-start=\"734\" data-end=\"745\" data-col-size=\"sm\">Impress\u00e3o<\/td>\n<td data-col-size=\"md\" data-start=\"745\" data-end=\"791\">Impress\u00e3o a laser \/ Serigrafia \/ Impress\u00e3o em quatro cores<\/td>\n<\/tr>\n<tr data-start=\"792\" data-end=\"907\">\n<td data-start=\"792\" data-end=\"810\" data-col-size=\"sm\">Artesanato opcional<\/td>\n<td data-col-size=\"md\" data-start=\"810\" data-end=\"907\">Estampagem a quente em prata\/ouro, tarja magn\u00e9tica HICO\/LOCO, grava\u00e7\u00e3o a laser, c\u00f3digo QR, n\u00fameros de s\u00e9rie<\/td>\n<\/tr>\n<tr data-start=\"908\" data-end=\"998\">\n<td data-start=\"908\" data-end=\"923\" data-col-size=\"sm\">Aplica\u00e7\u00f5es<\/td>\n<td data-col-size=\"md\" data-start=\"923\" data-end=\"998\">Controle de acesso, Pagamentos, Eventos, Fidelidade, Redes sociais, Cart\u00e3o-chave do hotel<\/td>\n<\/tr>\n<tr data-start=\"999\" data-end=\"1035\">\n<td data-start=\"999\" data-end=\"1009\" data-col-size=\"sm\">Amostras<\/td>\n<td data-col-size=\"md\" data-start=\"1009\" data-end=\"1035\">Amostras gr\u00e1tis dispon\u00edveis<\/td>\n<\/tr>\n<tr data-start=\"1036\" data-end=\"1094\">\n<td data-start=\"1036\" data-end=\"1060\" data-col-size=\"sm\">Caracter\u00edstica ambiental<\/td>\n<td data-col-size=\"md\" data-start=\"1060\" data-end=\"1094\">Biodegrad\u00e1vel, recicl\u00e1vel 100%<\/td>\n<\/tr>\n<tr data-start=\"1095\" data-end=\"1166\">\n<td data-start=\"1095\" data-end=\"1103\" data-col-size=\"sm\">Notas<\/td>\n<td data-start=\"1103\" data-end=\"1166\" data-col-size=\"md\">A madeira natural pode apresentar varia\u00e7\u00f5es de textura\/cor ap\u00f3s a impress\u00e3o.<\/td>\n<\/tr>\n<\/tbody>\n<\/table>\n<\/div>\n<\/div>\n<p data-start=\"1168\" data-end=\"1182\"><strong data-start=\"1168\" data-end=\"1180\">Caracter\u00edsticas<\/strong><\/p>\n<ul data-start=\"1183\" data-end=\"1529\">\n<li data-start=\"1183\" data-end=\"1244\">\n<p data-start=\"1185\" data-end=\"1244\">Cart\u00e3o de madeira com apar\u00eancia natural para substituir os cart\u00f5es-chave de pl\u00e1stico dos hot\u00e9is.<\/p>\n<\/li>\n<li data-start=\"1245\" data-end=\"1320\">\n<p data-start=\"1247\" data-end=\"1320\">Compat\u00edvel com os padr\u00f5es RFID comuns (LF\/HF\/UHF) para fechaduras de hot\u00e9is e edif\u00edcios.<\/p>\n<\/li>\n<li data-start=\"1321\" data-end=\"1396\">\n<p data-start=\"1323\" data-end=\"1396\">Diversas op\u00e7\u00f5es de madeira para combinar com o tom da marca (bambu para a vers\u00e3o ecol\u00f3gica, nogueira para a vers\u00e3o premium).<\/p>\n<\/li>\n<li data-start=\"1397\" data-end=\"1457\">\n<p data-start=\"1399\" data-end=\"1457\">Suporta grava\u00e7\u00e3o de logotipos e aplica\u00e7\u00e3o de foil quente para hot\u00e9is boutique.<\/p>\n<\/li>\n<li data-start=\"1458\" data-end=\"1529\">\n<p data-start=\"1460\" data-end=\"1529\">Pode ser usado como cart\u00e3o de membro\/presente\/VIP\/evento no setor de hotelaria.<\/p>\n<\/li>\n<\/ul>","protected":false},"excerpt":{"rendered":"<p>Cart\u00e3o-chave RFID biodegrad\u00e1vel de madeira\/bambu para hot\u00e9is, compat\u00edvel com ISO14443A\/ISO15693, com impress\u00e3o de logotipo personalizada e acabamento ecol\u00f3gico premium para hot\u00e9is e controle de acesso.<\/p>","protected":false},"featured_media":625,"template":"","meta":{"_gspb_post_css":""},"product_brand":[],"product_cat":[15],"product_tag":[],"class_list":{"0":"post-621","1":"product","2":"type-product","3":"status-publish","4":"has-post-thumbnail","6":"product_cat-rfid-cards","8":"first","9":"instock","10":"shipping-taxable","11":"purchasable","12":"product-type-simple"},"_links":{"self":[{"href":"https:\/\/www.cxjsmartcard.com\/pt\/wp-json\/wp\/v2\/product\/621","targetHints":{"allow":["GET"]}}],"collection":[{"href":"https:\/\/www.cxjsmartcard.com\/pt\/wp-json\/wp\/v2\/product"}],"about":[{"href":"https:\/\/www.cxjsmartcard.com\/pt\/wp-json\/wp\/v2\/types\/product"}],"wp:featuredmedia":[{"embeddable":true,"href":"https:\/\/www.cxjsmartcard.com\/pt\/wp-json\/wp\/v2\/media\/625"}],"wp:attachment":[{"href":"https:\/\/www.cxjsmartcard.com\/pt\/wp-json\/wp\/v2\/media?parent=621"}],"wp:term":[{"taxonomy":"product_brand","embeddable":true,"href":"https:\/\/www.cxjsmartcard.com\/pt\/wp-json\/wp\/v2\/product_brand?post=621"},{"taxonomy":"product_cat","embeddable":true,"href":"https:\/\/www.cxjsmartcard.com\/pt\/wp-json\/wp\/v2\/product_cat?post=621"},{"taxonomy":"product_tag","embeddable":true,"href":"https:\/\/www.cxjsmartcard.com\/pt\/wp-json\/wp\/v2\/product_tag?post=621"}],"curies":[{"name":"wp","href":"https:\/\/api.w.org\/{rel}","templated":true}]}}