{"id":615,"date":"2025-11-01T08:18:22","date_gmt":"2025-11-01T08:18:22","guid":{"rendered":"https:\/\/www.cxjsmartcard.com\/?post_type=product&#038;p=615"},"modified":"2025-12-29T01:27:12","modified_gmt":"2025-12-29T01:27:12","slug":"contactless-credit-protector-nfc-bank-anti-theft-rfid-blocking-card","status":"publish","type":"product","link":"https:\/\/www.cxjsmartcard.com\/pt\/contactless-credit-protector-nfc-bank-anti-theft-rfid-blocking-card\/","title":{"rendered":"Cart\u00e3o de prote\u00e7\u00e3o de cr\u00e9dito sem contato NFC Bank com bloqueio RFID antifurto"},"content":{"rendered":"<p data-start=\"74\" data-end=\"353\">Cart\u00e3o de bloqueio RFID sem contato que protege os sinais NFC de 13,56 MHz contra a clonagem de cart\u00f5es banc\u00e1rios e documentos de identidade. Fabricado em PVC fino, com personaliza\u00e7\u00e3o em cores CMYK e f\u00e1cil de usar \u2014 um \u00fanico cart\u00e3o pode proteger v\u00e1rios cart\u00f5es sem contato no mesmo compartimento da carteira.<\/p>\n<p data-start=\"355\" data-end=\"374\"><strong data-start=\"355\" data-end=\"372\">Especifica\u00e7\u00e3o<\/strong><\/p>\n<div class=\"_tableContainer_1rjym_1\">\n<div class=\"group _tableWrapper_1rjym_13 flex w-fit flex-col-reverse\" tabindex=\"-1\">\n<table class=\"w-fit min-w-(--thread-content-width)\" data-start=\"375\" data-end=\"676\">\n<thead data-start=\"375\" data-end=\"393\">\n<tr data-start=\"375\" data-end=\"393\">\n<th data-start=\"375\" data-end=\"382\" data-col-size=\"sm\">Item<\/th>\n<th data-start=\"382\" data-end=\"393\" data-col-size=\"md\">Detalhes<\/th>\n<\/tr>\n<\/thead>\n<tbody data-start=\"404\" data-end=\"676\">\n<tr data-start=\"404\" data-end=\"440\">\n<td data-start=\"404\" data-end=\"415\" data-col-size=\"sm\">Material<\/td>\n<td data-col-size=\"md\" data-start=\"415\" data-end=\"440\">PVC + m\u00f3dulo de bloqueio<\/td>\n<\/tr>\n<tr data-start=\"441\" data-end=\"471\">\n<td data-start=\"441\" data-end=\"448\" data-col-size=\"sm\">Tamanho<\/td>\n<td data-col-size=\"md\" data-start=\"448\" data-end=\"471\">85,5 \u00d7 54 mm (CR80)<\/td>\n<\/tr>\n<tr data-start=\"472\" data-end=\"499\">\n<td data-start=\"472\" data-end=\"484\" data-col-size=\"sm\">Grossura<\/td>\n<td data-col-size=\"md\" data-start=\"484\" data-end=\"499\">0,76\u20131,5 mm<\/td>\n<\/tr>\n<tr data-start=\"500\" data-end=\"530\">\n<td data-start=\"500\" data-end=\"511\" data-col-size=\"sm\">Impress\u00e3o<\/td>\n<td data-col-size=\"md\" data-start=\"511\" data-end=\"530\">Cores CMYK plenas<\/td>\n<\/tr>\n<tr data-start=\"531\" data-end=\"568\">\n<td data-start=\"531\" data-end=\"552\" data-col-size=\"sm\">Frequ\u00eancia de bloqueio<\/td>\n<td data-col-size=\"md\" data-start=\"552\" data-end=\"568\">HF 13,56 MHz<\/td>\n<\/tr>\n<tr data-start=\"569\" data-end=\"627\">\n<td data-start=\"569\" data-end=\"579\" data-col-size=\"sm\">Pacote<\/td>\n<td data-col-size=\"md\" data-start=\"579\" data-end=\"627\">Saco OPP; caixa de papel\u00e3o (embalagem personalizada dispon\u00edvel)<\/td>\n<\/tr>\n<tr data-start=\"628\" data-end=\"676\">\n<td data-start=\"628\" data-end=\"640\" data-col-size=\"sm\">Tempo de espera<\/td>\n<td data-col-size=\"md\" data-start=\"640\" data-end=\"676\">7 a 10 dias \u00fateis ap\u00f3s o pagamento<\/td>\n<\/tr>\n<\/tbody>\n<\/table>\n<\/div>\n<\/div>\n<p data-start=\"678\" data-end=\"956\"><strong data-start=\"678\" data-end=\"694\">Como funciona<\/strong><br data-start=\"694\" data-end=\"697\" \/>Os cart\u00f5es RFID\/NFC utilizam ondas de r\u00e1dio e criam pequenos campos eletromagn\u00e9ticos que podem ser lidos a curta dist\u00e2ncia. O cart\u00e3o de bloqueio introduz interfer\u00eancia que interrompe o sinal de radiofrequ\u00eancia, impedindo que leitores n\u00e3o autorizados acessem os dados em cart\u00f5es sem contato pr\u00f3ximos.<\/p>\n<p data-start=\"958\" data-end=\"976\"><strong data-start=\"958\" data-end=\"974\">Principais benef\u00edcios<\/strong><\/p>\n<ul data-start=\"977\" data-end=\"1247\">\n<li data-start=\"977\" data-end=\"1034\">\n<p data-start=\"979\" data-end=\"1034\">Impede o roubo de cart\u00f5es de cr\u00e9dito\/d\u00e9bito e documentos de identidade por meio de RFID\/NFC.<\/p>\n<\/li>\n<li data-start=\"1035\" data-end=\"1078\">\n<p data-start=\"1037\" data-end=\"1078\">Substitui carteiras\/capas volumosas com fun\u00e7\u00e3o de bloqueio.<\/p>\n<\/li>\n<li data-start=\"1079\" data-end=\"1141\">\n<p data-start=\"1081\" data-end=\"1141\">Um \u00fanico cart\u00e3o protege todos os seus cart\u00f5es contactless no bolso da carteira.<\/p>\n<\/li>\n<li data-start=\"1142\" data-end=\"1190\">\n<p data-start=\"1144\" data-end=\"1190\">F\u00e1cil de testar com qualquer smartphone habilitado para NFC.<\/p>\n<\/li>\n<li data-start=\"1191\" data-end=\"1247\">\n<p data-start=\"1193\" data-end=\"1247\">PVC dur\u00e1vel; suporta impress\u00e3o personalizada de arte e logotipo.<\/p>\n<\/li>\n<\/ul>","protected":false},"excerpt":{"rendered":"<p>Cart\u00e3o de bloqueio RFID fino em PVC que protege cart\u00f5es NFC de 13,56 MHz contra clonagem; um \u00fanico cart\u00e3o protege v\u00e1rios cart\u00f5es e suporta personaliza\u00e7\u00e3o em CMYK em cores plenas.<\/p>","protected":false},"featured_media":618,"template":"","meta":{"_gspb_post_css":""},"product_brand":[],"product_cat":[15],"product_tag":[],"class_list":{"0":"post-615","1":"product","2":"type-product","3":"status-publish","4":"has-post-thumbnail","6":"product_cat-rfid-cards","8":"first","9":"instock","10":"shipping-taxable","11":"purchasable","12":"product-type-simple"},"_links":{"self":[{"href":"https:\/\/www.cxjsmartcard.com\/pt\/wp-json\/wp\/v2\/product\/615","targetHints":{"allow":["GET"]}}],"collection":[{"href":"https:\/\/www.cxjsmartcard.com\/pt\/wp-json\/wp\/v2\/product"}],"about":[{"href":"https:\/\/www.cxjsmartcard.com\/pt\/wp-json\/wp\/v2\/types\/product"}],"wp:featuredmedia":[{"embeddable":true,"href":"https:\/\/www.cxjsmartcard.com\/pt\/wp-json\/wp\/v2\/media\/618"}],"wp:attachment":[{"href":"https:\/\/www.cxjsmartcard.com\/pt\/wp-json\/wp\/v2\/media?parent=615"}],"wp:term":[{"taxonomy":"product_brand","embeddable":true,"href":"https:\/\/www.cxjsmartcard.com\/pt\/wp-json\/wp\/v2\/product_brand?post=615"},{"taxonomy":"product_cat","embeddable":true,"href":"https:\/\/www.cxjsmartcard.com\/pt\/wp-json\/wp\/v2\/product_cat?post=615"},{"taxonomy":"product_tag","embeddable":true,"href":"https:\/\/www.cxjsmartcard.com\/pt\/wp-json\/wp\/v2\/product_tag?post=615"}],"curies":[{"name":"wp","href":"https:\/\/api.w.org\/{rel}","templated":true}]}}