{"id":608,"date":"2025-11-01T08:15:35","date_gmt":"2025-11-01T08:15:35","guid":{"rendered":"https:\/\/www.cxjsmartcard.com\/?post_type=product&#038;p=608"},"modified":"2025-12-29T01:27:12","modified_gmt":"2025-12-29T01:27:12","slug":"anti-theft-credit-card-protector-rfid-blocking-card","status":"publish","type":"product","link":"https:\/\/www.cxjsmartcard.com\/pt\/anti-theft-credit-card-protector-rfid-blocking-card\/","title":{"rendered":"Cart\u00e3o de prote\u00e7\u00e3o antirroubo para cart\u00e3o de cr\u00e9dito com bloqueio RFID."},"content":{"rendered":"<p data-start=\"58\" data-end=\"460\">Cart\u00e3o de bloqueio RFID projetado para proteger cart\u00f5es de pagamento sem contato, passaportes, carteiras de identidade e outros cart\u00f5es inteligentes de 13,56 MHz contra leituras n\u00e3o autorizadas. Coloque-o no mesmo compartimento da carteira que o seu cart\u00e3o e ele criar\u00e1 um campo de interfer\u00eancia que bloqueia as ondas de r\u00e1dio, impedindo o roubo e a clonagem de dados. Ideal para bancos, institui\u00e7\u00f5es financeiras, viagens, brindes corporativos e prote\u00e7\u00e3o da privacidade pessoal.<\/p>\n<p data-start=\"462\" data-end=\"481\"><strong data-start=\"462\" data-end=\"479\">Especifica\u00e7\u00e3o<\/strong><\/p>\n<div class=\"_tableContainer_1rjym_1\">\n<div class=\"group _tableWrapper_1rjym_13 flex w-fit flex-col-reverse\" tabindex=\"-1\">\n<table class=\"w-fit min-w-(--thread-content-width)\" data-start=\"482\" data-end=\"1365\">\n<thead data-start=\"482\" data-end=\"500\">\n<tr data-start=\"482\" data-end=\"500\">\n<th data-start=\"482\" data-end=\"489\" data-col-size=\"sm\">Item<\/th>\n<th data-start=\"489\" data-end=\"500\" data-col-size=\"md\">Detalhes<\/th>\n<\/tr>\n<\/thead>\n<tbody data-start=\"511\" data-end=\"1365\">\n<tr data-start=\"511\" data-end=\"583\">\n<td data-start=\"511\" data-end=\"526\" data-col-size=\"sm\">Nome do produto<\/td>\n<td data-col-size=\"md\" data-start=\"526\" data-end=\"583\">Protetor de cart\u00e3o de cr\u00e9dito com bloqueio RFID \/ prote\u00e7\u00e3o antifurto<\/td>\n<\/tr>\n<tr data-start=\"584\" data-end=\"651\">\n<td data-start=\"584\" data-end=\"595\" data-col-size=\"sm\">Fun\u00e7\u00e3o<\/td>\n<td data-col-size=\"md\" data-start=\"595\" data-end=\"651\">Bloqueia sinais de RF\/NFC de 13,56 MHz para evitar roubo de dados.<\/td>\n<\/tr>\n<tr data-start=\"652\" data-end=\"701\">\n<td data-start=\"652\" data-end=\"663\" data-col-size=\"sm\">Material<\/td>\n<td data-col-size=\"md\" data-start=\"663\" data-end=\"701\">PVC com m\u00f3dulo de blindagem integrado<\/td>\n<\/tr>\n<tr data-start=\"702\" data-end=\"741\">\n<td data-start=\"702\" data-end=\"709\" data-col-size=\"sm\">Tamanho<\/td>\n<td data-col-size=\"md\" data-start=\"709\" data-end=\"741\">85,5 \u00d7 54 mm (CR80 padr\u00e3o)<\/td>\n<\/tr>\n<tr data-start=\"742\" data-end=\"764\">\n<td data-start=\"742\" data-end=\"754\" data-col-size=\"sm\">Grossura<\/td>\n<td data-col-size=\"md\" data-start=\"754\" data-end=\"764\">1,5 mm<\/td>\n<\/tr>\n<tr data-start=\"765\" data-end=\"785\">\n<td data-start=\"765\" data-end=\"774\" data-col-size=\"sm\">Peso<\/td>\n<td data-col-size=\"md\" data-start=\"774\" data-end=\"785\">11 g\/unidade<\/td>\n<\/tr>\n<tr data-start=\"786\" data-end=\"850\">\n<td data-start=\"786\" data-end=\"808\" data-col-size=\"sm\">Frequ\u00eancia de blindagem<\/td>\n<td data-col-size=\"md\" data-start=\"808\" data-end=\"850\">13,56 MHz (cart\u00f5es inteligentes de alta frequ\u00eancia)<\/td>\n<\/tr>\n<tr data-start=\"851\" data-end=\"899\">\n<td data-start=\"851\" data-end=\"862\" data-col-size=\"sm\">Impress\u00e3o<\/td>\n<td data-start=\"862\" data-end=\"899\" data-col-size=\"md\">Impress\u00e3o offset, impress\u00e3o digital<\/td>\n<\/tr>\n<tr data-start=\"900\" data-end=\"994\">\n<td data-start=\"900\" data-end=\"919\" data-col-size=\"sm\">Artesanato dispon\u00edvel<\/td>\n<td data-col-size=\"md\" data-start=\"919\" data-end=\"994\">Serigrafia, c\u00f3digo QR din\u00e2mico, c\u00f3digo de barras din\u00e2mico, estampagem a quente, revestimento UV<\/td>\n<\/tr>\n<tr data-start=\"995\" data-end=\"1054\">\n<td data-start=\"995\" data-end=\"1013\" data-col-size=\"sm\">M\u00e9todos de avalia\u00e7\u00e3o<\/td>\n<td data-col-size=\"md\" data-start=\"1013\" data-end=\"1054\">C\u00f3digo a laser, c\u00f3digo por pulveriza\u00e7\u00e3o, c\u00f3digo em relevo<\/td>\n<\/tr>\n<tr data-start=\"1055\" data-end=\"1131\">\n<td data-start=\"1055\" data-end=\"1063\" data-col-size=\"sm\">Uso<\/td>\n<td data-col-size=\"md\" data-start=\"1063\" data-end=\"1131\">Juntamente com cart\u00f5es banc\u00e1rios\/passaportes para bloquear a leitura sem fio.<\/td>\n<\/tr>\n<tr data-start=\"1132\" data-end=\"1205\">\n<td data-start=\"1132\" data-end=\"1144\" data-col-size=\"sm\">Embalagem<\/td>\n<td data-col-size=\"md\" data-start=\"1144\" data-end=\"1205\">125 unidades\/caixa pequena; 1000 unidades\/caixa de papel\u00e3o; 30,5 \u00d7 22,5 \u00d7 20,5 cm<\/td>\n<\/tr>\n<tr data-start=\"1206\" data-end=\"1277\">\n<td data-start=\"1206\" data-end=\"1222\" data-col-size=\"sm\">Personaliza\u00e7\u00e3o<\/td>\n<td data-col-size=\"md\" data-start=\"1222\" data-end=\"1277\">Impress\u00e3o de cores, design e logotipos para branding e brindes.<\/td>\n<\/tr>\n<tr data-start=\"1278\" data-end=\"1365\">\n<td data-start=\"1278\" data-end=\"1292\" data-col-size=\"sm\">Aplicativo<\/td>\n<td data-start=\"1292\" data-end=\"1365\" data-col-size=\"md\">Cart\u00f5es de cr\u00e9dito\/d\u00e9bito, documento de identidade, carteira de motorista, passaporte, carteiras de s\u00f3cio<\/td>\n<\/tr>\n<\/tbody>\n<\/table>\n<\/div>\n<\/div>\n<p data-start=\"1367\" data-end=\"1583\"><strong data-start=\"1367\" data-end=\"1383\">Como funciona<\/strong><br data-start=\"1383\" data-end=\"1386\" \/>O cart\u00e3o cria um campo de radiofrequ\u00eancia protetor que interfere no sinal do leitor, impedindo que os scanners leiam os dados do cart\u00e3o mesmo a curta dist\u00e2ncia. Um \u00fanico cart\u00e3o de bloqueio pode proteger v\u00e1rios cart\u00f5es no mesmo bolso da carteira.<\/p>\n<p data-start=\"1585\" data-end=\"1603\"><strong data-start=\"1585\" data-end=\"1601\">Aplica\u00e7\u00f5es<\/strong><\/p>\n<ul data-start=\"1604\" data-end=\"1815\">\n<li data-start=\"1604\" data-end=\"1639\">\n<p data-start=\"1606\" data-end=\"1639\">Sistema anti-clonagem de cart\u00f5es de cr\u00e9dito\/d\u00e9bito<\/p>\n<\/li>\n<li data-start=\"1640\" data-end=\"1672\">\n<p data-start=\"1642\" data-end=\"1672\">Prote\u00e7\u00e3o de passaportes e documentos de identidade eletr\u00f4nicos<\/p>\n<\/li>\n<li data-start=\"1673\" data-end=\"1713\">\n<p data-start=\"1675\" data-end=\"1713\">Antiespionagem em smartphones com NFC<\/p>\n<\/li>\n<li data-start=\"1714\" data-end=\"1768\">\n<p data-start=\"1716\" data-end=\"1768\">Brindes corporativos promocionais com fun\u00e7\u00e3o de seguran\u00e7a<\/p>\n<\/li>\n<li data-start=\"1769\" data-end=\"1815\">\n<p data-start=\"1771\" data-end=\"1815\">Alternativa \u00e0s carteiras\/capas com bloqueio RFID<\/p>\n<\/li>\n<\/ul>","protected":false},"excerpt":{"rendered":"<p>Cart\u00e3o de bloqueio RFID fino em PVC que protege cart\u00f5es contactless de 13,56 MHz contra leitura sem fio n\u00e3o autorizada; compacto e ideal para carteiras, totalmente personaliz\u00e1vel para personaliza\u00e7\u00e3o com sua marca.<\/p>","protected":false},"featured_media":609,"template":"","meta":{"_gspb_post_css":""},"product_brand":[],"product_cat":[15],"product_tag":[],"class_list":{"0":"post-608","1":"product","2":"type-product","3":"status-publish","4":"has-post-thumbnail","6":"product_cat-rfid-cards","8":"first","9":"instock","10":"shipping-taxable","11":"purchasable","12":"product-type-simple"},"_links":{"self":[{"href":"https:\/\/www.cxjsmartcard.com\/pt\/wp-json\/wp\/v2\/product\/608","targetHints":{"allow":["GET"]}}],"collection":[{"href":"https:\/\/www.cxjsmartcard.com\/pt\/wp-json\/wp\/v2\/product"}],"about":[{"href":"https:\/\/www.cxjsmartcard.com\/pt\/wp-json\/wp\/v2\/types\/product"}],"wp:featuredmedia":[{"embeddable":true,"href":"https:\/\/www.cxjsmartcard.com\/pt\/wp-json\/wp\/v2\/media\/609"}],"wp:attachment":[{"href":"https:\/\/www.cxjsmartcard.com\/pt\/wp-json\/wp\/v2\/media?parent=608"}],"wp:term":[{"taxonomy":"product_brand","embeddable":true,"href":"https:\/\/www.cxjsmartcard.com\/pt\/wp-json\/wp\/v2\/product_brand?post=608"},{"taxonomy":"product_cat","embeddable":true,"href":"https:\/\/www.cxjsmartcard.com\/pt\/wp-json\/wp\/v2\/product_cat?post=608"},{"taxonomy":"product_tag","embeddable":true,"href":"https:\/\/www.cxjsmartcard.com\/pt\/wp-json\/wp\/v2\/product_tag?post=608"}],"curies":[{"name":"wp","href":"https:\/\/api.w.org\/{rel}","templated":true}]}}