{"id":1168,"date":"2025-11-24T08:39:53","date_gmt":"2025-11-24T08:39:53","guid":{"rendered":"https:\/\/www.cxjsmartcard.com\/?post_type=product&#038;p=1168"},"modified":"2025-12-29T01:27:06","modified_gmt":"2025-12-29T01:27:06","slug":"custom-logo-nfc-rfid-epoxy-key-tag","status":"publish","type":"product","link":"https:\/\/www.cxjsmartcard.com\/pt\/custom-logo-nfc-rfid-epoxy-key-tag\/","title":{"rendered":"Etiqueta de chave personalizada com logotipo NFC RFID e resina ep\u00f3xi"},"content":{"rendered":"<p data-start=\"40\" data-end=\"448\">O chaveiro personalizado com logotipo NFC\/RFID e resina ep\u00f3xi \u00e9 um chaveiro inteligente, compacto e elegante que combina durabilidade, personaliza\u00e7\u00e3o da marca e tecnologia multifuncional NFC\/RFID em um \u00fanico produto. \u00c9 ideal para controle de acesso, gest\u00e3o de presen\u00e7a, emiss\u00e3o de bilhetes, transporte, pagamentos sem dinheiro e autentica\u00e7\u00e3o de produtos, al\u00e9m de apresentar um visual sofisticado que aumenta a confian\u00e7a do usu\u00e1rio e a imagem da sua marca.<\/p>\n<p data-start=\"450\" data-end=\"753\">A etiqueta utiliza uma base de PVC com uma superf\u00edcie lisa de resina ep\u00f3xi, conferindo-lhe excelente resist\u00eancia \u00e0 \u00e1gua, umidade, impactos, corros\u00e3o e desgaste di\u00e1rio. Essa constru\u00e7\u00e3o robusta a torna adequada para uso prolongado em chaveiros, bolsas ou cord\u00f5es, sem desbotar ou rachar, mesmo em ambientes externos ou de grande movimento.<\/p>\n<p data-start=\"755\" data-end=\"1115\">O design e a apar\u00eancia s\u00e3o altamente personaliz\u00e1veis. Voc\u00ea pode escolher formatos redondos, retangulares ou especiais, definir o tamanho e a espessura e selecionar entre acabamentos brilhantes, foscos, a laser ou outros acabamentos personalizados. Logotipos coloridos, c\u00f3digos QR, c\u00f3digos de barras, n\u00fameros de s\u00e9rie, padr\u00f5es e elementos da marca podem ser impressos na superf\u00edcie para combinar com a identidade corporativa ou o design da campanha.<\/p>\n<p data-start=\"1117\" data-end=\"1551\">O chaveiro de resina ep\u00f3xi suporta uma ampla gama de chips e frequ\u00eancias NFC\/RFID, incluindo 13,56 MHz HF (NTAG213\/215\/216, F08, S50, S70, FM11RF08, etc.), bem como op\u00e7\u00f5es de 125 kHz LF e 860\u2013960 MHz UHF sob encomenda. Est\u00e1 em conformidade com normas comuns como ISO\/IEC 14443, ISO\/IEC 15693 e ISO\/IEC 18000, garantindo compatibilidade com os principais leitores, sistemas de controle de acesso, terminais de ponto, validadores de bilhetes e dispositivos de pagamento.<\/p>\n<p data-start=\"1553\" data-end=\"1941\">Com uma dist\u00e2ncia de leitura t\u00edpica de cerca de 2 a 10 cm (dependendo do leitor e do ambiente) e velocidade de leitura\/grava\u00e7\u00e3o sem contato em torno de 1 ms, os usu\u00e1rios podem desfrutar de experi\u00eancias de leitura r\u00e1pidas e fluidas em situa\u00e7\u00f5es cotidianas, como abrir portas, registrar ponto, embarcar em \u00f4nibus ou verificar a autenticidade de produtos. A etiqueta \u00e9 completamente passiva e n\u00e3o requer bateria, reduzindo a necessidade de manuten\u00e7\u00e3o e aumentando a confiabilidade.<\/p>\n<p data-start=\"1943\" data-end=\"2296\">Projetado para longa dura\u00e7\u00e3o, o chip suporta mais de 100.000 ciclos de leitura\/grava\u00e7\u00e3o e uma vida \u00fatil superior a 10 anos. As temperaturas de opera\u00e7\u00e3o, de -20 \u00b0C a +55 \u00b0C, permitem que a etiqueta seja usada tanto em ambientes internos quanto em ambientes externos com condi\u00e7\u00f5es moderadas, como escrit\u00f3rios, f\u00e1bricas, hot\u00e9is, escolas, redes de transporte p\u00fablico, estacionamentos, esta\u00e7\u00f5es de esqui e instala\u00e7\u00f5es municipais.<\/p>\n<p data-start=\"2298\" data-end=\"2316\"><strong data-start=\"2298\" data-end=\"2314\">Principais caracter\u00edsticas<\/strong><\/p>\n<ul data-start=\"2317\" data-end=\"2823\">\n<li data-start=\"2317\" data-end=\"2390\">\n<p data-start=\"2319\" data-end=\"2390\">Superf\u00edcie ep\u00f3xi imperme\u00e1vel e resistente a impactos para uso di\u00e1rio a longo prazo.<\/p>\n<\/li>\n<li data-start=\"2391\" data-end=\"2474\">\n<p data-start=\"2393\" data-end=\"2474\">Apar\u00eancia totalmente personaliz\u00e1vel: logotipo, cor, formato, espessura e acabamento da superf\u00edcie.<\/p>\n<\/li>\n<li data-start=\"2475\" data-end=\"2564\">\n<p data-start=\"2477\" data-end=\"2564\">Suporta m\u00faltiplos chips e frequ\u00eancias (HF\/LF\/UHF) para diferentes requisitos de sistema.<\/p>\n<\/li>\n<li data-start=\"2565\" data-end=\"2625\">\n<p data-start=\"2567\" data-end=\"2625\">Ampla compatibilidade com protocolos: ISO\/IEC 14443, 15693, 18000<\/p>\n<\/li>\n<li data-start=\"2626\" data-end=\"2691\">\n<p data-start=\"2628\" data-end=\"2691\">Digitaliza\u00e7\u00e3o r\u00e1pida e sem contato com velocidades de leitura\/grava\u00e7\u00e3o em torno de 1 ms.<\/p>\n<\/li>\n<li data-start=\"2692\" data-end=\"2765\">\n<p data-start=\"2694\" data-end=\"2765\">Mais de 100.000 ciclos de leitura\/grava\u00e7\u00e3o e mais de 10 anos de vida \u00fatil.<\/p>\n<\/li>\n<li data-start=\"2766\" data-end=\"2823\">\n<p data-start=\"2768\" data-end=\"2823\">Design passivo que n\u00e3o requer fonte de alimenta\u00e7\u00e3o externa.<\/p>\n<\/li>\n<\/ul>\n<p data-start=\"2825\" data-end=\"2853\"><strong data-start=\"2825\" data-end=\"2851\">Especifica\u00e7\u00f5es do produto<\/strong><\/p>\n<ul data-start=\"2854\" data-end=\"3796\">\n<li data-start=\"2854\" data-end=\"2928\">\n<p data-start=\"2856\" data-end=\"2928\">Nome do produto: Chaveiro NFC em resina ep\u00f3xi \/ Cart\u00e3o NFC em resina ep\u00f3xi \/ Cart\u00e3o de controle de acesso<\/p>\n<\/li>\n<li data-start=\"2929\" data-end=\"2989\">\n<p data-start=\"2931\" data-end=\"2989\">Materiais: Base de PVC + superf\u00edcie de resina ep\u00f3xi (personaliz\u00e1vel)<\/p>\n<\/li>\n<li data-start=\"2990\" data-end=\"3053\">\n<p data-start=\"2992\" data-end=\"3053\">Tamanho e formato: Redondo, retangular ou com formato personalizado sob encomenda.<\/p>\n<\/li>\n<li data-start=\"3054\" data-end=\"3119\">\n<p data-start=\"3056\" data-end=\"3119\">Efeito de superf\u00edcie: Brilhante, fosco, laser ou outros acabamentos personalizados.<\/p>\n<\/li>\n<li data-start=\"3120\" data-end=\"3216\">\n<p data-start=\"3122\" data-end=\"3216\">Op\u00e7\u00f5es de chip: NTAG213, NTAG215, NTAG216, F08, S50, S70, FM11RF08, N424 e outros sob encomenda.<\/p>\n<\/li>\n<li data-start=\"3217\" data-end=\"3291\">\n<p data-start=\"3219\" data-end=\"3291\">Frequ\u00eancia: 13,56 MHz (HF), opcionalmente 125 kHz (LF) e 860\u2013960 MHz (UHF)<\/p>\n<\/li>\n<li data-start=\"3292\" data-end=\"3352\">\n<p data-start=\"3294\" data-end=\"3352\">Protocolos: ISO\/IEC 14443 \/ ISO\/IEC 15693 \/ ISO\/IEC 18000<\/p>\n<\/li>\n<li data-start=\"3353\" data-end=\"3427\">\n<p data-start=\"3355\" data-end=\"3427\">Dist\u00e2ncia de leitura: Normalmente de 2 a 10 cm (dependendo do leitor e do ambiente)<\/p>\n<\/li>\n<li data-start=\"3428\" data-end=\"3462\">\n<p data-start=\"3430\" data-end=\"3462\">Velocidade de leitura\/grava\u00e7\u00e3o: Aprox. 1 ms<\/p>\n<\/li>\n<li data-start=\"3463\" data-end=\"3500\">\n<p data-start=\"3465\" data-end=\"3500\">Ciclos de leitura\/grava\u00e7\u00e3o: &gt;100.000 vezes<\/p>\n<\/li>\n<li data-start=\"3501\" data-end=\"3539\">\n<p data-start=\"3503\" data-end=\"3539\">Temperatura de opera\u00e7\u00e3o: -20\u2103 ~ +55\u2103<\/p>\n<\/li>\n<li data-start=\"3540\" data-end=\"3567\">\n<p data-start=\"3542\" data-end=\"3567\">Vida \u00fatil: &gt;10 anos<\/p>\n<\/li>\n<li data-start=\"3568\" data-end=\"3614\">\n<p data-start=\"3570\" data-end=\"3614\">Alimenta\u00e7\u00e3o: Passiva, sem necessidade de bateria<\/p>\n<\/li>\n<li data-start=\"3615\" data-end=\"3685\">\n<p data-start=\"3617\" data-end=\"3685\">Prazo de entrega: Normalmente de 10 a 15 dias, dependendo do chip e da personaliza\u00e7\u00e3o.<\/p>\n<\/li>\n<li data-start=\"3686\" data-end=\"3796\">\n<p data-start=\"3688\" data-end=\"3796\">Op\u00e7\u00f5es personalizadas: Logotipo, c\u00f3digo QR, c\u00f3digo de barras, n\u00famero de s\u00e9rie, estilo de impress\u00e3o, formato, espessura e efeito de superf\u00edcie.<\/p>\n<\/li>\n<\/ul>\n<p data-start=\"3798\" data-end=\"3824\"><strong data-start=\"3798\" data-end=\"3822\">Aplica\u00e7\u00f5es t\u00edpicas<\/strong><\/p>\n<ul data-start=\"3825\" data-end=\"4654\">\n<li data-start=\"3825\" data-end=\"3949\">\n<p data-start=\"3827\" data-end=\"3949\"><strong data-start=\"3827\" data-end=\"3856\">Controle de acesso e seguran\u00e7a<\/strong>Cart\u00f5es de acesso para portas de escrit\u00f3rios, f\u00e1bricas, hot\u00e9is, edif\u00edcios residenciais e \u00e1reas de seguran\u00e7a.<\/p>\n<\/li>\n<li data-start=\"3950\" data-end=\"4083\">\n<p data-start=\"3952\" data-end=\"4083\"><strong data-start=\"3952\" data-end=\"3982\">Controle de frequ\u00eancia e registro de ponto<\/strong>Sistemas de registro de entrada para funcion\u00e1rios, alunos ou equipe de eventos que exigem identifica\u00e7\u00e3o r\u00e1pida e confi\u00e1vel.<\/p>\n<\/li>\n<li data-start=\"4084\" data-end=\"4203\">\n<p data-start=\"4086\" data-end=\"4203\"><strong data-start=\"4086\" data-end=\"4109\">Emiss\u00e3o de bilhetes e pagamento<\/strong>Cart\u00f5es de transporte p\u00fablico, acesso a estacionamento, solu\u00e7\u00f5es de pagamento com valor armazenado ou por meio de assinaturas.<\/p>\n<\/li>\n<li data-start=\"4204\" data-end=\"4351\">\n<p data-start=\"4206\" data-end=\"4351\"><strong data-start=\"4206\" data-end=\"4254\">Autentica\u00e7\u00e3o de produtos e combate \u00e0 falsifica\u00e7\u00e3o<\/strong>Etiquetas exclusivas para eletr\u00f4nicos de marca, artigos de luxo e produtos farmac\u00eauticos para verificar a autenticidade.<\/p>\n<\/li>\n<li data-start=\"4352\" data-end=\"4502\">\n<p data-start=\"4354\" data-end=\"4502\"><strong data-start=\"4354\" data-end=\"4380\">Marketing e promo\u00e7\u00f5es<\/strong>Cart\u00f5es de fidelidade e de membros, lembran\u00e7as de eventos e marketing interativo por NFC para m\u00eddias sociais ou campanhas promocionais.<\/p>\n<\/li>\n<li data-start=\"4503\" data-end=\"4654\">\n<p data-start=\"4505\" data-end=\"4654\"><strong data-start=\"4505\" data-end=\"4524\">Setores especiais<\/strong>Passes de esqui, cart\u00f5es de servi\u00e7os municipais, aplicativos banc\u00e1rios, de sa\u00fade e governamentais que exigem credenciais dur\u00e1veis e seguras.<\/p>\n<\/li>\n<\/ul>\n<p data-start=\"4656\" data-end=\"4712\"><strong data-start=\"4656\" data-end=\"4710\">Por que escolher nosso chaveiro de ep\u00f3xi com NFC RFID e logotipo personalizado?<\/strong><\/p>\n<ul data-start=\"4713\" data-end=\"5188\">\n<li data-start=\"4713\" data-end=\"4799\">\n<p data-start=\"4715\" data-end=\"4799\">Confiabilidade comprovada em uso intenso, inclusive em chaveiros e pr\u00f3ximo a objetos met\u00e1licos.<\/p>\n<\/li>\n<li data-start=\"4800\" data-end=\"4875\">\n<p data-start=\"4802\" data-end=\"4875\">Acabamento ep\u00f3xi premium que proporciona uma apar\u00eancia e toque profissionais e modernos.<\/p>\n<\/li>\n<li data-start=\"4876\" data-end=\"4964\">\n<p data-start=\"4878\" data-end=\"4964\">Experi\u00eancia de usu\u00e1rio f\u00e1cil e intuitiva, com leitura r\u00e1pida sem contato e sem curva de aprendizado.<\/p>\n<\/li>\n<li data-start=\"4965\" data-end=\"5076\">\n<p data-start=\"4967\" data-end=\"5076\">Materiais seguros e n\u00e3o t\u00f3xicos, al\u00e9m de um design robusto e \u00e0 prova d&#039;\u00e1gua que mant\u00e9m o desempenho e a apar\u00eancia ao longo do tempo.<\/p>\n<\/li>\n<li data-start=\"5077\" data-end=\"5188\">\n<p data-start=\"5079\" data-end=\"5188\">Alto grau de personaliza\u00e7\u00e3o, transformando a etiqueta em um poderoso ve\u00edculo de marca, e n\u00e3o apenas em um cart\u00e3o funcional.<\/p>\n<\/li>\n<\/ul>\n<p data-start=\"5190\" data-end=\"5210\"><strong data-start=\"5190\" data-end=\"5208\">Perguntas frequentes (Resumo)<\/strong><\/p>\n<ul data-start=\"5211\" data-end=\"6158\">\n<li data-start=\"5211\" data-end=\"5376\">\n<p data-start=\"5213\" data-end=\"5376\"><strong data-start=\"5213\" data-end=\"5242\">Compatibilidade de acesso \u00e0 porta<\/strong>Compat\u00edvel com leitores NFC padr\u00e3o de 13,56 MHz e sistemas baseados na norma ISO14443, comumente utilizados em escrit\u00f3rios, hot\u00e9is e condom\u00ednios residenciais.<\/p>\n<\/li>\n<li data-start=\"5377\" data-end=\"5522\">\n<p data-start=\"5379\" data-end=\"5522\"><strong data-start=\"5379\" data-end=\"5410\">Durabilidade da superf\u00edcie ep\u00f3xi<\/strong>A resina ep\u00f3xi \u00e9 resistente a riscos, \u00e0 prova de umidade e foi projetada para permanecer transparente e est\u00e1vel para uso di\u00e1rio a longo prazo.<\/p>\n<\/li>\n<li data-start=\"5523\" data-end=\"5656\">\n<p data-start=\"5525\" data-end=\"5656\"><strong data-start=\"5525\" data-end=\"5550\">Op\u00e7\u00f5es de personaliza\u00e7\u00e3o<\/strong>Formato, tamanho, espessura, cor, logotipo, c\u00f3digos QR\/de barras, n\u00fameros de s\u00e9rie e acabamento de superf\u00edcie est\u00e3o dispon\u00edveis.<\/p>\n<\/li>\n<li data-start=\"5657\" data-end=\"5789\">\n<p data-start=\"5659\" data-end=\"5789\"><strong data-start=\"5659\" data-end=\"5678\">Chips suportados<\/strong>NTAG213\/215\/216, F08, S50\/S70, FM11RF08, N424 e outros sob consulta para diferentes capacidades e fun\u00e7\u00f5es.<\/p>\n<\/li>\n<li data-start=\"5790\" data-end=\"5885\">\n<p data-start=\"5792\" data-end=\"5885\"><strong data-start=\"5792\" data-end=\"5811\">Tempo de produ\u00e7\u00e3o<\/strong>Geralmente, o prazo de entrega \u00e9 de 10 a 15 dias, dependendo da quantidade, do tipo de chip e da arte final.<\/p>\n<\/li>\n<li data-start=\"5886\" data-end=\"6008\">\n<p data-start=\"5888\" data-end=\"6008\"><strong data-start=\"5888\" data-end=\"5910\">Uso multifuncional<\/strong>Uma \u00fanica etiqueta pode ser integrada a sistemas de controle de acesso, frequ\u00eancia, pagamento e autentica\u00e7\u00e3o.<\/p>\n<\/li>\n<li data-start=\"6009\" data-end=\"6158\">\n<p data-start=\"6011\" data-end=\"6158\"><strong data-start=\"6011\" data-end=\"6035\">Impacto no alcance de leitura<\/strong>A camada de ep\u00f3xi tem um efeito m\u00ednimo; a dist\u00e2ncia de leitura depende principalmente do design da antena e da pot\u00eancia do leitor, normalmente entre 2 e 10 cm.<\/p>\n<\/li>\n<\/ul>","protected":false},"excerpt":{"rendered":"<p>Chaveiro NFC RFID personaliz\u00e1vel em resina ep\u00f3xi com impress\u00e3o de logotipo, dispon\u00edvel em diversos formatos, chips e frequ\u00eancias. Design \u00e0 prova d&#039;\u00e1gua, dur\u00e1vel e passivo para controle de acesso, frequ\u00eancia, emiss\u00e3o de bilhetes, pagamentos, marketing e autentica\u00e7\u00e3o de produtos.<\/p>","protected":false},"featured_media":1170,"template":"","meta":{"_gspb_post_css":""},"product_brand":[],"product_cat":[29],"product_tag":[],"class_list":{"0":"post-1168","1":"product","2":"type-product","3":"status-publish","4":"has-post-thumbnail","6":"product_cat-nfc-tags","8":"first","9":"instock","10":"shipping-taxable","11":"purchasable","12":"product-type-simple"},"_links":{"self":[{"href":"https:\/\/www.cxjsmartcard.com\/pt\/wp-json\/wp\/v2\/product\/1168","targetHints":{"allow":["GET"]}}],"collection":[{"href":"https:\/\/www.cxjsmartcard.com\/pt\/wp-json\/wp\/v2\/product"}],"about":[{"href":"https:\/\/www.cxjsmartcard.com\/pt\/wp-json\/wp\/v2\/types\/product"}],"wp:featuredmedia":[{"embeddable":true,"href":"https:\/\/www.cxjsmartcard.com\/pt\/wp-json\/wp\/v2\/media\/1170"}],"wp:attachment":[{"href":"https:\/\/www.cxjsmartcard.com\/pt\/wp-json\/wp\/v2\/media?parent=1168"}],"wp:term":[{"taxonomy":"product_brand","embeddable":true,"href":"https:\/\/www.cxjsmartcard.com\/pt\/wp-json\/wp\/v2\/product_brand?post=1168"},{"taxonomy":"product_cat","embeddable":true,"href":"https:\/\/www.cxjsmartcard.com\/pt\/wp-json\/wp\/v2\/product_cat?post=1168"},{"taxonomy":"product_tag","embeddable":true,"href":"https:\/\/www.cxjsmartcard.com\/pt\/wp-json\/wp\/v2\/product_tag?post=1168"}],"curies":[{"name":"wp","href":"https:\/\/api.w.org\/{rel}","templated":true}]}}