{"id":1162,"date":"2025-11-24T08:36:41","date_gmt":"2025-11-24T08:36:41","guid":{"rendered":"https:\/\/www.cxjsmartcard.com\/?post_type=product&#038;p=1162"},"modified":"2025-12-29T01:27:06","modified_gmt":"2025-12-29T01:27:06","slug":"anti-metal-nfc-coin-tag","status":"publish","type":"product","link":"https:\/\/www.cxjsmartcard.com\/pt\/anti-metal-nfc-coin-tag\/","title":{"rendered":"Etiqueta NFC anti-metal para moedas"},"content":{"rendered":"<p data-start=\"31\" data-end=\"547\">A etiqueta NFC anti-metal foi projetada para um desempenho confi\u00e1vel em superf\u00edcies met\u00e1licas, sendo totalmente compat\u00edvel com as normas ISO\/IEC 14443A e ISO 18000-3 e com todos os leitores e antenas NFC Tipo A de 13,56 MHz. Ela oferece um alcance de leitura est\u00e1vel de aproximadamente 1 a 5 cm (e at\u00e9 cerca de 10 cm, dependendo da pot\u00eancia do leitor e do ambiente), tornando-a ideal para identifica\u00e7\u00e3o e intera\u00e7\u00e3o a curta dist\u00e2ncia em aplica\u00e7\u00f5es profissionais como pagamento m\u00f3vel, bilhetagem eletr\u00f4nica e autentica\u00e7\u00e3o de produtos.<\/p>\n<p data-start=\"549\" data-end=\"877\">Constru\u00eddo com NTAG\u00ae 213, NTAG\u00ae 215 e outros chips NFC comuns, este chip de metal para moedas oferece UID de 7 bytes e op\u00e7\u00f5es generosas de mem\u00f3ria para o usu\u00e1rio (144 bytes ou 504 bytes). Ele suporta opera\u00e7\u00f5es completas de leitura\/grava\u00e7\u00e3o, reten\u00e7\u00e3o de dados por 10 anos e at\u00e9 100.000 ciclos de programa\u00e7\u00e3o, o que garante confiabilidade a longo prazo em projetos exigentes.<\/p>\n<p data-start=\"879\" data-end=\"1222\">A etiqueta apresenta um formato compacto e redondo de 20 mm com uma estrutura otimizada para ambientes met\u00e1licos: antena de alum\u00ednio gravada em papel de libera\u00e7\u00e3o, coberta por uma superf\u00edcie de PVC \u00e0 prova d&#039;\u00e1gua e uma camada de ferrite antimetal. Essa constru\u00e7\u00e3o isola eficazmente a antena NFC da interfer\u00eancia met\u00e1lica, mantendo a etiqueta fina e f\u00e1cil de integrar.<\/p>\n<p data-start=\"1224\" data-end=\"1464\">O verso autoadesivo torna a instala\u00e7\u00e3o r\u00e1pida e simples \u2014 basta remover a pel\u00edcula protetora e colar em arm\u00e1rios, ferramentas, m\u00e1quinas, portas ou outros objetos de metal. Cada caixa cont\u00e9m 200 unidades, sendo ideal para projetos de m\u00e9dio e grande porte.<\/p>\n<p data-start=\"1466\" data-end=\"1745\">Para atender \u00e0s necessidades de personaliza\u00e7\u00e3o e integra\u00e7\u00e3o de marca, a etiqueta oferece ampla possibilidade de customiza\u00e7\u00e3o: voc\u00ea pode escolher diferentes modelos de chip, designs de antena, materiais, op\u00e7\u00f5es de adesivo\/cola, al\u00e9m de impress\u00e3o personalizada e recursos especiais (como logotipos, n\u00fameros de s\u00e9rie, c\u00f3digos de barras, c\u00f3digos QR ou arte colorida).<\/p>\n<p data-start=\"1747\" data-end=\"1764\">Par\u00e2metros RFID<\/p>\n<ul data-start=\"1765\" data-end=\"2167\">\n<li data-start=\"1765\" data-end=\"1798\">\n<p data-start=\"1767\" data-end=\"1798\">Tipo: Etiqueta NFC anti-metal para moedas<\/p>\n<\/li>\n<li data-start=\"1799\" data-end=\"1842\">\n<p data-start=\"1801\" data-end=\"1842\">Protocolo: ISO\/IEC 14443 A e ISO 18000-3<\/p>\n<\/li>\n<li data-start=\"1843\" data-end=\"1883\">\n<p data-start=\"1845\" data-end=\"1883\">Frequ\u00eancia: 13,56 MHz (banda HF global)<\/p>\n<\/li>\n<li data-start=\"1884\" data-end=\"1933\">\n<p data-start=\"1886\" data-end=\"1933\">Op\u00e7\u00f5es de chip: NTAG\u00ae 213, NTAG\u00ae 215 e outros<\/p>\n<\/li>\n<li data-start=\"1934\" data-end=\"1992\">\n<p data-start=\"1936\" data-end=\"1992\">Mem\u00f3ria: UID de 7 bytes; mem\u00f3ria do usu\u00e1rio de 144 bytes ou 504 bytes<\/p>\n<\/li>\n<li data-start=\"1993\" data-end=\"2018\">\n<p data-start=\"1995\" data-end=\"2018\">Leitura\/Grava\u00e7\u00e3o: Suportado<\/p>\n<\/li>\n<li data-start=\"2019\" data-end=\"2087\">\n<p data-start=\"2021\" data-end=\"2087\">Dist\u00e2ncia de leitura t\u00edpica: 1\u20135 cm (dependendo do leitor e do ambiente)<\/p>\n<\/li>\n<li data-start=\"2088\" data-end=\"2122\">\n<p data-start=\"2090\" data-end=\"2122\">Reten\u00e7\u00e3o de dados: at\u00e9 10 anos<\/p>\n<\/li>\n<li data-start=\"2123\" data-end=\"2167\">\n<p data-start=\"2125\" data-end=\"2167\">Ciclos de programa\u00e7\u00e3o: At\u00e9 100.000 ciclos<\/p>\n<\/li>\n<\/ul>\n<p data-start=\"2169\" data-end=\"2190\">Par\u00e2metros f\u00edsicos<\/p>\n<ul data-start=\"2191\" data-end=\"2672\">\n<li data-start=\"2191\" data-end=\"2230\">\n<p data-start=\"2193\" data-end=\"2230\">Tamanho: etiqueta redonda para moeda com 20 mm de di\u00e2metro<\/p>\n<\/li>\n<li data-start=\"2231\" data-end=\"2268\">\n<p data-start=\"2233\" data-end=\"2268\">Material de substrato: Papel antiaderente<\/p>\n<\/li>\n<li data-start=\"2269\" data-end=\"2307\">\n<p data-start=\"2271\" data-end=\"2307\">Material da antena: Alum\u00ednio gravado<\/p>\n<\/li>\n<li data-start=\"2308\" data-end=\"2376\">\n<p data-start=\"2310\" data-end=\"2376\">Material da superf\u00edcie: PVC, imperme\u00e1vel, com camada de ferrite anti-metal<\/p>\n<\/li>\n<li data-start=\"2377\" data-end=\"2433\">\n<p data-start=\"2379\" data-end=\"2433\">Codifica\u00e7\u00e3o: Suportada (pr\u00e9-codifica\u00e7\u00e3o ou em branco opcional)<\/p>\n<\/li>\n<li data-start=\"2434\" data-end=\"2494\">\n<p data-start=\"2436\" data-end=\"2494\">Instala\u00e7\u00e3o: Autoadesivo, adequado para superf\u00edcies met\u00e1licas.<\/p>\n<\/li>\n<li data-start=\"2495\" data-end=\"2534\">\n<p data-start=\"2497\" data-end=\"2534\">Temperatura de opera\u00e7\u00e3o: -25\u2103 a +65\u2103<\/p>\n<\/li>\n<li data-start=\"2535\" data-end=\"2569\">\n<p data-start=\"2537\" data-end=\"2569\">Umidade operacional: 20%\u201390% UR<\/p>\n<\/li>\n<li data-start=\"2570\" data-end=\"2596\">\n<p data-start=\"2572\" data-end=\"2596\">Embalagem: 200 unidades\/caixa<\/p>\n<\/li>\n<li data-start=\"2597\" data-end=\"2672\">\n<p data-start=\"2599\" data-end=\"2672\">Servi\u00e7o personalizado: Chip \/ Antena \/ Material \/ Cola \/ Impress\u00e3o \/ Artesanato<\/p>\n<\/li>\n<\/ul>\n<p data-start=\"2674\" data-end=\"2708\">Aplica\u00e7\u00f5es e vantagens de mercado<\/p>\n<ul data-start=\"2709\" data-end=\"4180\">\n<li data-start=\"2709\" data-end=\"2893\">\n<p data-start=\"2711\" data-end=\"2893\">Pagamentos m\u00f3veis e transa\u00e7\u00f5es sem contato:<br data-start=\"2754\" data-end=\"2757\" \/>Utilizado com dispositivos habilitados para NFC para pagamentos m\u00f3veis r\u00e1pidos e seguros, carteiras digitais e vendas sem dinheiro em balc\u00f5es ou terminais de metal.<\/p>\n<\/li>\n<li data-start=\"2895\" data-end=\"3051\">\n<p data-start=\"2897\" data-end=\"3051\">Bilhetes eletr\u00f3nicos e acesso ao evento:<br data-start=\"2924\" data-end=\"2927\" \/>Ideal para concertos, exposi\u00e7\u00f5es, transportes e controle de acesso a espa\u00e7os p\u00fablicos, permitindo uma leitura r\u00e1pida e um check-in \u00e1gil.<\/p>\n<\/li>\n<li data-start=\"3053\" data-end=\"3229\">\n<p data-start=\"3055\" data-end=\"3229\">Autentica\u00e7\u00e3o de produtos e combate \u00e0 falsifica\u00e7\u00e3o:<br data-start=\"3100\" data-end=\"3103\" \/>Ajuda a verificar a autenticidade de produtos de marca, como eletr\u00f4nicos, artigos de luxo ou produtos farmac\u00eauticos, para proteger o valor da marca.<\/p>\n<\/li>\n<li data-start=\"3231\" data-end=\"3396\">\n<p data-start=\"3233\" data-end=\"3396\">Gest\u00e3o de ativos e rastreamento de estoque:<br data-start=\"3271\" data-end=\"3274\" \/>Ideal para etiquetar ferramentas, equipamentos, racks e m\u00e1quinas de metal, simplificando o rastreamento, a contagem e os registros de manuten\u00e7\u00e3o.<\/p>\n<\/li>\n<li data-start=\"3398\" data-end=\"3556\">\n<p data-start=\"3400\" data-end=\"3556\">Sistemas de ronda\/patrulha de vigil\u00e2ncia:<br data-start=\"3428\" data-end=\"3431\" \/>Funciona como ponto de controle de patrulha em paredes met\u00e1licas, portas ou instala\u00e7\u00f5es, permitindo que os guardas registrem e monitorem as rotas de patrulha com precis\u00e3o.<\/p>\n<\/li>\n<li data-start=\"3558\" data-end=\"3713\">\n<p data-start=\"3560\" data-end=\"3713\">Controle de acesso e fechaduras inteligentes:<br data-start=\"3589\" data-end=\"3592\" \/>Compat\u00edvel com sistemas de acesso NFC em portas ou batentes met\u00e1licos em escrit\u00f3rios, f\u00e1bricas, armaz\u00e9ns e edif\u00edcios residenciais.<\/p>\n<\/li>\n<li data-start=\"3715\" data-end=\"3840\">\n<p data-start=\"3717\" data-end=\"3840\">Gest\u00e3o de frequ\u00eancia:<br data-start=\"3739\" data-end=\"3742\" \/>Permite o registro de presen\u00e7a de funcion\u00e1rios, alunos, contratados ou pessoal de eventos por meio de dispositivos NFC.<\/p>\n<\/li>\n<li data-start=\"3842\" data-end=\"4007\">\n<p data-start=\"3844\" data-end=\"4007\">Embalagens inteligentes e marketing interativo:<br data-start=\"3884\" data-end=\"3887\" \/>Incorporado em embalagens ou displays para abrir p\u00e1ginas da web, promo\u00e7\u00f5es ou campanhas digitais quando tocado por smartphones.<\/p>\n<\/li>\n<li data-start=\"4009\" data-end=\"4180\">\n<p data-start=\"4011\" data-end=\"4180\">Crescente demanda de mercado:<br data-start=\"4033\" data-end=\"4036\" \/>Amplamente utilizado em cidades inteligentes, log\u00edstica, varejo, seguran\u00e7a, produ\u00e7\u00e3o industrial, gest\u00e3o de for\u00e7a de trabalho e outros cen\u00e1rios de IoT e alta tecnologia.<\/p>\n<\/li>\n<\/ul>\n<p data-start=\"4182\" data-end=\"4223\">Por que escolher nossa etiqueta NFC anti-metal para moedas?<\/p>\n<ul data-start=\"4224\" data-end=\"4703\">\n<li data-start=\"4224\" data-end=\"4307\">\n<p data-start=\"4226\" data-end=\"4307\">Estrutura robusta, imperme\u00e1vel e resistente a metais para uso prolongado em superf\u00edcies met\u00e1licas.<\/p>\n<\/li>\n<li data-start=\"4308\" data-end=\"4377\">\n<p data-start=\"4310\" data-end=\"4377\">Totalmente compat\u00edvel com leitores NFC ISO 14443A e dispositivos de 13,56 MHz.<\/p>\n<\/li>\n<li data-start=\"4378\" data-end=\"4493\">\n<p data-start=\"4380\" data-end=\"4493\">Personaliza\u00e7\u00e3o flex\u00edvel para chip, antena, material, adesivo, impress\u00e3o e acabamento, para combinar com seu projeto ou marca.<\/p>\n<\/li>\n<li data-start=\"4494\" data-end=\"4574\">\n<p data-start=\"4496\" data-end=\"4574\">Longa vida \u00fatil com at\u00e9 100.000 ciclos de grava\u00e7\u00e3o e reten\u00e7\u00e3o de dados por 10 anos.<\/p>\n<\/li>\n<li data-start=\"4575\" data-end=\"4703\">\n<p data-start=\"4577\" data-end=\"4703\">Ideal para pagamentos, autentica\u00e7\u00e3o, controle de acesso, registro de presen\u00e7a, sistemas de patrulha e outras aplica\u00e7\u00f5es NFC em dispositivos m\u00f3veis.<\/p>\n<\/li>\n<\/ul>","protected":false},"excerpt":{"rendered":"<p data-start=\"4736\" data-end=\"5000\">Etiqueta NFC resistente para metais, projetada para leitores ISO\/IEC 14443A de 13,56 MHz. Estrutura imperme\u00e1vel em PVC + ferrite, chips NTAG213\/NTAG215, verso autoadesivo, ideal para pagamentos, bilhetagem eletr\u00f4nica, autentica\u00e7\u00e3o, controle de acesso, registro de presen\u00e7a e patrulha em superf\u00edcies met\u00e1licas.<\/p>\n<p data-start=\"5002\" data-end=\"5014\">Especifica\u00e7\u00f5es principais:<\/p>\n<ul data-start=\"5015\" data-end=\"5358\">\n<li data-start=\"5015\" data-end=\"5041\">\n<p data-start=\"5017\" data-end=\"5041\">Frequ\u00eancia: 13,56 MHz HF<\/p>\n<\/li>\n<li data-start=\"5042\" data-end=\"5081\">\n<p data-start=\"5044\" data-end=\"5081\">Protocolo: ISO\/IEC 14443 A e 18000-3<\/p>\n<\/li>\n<li data-start=\"5082\" data-end=\"5125\">\n<p data-start=\"5084\" data-end=\"5125\">Chip: NTAG\u00ae 213 \/ NTAG\u00ae 215, UID de 7 bytes<\/p>\n<\/li>\n<li data-start=\"5126\" data-end=\"5165\">\n<p data-start=\"5128\" data-end=\"5165\">Mem\u00f3ria do usu\u00e1rio: 144 bytes ou 504 bytes<\/p>\n<\/li>\n<li data-start=\"5166\" data-end=\"5206\">\n<p data-start=\"5168\" data-end=\"5206\">Tamanho: Etiqueta para moeda de \u00d820 mm, autoadesiva<\/p>\n<\/li>\n<li data-start=\"5207\" data-end=\"5292\">\n<p data-start=\"5209\" data-end=\"5292\">Estrutura: Antena de alum\u00ednio + papel antiaderente + PVC imperme\u00e1vel + ferrite antimetal<\/p>\n<\/li>\n<li data-start=\"5293\" data-end=\"5358\">\n<p data-start=\"5295\" data-end=\"5358\">Durabilidade: reten\u00e7\u00e3o de dados por 10 anos, 100.000 ciclos de programa\u00e7\u00e3o.<\/p>\n<\/li>\n<\/ul>","protected":false},"featured_media":1166,"template":"","meta":{"_gspb_post_css":""},"product_brand":[],"product_cat":[29],"product_tag":[],"class_list":{"0":"post-1162","1":"product","2":"type-product","3":"status-publish","4":"has-post-thumbnail","6":"product_cat-nfc-tags","8":"first","9":"instock","10":"shipping-taxable","11":"purchasable","12":"product-type-simple"},"_links":{"self":[{"href":"https:\/\/www.cxjsmartcard.com\/pt\/wp-json\/wp\/v2\/product\/1162","targetHints":{"allow":["GET"]}}],"collection":[{"href":"https:\/\/www.cxjsmartcard.com\/pt\/wp-json\/wp\/v2\/product"}],"about":[{"href":"https:\/\/www.cxjsmartcard.com\/pt\/wp-json\/wp\/v2\/types\/product"}],"wp:featuredmedia":[{"embeddable":true,"href":"https:\/\/www.cxjsmartcard.com\/pt\/wp-json\/wp\/v2\/media\/1166"}],"wp:attachment":[{"href":"https:\/\/www.cxjsmartcard.com\/pt\/wp-json\/wp\/v2\/media?parent=1162"}],"wp:term":[{"taxonomy":"product_brand","embeddable":true,"href":"https:\/\/www.cxjsmartcard.com\/pt\/wp-json\/wp\/v2\/product_brand?post=1162"},{"taxonomy":"product_cat","embeddable":true,"href":"https:\/\/www.cxjsmartcard.com\/pt\/wp-json\/wp\/v2\/product_cat?post=1162"},{"taxonomy":"product_tag","embeddable":true,"href":"https:\/\/www.cxjsmartcard.com\/pt\/wp-json\/wp\/v2\/product_tag?post=1162"}],"curies":[{"name":"wp","href":"https:\/\/api.w.org\/{rel}","templated":true}]}}