{"id":995,"date":"2025-11-03T09:46:30","date_gmt":"2025-11-03T09:46:30","guid":{"rendered":"https:\/\/www.cxjsmartcard.com\/?post_type=product&#038;p=995"},"modified":"2025-12-29T01:27:06","modified_gmt":"2025-12-29T01:27:06","slug":"uhf-rfid-keychain-key-fob","status":"publish","type":"product","link":"https:\/\/www.cxjsmartcard.com\/pl\/uhf-rfid-keychain-key-fob\/","title":{"rendered":"Brelok do kluczy UHF RFID"},"content":{"rendered":"<p data-start=\"37\" data-end=\"311\">Brelok z ABS UHF RFID do \u015bledzenia zasob\u00f3w, kontroli dost\u0119pu i logistyki. Dzia\u0142a w pa\u015bmie 860\u2013960 MHz (EPC Gen2), obs\u0142uguje odczyty wielu tag\u00f3w wsadowych, jest lekki, wytrzyma\u0142y i mo\u017cna go dostosowa\u0107 do u\u017cytku indywidualnego lub korporacyjnego.<\/p>\n<p data-start=\"313\" data-end=\"331\"><strong data-start=\"313\" data-end=\"329\">G\u0142\u00f3wne cechy<\/strong><\/p>\n<ul data-start=\"332\" data-end=\"806\">\n<li data-start=\"332\" data-end=\"389\">\n<p data-start=\"334\" data-end=\"389\">Skorupa ABS; odporna na uderzenia i korozj\u0119; od \u221220 \u2103 do +70 \u2103<\/p>\n<\/li>\n<li data-start=\"390\" data-end=\"460\">\n<p data-start=\"392\" data-end=\"460\">UHF 860\u2013960 MHz; EPC C1G2\/ISO 18000-6C; 96\u2013512-bitowa pami\u0119\u0107 EPC\/u\u017cytkownika<\/p>\n<\/li>\n<li data-start=\"461\" data-end=\"517\">\n<p data-start=\"463\" data-end=\"517\">Odleg\u0142o\u015b\u0107 odczytu: 3\u201310 m (zale\u017cnie od czytaj\u0105cego\/\u015brodowiska)<\/p>\n<\/li>\n<li data-start=\"518\" data-end=\"575\">\n<p data-start=\"520\" data-end=\"575\">Identyfikacja wieloznacznikowa zapewniaj\u0105ca wysok\u0105 wydajno\u015b\u0107 skanowania<\/p>\n<\/li>\n<li data-start=\"576\" data-end=\"643\">\n<p data-start=\"578\" data-end=\"643\">Kompaktowy: typowe 50 \u00d7 30 \u00d7 5 mm; 10\u201320 g; otw\u00f3r na klucze\/smycz<\/p>\n<\/li>\n<li data-start=\"644\" data-end=\"701\">\n<p data-start=\"646\" data-end=\"701\">Opcjonalna ochrona IP65\/IP67; \u017cywotno\u015b\u0107 &gt;10 lat<\/p>\n<\/li>\n<li data-start=\"702\" data-end=\"749\">\n<p data-start=\"704\" data-end=\"749\">Opcje uk\u0142adu: NXP UCODE 8\/9, Alien H3\/H4\/H9<\/p>\n<\/li>\n<li data-start=\"750\" data-end=\"806\">\n<p data-start=\"752\" data-end=\"806\">Opcjonalny wariant HF (13,56 MHz, ISO 14443A) na \u017c\u0105danie<\/p>\n<\/li>\n<\/ul>\n<p data-start=\"808\" data-end=\"984\"><strong data-start=\"808\" data-end=\"824\">Aplikacje<\/strong><br data-start=\"824\" data-end=\"827\" \/>Zarz\u0105dzanie maj\u0105tkiem przedsi\u0119biorstwa \u2022 Inteligentna kontrola dost\u0119pu i logowanie \u2022 Magazynowanie i logistyka \u2022 \u015aledzenie towar\u00f3w w handlu detalicznym\/zabezpieczanie przed podr\u00f3bkami \u2022 Oznaczanie zwierz\u0105t domowych\/warto\u015bciowych przedmiot\u00f3w.<\/p>\n<p data-start=\"986\" data-end=\"1175\"><strong data-start=\"986\" data-end=\"1016\">Obowi\u0105zuj\u0105ce grupy klient\u00f3w<\/strong><br data-start=\"1016\" data-end=\"1019\" \/>Logistyka i \u0142a\u0144cuch dostaw \u2022 Produkcja i operacje magazynowe \u2022 Inteligentne budynki\/zarz\u0105dzanie nieruchomo\u015bciami \u2022 Marki detaliczne\/us\u0142ugi zwalczania podr\u00f3bek \u2022 U\u017cytkownicy indywidualni.<\/p>\n<h2 data-start=\"1177\" data-end=\"1202\">Tabela (Specyfikacja)<\/h2>\n<div class=\"_tableContainer_1rjym_1\">\n<div class=\"group _tableWrapper_1rjym_13 flex w-fit flex-col-reverse\" tabindex=\"-1\">\n<table class=\"w-fit min-w-(--thread-content-width)\" data-start=\"1204\" data-end=\"3123\">\n<thead data-start=\"1204\" data-end=\"1305\">\n<tr data-start=\"1204\" data-end=\"1305\">\n<th data-start=\"1204\" data-end=\"1225\" data-col-size=\"sm\">Kategoria<\/th>\n<th data-start=\"1225\" data-end=\"1253\" data-col-size=\"sm\">Parametr<\/th>\n<th data-start=\"1253\" data-end=\"1305\" data-col-size=\"md\">Warto\u015b\u0107<\/th>\n<\/tr>\n<\/thead>\n<tbody data-start=\"1407\" data-end=\"3123\">\n<tr data-start=\"1407\" data-end=\"1507\">\n<td data-start=\"1407\" data-end=\"1427\" data-col-size=\"sm\">Produkt<\/td>\n<td data-col-size=\"sm\" data-start=\"1427\" data-end=\"1455\">Nazwa<\/td>\n<td data-col-size=\"md\" data-start=\"1455\" data-end=\"1507\">Brelok ABS UHF RFID<\/td>\n<\/tr>\n<tr data-start=\"1508\" data-end=\"1608\">\n<td data-start=\"1508\" data-end=\"1528\" data-col-size=\"sm\">Wymiary<\/td>\n<td data-col-size=\"sm\" data-start=\"1528\" data-end=\"1556\">Rozmiar \/ Waga<\/td>\n<td data-col-size=\"md\" data-start=\"1556\" data-end=\"1608\">50 \u00d7 30 \u00d7 5 mm (typowo); 10\u201320 gr<\/td>\n<\/tr>\n<tr data-start=\"1609\" data-end=\"1709\">\n<td data-start=\"1609\" data-end=\"1629\" data-col-size=\"sm\">Przybory<\/td>\n<td data-start=\"1629\" data-end=\"1657\" data-col-size=\"sm\">Mieszkania<\/td>\n<td data-col-size=\"md\" data-start=\"1657\" data-end=\"1709\">ABS (tworzywo konstrukcyjne)<\/td>\n<\/tr>\n<tr data-start=\"1710\" data-end=\"1810\">\n<td data-start=\"1710\" data-end=\"1730\" data-col-size=\"sm\">Cz\u0119stotliwo\u015b\u0107 radiowa (UHF)<\/td>\n<td data-col-size=\"sm\" data-start=\"1730\" data-end=\"1758\">Cz\u0119stotliwo\u015b\u0107 \/ Protok\u00f3\u0142<\/td>\n<td data-col-size=\"md\" data-start=\"1758\" data-end=\"1810\">860\u2013960 MHz; ISO 18000-6C \/ EPC C1G2<\/td>\n<\/tr>\n<tr data-start=\"1811\" data-end=\"1911\">\n<td data-start=\"1811\" data-end=\"1831\" data-col-size=\"sm\">Pami\u0119\u0107<\/td>\n<td data-col-size=\"sm\" data-start=\"1831\" data-end=\"1859\">EPC\/U\u017cytkownik<\/td>\n<td data-col-size=\"md\" data-start=\"1859\" data-end=\"1911\">96\u2013512 bit\u00f3w (konfigurowalne)<\/td>\n<\/tr>\n<tr data-start=\"1912\" data-end=\"2012\">\n<td data-start=\"1912\" data-end=\"1932\" data-col-size=\"sm\">Wydajno\u015b\u0107<\/td>\n<td data-start=\"1932\" data-end=\"1960\" data-col-size=\"sm\">Zakres odczytu<\/td>\n<td data-start=\"1960\" data-end=\"2012\" data-col-size=\"md\">3\u201310 m (zale\u017cnie od czytelnika\/\u015brodowiska)<\/td>\n<\/tr>\n<tr data-start=\"2013\" data-end=\"2113\">\n<td data-start=\"2013\" data-end=\"2033\" data-col-size=\"sm\">Przepustowo\u015b\u0107<\/td>\n<td data-start=\"2033\" data-end=\"2061\" data-col-size=\"sm\">Wielokrotne odczytywanie<\/td>\n<td data-col-size=\"md\" data-start=\"2061\" data-end=\"2113\">Odczyt wsadowy setek tag\u00f3w na sekund\u0119<\/td>\n<\/tr>\n<tr data-start=\"2114\" data-end=\"2214\">\n<td data-start=\"2114\" data-end=\"2134\" data-col-size=\"sm\">\u015arodowisko<\/td>\n<td data-start=\"2134\" data-end=\"2162\" data-col-size=\"sm\">Temperatura pracy<\/td>\n<td data-start=\"2162\" data-end=\"2214\" data-col-size=\"md\">od \u221220 \u2103 do +70 \u2103<\/td>\n<\/tr>\n<tr data-start=\"2215\" data-end=\"2315\">\n<td data-start=\"2215\" data-end=\"2235\" data-col-size=\"sm\">Ochrona<\/td>\n<td data-start=\"2235\" data-end=\"2263\" data-col-size=\"sm\">Stopie\u0144 ochrony przed wnikaniem<\/td>\n<td data-start=\"2263\" data-end=\"2315\" data-col-size=\"md\">IP65 \/ IP67 (opcjonalnie)<\/td>\n<\/tr>\n<tr data-start=\"2316\" data-end=\"2416\">\n<td data-start=\"2316\" data-end=\"2336\" data-col-size=\"sm\">D\u0142ugowieczno\u015b\u0107<\/td>\n<td data-start=\"2336\" data-end=\"2364\" data-col-size=\"sm\">\u017bywotno\u015b\u0107<\/td>\n<td data-col-size=\"md\" data-start=\"2364\" data-end=\"2416\">&gt;10 lat (normalne \u015brodowisko)<\/td>\n<\/tr>\n<tr data-start=\"2417\" data-end=\"2517\">\n<td data-start=\"2417\" data-end=\"2437\" data-col-size=\"sm\">Personalizacja<\/td>\n<td data-col-size=\"sm\" data-start=\"2437\" data-end=\"2465\">Kolor\/Wyko\u0144czenie<\/td>\n<td data-col-size=\"md\" data-start=\"2465\" data-end=\"2517\">Kolory niestandardowe; drukowanie logo\/ID\/kod\u00f3w QR\/kod\u00f3w kreskowych<\/td>\n<\/tr>\n<tr data-start=\"2518\" data-end=\"2618\">\n<td data-start=\"2518\" data-end=\"2538\" data-col-size=\"sm\">Opcje IC<\/td>\n<td data-start=\"2538\" data-end=\"2566\" data-col-size=\"sm\">Frytki<\/td>\n<td data-col-size=\"md\" data-start=\"2566\" data-end=\"2618\">UCODE 8\/9; Obcy H3\/H4\/H9<\/td>\n<\/tr>\n<tr data-start=\"2619\" data-end=\"2719\">\n<td data-start=\"2619\" data-end=\"2639\" data-col-size=\"sm\">Wariant (HF)<\/td>\n<td data-start=\"2639\" data-end=\"2667\" data-col-size=\"sm\">Fakultatywny<\/td>\n<td data-start=\"2667\" data-end=\"2719\" data-col-size=\"md\">13,56 MHz; ISO 14443A (na \u017cyczenie)<\/td>\n<\/tr>\n<tr data-start=\"2720\" data-end=\"2820\">\n<td data-start=\"2720\" data-end=\"2740\" data-col-size=\"sm\">Przypadki u\u017cycia<\/td>\n<td data-col-size=\"sm\" data-start=\"2740\" data-end=\"2768\">Aplikacje<\/td>\n<td data-col-size=\"md\" data-start=\"2768\" data-end=\"2820\">Dost\u0119p, aktywa, logistyka, handel detaliczny, zwierz\u0119ta\/przedmioty<\/td>\n<\/tr>\n<tr data-start=\"2821\" data-end=\"2921\">\n<td data-start=\"2821\" data-end=\"2841\" data-col-size=\"sm\">Minimalne zam\u00f3wienie<\/td>\n<td data-col-size=\"sm\" data-start=\"2841\" data-end=\"2869\">Minimalne zam\u00f3wienie<\/td>\n<td data-col-size=\"md\" data-start=\"2869\" data-end=\"2921\">200 szt.<\/td>\n<\/tr>\n<tr data-start=\"2922\" data-end=\"3022\">\n<td data-start=\"2922\" data-end=\"2942\" data-col-size=\"sm\">Funkcje specjalne<\/td>\n<td data-col-size=\"sm\" data-start=\"2942\" data-end=\"2970\">Atrybuty<\/td>\n<td data-col-size=\"md\" data-start=\"2970\" data-end=\"3022\">Wodoodporna\/odporna na warunki atmosferyczne; mini tag<\/td>\n<\/tr>\n<tr data-start=\"3023\" data-end=\"3123\">\n<td data-start=\"3023\" data-end=\"3043\" data-col-size=\"sm\">Pochodzenie<\/td>\n<td data-col-size=\"sm\" data-start=\"3043\" data-end=\"3071\">Miejsce pochodzenia<\/td>\n<td data-col-size=\"md\" data-start=\"3071\" data-end=\"3123\">Guangdong, Chiny<\/td>\n<\/tr>\n<\/tbody>\n<\/table>\n<\/div>\n<\/div>","protected":false},"excerpt":{"rendered":"<p>Brelok ABS UHF RFID do zarz\u0105dzania zasobami i dost\u0119pem \u2014 860\u2013960 MHz EPC Gen2, odczyty od 3 do 10 m, identyfikacja wieloma znacznikami, kompaktowa konstrukcja 50\u00d730\u00d75 mm, mo\u017cliwo\u015b\u0107 dostosowania kolor\u00f3w\/nadruku oraz opcjonalna klasa ochrony IP65\/67.<\/p>","protected":false},"featured_media":998,"template":"","meta":{"_gspb_post_css":""},"product_brand":[],"product_cat":[30],"product_tag":[],"class_list":{"0":"post-995","1":"product","2":"type-product","3":"status-publish","4":"has-post-thumbnail","6":"product_cat-rfid-keyfobs","8":"first","9":"instock","10":"shipping-taxable","11":"purchasable","12":"product-type-simple"},"_links":{"self":[{"href":"https:\/\/www.cxjsmartcard.com\/pl\/wp-json\/wp\/v2\/product\/995","targetHints":{"allow":["GET"]}}],"collection":[{"href":"https:\/\/www.cxjsmartcard.com\/pl\/wp-json\/wp\/v2\/product"}],"about":[{"href":"https:\/\/www.cxjsmartcard.com\/pl\/wp-json\/wp\/v2\/types\/product"}],"wp:featuredmedia":[{"embeddable":true,"href":"https:\/\/www.cxjsmartcard.com\/pl\/wp-json\/wp\/v2\/media\/998"}],"wp:attachment":[{"href":"https:\/\/www.cxjsmartcard.com\/pl\/wp-json\/wp\/v2\/media?parent=995"}],"wp:term":[{"taxonomy":"product_brand","embeddable":true,"href":"https:\/\/www.cxjsmartcard.com\/pl\/wp-json\/wp\/v2\/product_brand?post=995"},{"taxonomy":"product_cat","embeddable":true,"href":"https:\/\/www.cxjsmartcard.com\/pl\/wp-json\/wp\/v2\/product_cat?post=995"},{"taxonomy":"product_tag","embeddable":true,"href":"https:\/\/www.cxjsmartcard.com\/pl\/wp-json\/wp\/v2\/product_tag?post=995"}],"curies":[{"name":"wp","href":"https:\/\/api.w.org\/{rel}","templated":true}]}}