{"id":990,"date":"2025-11-03T09:44:33","date_gmt":"2025-11-03T09:44:33","guid":{"rendered":"https:\/\/www.cxjsmartcard.com\/?post_type=product&#038;p=990"},"modified":"2025-12-29T01:27:06","modified_gmt":"2025-12-29T01:27:06","slug":"rfid-keychain-waterproof-key-fob-tag","status":"publish","type":"product","link":"https:\/\/www.cxjsmartcard.com\/pl\/rfid-keychain-waterproof-key-fob-tag\/","title":{"rendered":"Brelok RFID wodoodporny z brelokiem"},"content":{"rendered":"<p data-start=\"48\" data-end=\"312\">Wytrzyma\u0142y brelok RFID\/NFC do codziennego dost\u0119pu i identyfikacji. Obudowy z PVC\/ABS\/epoksydu s\u0105 wodoodporne i obs\u0142uguj\u0105 niestandardowe nadruki i numery seryjne. Dost\u0119pne w wersjach LF, HF i UHF, aby dopasowa\u0107 si\u0119 do nowych i starszych system\u00f3w.<\/p>\n<p data-start=\"314\" data-end=\"328\"><strong data-start=\"314\" data-end=\"326\">Cechy<\/strong><\/p>\n<ul data-start=\"329\" data-end=\"596\">\n<li data-start=\"329\" data-end=\"359\">\n<p data-start=\"331\" data-end=\"359\">Materia\u0142y: PVC, ABS, \u017cywica epoksydowa<\/p>\n<\/li>\n<li data-start=\"360\" data-end=\"410\">\n<p data-start=\"362\" data-end=\"410\">Cz\u0119stotliwo\u015bci: 125 kHz \u2022 13,56 MHz \u2022 860\u2013960 MHz<\/p>\n<\/li>\n<li data-start=\"411\" data-end=\"447\">\n<p data-start=\"413\" data-end=\"447\">Nadruk: logo i numer seryjny<\/p>\n<\/li>\n<li data-start=\"448\" data-end=\"552\">\n<p data-start=\"450\" data-end=\"552\">Opcje chip\u00f3w: RFID 1K (MIFARE 1K), NTAG213\/215, H9, NXP UCODE 9, TK4100, EM4305, EM4200, T5577 itp.<\/p>\n<\/li>\n<li data-start=\"553\" data-end=\"596\">\n<p data-start=\"555\" data-end=\"596\">Kolory: czarny, bia\u0142y, zielony, niebieski, inne<\/p>\n<\/li>\n<\/ul>\n<p data-start=\"598\" data-end=\"769\"><strong data-start=\"598\" data-end=\"614\">Aplikacje<\/strong><br data-start=\"614\" data-end=\"617\" \/>Kontrola dost\u0119pu, obecno\u015b\u0107, identyfikacja, logistyka, automatyka przemys\u0142owa, bilety, cz\u0142onkostwo, transport publiczny, p\u0142atno\u015bci bezgot\u00f3wkowe, baseny, pralnia.<\/p>\n<p data-start=\"771\" data-end=\"803\"><strong data-start=\"771\" data-end=\"801\">Notatki (typowe wdro\u017cenia)<\/strong><\/p>\n<ul data-start=\"804\" data-end=\"1010\">\n<li data-start=\"804\" data-end=\"911\">\n<p data-start=\"806\" data-end=\"911\"><strong data-start=\"806\" data-end=\"820\">125 kHz LF<\/strong>: bramki dost\u0119pu, windy, wej\u015bcia do budynk\u00f3w \u2014 uk\u0142ady scalone takie jak ATA5577, TK4100, EM4200, EM4305.<\/p>\n<\/li>\n<li data-start=\"912\" data-end=\"1010\">\n<p data-start=\"914\" data-end=\"1010\"><strong data-start=\"914\" data-end=\"943\">13,56 MHz HF (ISO 14443A)<\/strong>:indywidualne zamki do mieszka\u0144\/drzwi \u2014 uk\u0142ady scalone, np. MIFARE 1K, NTAG213.<\/p>\n<\/li>\n<\/ul>\n<h2 data-start=\"1012\" data-end=\"1037\">Tabela (Specyfikacja)<\/h2>\n<div class=\"_tableContainer_1rjym_1\">\n<div class=\"group _tableWrapper_1rjym_13 flex w-fit flex-col-reverse\" tabindex=\"-1\">\n<table class=\"w-fit min-w-(--thread-content-width)\" data-start=\"1039\" data-end=\"2203\">\n<thead data-start=\"1039\" data-end=\"1135\">\n<tr data-start=\"1039\" data-end=\"1135\">\n<th data-start=\"1039\" data-end=\"1057\" data-col-size=\"sm\">Kategoria<\/th>\n<th data-start=\"1057\" data-end=\"1077\" data-col-size=\"sm\">Parametr<\/th>\n<th data-start=\"1077\" data-end=\"1135\" data-col-size=\"lg\">Warto\u015b\u0107<\/th>\n<\/tr>\n<\/thead>\n<tbody data-start=\"1233\" data-end=\"2203\">\n<tr data-start=\"1233\" data-end=\"1329\">\n<td data-start=\"1233\" data-end=\"1251\" data-col-size=\"sm\">Produkt<\/td>\n<td data-col-size=\"sm\" data-start=\"1251\" data-end=\"1271\">Typ<\/td>\n<td data-col-size=\"lg\" data-start=\"1271\" data-end=\"1329\">Wodoodporny brelok RFID<\/td>\n<\/tr>\n<tr data-start=\"1330\" data-end=\"1426\">\n<td data-start=\"1330\" data-end=\"1348\" data-col-size=\"sm\">Przybory<\/td>\n<td data-start=\"1348\" data-end=\"1368\" data-col-size=\"sm\">Mieszkania<\/td>\n<td data-col-size=\"lg\" data-start=\"1368\" data-end=\"1426\">PVC, ABS, Epoksyd<\/td>\n<\/tr>\n<tr data-start=\"1427\" data-end=\"1523\">\n<td data-start=\"1427\" data-end=\"1445\" data-col-size=\"sm\">Pasma RF<\/td>\n<td data-start=\"1445\" data-end=\"1465\" data-col-size=\"sm\">Cz\u0119stotliwo\u015b\u0107<\/td>\n<td data-start=\"1465\" data-end=\"1523\" data-col-size=\"lg\">125 kHz; 13,56 MHz; 860\u2013960 MHz<\/td>\n<\/tr>\n<tr data-start=\"1524\" data-end=\"1620\">\n<td data-start=\"1524\" data-end=\"1542\" data-col-size=\"sm\">Personalizacja<\/td>\n<td data-start=\"1542\" data-end=\"1562\" data-col-size=\"sm\">Druk<\/td>\n<td data-start=\"1562\" data-end=\"1620\" data-col-size=\"lg\">Drukowanie logo, numer\u00f3w seryjnych<\/td>\n<\/tr>\n<tr data-start=\"1621\" data-end=\"1739\">\n<td data-start=\"1621\" data-end=\"1639\" data-col-size=\"sm\">Opcje IC<\/td>\n<td data-start=\"1639\" data-end=\"1659\" data-col-size=\"sm\">Frytki<\/td>\n<td data-col-size=\"lg\" data-start=\"1659\" data-end=\"1739\">RFID 1K; NTAG213\/215; H9; NXP UKOD 9; TK4100; EM4305; EM4200; T5577; inni<\/td>\n<\/tr>\n<tr data-start=\"1740\" data-end=\"1836\">\n<td data-start=\"1740\" data-end=\"1758\" data-col-size=\"sm\">Zabarwienie<\/td>\n<td data-col-size=\"sm\" data-start=\"1758\" data-end=\"1778\">Warianty<\/td>\n<td data-col-size=\"lg\" data-start=\"1778\" data-end=\"1836\">Czarny, bia\u0142y, zielony, niebieski, itd.<\/td>\n<\/tr>\n<tr data-start=\"1837\" data-end=\"2009\">\n<td data-start=\"1837\" data-end=\"1855\" data-col-size=\"sm\">Aplikacje<\/td>\n<td data-col-size=\"sm\" data-start=\"1855\" data-end=\"1875\">Przypadki u\u017cycia<\/td>\n<td data-col-size=\"lg\" data-start=\"1875\" data-end=\"2009\">Kontrola dost\u0119pu; obecno\u015b\u0107; identyfikacja; logistyka; automatyka przemys\u0142owa; bilety; cz\u0142onkostwo; transport publiczny; p\u0142atno\u015bci elektroniczne; baseny; pralnia<\/td>\n<\/tr>\n<tr data-start=\"2010\" data-end=\"2106\">\n<td data-start=\"2010\" data-end=\"2028\" data-col-size=\"sm\">Przewodnictwo<\/td>\n<td data-col-size=\"sm\" data-start=\"2028\" data-end=\"2048\">Typowe zastosowanie LF<\/td>\n<td data-col-size=\"lg\" data-start=\"2048\" data-end=\"2106\">Udogodnienia (bramy, windy, budynki)<\/td>\n<\/tr>\n<tr data-start=\"2107\" data-end=\"2203\">\n<td data-start=\"2107\" data-end=\"2125\" data-col-size=\"sm\">Przewodnictwo<\/td>\n<td data-start=\"2125\" data-end=\"2145\" data-col-size=\"sm\">Typowe zastosowanie HF<\/td>\n<td data-col-size=\"lg\" data-start=\"2145\" data-end=\"2203\">Zamki do drzwi mieszka\u0144\/pokoj\u00f3w (ISO 14443A)<\/td>\n<\/tr>\n<\/tbody>\n<\/table>\n<\/div>\n<\/div>","protected":false},"excerpt":{"rendered":"<p>Wodoodporny brelok RFID\/NFC z PVC\/ABS\/epoksydu z nadrukiem. Obs\u0142uguje cz\u0119stotliwo\u015bci LF 125 kHz, HF 13,56 MHz i UHF 860\u2013960 MHz z szerok\u0105 gam\u0105 opcji chip\u00f3w do kontroli dost\u0119pu i identyfikacji.<\/p>","protected":false},"featured_media":993,"template":"","meta":{"_gspb_post_css":""},"product_brand":[],"product_cat":[30],"product_tag":[],"class_list":{"0":"post-990","1":"product","2":"type-product","3":"status-publish","4":"has-post-thumbnail","6":"product_cat-rfid-keyfobs","8":"first","9":"instock","10":"shipping-taxable","11":"purchasable","12":"product-type-simple"},"_links":{"self":[{"href":"https:\/\/www.cxjsmartcard.com\/pl\/wp-json\/wp\/v2\/product\/990","targetHints":{"allow":["GET"]}}],"collection":[{"href":"https:\/\/www.cxjsmartcard.com\/pl\/wp-json\/wp\/v2\/product"}],"about":[{"href":"https:\/\/www.cxjsmartcard.com\/pl\/wp-json\/wp\/v2\/types\/product"}],"wp:featuredmedia":[{"embeddable":true,"href":"https:\/\/www.cxjsmartcard.com\/pl\/wp-json\/wp\/v2\/media\/993"}],"wp:attachment":[{"href":"https:\/\/www.cxjsmartcard.com\/pl\/wp-json\/wp\/v2\/media?parent=990"}],"wp:term":[{"taxonomy":"product_brand","embeddable":true,"href":"https:\/\/www.cxjsmartcard.com\/pl\/wp-json\/wp\/v2\/product_brand?post=990"},{"taxonomy":"product_cat","embeddable":true,"href":"https:\/\/www.cxjsmartcard.com\/pl\/wp-json\/wp\/v2\/product_cat?post=990"},{"taxonomy":"product_tag","embeddable":true,"href":"https:\/\/www.cxjsmartcard.com\/pl\/wp-json\/wp\/v2\/product_tag?post=990"}],"curies":[{"name":"wp","href":"https:\/\/api.w.org\/{rel}","templated":true}]}}