{"id":985,"date":"2025-11-03T09:43:06","date_gmt":"2025-11-03T09:43:06","guid":{"rendered":"https:\/\/www.cxjsmartcard.com\/?post_type=product&#038;p=985"},"modified":"2025-12-29T01:27:06","modified_gmt":"2025-12-29T01:27:06","slug":"ntag213-nfc-keychain-key-fob","status":"publish","type":"product","link":"https:\/\/www.cxjsmartcard.com\/pl\/ntag213-nfc-keychain-key-fob\/","title":{"rendered":"Brelok NFC NTAG213"},"content":{"rendered":"<p data-start=\"40\" data-end=\"315\">Wytrzyma\u0142y brelok NFC z NXP NTAG213 do codziennego dost\u0119pu i szybkiego dost\u0119pu za pomoc\u0105 smartfon\u00f3w. Wodoodporna obudowa z tworzywa ABS z metalowym pier\u015bcieniem dzielonym obs\u0142uguje niestandardowe nadruki, kody kreskowe\/QR i kodowanie danych, co u\u0142atwia jego wykorzystanie w kontroli dost\u0119pu i mediach spo\u0142eczno\u015bciowych.<\/p>\n<p data-start=\"317\" data-end=\"335\"><strong data-start=\"317\" data-end=\"333\">G\u0142\u00f3wne cechy<\/strong><\/p>\n<ul data-start=\"336\" data-end=\"625\">\n<li data-start=\"336\" data-end=\"374\">\n<p data-start=\"338\" data-end=\"374\">HF 13,56 MHz, ISO\/IEC 14443A (NFC)<\/p>\n<\/li>\n<li data-start=\"375\" data-end=\"422\">\n<p data-start=\"377\" data-end=\"422\">144-bajtowa pami\u0119\u0107 u\u017cytkownika; \u2265100 000 cykli zapisu<\/p>\n<\/li>\n<li data-start=\"423\" data-end=\"480\">\n<p data-start=\"425\" data-end=\"480\">Typowy zasi\u0119g odczytu: 2\u20133 cm (zale\u017cnie od urz\u0105dzenia\/anteny)<\/p>\n<\/li>\n<li data-start=\"481\" data-end=\"521\">\n<p data-start=\"483\" data-end=\"521\">Obudowa ABS\/plastik; wiele kolor\u00f3w<\/p>\n<\/li>\n<li data-start=\"522\" data-end=\"584\">\n<p data-start=\"524\" data-end=\"584\">Drukowanie jedno- lub wielokolorowe; kody kreskowe\/QR; kodowanie danych<\/p>\n<\/li>\n<li data-start=\"585\" data-end=\"625\">\n<p data-start=\"587\" data-end=\"625\">Standardowy rozmiar 41 \u00d7 32 mm; mo\u017cliwo\u015b\u0107 dostosowania<\/p>\n<\/li>\n<\/ul>\n<p data-start=\"627\" data-end=\"761\"><strong data-start=\"627\" data-end=\"643\">Aplikacje<\/strong><br data-start=\"643\" data-end=\"646\" \/>Kontrola dost\u0119pu i zamki w drzwiach \u2022 Media spo\u0142eczno\u015bciowe i inteligentne \u0142\u0105cza \u2022 Rejestracja na wydarzenia \u2022 Codzienne identyfikatory i tagowanie cz\u0142onk\u00f3w.<\/p>\n<h2 data-start=\"763\" data-end=\"788\">Tabela (Specyfikacja)<\/h2>\n<div class=\"_tableContainer_1rjym_1\">\n<div class=\"group _tableWrapper_1rjym_13 flex w-fit flex-col-reverse\" tabindex=\"-1\">\n<table class=\"w-fit min-w-(--thread-content-width)\" data-start=\"790\" data-end=\"2082\">\n<thead data-start=\"790\" data-end=\"873\">\n<tr data-start=\"790\" data-end=\"873\">\n<th data-start=\"790\" data-end=\"808\" data-col-size=\"sm\">Kategoria<\/th>\n<th data-start=\"808\" data-end=\"830\" data-col-size=\"sm\">Parametr<\/th>\n<th data-start=\"830\" data-end=\"873\" data-col-size=\"md\">Warto\u015b\u0107<\/th>\n<\/tr>\n<\/thead>\n<tbody data-start=\"958\" data-end=\"2082\">\n<tr data-start=\"958\" data-end=\"1041\">\n<td data-start=\"958\" data-end=\"976\" data-col-size=\"sm\">Produkt<\/td>\n<td data-start=\"976\" data-end=\"998\" data-col-size=\"sm\">Nazwa<\/td>\n<td data-col-size=\"md\" data-start=\"998\" data-end=\"1041\">Brelok NFC NTAG213<\/td>\n<\/tr>\n<tr data-start=\"1042\" data-end=\"1125\">\n<td data-start=\"1042\" data-end=\"1060\" data-col-size=\"sm\">RF<\/td>\n<td data-start=\"1060\" data-end=\"1082\" data-col-size=\"sm\">Cz\u0119stotliwo\u015b\u0107<\/td>\n<td data-start=\"1082\" data-end=\"1125\" data-col-size=\"md\">13,56 MHz (HF)<\/td>\n<\/tr>\n<tr data-start=\"1126\" data-end=\"1209\">\n<td data-start=\"1126\" data-end=\"1144\" data-col-size=\"sm\"><\/td>\n<td data-col-size=\"sm\" data-start=\"1144\" data-end=\"1166\">Protok\u00f3\u0142<\/td>\n<td data-col-size=\"md\" data-start=\"1166\" data-end=\"1209\">ISO\/IEC 14443A<\/td>\n<\/tr>\n<tr data-start=\"1210\" data-end=\"1293\">\n<td data-start=\"1210\" data-end=\"1228\" data-col-size=\"sm\">Pami\u0119\u0107<\/td>\n<td data-start=\"1228\" data-end=\"1250\" data-col-size=\"sm\">Pojemno\u015b\u0107 u\u017cytkownika<\/td>\n<td data-start=\"1250\" data-end=\"1293\" data-col-size=\"md\">144 bajty<\/td>\n<\/tr>\n<tr data-start=\"1294\" data-end=\"1377\">\n<td data-start=\"1294\" data-end=\"1312\" data-col-size=\"sm\">Wytrzyma\u0142o\u015b\u0107<\/td>\n<td data-start=\"1312\" data-end=\"1334\" data-col-size=\"sm\">Napisz cykle<\/td>\n<td data-col-size=\"md\" data-start=\"1334\" data-end=\"1377\">\u2265100 000<\/td>\n<\/tr>\n<tr data-start=\"1378\" data-end=\"1461\">\n<td data-start=\"1378\" data-end=\"1396\" data-col-size=\"sm\">Wydajno\u015b\u0107<\/td>\n<td data-col-size=\"sm\" data-start=\"1396\" data-end=\"1418\">Zakres odczytu<\/td>\n<td data-col-size=\"md\" data-start=\"1418\" data-end=\"1461\">2\u20133 cm<\/td>\n<\/tr>\n<tr data-start=\"1462\" data-end=\"1545\">\n<td data-start=\"1462\" data-end=\"1480\" data-col-size=\"sm\">Przybory<\/td>\n<td data-col-size=\"sm\" data-start=\"1480\" data-end=\"1502\">Mieszkania<\/td>\n<td data-col-size=\"md\" data-start=\"1502\" data-end=\"1545\">ABS \/ Plastik (wodoodporny)<\/td>\n<\/tr>\n<tr data-start=\"1546\" data-end=\"1629\">\n<td data-start=\"1546\" data-end=\"1564\" data-col-size=\"sm\">Wymiary<\/td>\n<td data-start=\"1564\" data-end=\"1586\" data-col-size=\"sm\">Rozmiar<\/td>\n<td data-col-size=\"md\" data-start=\"1586\" data-end=\"1629\">41 \u00d7 32 mm (mo\u017cliwo\u015b\u0107 dostosowania)<\/td>\n<\/tr>\n<tr data-start=\"1630\" data-end=\"1722\">\n<td data-start=\"1630\" data-end=\"1648\" data-col-size=\"sm\">Zabarwienie<\/td>\n<td data-col-size=\"sm\" data-start=\"1648\" data-end=\"1670\">Opcje<\/td>\n<td data-col-size=\"md\" data-start=\"1670\" data-end=\"1722\">Czarny, \u017c\u00f3\u0142ty, czerwony, zielony, niebieski, r\u00f3\u017cowy lub niestandardowy<\/td>\n<\/tr>\n<tr data-start=\"1723\" data-end=\"1821\">\n<td data-start=\"1723\" data-end=\"1741\" data-col-size=\"sm\">Personalizacja<\/td>\n<td data-col-size=\"sm\" data-start=\"1741\" data-end=\"1763\">Rzemios\u0142o<\/td>\n<td data-col-size=\"md\" data-start=\"1763\" data-end=\"1821\">Drukowanie jednokolorowe\/wielokolorowe; Kod kreskowy\/QR; Kodowanie danych<\/td>\n<\/tr>\n<tr data-start=\"1822\" data-end=\"1906\">\n<td data-start=\"1822\" data-end=\"1840\" data-col-size=\"sm\">\u015arodowisko<\/td>\n<td data-start=\"1840\" data-end=\"1862\" data-col-size=\"sm\">Temperatura pracy<\/td>\n<td data-start=\"1862\" data-end=\"1906\" data-col-size=\"md\">od \u221220 \u2103 do +55 \u2103<\/td>\n<\/tr>\n<tr data-start=\"1907\" data-end=\"1990\">\n<td data-start=\"1907\" data-end=\"1925\" data-col-size=\"sm\">Opakowanie<\/td>\n<td data-col-size=\"sm\" data-start=\"1925\" data-end=\"1947\">Format dostawy<\/td>\n<td data-col-size=\"md\" data-start=\"1947\" data-end=\"1990\">100 szt.\/worek; 10 torebek\/karton<\/td>\n<\/tr>\n<tr data-start=\"1991\" data-end=\"2082\">\n<td data-start=\"1991\" data-end=\"2009\" data-col-size=\"sm\">Przypadki u\u017cycia<\/td>\n<td data-start=\"2009\" data-end=\"2031\" data-col-size=\"sm\">Typowe zastosowania<\/td>\n<td data-col-size=\"md\" data-start=\"2031\" data-end=\"2082\">Media spo\u0142eczno\u015bciowe, kontrola dost\u0119pu, systemy zamk\u00f3w do drzwi<\/td>\n<\/tr>\n<\/tbody>\n<\/table>\n<\/div>\n<\/div>","protected":false},"excerpt":{"rendered":"<p>Brelok ABS NFC z NTAG213\u201413,56 MHz, pami\u0119ci\u0105 144 bajty, zasi\u0119giem odczytu 2\u20133 cm, wodoodporn\u0105 obudow\u0105, niestandardowymi kolorami\/nadrukami i kodowaniem danych w celu zapewnienia dost\u0119pu i inteligentnych \u0142\u0105czy.<\/p>","protected":false},"featured_media":986,"template":"","meta":{"_gspb_post_css":""},"product_brand":[],"product_cat":[30],"product_tag":[],"class_list":{"0":"post-985","1":"product","2":"type-product","3":"status-publish","4":"has-post-thumbnail","6":"product_cat-rfid-keyfobs","8":"first","9":"instock","10":"shipping-taxable","11":"purchasable","12":"product-type-simple"},"_links":{"self":[{"href":"https:\/\/www.cxjsmartcard.com\/pl\/wp-json\/wp\/v2\/product\/985","targetHints":{"allow":["GET"]}}],"collection":[{"href":"https:\/\/www.cxjsmartcard.com\/pl\/wp-json\/wp\/v2\/product"}],"about":[{"href":"https:\/\/www.cxjsmartcard.com\/pl\/wp-json\/wp\/v2\/types\/product"}],"wp:featuredmedia":[{"embeddable":true,"href":"https:\/\/www.cxjsmartcard.com\/pl\/wp-json\/wp\/v2\/media\/986"}],"wp:attachment":[{"href":"https:\/\/www.cxjsmartcard.com\/pl\/wp-json\/wp\/v2\/media?parent=985"}],"wp:term":[{"taxonomy":"product_brand","embeddable":true,"href":"https:\/\/www.cxjsmartcard.com\/pl\/wp-json\/wp\/v2\/product_brand?post=985"},{"taxonomy":"product_cat","embeddable":true,"href":"https:\/\/www.cxjsmartcard.com\/pl\/wp-json\/wp\/v2\/product_cat?post=985"},{"taxonomy":"product_tag","embeddable":true,"href":"https:\/\/www.cxjsmartcard.com\/pl\/wp-json\/wp\/v2\/product_tag?post=985"}],"curies":[{"name":"wp","href":"https:\/\/api.w.org\/{rel}","templated":true}]}}