{"id":980,"date":"2025-11-03T09:41:24","date_gmt":"2025-11-03T09:41:24","guid":{"rendered":"https:\/\/www.cxjsmartcard.com\/?post_type=product&#038;p=980"},"modified":"2025-12-29T01:27:06","modified_gmt":"2025-12-29T01:27:06","slug":"125khz-tk4100-rfid-key-fob-tag","status":"publish","type":"product","link":"https:\/\/www.cxjsmartcard.com\/pl\/125khz-tk4100-rfid-key-fob-tag\/","title":{"rendered":"Brelok RFID TK4100 125 kHz"},"content":{"rendered":"<p data-start=\"42\" data-end=\"301\">Pasywny brelok LF do codziennego dost\u0119pu i identyfikacji. Zbudowany w technologii 125 kHz z wytrzyma\u0142\u0105 obudow\u0105 (PPS\/ABS\/epoksyd), obs\u0142uguje niestandardowe nadruki i wiele opcji chip\u00f3w, co zapewnia p\u0142ynne wdro\u017cenie w drzwiach, bramach i obiektach u\u017cyteczno\u015bci publicznej.<\/p>\n<p data-start=\"303\" data-end=\"317\"><strong data-start=\"303\" data-end=\"315\">Cechy<\/strong><\/p>\n<ul data-start=\"318\" data-end=\"565\">\n<li data-start=\"318\" data-end=\"363\">\n<p data-start=\"320\" data-end=\"363\">Praca w pa\u015bmie LF 125 kHz dla odczep\u00f3w kr\u00f3tkiego zasi\u0119gu<\/p>\n<\/li>\n<li data-start=\"364\" data-end=\"407\">\n<p data-start=\"366\" data-end=\"407\">Trwa\u0142e obudowy: PPS, ABS, epoksyd itp.<\/p>\n<\/li>\n<li data-start=\"408\" data-end=\"458\">\n<p data-start=\"410\" data-end=\"458\">Personalizacja: nadruk logo i numeru seryjnego<\/p>\n<\/li>\n<li data-start=\"459\" data-end=\"510\">\n<p data-start=\"461\" data-end=\"510\">Wiele opcji uk\u0142ad\u00f3w scalonych, kt\u00f3re pasuj\u0105 do istniej\u0105cych system\u00f3w<\/p>\n<\/li>\n<li data-start=\"511\" data-end=\"565\">\n<p data-start=\"513\" data-end=\"565\">Szeroki wyb\u00f3r kolor\u00f3w (czarny, bia\u0142y, zielony, niebieski, itd.)<\/p>\n<\/li>\n<\/ul>\n<p data-start=\"567\" data-end=\"792\"><strong data-start=\"567\" data-end=\"591\">Typowe zastosowania<\/strong><br data-start=\"591\" data-end=\"594\" \/>Systemy kontroli dost\u0119pu \u2022 Kontrola obecno\u015bci \u2022 Identyfikacja \u2022 Logistyka i automatyka przemys\u0142owa \u2022 Bilety i cz\u0142onkostwo \u2022 Transport publiczny \u2022 P\u0142atno\u015bci bezgot\u00f3wkowe \u2022 Baseny i pralnie.<\/p>\n<p data-start=\"794\" data-end=\"1112\"><strong data-start=\"794\" data-end=\"823\">Notatki na temat popularnych brelok\u00f3w<\/strong><br data-start=\"823\" data-end=\"826\" \/>Wi\u0119kszo\u015b\u0107 brelok\u00f3w do kluczy do udogodnie\u0144 w mieszkaniach\/apartamentach (baseny, si\u0142ownie, windy) wykorzystuje <strong data-start=\"894\" data-end=\"919\">niska cz\u0119stotliwo\u015b\u0107 125 kHz<\/strong> pasywny RFID (np. TK4100, T5577, EM4200\/EM4305). Je\u015bli brelok otworzy <strong data-start=\"994\" data-end=\"1028\">drzwi do indywidualnego mieszkania<\/strong>, to jest zazwyczaj <strong data-start=\"1047\" data-end=\"1075\">wysoka cz\u0119stotliwo\u015b\u0107 13,56 MHz<\/strong> system (np. MIFARE 1K lub NTAG213).<\/p>\n<h2 data-start=\"1114\" data-end=\"1139\">Tabela (Specyfikacja)<\/h2>\n<div class=\"_tableContainer_1rjym_1\">\n<div class=\"group _tableWrapper_1rjym_13 flex w-fit flex-col-reverse\" tabindex=\"-1\">\n<table class=\"w-fit min-w-(--thread-content-width)\" data-start=\"1141\" data-end=\"2038\">\n<thead data-start=\"1141\" data-end=\"1230\">\n<tr data-start=\"1141\" data-end=\"1230\">\n<th data-start=\"1141\" data-end=\"1156\" data-col-size=\"sm\">Kategoria<\/th>\n<th data-start=\"1156\" data-end=\"1175\" data-col-size=\"sm\">Parametr<\/th>\n<th data-start=\"1175\" data-end=\"1230\" data-col-size=\"lg\">Warto\u015b\u0107<\/th>\n<\/tr>\n<\/thead>\n<tbody data-start=\"1321\" data-end=\"2038\">\n<tr data-start=\"1321\" data-end=\"1410\">\n<td data-start=\"1321\" data-end=\"1336\" data-col-size=\"sm\">Produkt<\/td>\n<td data-start=\"1336\" data-end=\"1355\" data-col-size=\"sm\">Typ<\/td>\n<td data-start=\"1355\" data-end=\"1410\" data-col-size=\"lg\">Brelok RFID TK4100 125 kHz<\/td>\n<\/tr>\n<tr data-start=\"1411\" data-end=\"1500\">\n<td data-start=\"1411\" data-end=\"1426\" data-col-size=\"sm\">Przybory<\/td>\n<td data-start=\"1426\" data-end=\"1445\" data-col-size=\"sm\">Mieszkania<\/td>\n<td data-start=\"1445\" data-end=\"1500\" data-col-size=\"lg\">PPS, ABS, \u017cywica epoksydowa itp.<\/td>\n<\/tr>\n<tr data-start=\"1501\" data-end=\"1590\">\n<td data-start=\"1501\" data-end=\"1516\" data-col-size=\"sm\">RF<\/td>\n<td data-start=\"1516\" data-end=\"1535\" data-col-size=\"sm\">Cz\u0119stotliwo\u015b\u0107<\/td>\n<td data-start=\"1535\" data-end=\"1590\" data-col-size=\"lg\">125 kHz (niska cz\u0119stotliwo\u015b\u0107)<\/td>\n<\/tr>\n<tr data-start=\"1591\" data-end=\"1680\">\n<td data-start=\"1591\" data-end=\"1606\" data-col-size=\"sm\">Druk<\/td>\n<td data-start=\"1606\" data-end=\"1625\" data-col-size=\"sm\">Opcje<\/td>\n<td data-start=\"1625\" data-end=\"1680\" data-col-size=\"lg\">Drukowanie logo, numer\u00f3w seryjnych<\/td>\n<\/tr>\n<tr data-start=\"1681\" data-end=\"1770\">\n<td data-start=\"1681\" data-end=\"1696\" data-col-size=\"sm\">Opcje IC<\/td>\n<td data-start=\"1696\" data-end=\"1715\" data-col-size=\"sm\">Dost\u0119pne \u017cetony<\/td>\n<td data-start=\"1715\" data-end=\"1770\" data-col-size=\"lg\">TK4100; EM4305; EM4200; T5577; inne<\/td>\n<\/tr>\n<tr data-start=\"1771\" data-end=\"1860\">\n<td data-start=\"1771\" data-end=\"1786\" data-col-size=\"sm\">Zabarwienie<\/td>\n<td data-start=\"1786\" data-end=\"1805\" data-col-size=\"sm\">Warianty<\/td>\n<td data-start=\"1805\" data-end=\"1860\" data-col-size=\"lg\">Czarny; Bia\u0142y; Zielony; Niebieski; itd.<\/td>\n<\/tr>\n<tr data-start=\"1861\" data-end=\"2038\">\n<td data-start=\"1861\" data-end=\"1876\" data-col-size=\"sm\">Aplikacje<\/td>\n<td data-start=\"1876\" data-end=\"1895\" data-col-size=\"sm\">Przypadki u\u017cycia<\/td>\n<td data-start=\"1895\" data-end=\"2038\" data-col-size=\"lg\">Kontrola dost\u0119pu; obecno\u015b\u0107; identyfikacja; logistyka; automatyka przemys\u0142owa; bilety; cz\u0142onkostwo; transport publiczny; p\u0142atno\u015bci elektroniczne; baseny; pralnia<\/td>\n<\/tr>\n<\/tbody>\n<\/table>\n<\/div>\n<\/div>","protected":false},"excerpt":{"rendered":"<p>Wytrzyma\u0142y brelok LF 125 kHz do kontroli dost\u0119pu i identyfikacji \u2014 obudowa PPS\/ABS\/epoksydowa, wiele opcji uk\u0142ad\u00f3w scalonych (seria TK4100\/T5577\/EM), nadruk logo\/numeru seryjnego i r\u00f3\u017cne kolory.<\/p>","protected":false},"featured_media":981,"template":"","meta":{"_gspb_post_css":""},"product_brand":[],"product_cat":[30],"product_tag":[],"class_list":{"0":"post-980","1":"product","2":"type-product","3":"status-publish","4":"has-post-thumbnail","6":"product_cat-rfid-keyfobs","8":"first","9":"instock","10":"shipping-taxable","11":"purchasable","12":"product-type-simple"},"_links":{"self":[{"href":"https:\/\/www.cxjsmartcard.com\/pl\/wp-json\/wp\/v2\/product\/980","targetHints":{"allow":["GET"]}}],"collection":[{"href":"https:\/\/www.cxjsmartcard.com\/pl\/wp-json\/wp\/v2\/product"}],"about":[{"href":"https:\/\/www.cxjsmartcard.com\/pl\/wp-json\/wp\/v2\/types\/product"}],"wp:featuredmedia":[{"embeddable":true,"href":"https:\/\/www.cxjsmartcard.com\/pl\/wp-json\/wp\/v2\/media\/981"}],"wp:attachment":[{"href":"https:\/\/www.cxjsmartcard.com\/pl\/wp-json\/wp\/v2\/media?parent=980"}],"wp:term":[{"taxonomy":"product_brand","embeddable":true,"href":"https:\/\/www.cxjsmartcard.com\/pl\/wp-json\/wp\/v2\/product_brand?post=980"},{"taxonomy":"product_cat","embeddable":true,"href":"https:\/\/www.cxjsmartcard.com\/pl\/wp-json\/wp\/v2\/product_cat?post=980"},{"taxonomy":"product_tag","embeddable":true,"href":"https:\/\/www.cxjsmartcard.com\/pl\/wp-json\/wp\/v2\/product_tag?post=980"}],"curies":[{"name":"wp","href":"https:\/\/api.w.org\/{rel}","templated":true}]}}