{"id":973,"date":"2025-11-03T09:39:57","date_gmt":"2025-11-03T09:39:57","guid":{"rendered":"https:\/\/www.cxjsmartcard.com\/?post_type=product&#038;p=973"},"modified":"2025-12-29T01:27:07","modified_gmt":"2025-12-29T01:27:07","slug":"125khz-t5577-rfid-key-fob-for-access-control","status":"publish","type":"product","link":"https:\/\/www.cxjsmartcard.com\/pl\/125khz-t5577-rfid-key-fob-for-access-control\/","title":{"rendered":"Brelok RFID T5577 125 kHz do kontroli dost\u0119pu"},"content":{"rendered":"<p data-start=\"56\" data-end=\"324\">Kompaktowy brelok LF z chipem T5577, zapewniaj\u0105cy niezawodn\u0105 kontrol\u0119 dost\u0119pu o kr\u00f3tkim zasi\u0119gu. Obudowy z ABS\/PCW\/silikonu\/epoksydu s\u0105 odporne na codzienne zu\u017cycie, a niestandardowe nadruki i kodowanie danych zapewniaj\u0105 szybkie i sp\u00f3jne wdro\u017cenie.<\/p>\n<p data-start=\"326\" data-end=\"340\"><strong data-start=\"326\" data-end=\"338\">Cechy<\/strong><\/p>\n<ul data-start=\"341\" data-end=\"654\">\n<li data-start=\"341\" data-end=\"385\">\n<p data-start=\"343\" data-end=\"385\">125 kHz LF (T5577), odleg\u0142o\u015b\u0107 odczytu 1\u20132 cm<\/p>\n<\/li>\n<li data-start=\"386\" data-end=\"431\">\n<p data-start=\"388\" data-end=\"431\">Trwa\u0142e obudowy (ABS\/PVC\/silikon\/epoksyd)<\/p>\n<\/li>\n<li data-start=\"432\" data-end=\"495\">\n<p data-start=\"434\" data-end=\"495\">Grafika niestandardowa: sitodruk lub laser; opcjonalnie UID\/numer seryjny\/QR<\/p>\n<\/li>\n<li data-start=\"496\" data-end=\"544\">\n<p data-start=\"498\" data-end=\"544\">Us\u0142ugi danych: rejestrowanie i wst\u0119pne kodowanie identyfikator\u00f3w<\/p>\n<\/li>\n<li data-start=\"545\" data-end=\"586\">\n<p data-start=\"547\" data-end=\"586\">Temperatura pracy od \u221225 \u00b0C do 75 \u00b0C<\/p>\n<\/li>\n<li data-start=\"587\" data-end=\"654\">\n<p data-start=\"589\" data-end=\"654\">Opcje OEM i obs\u0142uga szerokiego zakresu uk\u0142ad\u00f3w scalonych\/cz\u0119stotliwo\u015bci dost\u0119pne na \u017c\u0105danie<\/p>\n<\/li>\n<\/ul>\n<p data-start=\"656\" data-end=\"859\"><strong data-start=\"656\" data-end=\"672\">Aplikacje<\/strong><br data-start=\"672\" data-end=\"675\" \/>Dost\u0119p do drzwi i bram \u2022 Bilety elektroniczne \u2022 P\u0142atno\u015bci bezgot\u00f3wkowe\/w obiegu zamkni\u0119tym \u2022 Rejestracja czasu pracy \u2022 Cz\u0142onkostwo\/lojalno\u015b\u0107 \u2022 Transport publiczny \u2022 Baseny i pralnie \u2022 Logistyka i automatyzacja przemys\u0142owa.<\/p>\n<h2 data-start=\"861\" data-end=\"886\">Tabela (Specyfikacja)<\/h2>\n<div class=\"_tableContainer_1rjym_1\">\n<div class=\"group _tableWrapper_1rjym_13 flex w-fit flex-col-reverse\" tabindex=\"-1\">\n<table class=\"w-fit min-w-(--thread-content-width)\" data-start=\"888\" data-end=\"1920\">\n<thead data-start=\"888\" data-end=\"971\">\n<tr data-start=\"888\" data-end=\"971\">\n<th data-start=\"888\" data-end=\"906\" data-col-size=\"sm\">Kategoria<\/th>\n<th data-start=\"906\" data-end=\"928\" data-col-size=\"sm\">Parametr<\/th>\n<th data-start=\"928\" data-end=\"971\" data-col-size=\"md\">Warto\u015b\u0107<\/th>\n<\/tr>\n<\/thead>\n<tbody data-start=\"1056\" data-end=\"1920\">\n<tr data-start=\"1056\" data-end=\"1139\">\n<td data-start=\"1056\" data-end=\"1074\" data-col-size=\"sm\">Produkt<\/td>\n<td data-col-size=\"sm\" data-start=\"1074\" data-end=\"1096\">Typ<\/td>\n<td data-col-size=\"md\" data-start=\"1096\" data-end=\"1139\">Brelok\/znacznik RFID<\/td>\n<\/tr>\n<tr data-start=\"1140\" data-end=\"1223\">\n<td data-start=\"1140\" data-end=\"1158\" data-col-size=\"sm\">Przybory<\/td>\n<td data-col-size=\"sm\" data-start=\"1158\" data-end=\"1180\">Mieszkania<\/td>\n<td data-col-size=\"md\" data-start=\"1180\" data-end=\"1223\">ABS \/ PVC \/ Silikon \/ Epoksyd<\/td>\n<\/tr>\n<tr data-start=\"1224\" data-end=\"1307\">\n<td data-start=\"1224\" data-end=\"1242\" data-col-size=\"sm\">Wymiary<\/td>\n<td data-col-size=\"sm\" data-start=\"1242\" data-end=\"1264\">Rozmiar<\/td>\n<td data-col-size=\"md\" data-start=\"1264\" data-end=\"1307\">38 \u00d7 30 \u00d7 6 mm (mo\u017cliwo\u015b\u0107 dostosowania)<\/td>\n<\/tr>\n<tr data-start=\"1308\" data-end=\"1392\">\n<td data-start=\"1308\" data-end=\"1326\" data-col-size=\"sm\">\u015arodowisko<\/td>\n<td data-col-size=\"sm\" data-start=\"1326\" data-end=\"1348\">Temperatura pracy<\/td>\n<td data-col-size=\"md\" data-start=\"1348\" data-end=\"1392\">\u221225 \u00b0C do 75 \u00b0C<\/td>\n<\/tr>\n<tr data-start=\"1393\" data-end=\"1476\">\n<td data-start=\"1393\" data-end=\"1411\" data-col-size=\"sm\">RF<\/td>\n<td data-col-size=\"sm\" data-start=\"1411\" data-end=\"1433\">Cz\u0119stotliwo\u015b\u0107<\/td>\n<td data-col-size=\"md\" data-start=\"1433\" data-end=\"1476\">125 kHz (niska cz\u0119stotliwo\u015b\u0107)<\/td>\n<\/tr>\n<tr data-start=\"1477\" data-end=\"1560\">\n<td data-start=\"1477\" data-end=\"1495\" data-col-size=\"sm\">\u017beton<\/td>\n<td data-start=\"1495\" data-end=\"1517\" data-col-size=\"sm\">Model<\/td>\n<td data-col-size=\"md\" data-start=\"1517\" data-end=\"1560\">T5577<\/td>\n<\/tr>\n<tr data-start=\"1561\" data-end=\"1644\">\n<td data-start=\"1561\" data-end=\"1579\" data-col-size=\"sm\">Wydajno\u015b\u0107<\/td>\n<td data-start=\"1579\" data-end=\"1601\" data-col-size=\"sm\">Odczyt odleg\u0142o\u015bci<\/td>\n<td data-start=\"1601\" data-end=\"1644\" data-col-size=\"md\">1\u20132 cm (zale\u017cnie od czytelnika)<\/td>\n<\/tr>\n<tr data-start=\"1645\" data-end=\"1728\">\n<td data-start=\"1645\" data-end=\"1663\" data-col-size=\"sm\">Personalizacja<\/td>\n<td data-col-size=\"sm\" data-start=\"1663\" data-end=\"1685\">Druk<\/td>\n<td data-col-size=\"md\" data-start=\"1685\" data-end=\"1728\">Sitodruk lub laser<\/td>\n<\/tr>\n<tr data-start=\"1729\" data-end=\"1812\">\n<td data-start=\"1729\" data-end=\"1747\" data-col-size=\"sm\">Us\u0142ugi danych<\/td>\n<td data-col-size=\"sm\" data-start=\"1747\" data-end=\"1769\">Opcje<\/td>\n<td data-col-size=\"md\" data-start=\"1769\" data-end=\"1812\">UID\/serial\/QR; kodowanie danych\/rekord ID<\/td>\n<\/tr>\n<tr data-start=\"1813\" data-end=\"1920\">\n<td data-start=\"1813\" data-end=\"1831\" data-col-size=\"sm\">Przypadki u\u017cycia<\/td>\n<td data-start=\"1831\" data-end=\"1853\" data-col-size=\"sm\">Typowe zastosowania<\/td>\n<td data-col-size=\"md\" data-start=\"1853\" data-end=\"1920\">Kontrola dost\u0119pu, bilety elektroniczne, p\u0142atno\u015bci, obecno\u015b\u0107, identyfikacja, logistyka<\/td>\n<\/tr>\n<\/tbody>\n<\/table>\n<\/div>\n<\/div>","protected":false},"excerpt":{"rendered":"<p>Wytrzyma\u0142y brelok RFID T5577 125 kHz z odczytem z odleg\u0142o\u015bci 1\u20132 cm. Obudowa ABS\/PVC\/silikon\/epoksyd, nadruk na zam\u00f3wienie (laser\/sitodruk) i kodowanie danych zapewniaj\u0105ce bezpieczn\u0105 kontrol\u0119 dost\u0119pu.<\/p>","protected":false},"featured_media":974,"template":"","meta":{"_gspb_post_css":""},"product_brand":[],"product_cat":[30],"product_tag":[],"class_list":{"0":"post-973","1":"product","2":"type-product","3":"status-publish","4":"has-post-thumbnail","6":"product_cat-rfid-keyfobs","8":"first","9":"instock","10":"shipping-taxable","11":"purchasable","12":"product-type-simple"},"_links":{"self":[{"href":"https:\/\/www.cxjsmartcard.com\/pl\/wp-json\/wp\/v2\/product\/973","targetHints":{"allow":["GET"]}}],"collection":[{"href":"https:\/\/www.cxjsmartcard.com\/pl\/wp-json\/wp\/v2\/product"}],"about":[{"href":"https:\/\/www.cxjsmartcard.com\/pl\/wp-json\/wp\/v2\/types\/product"}],"wp:featuredmedia":[{"embeddable":true,"href":"https:\/\/www.cxjsmartcard.com\/pl\/wp-json\/wp\/v2\/media\/974"}],"wp:attachment":[{"href":"https:\/\/www.cxjsmartcard.com\/pl\/wp-json\/wp\/v2\/media?parent=973"}],"wp:term":[{"taxonomy":"product_brand","embeddable":true,"href":"https:\/\/www.cxjsmartcard.com\/pl\/wp-json\/wp\/v2\/product_brand?post=973"},{"taxonomy":"product_cat","embeddable":true,"href":"https:\/\/www.cxjsmartcard.com\/pl\/wp-json\/wp\/v2\/product_cat?post=973"},{"taxonomy":"product_tag","embeddable":true,"href":"https:\/\/www.cxjsmartcard.com\/pl\/wp-json\/wp\/v2\/product_tag?post=973"}],"curies":[{"name":"wp","href":"https:\/\/api.w.org\/{rel}","templated":true}]}}