{"id":968,"date":"2025-11-03T09:36:20","date_gmt":"2025-11-03T09:36:20","guid":{"rendered":"https:\/\/www.cxjsmartcard.com\/?post_type=product&#038;p=968"},"modified":"2025-12-29T01:27:07","modified_gmt":"2025-12-29T01:27:07","slug":"on-duty-rfid-nfc-token-for-patrol-checkpoint","status":"publish","type":"product","link":"https:\/\/www.cxjsmartcard.com\/pl\/on-duty-rfid-nfc-token-for-patrol-checkpoint\/","title":{"rendered":"Token RFID NFC do patrolu na posterunku kontrolnym"},"content":{"rendered":"<p data-start=\"56\" data-end=\"363\">Wytrzyma\u0142y token patrolowy NFC\/HF w obudowie ABS, stworzony z my\u015bl\u0105 o zewn\u0119trznych punktach kontrolnych i trudnych warunkach. Odporny na promieniowanie UV, wodoodporny i odporny na korozj\u0119, montowany za pomoc\u0105 centralnego otworu na \u015brub\u0119 lub kleju z ty\u0142u, szybko odczytuje dane za pomoc\u0105 telefon\u00f3w lub czytnik\u00f3w ISO 14443A.<\/p>\n<p data-start=\"365\" data-end=\"383\"><strong data-start=\"365\" data-end=\"381\">G\u0142\u00f3wne cechy<\/strong><\/p>\n<ul data-start=\"384\" data-end=\"728\">\n<li data-start=\"384\" data-end=\"444\">\n<p data-start=\"386\" data-end=\"444\">Obudowa ABS; odporna na promieniowanie UV, wodoodporna, odporna na warunki atmosferyczne<\/p>\n<\/li>\n<li data-start=\"445\" data-end=\"517\">\n<p data-start=\"447\" data-end=\"517\">Opcjonalna kompatybilno\u015b\u0107 z metalem zapewniaj\u0105ca niezawodne odczyty na powierzchniach stalowych<\/p>\n<\/li>\n<li data-start=\"518\" data-end=\"569\">\n<p data-start=\"520\" data-end=\"569\">Wiele rozmiar\u00f3w i kolor\u00f3w do kodowania stref\/tras<\/p>\n<\/li>\n<li data-start=\"570\" data-end=\"616\">\n<p data-start=\"572\" data-end=\"616\">Logo\/numeracja sitodrukowa lub grawerowana laserowo<\/p>\n<\/li>\n<li data-start=\"617\" data-end=\"676\">\n<p data-start=\"619\" data-end=\"676\">Zasi\u0119g odczytu (HF): 2\u201310 cm (zale\u017cnie od czytelnika\/\u015brodowiska)<\/p>\n<\/li>\n<li data-start=\"677\" data-end=\"728\">\n<p data-start=\"679\" data-end=\"728\">Dost\u0119pne rodziny uk\u0142ad\u00f3w scalonych do wdro\u017ce\u0144 LF\/HF\/UHF<\/p>\n<\/li>\n<\/ul>\n<p data-start=\"730\" data-end=\"912\"><strong data-start=\"730\" data-end=\"746\">Aplikacje<\/strong><br data-start=\"746\" data-end=\"749\" \/>Punkty kontrolne obchod\u00f3w stra\u017cnik\u00f3w \u2022 Punkty konserwacyjne i inspekcyjne \u2022 Identyfikatory zasob\u00f3w\/drzwi\/bram w logistyce, zak\u0142adach u\u017cyteczno\u015bci publicznej, na kolei, polach naftowych, bankach, muzeach, lotniskach i innych.<\/p>\n<p data-start=\"914\" data-end=\"1035\"><strong data-start=\"914\" data-end=\"930\">Instalacja<\/strong><br data-start=\"930\" data-end=\"933\" \/>Przykr\u0119\u0107 \u015brub\u0119 przez otw\u00f3r \u015brodkowy, aby zamontowa\u0107 j\u0105 na sta\u0142e, lub u\u017cyj tylnej strony z klejem, je\u015bli powierzchnia jest czysta i sucha.<\/p>\n<p data-start=\"1037\" data-end=\"1277\"><strong data-start=\"1037\" data-end=\"1050\">Szybkie FAQ<\/strong><br data-start=\"1050\" data-end=\"1053\" \/><strong data-start=\"1053\" data-end=\"1083\">Czy b\u0119dzie mo\u017cna to odczyta\u0107 na iPhonie?<\/strong> Tak \u2014 nowoczesne iPhone&#039;y skanuj\u0105 standardowe tagi NFC.<br data-start=\"1126\" data-end=\"1129\" \/><strong data-start=\"1129\" data-end=\"1159\">Czy mo\u017cna go stosowa\u0107 na stali powlekanej?<\/strong> Tak \u2014 warstwa ekranuj\u0105ca zapewnia stabilno\u015b\u0107 odczytu.<br data-start=\"1203\" data-end=\"1206\" \/><strong data-start=\"1206\" data-end=\"1227\">Czy jest wodoodporny?<\/strong> Tak \u2014 uszczelniona obudowa ABS jest odporna na warunki atmosferyczne.<\/p>\n<h2 data-start=\"1279\" data-end=\"1304\">Tabela (Specyfikacja)<\/h2>\n<div class=\"_tableContainer_1rjym_1\">\n<div class=\"group _tableWrapper_1rjym_13 flex w-fit flex-col-reverse\" tabindex=\"-1\">\n<table class=\"w-fit min-w-(--thread-content-width)\" data-start=\"1306\" data-end=\"3019\">\n<thead data-start=\"1306\" data-end=\"1420\">\n<tr data-start=\"1306\" data-end=\"1420\">\n<th data-start=\"1306\" data-end=\"1324\" data-col-size=\"sm\">Kategoria<\/th>\n<th data-start=\"1324\" data-end=\"1347\" data-col-size=\"sm\">Parametr<\/th>\n<th data-start=\"1347\" data-end=\"1420\" data-col-size=\"md\">Warto\u015b\u0107<\/th>\n<\/tr>\n<\/thead>\n<tbody data-start=\"1536\" data-end=\"3019\">\n<tr data-start=\"1536\" data-end=\"1649\">\n<td data-start=\"1536\" data-end=\"1554\" data-col-size=\"sm\">Produkt<\/td>\n<td data-start=\"1554\" data-end=\"1577\" data-col-size=\"sm\">Wsp\u00f3\u0142czynnik kszta\u0142tu<\/td>\n<td data-start=\"1577\" data-end=\"1649\" data-col-size=\"md\">Token patrolowy ABS RFID\/NFC<\/td>\n<\/tr>\n<tr data-start=\"1650\" data-end=\"1763\">\n<td data-start=\"1650\" data-end=\"1668\" data-col-size=\"sm\">Przybory<\/td>\n<td data-start=\"1668\" data-end=\"1691\" data-col-size=\"sm\">Mieszkania<\/td>\n<td data-col-size=\"md\" data-start=\"1691\" data-end=\"1763\">ABS, uszczelniony, odporny na promieniowanie UV, wodoodporny<\/td>\n<\/tr>\n<tr data-start=\"1764\" data-end=\"1878\">\n<td data-start=\"1764\" data-end=\"1782\" data-col-size=\"sm\">Na metalu<\/td>\n<td data-col-size=\"sm\" data-start=\"1782\" data-end=\"1805\">Zgodno\u015b\u0107<\/td>\n<td data-col-size=\"md\" data-start=\"1805\" data-end=\"1878\">Opcjonalna warstwa ekranuj\u0105ca<\/td>\n<\/tr>\n<tr data-start=\"1879\" data-end=\"1992\">\n<td data-start=\"1879\" data-end=\"1897\" data-col-size=\"sm\">Rozmiary<\/td>\n<td data-start=\"1897\" data-end=\"1920\" data-col-size=\"sm\">Opcje \u015brednicy<\/td>\n<td data-start=\"1920\" data-end=\"1992\" data-col-size=\"md\">\u00d835 \/ \u00d830 \/ \u00d828 \/ \u00d820 \/ \u00d812 mm<\/td>\n<\/tr>\n<tr data-start=\"1993\" data-end=\"2106\">\n<td data-start=\"1993\" data-end=\"2011\" data-col-size=\"sm\">Zabarwienie<\/td>\n<td data-col-size=\"sm\" data-start=\"2011\" data-end=\"2034\">Opcje standardowe<\/td>\n<td data-col-size=\"md\" data-start=\"2034\" data-end=\"2106\">Bia\u0142y, czarny, niebieski, zielony, \u017c\u00f3\u0142ty, czerwony, pomara\u0144czowy, szary<\/td>\n<\/tr>\n<tr data-start=\"2107\" data-end=\"2220\">\n<td data-start=\"2107\" data-end=\"2125\" data-col-size=\"sm\">RF (HF\/NFC)<\/td>\n<td data-start=\"2125\" data-end=\"2148\" data-col-size=\"sm\">Cz\u0119stotliwo\u015b\u0107 \/ Standard<\/td>\n<td data-start=\"2148\" data-end=\"2220\" data-col-size=\"md\">13,56 MHz; ISO 14443A<\/td>\n<\/tr>\n<tr data-start=\"2221\" data-end=\"2334\">\n<td data-start=\"2221\" data-end=\"2239\" data-col-size=\"sm\">Chipsy (HF)<\/td>\n<td data-col-size=\"sm\" data-start=\"2239\" data-end=\"2262\">Opcje<\/td>\n<td data-col-size=\"md\" data-start=\"2262\" data-end=\"2334\">S50 (MIFARE Classic 1K), NTAG213 \/ NTAG215 \/ NTAG216<\/td>\n<\/tr>\n<tr data-start=\"2335\" data-end=\"2448\">\n<td data-start=\"2335\" data-end=\"2353\" data-col-size=\"sm\">Zakres odczytu<\/td>\n<td data-col-size=\"sm\" data-start=\"2353\" data-end=\"2376\">Odleg\u0142o\u015b\u0107 (HF)<\/td>\n<td data-col-size=\"md\" data-start=\"2376\" data-end=\"2448\">2\u201310 cm (zale\u017cnie od urz\u0105dzenia\/\u015brodowiska)<\/td>\n<\/tr>\n<tr data-start=\"2449\" data-end=\"2562\">\n<td data-start=\"2449\" data-end=\"2467\" data-col-size=\"sm\">Inne zespo\u0142y<\/td>\n<td data-start=\"2467\" data-end=\"2490\" data-col-size=\"sm\">Opcje<\/td>\n<td data-col-size=\"md\" data-start=\"2490\" data-end=\"2562\">Dost\u0119pne 125 kHz (LF) lub 860\u2013960 MHz (UHF)<\/td>\n<\/tr>\n<tr data-start=\"2563\" data-end=\"2676\">\n<td data-start=\"2563\" data-end=\"2581\" data-col-size=\"sm\">Personalizacja<\/td>\n<td data-start=\"2581\" data-end=\"2604\" data-col-size=\"sm\">Drukowanie\/Znakowanie<\/td>\n<td data-col-size=\"md\" data-start=\"2604\" data-end=\"2676\">Logo\/numerowanie sitodrukowe lub laserowe<\/td>\n<\/tr>\n<tr data-start=\"2677\" data-end=\"2791\">\n<td data-start=\"2677\" data-end=\"2695\" data-col-size=\"sm\">Montowanie<\/td>\n<td data-start=\"2695\" data-end=\"2718\" data-col-size=\"sm\">Metody<\/td>\n<td data-col-size=\"md\" data-start=\"2718\" data-end=\"2791\">Otw\u00f3r na \u015brub\u0119 centraln\u0105 lub klej\u0105ca tylna strona<\/td>\n<\/tr>\n<tr data-start=\"2792\" data-end=\"2905\">\n<td data-start=\"2792\" data-end=\"2810\" data-col-size=\"sm\">Atrybuty<\/td>\n<td data-col-size=\"sm\" data-start=\"2810\" data-end=\"2833\">Ochrona<\/td>\n<td data-col-size=\"md\" data-start=\"2833\" data-end=\"2905\">Wodoodporny, odporny na warunki atmosferyczne, odporny na korozj\u0119<\/td>\n<\/tr>\n<tr data-start=\"2906\" data-end=\"3019\">\n<td data-start=\"2906\" data-end=\"2924\" data-col-size=\"sm\">Przypadki u\u017cycia<\/td>\n<td data-start=\"2924\" data-end=\"2947\" data-col-size=\"sm\">Typowe bran\u017ce<\/td>\n<td data-col-size=\"md\" data-start=\"2947\" data-end=\"3019\">Logistyka, bezpiecze\u0144stwo, media, tranzyt, ropa i gaz, zarz\u0105dzanie nieruchomo\u015bciami.<\/td>\n<\/tr>\n<\/tbody>\n<\/table>\n<\/div>\n<\/div>","protected":false},"excerpt":{"rendered":"<p>\u017beton patrolowy ABS do tras wartowniczych \u2014 NFC\/HF ISO 14443A, zasi\u0119g odczytu 2\u201310 cm, odporny na promieniowanie UV i wodoodporny, opcjonalny monta\u017c na metalu, monta\u017c za pomoc\u0105 \u015brub lub kleju, r\u00f3\u017cne rozmiary\/kolory.<\/p>","protected":false},"featured_media":970,"template":"","meta":{"_gspb_post_css":""},"product_brand":[],"product_cat":[29],"product_tag":[],"class_list":{"0":"post-968","1":"product","2":"type-product","3":"status-publish","4":"has-post-thumbnail","6":"product_cat-nfc-tags","8":"first","9":"instock","10":"shipping-taxable","11":"purchasable","12":"product-type-simple"},"_links":{"self":[{"href":"https:\/\/www.cxjsmartcard.com\/pl\/wp-json\/wp\/v2\/product\/968","targetHints":{"allow":["GET"]}}],"collection":[{"href":"https:\/\/www.cxjsmartcard.com\/pl\/wp-json\/wp\/v2\/product"}],"about":[{"href":"https:\/\/www.cxjsmartcard.com\/pl\/wp-json\/wp\/v2\/types\/product"}],"wp:featuredmedia":[{"embeddable":true,"href":"https:\/\/www.cxjsmartcard.com\/pl\/wp-json\/wp\/v2\/media\/970"}],"wp:attachment":[{"href":"https:\/\/www.cxjsmartcard.com\/pl\/wp-json\/wp\/v2\/media?parent=968"}],"wp:term":[{"taxonomy":"product_brand","embeddable":true,"href":"https:\/\/www.cxjsmartcard.com\/pl\/wp-json\/wp\/v2\/product_brand?post=968"},{"taxonomy":"product_cat","embeddable":true,"href":"https:\/\/www.cxjsmartcard.com\/pl\/wp-json\/wp\/v2\/product_cat?post=968"},{"taxonomy":"product_tag","embeddable":true,"href":"https:\/\/www.cxjsmartcard.com\/pl\/wp-json\/wp\/v2\/product_tag?post=968"}],"curies":[{"name":"wp","href":"https:\/\/api.w.org\/{rel}","templated":true}]}}