{"id":961,"date":"2025-11-03T09:31:55","date_gmt":"2025-11-03T09:31:55","guid":{"rendered":"https:\/\/www.cxjsmartcard.com\/?post_type=product&#038;p=961"},"modified":"2025-12-29T01:27:07","modified_gmt":"2025-12-29T01:27:07","slug":"nxp-ntag213-215-216-nfc-sticker-labels","status":"publish","type":"product","link":"https:\/\/www.cxjsmartcard.com\/pl\/nxp-ntag213-215-216-nfc-sticker-labels\/","title":{"rendered":"Etykiety samoprzylepne NFC NXP NTAG213\/215\/216"},"content":{"rendered":"<p data-start=\"50\" data-end=\"436\">Etykiety samoprzylepne NFC oparte na NXP NTAG213\/215\/216 zapewniaj\u0105 szybkie i niezawodne doklejanie smartfon\u00f3w i czytnik\u00f3w ISO 14443A. W pe\u0142ni zgodne ze standardem NFC Forum Type 2 i obs\u0142ug\u0105 NDEF, etykiety te idealnie nadaj\u0105 si\u0119 do inteligentnego marketingu, uwierzytelniania produkt\u00f3w, etykietowania p\u00f3\u0142ek, bilet\u00f3w i imprez. Kompaktowe rozmiary, wysoka wydajno\u015b\u0107 RF i solidne zabezpieczenia u\u0142atwiaj\u0105 ich wdra\u017canie na du\u017c\u0105 skal\u0119.<\/p>\n<p data-start=\"438\" data-end=\"456\"><strong data-start=\"438\" data-end=\"454\">G\u0142\u00f3wne cechy<\/strong><\/p>\n<ul data-start=\"457\" data-end=\"964\">\n<li data-start=\"457\" data-end=\"517\">\n<p data-start=\"459\" data-end=\"517\">HF 13,56 MHz; ISO\/IEC 14443 typ A; znacznik NFC Forum typ 2<\/p>\n<\/li>\n<li data-start=\"518\" data-end=\"590\">\n<p data-start=\"520\" data-end=\"590\">Wysoka niezawodno\u015b\u0107 skanowania z zabezpieczeniem przed kolizjami w \u015brodowiskach z wieloma tagami<\/p>\n<\/li>\n<li data-start=\"591\" data-end=\"707\">\n<p data-start=\"593\" data-end=\"707\">Bezpiecze\u0144stwo: 7-bajtowy UID producenta, podpis oryginalno\u015bci ECC, 32-bitowe has\u0142o, bity OTP, programowalna blokada<\/p>\n<\/li>\n<li data-start=\"708\" data-end=\"798\">\n<p data-start=\"710\" data-end=\"798\">Szybko\u015b\u0107 transmisji danych 106 kbit\/s; obs\u0142uga NDEF dla adres\u00f3w URL, identyfikator\u00f3w, parowania Wi-Fi\/Bluetooth i kart kontaktowych<\/p>\n<\/li>\n<li data-start=\"799\" data-end=\"874\">\n<p data-start=\"801\" data-end=\"874\">Materia\u0142y: PVC\/papier\/papier powlekany; dostarczane na rolkach lub jako pojedyncze sztuki<\/p>\n<\/li>\n<li data-start=\"875\" data-end=\"964\">\n<p data-start=\"877\" data-end=\"964\">Us\u0142ugi drukowania i obs\u0142ugi danych na zam\u00f3wienie: logo, grafika, numer seryjny\/UID, kod QR\/kreskowy, kodowanie wst\u0119pne<\/p>\n<\/li>\n<\/ul>\n<p data-start=\"966\" data-end=\"1138\"><strong data-start=\"966\" data-end=\"982\">Aplikacje<\/strong><br data-start=\"982\" data-end=\"985\" \/>Inteligentny marketing i reklama \u2022 Uwierzytelnianie produktu \u2022 Etykiety NFC na p\u00f3\u0142ki \u2022 Wizyt\u00f3wki i przepustki cz\u0142onkowskie\/na wydarzenia \u2022 Szybkie parowanie Bluetooth\/Wi-Fi.<\/p>\n<h2 data-start=\"1140\" data-end=\"1165\">Tabela (Specyfikacja)<\/h2>\n<div class=\"_tableContainer_1rjym_1\">\n<div class=\"group _tableWrapper_1rjym_13 flex w-fit flex-col-reverse\" tabindex=\"-1\">\n<table class=\"w-fit min-w-(--thread-content-width)\" data-start=\"1167\" data-end=\"3012\">\n<thead data-start=\"1167\" data-end=\"1289\">\n<tr data-start=\"1167\" data-end=\"1289\">\n<th data-start=\"1167\" data-end=\"1188\" data-col-size=\"sm\">Kategoria<\/th>\n<th data-start=\"1188\" data-end=\"1216\" data-col-size=\"sm\">Parametr<\/th>\n<th data-start=\"1216\" data-end=\"1289\" data-col-size=\"md\">Warto\u015b\u0107<\/th>\n<\/tr>\n<\/thead>\n<tbody data-start=\"1413\" data-end=\"3012\">\n<tr data-start=\"1413\" data-end=\"1534\">\n<td data-start=\"1413\" data-end=\"1434\" data-col-size=\"sm\">Produkt<\/td>\n<td data-start=\"1434\" data-end=\"1462\" data-col-size=\"sm\">Nazwa<\/td>\n<td data-col-size=\"md\" data-start=\"1462\" data-end=\"1534\">Etykieta samoprzylepna NFC NXP NTAG213 \/ NTAG215 \/ NTAG216<\/td>\n<\/tr>\n<tr data-start=\"1535\" data-end=\"1657\">\n<td data-start=\"1535\" data-end=\"1556\" data-col-size=\"sm\">Uk\u0142ad scalony<\/td>\n<td data-col-size=\"sm\" data-start=\"1556\" data-end=\"1584\">Modele chip\u00f3w<\/td>\n<td data-col-size=\"md\" data-start=\"1584\" data-end=\"1657\">NTAG213, NTAG215, NTAG216 (dost\u0119pne opcje niestandardowe)<\/td>\n<\/tr>\n<tr data-start=\"1658\" data-end=\"1781\">\n<td data-start=\"1658\" data-end=\"1679\" data-col-size=\"sm\">RF<\/td>\n<td data-start=\"1679\" data-end=\"1707\" data-col-size=\"sm\">Cz\u0119stotliwo\u015b\u0107<\/td>\n<td data-start=\"1707\" data-end=\"1781\" data-col-size=\"md\">13,56 MHz (HF)<\/td>\n<\/tr>\n<tr data-start=\"1782\" data-end=\"1904\">\n<td data-start=\"1782\" data-end=\"1803\" data-col-size=\"sm\"><\/td>\n<td data-col-size=\"sm\" data-start=\"1803\" data-end=\"1831\">Protok\u00f3\u0142<\/td>\n<td data-col-size=\"md\" data-start=\"1831\" data-end=\"1904\">ISO\/IEC 14443 Typ A; Tag NFC Forum Typ 2<\/td>\n<\/tr>\n<tr data-start=\"1905\" data-end=\"2028\">\n<td data-start=\"1905\" data-end=\"1926\" data-col-size=\"sm\">Wydajno\u015b\u0107<\/td>\n<td data-col-size=\"sm\" data-start=\"1926\" data-end=\"1954\">Szybko\u015b\u0107 komunikacji<\/td>\n<td data-col-size=\"md\" data-start=\"1954\" data-end=\"2028\">106 kbit\u00f3w\/s<\/td>\n<\/tr>\n<tr data-start=\"2029\" data-end=\"2151\">\n<td data-start=\"2029\" data-end=\"2050\" data-col-size=\"sm\">Antykolizyjny<\/td>\n<td data-start=\"2050\" data-end=\"2078\" data-col-size=\"sm\">Obs\u0142uga wielu tag\u00f3w<\/td>\n<td data-start=\"2078\" data-end=\"2151\" data-col-size=\"md\">Tak \u2014 wybiera tagi indywidualnie w polu<\/td>\n<\/tr>\n<tr data-start=\"2152\" data-end=\"2274\">\n<td data-start=\"2152\" data-end=\"2173\" data-col-size=\"sm\">Bezpiecze\u0144stwo<\/td>\n<td data-col-size=\"sm\" data-start=\"2173\" data-end=\"2201\">Cechy<\/td>\n<td data-col-size=\"md\" data-start=\"2201\" data-end=\"2274\">7-bajtowy UID, podpis oryginalno\u015bci ECC, 32-bitowe has\u0142o, OTP, bity blokady<\/td>\n<\/tr>\n<tr data-start=\"2275\" data-end=\"2397\">\n<td data-start=\"2275\" data-end=\"2296\" data-col-size=\"sm\">Przybory<\/td>\n<td data-col-size=\"sm\" data-start=\"2296\" data-end=\"2324\">Powierzchnia\/Pod\u0142o\u017ce<\/td>\n<td data-col-size=\"md\" data-start=\"2324\" data-end=\"2397\">PVC, papier, papier powlekany<\/td>\n<\/tr>\n<tr data-start=\"2398\" data-end=\"2520\">\n<td data-start=\"2398\" data-end=\"2419\" data-col-size=\"sm\">Wymiary<\/td>\n<td data-col-size=\"sm\" data-start=\"2419\" data-end=\"2447\">Standardowe rozmiary<\/td>\n<td data-col-size=\"md\" data-start=\"2447\" data-end=\"2520\">\u00d825 \/ 30 \/ 35 \/ 40 \/ 45 \/ 50 mm; niestandardowe rozmiary i kszta\u0142ty<\/td>\n<\/tr>\n<tr data-start=\"2521\" data-end=\"2643\">\n<td data-start=\"2521\" data-end=\"2542\" data-col-size=\"sm\">Personalizacja<\/td>\n<td data-col-size=\"sm\" data-start=\"2542\" data-end=\"2570\">Drukowanie\/Opakowanie<\/td>\n<td data-col-size=\"md\" data-start=\"2570\" data-end=\"2643\">Logo, grafika, kod QR, numer seryjny; opakowanie na rolce lub pojedyncze sztuki<\/td>\n<\/tr>\n<tr data-start=\"2644\" data-end=\"2766\">\n<td data-start=\"2644\" data-end=\"2665\" data-col-size=\"sm\">Us\u0142ugi danych<\/td>\n<td data-start=\"2665\" data-end=\"2693\" data-col-size=\"sm\">Kodowanie<\/td>\n<td data-col-size=\"md\" data-start=\"2693\" data-end=\"2766\">Dost\u0119pne wst\u0119pne kodowanie NDEF\/EPC<\/td>\n<\/tr>\n<tr data-start=\"2767\" data-end=\"2889\">\n<td data-start=\"2767\" data-end=\"2788\" data-col-size=\"sm\">Zalety<\/td>\n<td data-col-size=\"sm\" data-start=\"2788\" data-end=\"2816\">Przegl\u0105d najwa\u017cniejszych wydarze\u0144<\/td>\n<td data-col-size=\"md\" data-start=\"2816\" data-end=\"2889\">Ma\u0142e wymiary, szybki odczyt, wysoka wydajno\u015b\u0107 RF, bezpiecze\u0144stwo, elastyczno\u015b\u0107<\/td>\n<\/tr>\n<tr data-start=\"2890\" data-end=\"3012\">\n<td data-start=\"2890\" data-end=\"2911\" data-col-size=\"sm\">Aplikacje<\/td>\n<td data-col-size=\"sm\" data-start=\"2911\" data-end=\"2939\">Typowe przypadki u\u017cycia<\/td>\n<td data-col-size=\"md\" data-start=\"2939\" data-end=\"3012\">Marketing, uwierzytelnianie, etykiety p\u00f3\u0142kowe, karty, parowanie<\/td>\n<\/tr>\n<\/tbody>\n<\/table>\n<\/div>\n<\/div>","protected":false},"excerpt":{"rendered":"<p>Etykiety samoprzylepne NFC z NXP NTAG213\/215\/216\u201413,56 MHz, ISO 14443A, funkcjami bezpiecze\u0144stwa, obs\u0142ug\u0105 NDEF oraz mo\u017cliwo\u015bci\u0105 dostosowania drukowania\/kodowania na potrzeby marketingu, uwierzytelniania i wydarze\u0144.<\/p>","protected":false},"featured_media":962,"template":"","meta":{"_gspb_post_css":""},"product_brand":[],"product_cat":[29],"product_tag":[],"class_list":{"0":"post-961","1":"product","2":"type-product","3":"status-publish","4":"has-post-thumbnail","6":"product_cat-nfc-tags","8":"first","9":"instock","10":"shipping-taxable","11":"purchasable","12":"product-type-simple"},"_links":{"self":[{"href":"https:\/\/www.cxjsmartcard.com\/pl\/wp-json\/wp\/v2\/product\/961","targetHints":{"allow":["GET"]}}],"collection":[{"href":"https:\/\/www.cxjsmartcard.com\/pl\/wp-json\/wp\/v2\/product"}],"about":[{"href":"https:\/\/www.cxjsmartcard.com\/pl\/wp-json\/wp\/v2\/types\/product"}],"wp:featuredmedia":[{"embeddable":true,"href":"https:\/\/www.cxjsmartcard.com\/pl\/wp-json\/wp\/v2\/media\/962"}],"wp:attachment":[{"href":"https:\/\/www.cxjsmartcard.com\/pl\/wp-json\/wp\/v2\/media?parent=961"}],"wp:term":[{"taxonomy":"product_brand","embeddable":true,"href":"https:\/\/www.cxjsmartcard.com\/pl\/wp-json\/wp\/v2\/product_brand?post=961"},{"taxonomy":"product_cat","embeddable":true,"href":"https:\/\/www.cxjsmartcard.com\/pl\/wp-json\/wp\/v2\/product_cat?post=961"},{"taxonomy":"product_tag","embeddable":true,"href":"https:\/\/www.cxjsmartcard.com\/pl\/wp-json\/wp\/v2\/product_tag?post=961"}],"curies":[{"name":"wp","href":"https:\/\/api.w.org\/{rel}","templated":true}]}}