{"id":954,"date":"2025-11-03T09:30:20","date_gmt":"2025-11-03T09:30:20","guid":{"rendered":"https:\/\/www.cxjsmartcard.com\/?post_type=product&#038;p=954"},"modified":"2025-12-29T01:27:07","modified_gmt":"2025-12-29T01:27:07","slug":"nxp-mifare-ultralight-ev1-nfc-sticker","status":"publish","type":"product","link":"https:\/\/www.cxjsmartcard.com\/pl\/nxp-mifare-ultralight-ev1-nfc-sticker\/","title":{"rendered":"Naklejka NFC NXP MIFARE Ultralight EV1"},"content":{"rendered":"<p data-start=\"49\" data-end=\"419\">Naklejki NFC oparte na standardzie MIFARE Ultralight\u00ae EV1 zapewniaj\u0105 bezpieczne, szybkie i kompatybilne z telefonem rozwi\u0105zania zbli\u017ceniowe. Idealne do p\u0142atno\u015bci mobilnych, kontroli dost\u0119pu, bilet\u00f3w elektronicznych, program\u00f3w lojalno\u015bciowych, marketingu i uwierzytelniania produkt\u00f3w. Ka\u017cdy tag obs\u0142uguje technologi\u0119 antykolizyjn\u0105 i posiada 7-bajtowy identyfikator u\u017cytkownika (UID), pami\u0119\u0107 OTP, licznik jednokierunkowy, sygnatur\u0119 oryginalno\u015bci ECC oraz opcjonaln\u0105 ochron\u0119 has\u0142em.<\/p>\n<p data-start=\"421\" data-end=\"560\"><strong data-start=\"421\" data-end=\"445\">Materia\u0142y i drukowanie<\/strong><br data-start=\"445\" data-end=\"448\" \/>Papier, papier samoprzylepny, PVC, mi\u0119kki plastik lub PET z nadrukiem pe\u0142nokolorowym (logo, grafika, dane zmienne).<\/p>\n<p data-start=\"562\" data-end=\"655\"><strong data-start=\"562\" data-end=\"586\">Rozmiary (dostosowywalne)<\/strong><br data-start=\"586\" data-end=\"589\" \/>\u00d825 mm, 25\u00d725 mm, 30\u00d730 mm, 40\u00d740 mm, 50\u00d750 mm oraz kszta\u0142ty niestandardowe.<\/p>\n<p data-start=\"657\" data-end=\"752\"><strong data-start=\"657\" data-end=\"690\">Kompatybilne uk\u0142ady scalone (na \u017c\u0105danie)<\/strong><br data-start=\"690\" data-end=\"693\" \/>MIFARE Ultralight\u00ae \/ Ultralight\u00ae C \u2022 NTAG\u00ae 203 \/ 213 \/ 216.<\/p>\n<p data-start=\"754\" data-end=\"946\"><strong data-start=\"754\" data-end=\"770\">Aplikacje<\/strong><br data-start=\"770\" data-end=\"773\" \/>P\u0142atno\u015bci mobilne zbli\u017ceniowe \u2022 Kontrola dost\u0119pu \u2022 Bilety elektroniczne i karnety jednodniowe na wydarzenia \u2022 Programy lojalno\u015bciowe i kampanie marketingowe \u2022 Uwierzytelnianie produkt\u00f3w i dost\u0119p do tre\u015bci cyfrowych.<\/p>\n<p data-start=\"948\" data-end=\"1144\"><strong data-start=\"948\" data-end=\"964\">Kluczowe korzy\u015bci<\/strong><br data-start=\"964\" data-end=\"967\" \/>Szybkie transakcje (&lt;35 ms) \u2022 Bezpieczna konstrukcja odporna na manipulacj\u0119 \u2022 Elastyczna integracja z biletami, kartami i etykietami \u2022 Mo\u017cliwo\u015b\u0107 skalowania w przypadku wdro\u017ce\u0144 masowych i \u015brodowisk o du\u017cym nat\u0119\u017ceniu ruchu.<\/p>\n<h2 data-start=\"1146\" data-end=\"1171\">Tabela (Specyfikacja)<\/h2>\n<div class=\"_tableContainer_1rjym_1\">\n<div class=\"group _tableWrapper_1rjym_13 flex w-fit flex-col-reverse\" tabindex=\"-1\">\n<table class=\"w-fit min-w-(--thread-content-width)\" data-start=\"1173\" data-end=\"2573\">\n<thead data-start=\"1173\" data-end=\"1278\">\n<tr data-start=\"1173\" data-end=\"1278\">\n<th data-start=\"1173\" data-end=\"1191\" data-col-size=\"sm\">Kategoria<\/th>\n<th data-start=\"1191\" data-end=\"1214\" data-col-size=\"sm\">Parametr<\/th>\n<th data-start=\"1214\" data-end=\"1278\" data-col-size=\"md\">Warto\u015b\u0107<\/th>\n<\/tr>\n<\/thead>\n<tbody data-start=\"1385\" data-end=\"2573\">\n<tr data-start=\"1385\" data-end=\"1490\">\n<td data-start=\"1385\" data-end=\"1403\" data-col-size=\"sm\">Produkt<\/td>\n<td data-start=\"1403\" data-end=\"1426\" data-col-size=\"sm\">Typ<\/td>\n<td data-start=\"1426\" data-end=\"1490\" data-col-size=\"md\">Naklejka \/ etykieta NFC<\/td>\n<\/tr>\n<tr data-start=\"1491\" data-end=\"1596\">\n<td data-start=\"1491\" data-end=\"1509\" data-col-size=\"sm\">RF<\/td>\n<td data-start=\"1509\" data-end=\"1532\" data-col-size=\"sm\">Cz\u0119stotliwo\u015b\u0107<\/td>\n<td data-col-size=\"md\" data-start=\"1532\" data-end=\"1596\">13,56 MHz<\/td>\n<\/tr>\n<tr data-start=\"1597\" data-end=\"1702\">\n<td data-start=\"1597\" data-end=\"1616\" data-col-size=\"sm\"><\/td>\n<td data-col-size=\"sm\" data-start=\"1616\" data-end=\"1638\">Protok\u00f3\u0142<\/td>\n<td data-col-size=\"md\" data-start=\"1638\" data-end=\"1702\">ISO\/IEC 14443 Typ A<\/td>\n<\/tr>\n<tr data-start=\"1703\" data-end=\"1808\">\n<td data-start=\"1703\" data-end=\"1721\" data-col-size=\"sm\">Uk\u0142ad scalony<\/td>\n<td data-start=\"1721\" data-end=\"1744\" data-col-size=\"sm\">Domy\u015blny<\/td>\n<td data-col-size=\"md\" data-start=\"1744\" data-end=\"1808\">MIFARE Ultralight\u00ae EV1<\/td>\n<\/tr>\n<tr data-start=\"1809\" data-end=\"1935\">\n<td data-start=\"1809\" data-end=\"1827\" data-col-size=\"sm\">Bezpiecze\u0144stwo<\/td>\n<td data-start=\"1827\" data-end=\"1850\" data-col-size=\"sm\">Cechy<\/td>\n<td data-col-size=\"md\" data-start=\"1850\" data-end=\"1935\">7-bajtowy UID; OTP; liczniki jednokierunkowe; podpis oryginalno\u015bci ECC; ochrona has\u0142em<\/td>\n<\/tr>\n<tr data-start=\"1936\" data-end=\"2041\">\n<td data-start=\"1936\" data-end=\"1954\" data-col-size=\"sm\">Antykolizyjny<\/td>\n<td data-col-size=\"sm\" data-start=\"1954\" data-end=\"1977\">Odczyty wieloznacznikowe<\/td>\n<td data-col-size=\"md\" data-start=\"1977\" data-end=\"2041\">Utrzymany<\/td>\n<\/tr>\n<tr data-start=\"2042\" data-end=\"2147\">\n<td data-start=\"2042\" data-end=\"2060\" data-col-size=\"sm\">Przybory<\/td>\n<td data-col-size=\"sm\" data-start=\"2060\" data-end=\"2083\">Powierzchnia\/Pod\u0142o\u017ce<\/td>\n<td data-col-size=\"md\" data-start=\"2083\" data-end=\"2147\">Papier, papier samoprzylepny, PCV, mi\u0119kki plastik, PET<\/td>\n<\/tr>\n<tr data-start=\"2148\" data-end=\"2253\">\n<td data-start=\"2148\" data-end=\"2166\" data-col-size=\"sm\">Wymiary<\/td>\n<td data-col-size=\"sm\" data-start=\"2166\" data-end=\"2189\">Standardowe rozmiary<\/td>\n<td data-col-size=\"md\" data-start=\"2189\" data-end=\"2253\">\u00d825 mm; 25\u00d725; 30\u00d730; 40\u00d740; 50\u00d750 mm; niestandardowe<\/td>\n<\/tr>\n<tr data-start=\"2254\" data-end=\"2359\">\n<td data-start=\"2254\" data-end=\"2272\" data-col-size=\"sm\">Druk<\/td>\n<td data-col-size=\"sm\" data-start=\"2272\" data-end=\"2295\">Metody<\/td>\n<td data-col-size=\"md\" data-start=\"2295\" data-end=\"2359\">Pe\u0142nokolorowe (loga, grafika, dane zmienne)<\/td>\n<\/tr>\n<tr data-start=\"2360\" data-end=\"2465\">\n<td data-start=\"2360\" data-end=\"2378\" data-col-size=\"sm\">Opcje<\/td>\n<td data-col-size=\"sm\" data-start=\"2378\" data-end=\"2401\">Alternatywne chipsy<\/td>\n<td data-col-size=\"md\" data-start=\"2401\" data-end=\"2465\">Ultralekki C; NTAG 203\/213\/216<\/td>\n<\/tr>\n<tr data-start=\"2466\" data-end=\"2573\">\n<td data-start=\"2466\" data-end=\"2484\" data-col-size=\"sm\">Przypadki u\u017cycia<\/td>\n<td data-start=\"2484\" data-end=\"2507\" data-col-size=\"sm\">Aplikacje<\/td>\n<td data-col-size=\"md\" data-start=\"2507\" data-end=\"2573\">P\u0142atno\u015bci, dost\u0119p, bilety elektroniczne, lojalno\u015b\u0107\/marketing, uwierzytelnianie<\/td>\n<\/tr>\n<\/tbody>\n<\/table>\n<\/div>\n<\/div>","protected":false},"excerpt":{"rendered":"<p>Naklejki NFC z kart\u0105 MIFARE Ultralight EV1 \u2014 ISO 14443A, szybkie i bezpieczne zbli\u017cenia, zabezpieczenie antykolizyjne i pe\u0142nokolorowe, zadrukowane powierzchnie do p\u0142atno\u015bci, kontroli dost\u0119pu, e-bilet\u00f3w i kampanii marki.<\/p>","protected":false},"featured_media":955,"template":"","meta":{"_gspb_post_css":""},"product_brand":[],"product_cat":[29],"product_tag":[],"class_list":{"0":"post-954","1":"product","2":"type-product","3":"status-publish","4":"has-post-thumbnail","6":"product_cat-nfc-tags","8":"first","9":"instock","10":"shipping-taxable","11":"purchasable","12":"product-type-simple"},"_links":{"self":[{"href":"https:\/\/www.cxjsmartcard.com\/pl\/wp-json\/wp\/v2\/product\/954","targetHints":{"allow":["GET"]}}],"collection":[{"href":"https:\/\/www.cxjsmartcard.com\/pl\/wp-json\/wp\/v2\/product"}],"about":[{"href":"https:\/\/www.cxjsmartcard.com\/pl\/wp-json\/wp\/v2\/types\/product"}],"wp:featuredmedia":[{"embeddable":true,"href":"https:\/\/www.cxjsmartcard.com\/pl\/wp-json\/wp\/v2\/media\/955"}],"wp:attachment":[{"href":"https:\/\/www.cxjsmartcard.com\/pl\/wp-json\/wp\/v2\/media?parent=954"}],"wp:term":[{"taxonomy":"product_brand","embeddable":true,"href":"https:\/\/www.cxjsmartcard.com\/pl\/wp-json\/wp\/v2\/product_brand?post=954"},{"taxonomy":"product_cat","embeddable":true,"href":"https:\/\/www.cxjsmartcard.com\/pl\/wp-json\/wp\/v2\/product_cat?post=954"},{"taxonomy":"product_tag","embeddable":true,"href":"https:\/\/www.cxjsmartcard.com\/pl\/wp-json\/wp\/v2\/product_tag?post=954"}],"curies":[{"name":"wp","href":"https:\/\/api.w.org\/{rel}","templated":true}]}}