{"id":943,"date":"2025-11-03T09:28:48","date_gmt":"2025-11-03T09:28:48","guid":{"rendered":"https:\/\/www.cxjsmartcard.com\/?post_type=product&#038;p=943"},"modified":"2025-12-29T01:27:07","modified_gmt":"2025-12-29T01:27:07","slug":"ntag213-nfc-keychain-abs-rfid-keyfob","status":"publish","type":"product","link":"https:\/\/www.cxjsmartcard.com\/pl\/ntag213-nfc-keychain-abs-rfid-keyfob\/","title":{"rendered":"Brelok NFC NTAG213 ABS RFID"},"content":{"rendered":"<p data-start=\"48\" data-end=\"332\">Kompaktowy, wytrzyma\u0142y brelok NFC wykonany z ABS do codziennej kontroli dost\u0119pu i identyfikacji. Rdze\u0144 NTAG213 (HF 13,56 MHz) zapewnia szybkie i niezawodne pods\u0142uchy za pomoc\u0105 smartfon\u00f3w i czytnik\u00f3w ISO 14443A. \u0141atwy do noszenia na breloku i z mo\u017cliwo\u015bci\u0105 personalizacji kolor\u00f3w, nadruku i chip\u00f3w.<\/p>\n<p data-start=\"334\" data-end=\"352\"><strong data-start=\"334\" data-end=\"350\">G\u0142\u00f3wne cechy<\/strong><\/p>\n<ul data-start=\"353\" data-end=\"614\">\n<li data-start=\"353\" data-end=\"390\">\n<p data-start=\"355\" data-end=\"390\">Wodoodporna, odporna na warunki atmosferyczne mini zawieszka<\/p>\n<\/li>\n<li data-start=\"391\" data-end=\"429\">\n<p data-start=\"393\" data-end=\"429\">13,56 MHz NFC\/RFID, ISO\/IEC 14443A<\/p>\n<\/li>\n<li data-start=\"430\" data-end=\"489\">\n<p data-start=\"432\" data-end=\"489\">Typowa odleg\u0142o\u015b\u0107 odczytu: 2\u20135 cm (w zale\u017cno\u015bci od czytnika\/urz\u0105dzenia)<\/p>\n<\/li>\n<li data-start=\"490\" data-end=\"545\">\n<p data-start=\"492\" data-end=\"545\">Mo\u017cliwo\u015b\u0107 dostosowania kolor\u00f3w, logo, numeru seryjnego\/UID, kod\u00f3w QR\/kreskowych<\/p>\n<\/li>\n<li data-start=\"546\" data-end=\"599\">\n<p data-start=\"548\" data-end=\"599\">Wiele opcji uk\u0142ad\u00f3w scalonych dla potrzeb bezpiecze\u0144stwa i pami\u0119ci<\/p>\n<\/li>\n<li data-start=\"600\" data-end=\"614\">\n<p data-start=\"602\" data-end=\"614\">Minimalne zam\u00f3wienie: 200 szt.<\/p>\n<\/li>\n<\/ul>\n<p data-start=\"616\" data-end=\"778\"><strong data-start=\"616\" data-end=\"632\">Aplikacje<\/strong><br data-start=\"632\" data-end=\"635\" \/>Kontrola dost\u0119pu \u2022 Transport publiczny \u2022 P\u0142atno\u015bci bezgot\u00f3wkowe\/w obiegu zamkni\u0119tym \u2022 Rejestracja czasu pracy i obecno\u015bci \u2022 Zarz\u0105dzanie cz\u0142onkostwem i go\u015b\u0107mi \u2022 Inteligentne zameldowanie.<\/p>\n<h2 data-start=\"780\" data-end=\"805\">Tabela (Specyfikacja)<\/h2>\n<div class=\"_tableContainer_1rjym_1\">\n<div class=\"group _tableWrapper_1rjym_13 flex w-fit flex-col-reverse\" tabindex=\"-1\">\n<table class=\"w-fit min-w-(--thread-content-width)\" data-start=\"807\" data-end=\"3398\">\n<thead data-start=\"807\" data-end=\"929\">\n<tr data-start=\"807\" data-end=\"929\">\n<th data-start=\"807\" data-end=\"829\" data-col-size=\"sm\">Kategoria<\/th>\n<th data-start=\"829\" data-end=\"856\" data-col-size=\"sm\">Parametr<\/th>\n<th data-start=\"856\" data-end=\"929\" data-col-size=\"md\">Warto\u015b\u0107<\/th>\n<\/tr>\n<\/thead>\n<tbody data-start=\"1052\" data-end=\"3398\">\n<tr data-start=\"1052\" data-end=\"1173\">\n<td data-start=\"1052\" data-end=\"1073\" data-col-size=\"sm\">Produkt<\/td>\n<td data-col-size=\"sm\" data-start=\"1073\" data-end=\"1100\">Nazwa<\/td>\n<td data-col-size=\"md\" data-start=\"1100\" data-end=\"1173\">Brelok RFID ABS<\/td>\n<\/tr>\n<tr data-start=\"1174\" data-end=\"1295\">\n<td data-start=\"1174\" data-end=\"1195\" data-col-size=\"sm\">Wsp\u00f3\u0142czynnik kszta\u0142tu<\/td>\n<td data-col-size=\"sm\" data-start=\"1195\" data-end=\"1222\">Styl<\/td>\n<td data-col-size=\"md\" data-start=\"1222\" data-end=\"1295\">Brelok do kluczy (mini tag)<\/td>\n<\/tr>\n<tr data-start=\"1296\" data-end=\"1417\">\n<td data-start=\"1296\" data-end=\"1317\" data-col-size=\"sm\">Przybory<\/td>\n<td data-col-size=\"sm\" data-start=\"1317\" data-end=\"1344\">Cia\u0142o<\/td>\n<td data-col-size=\"md\" data-start=\"1344\" data-end=\"1417\">ABS (tworzywo sztuczne)<\/td>\n<\/tr>\n<tr data-start=\"1418\" data-end=\"1539\">\n<td data-start=\"1418\" data-end=\"1439\" data-col-size=\"sm\">Wymiary<\/td>\n<td data-col-size=\"sm\" data-start=\"1439\" data-end=\"1466\">Rozmiar<\/td>\n<td data-col-size=\"md\" data-start=\"1466\" data-end=\"1539\">2,36 \u00d7 1,18 \u00d7 0,16 cala (w przybli\u017ceniu)<\/td>\n<\/tr>\n<tr data-start=\"1540\" data-end=\"1661\">\n<td data-start=\"1540\" data-end=\"1561\" data-col-size=\"sm\">Interfejs RF<\/td>\n<td data-start=\"1561\" data-end=\"1588\" data-col-size=\"sm\">Cz\u0119stotliwo\u015b\u0107<\/td>\n<td data-start=\"1588\" data-end=\"1661\" data-col-size=\"md\">13,56 MHz (HF)<\/td>\n<\/tr>\n<tr data-start=\"1662\" data-end=\"1783\">\n<td data-start=\"1662\" data-end=\"1683\" data-col-size=\"sm\"><\/td>\n<td data-start=\"1683\" data-end=\"1710\" data-col-size=\"sm\">Protok\u00f3\u0142<\/td>\n<td data-start=\"1710\" data-end=\"1783\" data-col-size=\"md\">ISO\/IEC 14443A<\/td>\n<\/tr>\n<tr data-start=\"1784\" data-end=\"1905\">\n<td data-start=\"1784\" data-end=\"1805\" data-col-size=\"sm\">Komunikacja<\/td>\n<td data-col-size=\"sm\" data-start=\"1805\" data-end=\"1832\">Interfejsy<\/td>\n<td data-col-size=\"md\" data-start=\"1832\" data-end=\"1905\">RFID, NFC<\/td>\n<\/tr>\n<tr data-start=\"1906\" data-end=\"2028\">\n<td data-start=\"1906\" data-end=\"1927\" data-col-size=\"sm\">Domy\u015blny uk\u0142ad<\/td>\n<td data-col-size=\"sm\" data-start=\"1927\" data-end=\"1955\">Uk\u0142ad scalony<\/td>\n<td data-col-size=\"md\" data-start=\"1955\" data-end=\"2028\">NTAG213<\/td>\n<\/tr>\n<tr data-start=\"2029\" data-end=\"2168\">\n<td data-start=\"2029\" data-end=\"2050\" data-col-size=\"sm\">Opcje na \u017cetony (HF)<\/td>\n<td data-col-size=\"sm\" data-start=\"2050\" data-end=\"2077\">Rodzina NTAG<\/td>\n<td data-col-size=\"md\" data-start=\"2077\" data-end=\"2168\">NTAG213 (180 B), NTAG215 (540 B), NTAG216 (924 B), TagTamper, 424 DNA\/424 DNA TagTamper<\/td>\n<\/tr>\n<tr data-start=\"2169\" data-end=\"2290\">\n<td data-start=\"2169\" data-end=\"2190\" data-col-size=\"sm\"><\/td>\n<td data-start=\"2190\" data-end=\"2217\" data-col-size=\"sm\">MIFARE Classic<\/td>\n<td data-col-size=\"md\" data-start=\"2217\" data-end=\"2290\">1K, 4K<\/td>\n<\/tr>\n<tr data-start=\"2291\" data-end=\"2412\">\n<td data-start=\"2291\" data-end=\"2312\" data-col-size=\"sm\"><\/td>\n<td data-col-size=\"sm\" data-start=\"2312\" data-end=\"2339\">MIFARE Plus<\/td>\n<td data-col-size=\"md\" data-start=\"2339\" data-end=\"2412\">Plus EV2 (2K\/4K), Plus SE (1K)<\/td>\n<\/tr>\n<tr data-start=\"2413\" data-end=\"2534\">\n<td data-start=\"2413\" data-end=\"2434\" data-col-size=\"sm\"><\/td>\n<td data-start=\"2434\" data-end=\"2461\" data-col-size=\"sm\">MIFARE DESFire<\/td>\n<td data-col-size=\"md\" data-start=\"2461\" data-end=\"2534\">EV1 \/ EV2 \/ EV3 (2K\/4K\/8K)<\/td>\n<\/tr>\n<tr data-start=\"2535\" data-end=\"2666\">\n<td data-start=\"2535\" data-end=\"2556\" data-col-size=\"sm\"><\/td>\n<td data-col-size=\"sm\" data-start=\"2556\" data-end=\"2583\">Kod ICODE (ISO 15693)<\/td>\n<td data-col-size=\"md\" data-start=\"2583\" data-end=\"2666\">SLI (1024 bity), SLIX, SLIX2 (2560 bit\u00f3w), SLIX-S (2048 bit\u00f3w), SLIX-L (512 bit\u00f3w)<\/td>\n<\/tr>\n<tr data-start=\"2667\" data-end=\"2788\">\n<td data-start=\"2667\" data-end=\"2688\" data-col-size=\"sm\">Wydajno\u015b\u0107<\/td>\n<td data-col-size=\"sm\" data-start=\"2688\" data-end=\"2715\">Odleg\u0142o\u015b\u0107 czytania<\/td>\n<td data-col-size=\"md\" data-start=\"2715\" data-end=\"2788\">2\u20135 cm (zale\u017cnie od urz\u0105dzenia\/anteny)<\/td>\n<\/tr>\n<tr data-start=\"2789\" data-end=\"2910\">\n<td data-start=\"2789\" data-end=\"2810\" data-col-size=\"sm\">Trwa\u0142o\u015b\u0107<\/td>\n<td data-start=\"2810\" data-end=\"2837\" data-col-size=\"sm\">Funkcje specjalne<\/td>\n<td data-col-size=\"md\" data-start=\"2837\" data-end=\"2910\">Wodoodporno\u015b\u0107 \/ Odporno\u015b\u0107 na warunki atmosferyczne; wytrzyma\u0142a obudowa ABS<\/td>\n<\/tr>\n<tr data-start=\"2911\" data-end=\"3032\">\n<td data-start=\"2911\" data-end=\"2932\" data-col-size=\"sm\">Personalizacja<\/td>\n<td data-start=\"2932\" data-end=\"2959\" data-col-size=\"sm\">Kolor\/Drukowanie<\/td>\n<td data-col-size=\"md\" data-start=\"2959\" data-end=\"3032\">Kolory niestandardowe; logo\/tekst; laser\/druk; UID\/numer seryjny, kod QR\/kod kreskowy<\/td>\n<\/tr>\n<tr data-start=\"3033\" data-end=\"3154\">\n<td data-start=\"3033\" data-end=\"3054\" data-col-size=\"sm\">Opakowanie<\/td>\n<td data-col-size=\"sm\" data-start=\"3054\" data-end=\"3081\">Minimalne zam\u00f3wienie<\/td>\n<td data-col-size=\"md\" data-start=\"3081\" data-end=\"3154\">200 szt.<\/td>\n<\/tr>\n<tr data-start=\"3155\" data-end=\"3276\">\n<td data-start=\"3155\" data-end=\"3176\" data-col-size=\"sm\">Pochodzenie<\/td>\n<td data-col-size=\"sm\" data-start=\"3176\" data-end=\"3203\">Miejsce pochodzenia<\/td>\n<td data-col-size=\"md\" data-start=\"3203\" data-end=\"3276\">Chiny<\/td>\n<\/tr>\n<tr data-start=\"3277\" data-end=\"3398\">\n<td data-start=\"3277\" data-end=\"3298\" data-col-size=\"sm\">Przypadki u\u017cycia<\/td>\n<td data-col-size=\"sm\" data-start=\"3298\" data-end=\"3325\">Aplikacje<\/td>\n<td data-col-size=\"md\" data-start=\"3325\" data-end=\"3398\">Kontrola dost\u0119pu, transport, p\u0142atno\u015bci, identyfikacja, cz\u0142onkostwo, obecno\u015b\u0107<\/td>\n<\/tr>\n<\/tbody>\n<\/table>\n<\/div>\n<\/div>","protected":false},"excerpt":{"rendered":"<p>Wytrzyma\u0142y brelok NFC z tworzywa ABS z wodoodpornym mini tagiem NTAG213 do kontroli dost\u0119pu i codziennego identyfikowania os\u00f3b. Cz\u0119stotliwo\u015b\u0107 od\u015bwie\u017cania 13,56 MHz ISO 14443A, zasi\u0119g odczytu 2\u20135 cm, mo\u017cliwo\u015b\u0107 dostosowania kolor\u00f3w i nadruku.<\/p>","protected":false},"featured_media":949,"template":"","meta":{"_gspb_post_css":""},"product_brand":[],"product_cat":[29],"product_tag":[],"class_list":{"0":"post-943","1":"product","2":"type-product","3":"status-publish","4":"has-post-thumbnail","6":"product_cat-nfc-tags","8":"first","9":"instock","10":"shipping-taxable","11":"purchasable","12":"product-type-simple"},"_links":{"self":[{"href":"https:\/\/www.cxjsmartcard.com\/pl\/wp-json\/wp\/v2\/product\/943","targetHints":{"allow":["GET"]}}],"collection":[{"href":"https:\/\/www.cxjsmartcard.com\/pl\/wp-json\/wp\/v2\/product"}],"about":[{"href":"https:\/\/www.cxjsmartcard.com\/pl\/wp-json\/wp\/v2\/types\/product"}],"wp:featuredmedia":[{"embeddable":true,"href":"https:\/\/www.cxjsmartcard.com\/pl\/wp-json\/wp\/v2\/media\/949"}],"wp:attachment":[{"href":"https:\/\/www.cxjsmartcard.com\/pl\/wp-json\/wp\/v2\/media?parent=943"}],"wp:term":[{"taxonomy":"product_brand","embeddable":true,"href":"https:\/\/www.cxjsmartcard.com\/pl\/wp-json\/wp\/v2\/product_brand?post=943"},{"taxonomy":"product_cat","embeddable":true,"href":"https:\/\/www.cxjsmartcard.com\/pl\/wp-json\/wp\/v2\/product_cat?post=943"},{"taxonomy":"product_tag","embeddable":true,"href":"https:\/\/www.cxjsmartcard.com\/pl\/wp-json\/wp\/v2\/product_tag?post=943"}],"curies":[{"name":"wp","href":"https:\/\/api.w.org\/{rel}","templated":true}]}}