{"id":939,"date":"2025-11-03T09:26:36","date_gmt":"2025-11-03T09:26:36","guid":{"rendered":"https:\/\/www.cxjsmartcard.com\/?post_type=product&#038;p=939"},"modified":"2025-12-29T01:27:07","modified_gmt":"2025-12-29T01:27:07","slug":"uhf-rfid-medical-glass-tube-tags-for-glass-bottle-tracking","status":"publish","type":"product","link":"https:\/\/www.cxjsmartcard.com\/pl\/uhf-rfid-medical-glass-tube-tags-for-glass-bottle-tracking\/","title":{"rendered":"Etykiety medyczne UHF RFID do szklanych butelek do \u015bledzenia"},"content":{"rendered":"<p data-start=\"70\" data-end=\"397\">Etykieta RFID UHF do szklanych butelek farmaceutycznych, zbudowana na bazie FM13UF0051E z <strong data-start=\"160\" data-end=\"175\">128-bitowy EPC<\/strong> Pami\u0119\u0107 zapewniaj\u0105ca szybk\u0105, wieloodczytow\u0105 wydajno\u015b\u0107. Powlekana powierzchnia papierowa nadaje si\u0119 do zadruku i w po\u0142\u0105czeniu z uniwersalnym klejem zapewnia niezawodn\u0105 aplikacj\u0119 na szklanych pojemnikach i fiolkach z suchym proszkiem.<\/p>\n<p data-start=\"399\" data-end=\"417\"><strong data-start=\"399\" data-end=\"415\">G\u0142\u00f3wne cechy<\/strong><\/p>\n<ul data-start=\"418\" data-end=\"720\">\n<li data-start=\"418\" data-end=\"459\">\n<p data-start=\"420\" data-end=\"459\">Zgodno\u015b\u0107 z EPC Gen2 \/ ISO\/IEC 18000-6C<\/p>\n<\/li>\n<li data-start=\"460\" data-end=\"536\">\n<p data-start=\"462\" data-end=\"536\">128-bitowy EPC; zoptymalizowany pod k\u0105tem szybkiego odczytu, odczytu wielokrotnego i mo\u017cliwo\u015bci \u015bledzenia<\/p>\n<\/li>\n<li data-start=\"537\" data-end=\"605\">\n<p data-start=\"539\" data-end=\"605\">Papier powlekany; mo\u017cliwo\u015b\u0107 zadruku metod\u0105 termotransferow\u0105 lub sitodrukow\u0105<\/p>\n<\/li>\n<li data-start=\"606\" data-end=\"674\">\n<p data-start=\"608\" data-end=\"674\">Dostarczane w formie etykiety samoprzylepnej lub w zamkni\u0119tej konstrukcji z papieru powlekanego<\/p>\n<\/li>\n<li data-start=\"675\" data-end=\"720\">\n<p data-start=\"677\" data-end=\"720\">Mo\u017cliwo\u015b\u0107 dostosowania chipa, rozmiaru i materia\u0142\u00f3w powierzchni<\/p>\n<\/li>\n<\/ul>\n<p data-start=\"722\" data-end=\"868\"><strong data-start=\"722\" data-end=\"738\">Aplikacje<\/strong><br data-start=\"738\" data-end=\"741\" \/>Zarz\u0105dzanie medycyn\u0105 i opiek\u0105 zdrowotn\u0105 \u2022 Logistyka farmaceutyczna \u2022 Identyfikacja butelek z lekami \u2022 \u015aledzenie szklanych butelek z proszkiem.<\/p>\n<p data-start=\"870\" data-end=\"987\"><strong data-start=\"870\" data-end=\"898\">Us\u0142ugi drukowania i przetwarzania danych<\/strong><br data-start=\"898\" data-end=\"901\" \/>Druk termotransferowy i sitodrukowy; obs\u0142uga inicjalizacji\/kodowania danych EPC.<\/p>\n<p data-start=\"989\" data-end=\"1068\"><strong data-start=\"989\" data-end=\"1012\">Operacje i magazynowanie<\/strong><br data-start=\"1012\" data-end=\"1015\" \/>Zastosowanie: 0\u201360 \u2103, 20\u201380% RH \u2022 Przechowywanie: 20\u201330 \u2103, 20\u201360% RH.<\/p>\n<h2 data-start=\"1070\" data-end=\"1095\">Tabela (Specyfikacja)<\/h2>\n<div class=\"_tableContainer_1rjym_1\">\n<div class=\"group _tableWrapper_1rjym_13 flex w-fit flex-col-reverse\" tabindex=\"-1\">\n<table class=\"w-fit min-w-(--thread-content-width)\" data-start=\"1097\" data-end=\"2611\">\n<thead data-start=\"1097\" data-end=\"1190\">\n<tr data-start=\"1097\" data-end=\"1190\">\n<th data-start=\"1097\" data-end=\"1116\" data-col-size=\"sm\">Kategoria<\/th>\n<th data-start=\"1116\" data-end=\"1143\" data-col-size=\"sm\">Parametr<\/th>\n<th data-start=\"1143\" data-end=\"1190\" data-col-size=\"md\">Warto\u015b\u0107<\/th>\n<\/tr>\n<\/thead>\n<tbody data-start=\"1285\" data-end=\"2611\">\n<tr data-start=\"1285\" data-end=\"1383\">\n<td data-start=\"1285\" data-end=\"1304\" data-col-size=\"sm\">Produkt<\/td>\n<td data-start=\"1304\" data-end=\"1331\" data-col-size=\"sm\">Nazwa<\/td>\n<td data-start=\"1331\" data-end=\"1383\" data-col-size=\"md\">Etykieta RFID UHF do szklanych butelek medycznych z proszkiem<\/td>\n<\/tr>\n<tr data-start=\"1384\" data-end=\"1477\">\n<td data-start=\"1384\" data-end=\"1403\" data-col-size=\"sm\">Uk\u0142ad scalony<\/td>\n<td data-start=\"1403\" data-end=\"1430\" data-col-size=\"sm\">\u017beton<\/td>\n<td data-col-size=\"md\" data-start=\"1430\" data-end=\"1477\">FM13UF0051E<\/td>\n<\/tr>\n<tr data-start=\"1478\" data-end=\"1571\">\n<td data-start=\"1478\" data-end=\"1497\" data-col-size=\"sm\">Pami\u0119\u0107<\/td>\n<td data-start=\"1497\" data-end=\"1524\" data-col-size=\"sm\">EPC<\/td>\n<td data-start=\"1524\" data-end=\"1571\" data-col-size=\"md\">128 bit\u00f3w<\/td>\n<\/tr>\n<tr data-start=\"1572\" data-end=\"1666\">\n<td data-start=\"1572\" data-end=\"1591\" data-col-size=\"sm\">RF<\/td>\n<td data-col-size=\"sm\" data-start=\"1591\" data-end=\"1619\">Protok\u00f3\u0142<\/td>\n<td data-col-size=\"md\" data-start=\"1619\" data-end=\"1666\">ISO\/IEC 18000-6C; EPCglobal Klasa 1 Gen 2<\/td>\n<\/tr>\n<tr data-start=\"1667\" data-end=\"1760\">\n<td data-start=\"1667\" data-end=\"1686\" data-col-size=\"sm\">Wsp\u00f3\u0142czynnik kszta\u0142tu<\/td>\n<td data-col-size=\"sm\" data-start=\"1686\" data-end=\"1713\">Rozmiar tagu<\/td>\n<td data-col-size=\"md\" data-start=\"1713\" data-end=\"1760\">40 \u00d7 20 mm (inne mo\u017cna dostosowa\u0107)<\/td>\n<\/tr>\n<tr data-start=\"1761\" data-end=\"1854\">\n<td data-start=\"1761\" data-end=\"1780\" data-col-size=\"sm\">Materia\u0142 wierzchni<\/td>\n<td data-start=\"1780\" data-end=\"1807\" data-col-size=\"sm\">Etykieta<\/td>\n<td data-start=\"1807\" data-end=\"1854\" data-col-size=\"md\">Papier powlekany (do druku)<\/td>\n<\/tr>\n<tr data-start=\"1855\" data-end=\"1953\">\n<td data-start=\"1855\" data-end=\"1874\" data-col-size=\"sm\">Spoiwo<\/td>\n<td data-start=\"1874\" data-end=\"1901\" data-col-size=\"sm\">Za\u0142\u0105cznik<\/td>\n<td data-col-size=\"md\" data-start=\"1901\" data-end=\"1953\">Uniwersalny klej \/ papier powlekany w os\u0142onie<\/td>\n<\/tr>\n<tr data-start=\"1954\" data-end=\"2047\">\n<td data-start=\"1954\" data-end=\"1973\" data-col-size=\"sm\">Wydajno\u015b\u0107<\/td>\n<td data-col-size=\"sm\" data-start=\"1973\" data-end=\"2000\">Przegl\u0105d najwa\u017cniejszych wydarze\u0144<\/td>\n<td data-col-size=\"md\" data-start=\"2000\" data-end=\"2047\">Szybkie czytanie, wielokrotne czytanie, mo\u017cliwo\u015b\u0107 \u015bledzenia<\/td>\n<\/tr>\n<tr data-start=\"2048\" data-end=\"2141\">\n<td data-start=\"2048\" data-end=\"2067\" data-col-size=\"sm\">Personalizacja<\/td>\n<td data-col-size=\"sm\" data-start=\"2067\" data-end=\"2094\">Opcje niestandardowe<\/td>\n<td data-col-size=\"md\" data-start=\"2094\" data-end=\"2141\">Dostosowywanie chipa\/rozmiaru\/materia\u0142u powierzchni<\/td>\n<\/tr>\n<tr data-start=\"2142\" data-end=\"2235\">\n<td data-start=\"2142\" data-end=\"2161\" data-col-size=\"sm\">Druk<\/td>\n<td data-col-size=\"sm\" data-start=\"2161\" data-end=\"2188\">Metody<\/td>\n<td data-col-size=\"md\" data-start=\"2188\" data-end=\"2235\">Transfer termiczny; sitodruk; na zam\u00f3wienie<\/td>\n<\/tr>\n<tr data-start=\"2236\" data-end=\"2329\">\n<td data-start=\"2236\" data-end=\"2255\" data-col-size=\"sm\">Us\u0142ugi danych<\/td>\n<td data-col-size=\"sm\" data-start=\"2255\" data-end=\"2282\">Inicjalizacja<\/td>\n<td data-col-size=\"md\" data-start=\"2282\" data-end=\"2329\">Kodowanie EPC<\/td>\n<\/tr>\n<tr data-start=\"2330\" data-end=\"2423\">\n<td data-start=\"2330\" data-end=\"2349\" data-col-size=\"sm\">\u015arodowisko<\/td>\n<td data-start=\"2349\" data-end=\"2376\" data-col-size=\"sm\">Operacyjny<\/td>\n<td data-start=\"2376\" data-end=\"2423\" data-col-size=\"md\">0\u201360 \u2103; 20\u201380% RH<\/td>\n<\/tr>\n<tr data-start=\"2424\" data-end=\"2517\">\n<td data-start=\"2424\" data-end=\"2443\" data-col-size=\"sm\"><\/td>\n<td data-start=\"2443\" data-end=\"2470\" data-col-size=\"sm\">Sk\u0142adowanie<\/td>\n<td data-col-size=\"md\" data-start=\"2470\" data-end=\"2517\">20\u201330 \u2103; 20\u201360% RH<\/td>\n<\/tr>\n<tr data-start=\"2518\" data-end=\"2611\">\n<td data-start=\"2518\" data-end=\"2537\" data-col-size=\"sm\">Przypadki u\u017cycia<\/td>\n<td data-col-size=\"sm\" data-start=\"2537\" data-end=\"2564\">Aplikacje<\/td>\n<td data-col-size=\"md\" data-start=\"2564\" data-end=\"2611\">Butelki medyczne, farmaceutyczne, na leki<\/td>\n<\/tr>\n<\/tbody>\n<\/table>\n<\/div>\n<\/div>","protected":false},"excerpt":{"rendered":"<p>Drukowana etykieta UHF RFID do szklanych butelek farmaceutycznych \u2014 FM13UF0051E z 128-bitowym kodem EPC, szybk\u0105 obs\u0142ug\u0105 wielu odczyt\u00f3w, powierzchni\u0105 z papieru powlekanego i klejem.<\/p>","protected":false},"featured_media":940,"template":"","meta":{"_gspb_post_css":""},"product_brand":[],"product_cat":[31],"product_tag":[],"class_list":{"0":"post-939","1":"product","2":"type-product","3":"status-publish","4":"has-post-thumbnail","6":"product_cat-rfid-sticker-labels","8":"first","9":"instock","10":"shipping-taxable","11":"purchasable","12":"product-type-simple"},"_links":{"self":[{"href":"https:\/\/www.cxjsmartcard.com\/pl\/wp-json\/wp\/v2\/product\/939","targetHints":{"allow":["GET"]}}],"collection":[{"href":"https:\/\/www.cxjsmartcard.com\/pl\/wp-json\/wp\/v2\/product"}],"about":[{"href":"https:\/\/www.cxjsmartcard.com\/pl\/wp-json\/wp\/v2\/types\/product"}],"wp:featuredmedia":[{"embeddable":true,"href":"https:\/\/www.cxjsmartcard.com\/pl\/wp-json\/wp\/v2\/media\/940"}],"wp:attachment":[{"href":"https:\/\/www.cxjsmartcard.com\/pl\/wp-json\/wp\/v2\/media?parent=939"}],"wp:term":[{"taxonomy":"product_brand","embeddable":true,"href":"https:\/\/www.cxjsmartcard.com\/pl\/wp-json\/wp\/v2\/product_brand?post=939"},{"taxonomy":"product_cat","embeddable":true,"href":"https:\/\/www.cxjsmartcard.com\/pl\/wp-json\/wp\/v2\/product_cat?post=939"},{"taxonomy":"product_tag","embeddable":true,"href":"https:\/\/www.cxjsmartcard.com\/pl\/wp-json\/wp\/v2\/product_tag?post=939"}],"curies":[{"name":"wp","href":"https:\/\/api.w.org\/{rel}","templated":true}]}}