{"id":935,"date":"2025-11-03T09:24:58","date_gmt":"2025-11-03T09:24:58","guid":{"rendered":"https:\/\/www.cxjsmartcard.com\/?post_type=product&#038;p=935"},"modified":"2025-12-29T01:27:07","modified_gmt":"2025-12-29T01:27:07","slug":"uhf-rfid-label-for-logistics-warehouse-management","status":"publish","type":"product","link":"https:\/\/www.cxjsmartcard.com\/pl\/uhf-rfid-label-for-logistics-warehouse-management\/","title":{"rendered":"Etykieta RFID UHF do zarz\u0105dzania logistyk\u0105 i magazynem"},"content":{"rendered":"<p data-start=\"63\" data-end=\"390\">Wielkoformatowa etykieta logistyczna RFID UHF do szybkiego i niezawodnego skanowania wielokrotnego odczytu na paletach, kartonach i p\u00f3\u0142kach. Zbudowana na platformie NXP UCODE 9 i dost\u0119pna z powierzchniami z papieru termicznego, PET lub PP, obs\u0142uguje wysokonak\u0142adowe procesy drukowania\/kodowania oraz druk bez u\u017cycia ta\u015bmy barwi\u0105cej, gdy jest to potrzebne.<\/p>\n<p data-start=\"392\" data-end=\"410\"><strong data-start=\"392\" data-end=\"408\">G\u0142\u00f3wne cechy<\/strong><\/p>\n<ul data-start=\"411\" data-end=\"673\">\n<li data-start=\"411\" data-end=\"452\">\n<p data-start=\"413\" data-end=\"452\">Zgodno\u015b\u0107 z EPC Gen2 \/ ISO\/IEC 18000-6C<\/p>\n<\/li>\n<li data-start=\"453\" data-end=\"523\">\n<p data-start=\"455\" data-end=\"523\">Wydajno\u015b\u0107 UCODE 9: szybka inwentaryzacja, odczyty zbiorcze i mo\u017cliwo\u015b\u0107 \u015bledzenia<\/p>\n<\/li>\n<li data-start=\"524\" data-end=\"602\">\n<p data-start=\"526\" data-end=\"602\">Powierzchnie gotowe do druku: papier termiczny, papier powlekany, PET, papier syntetyczny PP<\/p>\n<\/li>\n<li data-start=\"603\" data-end=\"673\">\n<p data-start=\"605\" data-end=\"673\">Niestandardowe rozmiary i uk\u0142ady anten; inicjalizacja danych (kodowanie EPC)<\/p>\n<\/li>\n<\/ul>\n<p data-start=\"675\" data-end=\"836\"><strong data-start=\"675\" data-end=\"691\">Aplikacje<\/strong><br data-start=\"691\" data-end=\"694\" \/>Etykietowanie magazyn\u00f3w i centr\u00f3w dystrybucji \u2022 Palety, skrzynie i pojemniki \u2022 Prze\u0142adunek i sk\u0142adowanie \u2022 Etykiety wysy\u0142kowe w miejscach, gdzie instalacja ta\u015bmy jest niewygodna.<\/p>\n<p data-start=\"838\" data-end=\"966\"><strong data-start=\"838\" data-end=\"861\">Drukowanie i kodowanie<\/strong><br data-start=\"861\" data-end=\"864\" \/>Transfer termiczny, sitodruk i inne niestandardowe nadruki z kodowaniem wst\u0119pnym EPC do wdro\u017cenia pod klucz.<\/p>\n<h2 data-start=\"968\" data-end=\"993\">Tabela (Specyfikacja)<\/h2>\n<div class=\"_tableContainer_1rjym_1\">\n<div class=\"group _tableWrapper_1rjym_13 flex w-fit flex-col-reverse\" tabindex=\"-1\">\n<table class=\"w-fit min-w-(--thread-content-width)\" data-start=\"995\" data-end=\"2418\">\n<thead data-start=\"995\" data-end=\"1087\">\n<tr data-start=\"995\" data-end=\"1087\">\n<th data-start=\"995\" data-end=\"1014\" data-col-size=\"sm\">Kategoria<\/th>\n<th data-start=\"1014\" data-end=\"1040\" data-col-size=\"sm\">Parametr<\/th>\n<th data-start=\"1040\" data-end=\"1087\" data-col-size=\"md\">Warto\u015b\u0107<\/th>\n<\/tr>\n<\/thead>\n<tbody data-start=\"1181\" data-end=\"2418\">\n<tr data-start=\"1181\" data-end=\"1289\">\n<td data-start=\"1181\" data-end=\"1200\" data-col-size=\"sm\">Produkt<\/td>\n<td data-start=\"1200\" data-end=\"1226\" data-col-size=\"sm\">Nazwa<\/td>\n<td data-col-size=\"md\" data-start=\"1226\" data-end=\"1289\">Naklejka z etykiet\u0105 RFID UHF do zarz\u0105dzania logistyk\u0105 i magazynowaniem<\/td>\n<\/tr>\n<tr data-start=\"1290\" data-end=\"1382\">\n<td data-start=\"1290\" data-end=\"1309\" data-col-size=\"sm\">Uk\u0142ad scalony<\/td>\n<td data-col-size=\"sm\" data-start=\"1309\" data-end=\"1335\">\u017beton<\/td>\n<td data-col-size=\"md\" data-start=\"1335\" data-end=\"1382\">NXP UCODE 9 (konfigurowalny)<\/td>\n<\/tr>\n<tr data-start=\"1383\" data-end=\"1475\">\n<td data-start=\"1383\" data-end=\"1402\" data-col-size=\"sm\">RF<\/td>\n<td data-start=\"1402\" data-end=\"1428\" data-col-size=\"sm\">Protok\u00f3\u0142<\/td>\n<td data-col-size=\"md\" data-start=\"1428\" data-end=\"1475\">ISO\/IEC 18000-6C; EPCglobal Klasa 1 Gen 2<\/td>\n<\/tr>\n<tr data-start=\"1476\" data-end=\"1568\">\n<td data-start=\"1476\" data-end=\"1495\" data-col-size=\"sm\">Pami\u0119\u0107<\/td>\n<td data-start=\"1495\" data-end=\"1521\" data-col-size=\"sm\">TID \/ EPC \/ U\u017cytkownik<\/td>\n<td data-col-size=\"md\" data-start=\"1521\" data-end=\"1568\">96 bit\u00f3w \/ 96 bit\u00f3w \/ 0 bit\u00f3w<\/td>\n<\/tr>\n<tr data-start=\"1569\" data-end=\"1661\">\n<td data-start=\"1569\" data-end=\"1588\" data-col-size=\"sm\">Etykieta<\/td>\n<td data-col-size=\"sm\" data-start=\"1588\" data-end=\"1614\">Rozmiar<\/td>\n<td data-col-size=\"md\" data-start=\"1614\" data-end=\"1661\">152 \u00d7 101 mm (dost\u0119pne inne rozmiary)<\/td>\n<\/tr>\n<tr data-start=\"1662\" data-end=\"1754\">\n<td data-start=\"1662\" data-end=\"1681\" data-col-size=\"sm\">Antena<\/td>\n<td data-col-size=\"sm\" data-start=\"1681\" data-end=\"1707\">Rozmiar<\/td>\n<td data-col-size=\"md\" data-start=\"1707\" data-end=\"1754\">94,8 \u00d7 8,14 mm (projekt referencyjny)<\/td>\n<\/tr>\n<tr data-start=\"1755\" data-end=\"1856\">\n<td data-start=\"1755\" data-end=\"1774\" data-col-size=\"sm\">Materia\u0142y wierzchnie<\/td>\n<td data-col-size=\"sm\" data-start=\"1774\" data-end=\"1800\">Opcje<\/td>\n<td data-col-size=\"md\" data-start=\"1800\" data-end=\"1856\">Papier termiczny; papier powlekany; PET; papier syntetyczny PP<\/td>\n<\/tr>\n<tr data-start=\"1857\" data-end=\"1949\">\n<td data-start=\"1857\" data-end=\"1876\" data-col-size=\"sm\">Druk<\/td>\n<td data-col-size=\"sm\" data-start=\"1876\" data-end=\"1902\">Metody<\/td>\n<td data-col-size=\"md\" data-start=\"1902\" data-end=\"1949\">Transfer termiczny; sitodruk; na zam\u00f3wienie<\/td>\n<\/tr>\n<tr data-start=\"1950\" data-end=\"2043\">\n<td data-start=\"1950\" data-end=\"1969\" data-col-size=\"sm\">Us\u0142ugi danych<\/td>\n<td data-start=\"1969\" data-end=\"1995\" data-col-size=\"sm\">Inicjalizacja<\/td>\n<td data-col-size=\"md\" data-start=\"1995\" data-end=\"2043\">Kodowanie EPC<\/td>\n<\/tr>\n<tr data-start=\"2044\" data-end=\"2137\">\n<td data-start=\"2044\" data-end=\"2063\" data-col-size=\"sm\">\u015arodowisko<\/td>\n<td data-col-size=\"sm\" data-start=\"2063\" data-end=\"2089\">Operacyjny<\/td>\n<td data-col-size=\"md\" data-start=\"2089\" data-end=\"2137\">0\u201360 \u2103; 20\u201380% RH<\/td>\n<\/tr>\n<tr data-start=\"2138\" data-end=\"2231\">\n<td data-start=\"2138\" data-end=\"2157\" data-col-size=\"sm\"><\/td>\n<td data-start=\"2157\" data-end=\"2183\" data-col-size=\"sm\">Sk\u0142adowanie<\/td>\n<td data-col-size=\"md\" data-start=\"2183\" data-end=\"2231\">20\u201330 \u2103; 20\u201360% RH<\/td>\n<\/tr>\n<tr data-start=\"2232\" data-end=\"2324\">\n<td data-start=\"2232\" data-end=\"2251\" data-col-size=\"sm\">Korzy\u015bci<\/td>\n<td data-col-size=\"sm\" data-start=\"2251\" data-end=\"2277\">Przegl\u0105d najwa\u017cniejszych wydarze\u0144<\/td>\n<td data-col-size=\"md\" data-start=\"2277\" data-end=\"2324\">Szybkie czytanie, wielokrotne czytanie, mo\u017cliwo\u015b\u0107 \u015bledzenia<\/td>\n<\/tr>\n<tr data-start=\"2325\" data-end=\"2418\">\n<td data-start=\"2325\" data-end=\"2344\" data-col-size=\"sm\">Przypadki u\u017cycia<\/td>\n<td data-col-size=\"sm\" data-start=\"2344\" data-end=\"2370\">Typowe zastosowania<\/td>\n<td data-col-size=\"md\" data-start=\"2370\" data-end=\"2418\">Logistyka, magazynowanie, druk bez ta\u015bmy barwi\u0105cej<\/td>\n<\/tr>\n<\/tbody>\n<\/table>\n<\/div>\n<\/div>","protected":false},"excerpt":{"rendered":"<p>Du\u017ca etykieta logistyczna RFID UHF z kodem UCODE 9 umo\u017cliwiaj\u0105ca szybkie i dok\u0142adne odczyty wielokrotne. Format 152 \u00d7 101 mm, powierzchnie termiczne\/PET\/PP i kodowanie EPC do magazynowania o du\u017cej obj\u0119to\u015bci.<\/p>","protected":false},"featured_media":936,"template":"","meta":{"_gspb_post_css":""},"product_brand":[],"product_cat":[31],"product_tag":[],"class_list":{"0":"post-935","1":"product","2":"type-product","3":"status-publish","4":"has-post-thumbnail","6":"product_cat-rfid-sticker-labels","8":"first","9":"instock","10":"shipping-taxable","11":"purchasable","12":"product-type-simple"},"_links":{"self":[{"href":"https:\/\/www.cxjsmartcard.com\/pl\/wp-json\/wp\/v2\/product\/935","targetHints":{"allow":["GET"]}}],"collection":[{"href":"https:\/\/www.cxjsmartcard.com\/pl\/wp-json\/wp\/v2\/product"}],"about":[{"href":"https:\/\/www.cxjsmartcard.com\/pl\/wp-json\/wp\/v2\/types\/product"}],"wp:featuredmedia":[{"embeddable":true,"href":"https:\/\/www.cxjsmartcard.com\/pl\/wp-json\/wp\/v2\/media\/936"}],"wp:attachment":[{"href":"https:\/\/www.cxjsmartcard.com\/pl\/wp-json\/wp\/v2\/media?parent=935"}],"wp:term":[{"taxonomy":"product_brand","embeddable":true,"href":"https:\/\/www.cxjsmartcard.com\/pl\/wp-json\/wp\/v2\/product_brand?post=935"},{"taxonomy":"product_cat","embeddable":true,"href":"https:\/\/www.cxjsmartcard.com\/pl\/wp-json\/wp\/v2\/product_cat?post=935"},{"taxonomy":"product_tag","embeddable":true,"href":"https:\/\/www.cxjsmartcard.com\/pl\/wp-json\/wp\/v2\/product_tag?post=935"}],"curies":[{"name":"wp","href":"https:\/\/api.w.org\/{rel}","templated":true}]}}