{"id":930,"date":"2025-11-03T09:22:49","date_gmt":"2025-11-03T09:22:49","guid":{"rendered":"https:\/\/www.cxjsmartcard.com\/?post_type=product&#038;p=930"},"modified":"2025-12-29T01:27:07","modified_gmt":"2025-12-29T01:27:07","slug":"uv-resistant-rfid-zip-cable-ties-self-locking","status":"publish","type":"product","link":"https:\/\/www.cxjsmartcard.com\/pl\/uv-resistant-rfid-zip-cable-ties-self-locking\/","title":{"rendered":"Opaski zaciskowe RFID odporne na promieniowanie UV (samozaciskaj\u0105ce)"},"content":{"rendered":"<p data-start=\"59\" data-end=\"334\">Samozaciskaj\u0105ce si\u0119 opaski zaciskowe RFID \u0142\u0105cz\u0105 plomb\u0119 zabezpieczaj\u0105c\u0105 przed manipulacj\u0105 z identyfikacj\u0105 UHF i NFC. Obudowa z tworzywa ABS\/PP, odporna na promieniowanie UV i warunki atmosferyczne, posiada klas\u0119 ochrony IP68, co umo\u017cliwia u\u017cytkowanie na zewn\u0105trz, a wbudowany uk\u0142ad scalony umo\u017cliwia szybkie skanowanie zasob\u00f3w, pojemnik\u00f3w i wi\u0105zek kabli.<\/p>\n<p data-start=\"336\" data-end=\"354\"><strong data-start=\"336\" data-end=\"352\">G\u0142\u00f3wne cechy<\/strong><\/p>\n<ul data-start=\"355\" data-end=\"676\">\n<li data-start=\"355\" data-end=\"420\">\n<p data-start=\"357\" data-end=\"420\">Podw\u00f3jne opcje RF: UHF 860\u2013960 MHz (EPC C1G2) i NFC 13,56 MHz<\/p>\n<\/li>\n<li data-start=\"421\" data-end=\"474\">\n<p data-start=\"423\" data-end=\"474\">Plomba zabezpieczaj\u0105ca przed manipulacj\u0105 z ultrad\u017awi\u0119kowym zamkni\u0119ciem<\/p>\n<\/li>\n<li data-start=\"475\" data-end=\"530\">\n<p data-start=\"477\" data-end=\"530\">Zasi\u0119g odczytu UHF 2\u20135 m (zale\u017cnie od \u015brodowiska\/czytnika)<\/p>\n<\/li>\n<li data-start=\"531\" data-end=\"601\">\n<p data-start=\"533\" data-end=\"601\">Trwa\u0142e: ognioodporne i odporne na dzia\u0142anie kwas\u00f3w, odporne na starzenie, odporne na promieniowanie UV i warunki atmosferyczne<\/p>\n<\/li>\n<li data-start=\"602\" data-end=\"676\">\n<p data-start=\"604\" data-end=\"676\">Mo\u017cliwo\u015b\u0107 dostosowania: drukowanie\/znakowanie laserowe, kody QR\/kreskowe\/numerowanie, kodowanie EPC<\/p>\n<\/li>\n<\/ul>\n<p data-start=\"678\" data-end=\"809\"><strong data-start=\"678\" data-end=\"694\">Aplikacje<\/strong><br data-start=\"694\" data-end=\"697\" \/>Zbiorniki i kontenery na gaz \u2022 Zarz\u0105dzanie kablami\/przewodami \u2022 Pakowanie odzie\u017cy i tekstyli\u00f3w \u2022 \u015aledzenie zasob\u00f3w i logistyki.<\/p>\n<p data-start=\"811\" data-end=\"961\"><strong data-start=\"811\" data-end=\"827\">Instalacja<\/strong><br data-start=\"827\" data-end=\"830\" \/>Przeci\u0105gnij wi\u0105zanie przez przedmiot i poci\u0105gnij, aby je zablokowa\u0107. Aby zawiesi\u0107 identyfikator, u\u017cyj wbudowanego otworu, aby go zawiesi\u0107 lub zwi\u0105za\u0107 w razie potrzeby.<\/p>\n<h2 data-start=\"963\" data-end=\"988\">Tabela (Specyfikacja)<\/h2>\n<div class=\"_tableContainer_1rjym_1\">\n<div class=\"group _tableWrapper_1rjym_13 flex w-fit flex-col-reverse\" tabindex=\"-1\">\n<table class=\"w-fit min-w-(--thread-content-width)\" data-start=\"990\" data-end=\"3617\">\n<thead data-start=\"990\" data-end=\"1103\">\n<tr data-start=\"990\" data-end=\"1103\">\n<th data-start=\"990\" data-end=\"1014\" data-col-size=\"sm\">Kategoria<\/th>\n<th data-start=\"1014\" data-end=\"1042\" data-col-size=\"sm\">Parametr<\/th>\n<th data-start=\"1042\" data-end=\"1103\" data-col-size=\"md\">Warto\u015b\u0107<\/th>\n<\/tr>\n<\/thead>\n<tbody data-start=\"1218\" data-end=\"3617\">\n<tr data-start=\"1218\" data-end=\"1331\">\n<td data-start=\"1218\" data-end=\"1242\" data-col-size=\"sm\">Produkt<\/td>\n<td data-start=\"1242\" data-end=\"1270\" data-col-size=\"sm\">Typ<\/td>\n<td data-start=\"1270\" data-end=\"1331\" data-col-size=\"md\">Opaska zaciskowa \/ etykieta plombuj\u0105ca RFID<\/td>\n<\/tr>\n<tr data-start=\"1332\" data-end=\"1445\">\n<td data-start=\"1332\" data-end=\"1356\" data-col-size=\"sm\">Mieszkania<\/td>\n<td data-start=\"1356\" data-end=\"1384\" data-col-size=\"sm\">Rozmiar<\/td>\n<td data-start=\"1384\" data-end=\"1445\" data-col-size=\"md\">88 \u00d7 28 mm<\/td>\n<\/tr>\n<tr data-start=\"1446\" data-end=\"1559\">\n<td data-start=\"1446\" data-end=\"1470\" data-col-size=\"sm\">Opaska kablowa<\/td>\n<td data-col-size=\"sm\" data-start=\"1470\" data-end=\"1498\">D\u0142ugo\u015b\u0107<\/td>\n<td data-col-size=\"md\" data-start=\"1498\" data-end=\"1559\">300 mm<\/td>\n<\/tr>\n<tr data-start=\"1560\" data-end=\"1673\">\n<td data-start=\"1560\" data-end=\"1584\" data-col-size=\"sm\">Przybory<\/td>\n<td data-start=\"1584\" data-end=\"1612\" data-col-size=\"sm\">Cia\u0142o<\/td>\n<td data-start=\"1612\" data-end=\"1673\" data-col-size=\"md\">ABS \/ PP<\/td>\n<\/tr>\n<tr data-start=\"1674\" data-end=\"1787\">\n<td data-start=\"1674\" data-end=\"1698\" data-col-size=\"sm\">Waga<\/td>\n<td data-col-size=\"sm\" data-start=\"1698\" data-end=\"1726\">Oko\u0142o.<\/td>\n<td data-col-size=\"md\" data-start=\"1726\" data-end=\"1787\">5 gram\u00f3w<\/td>\n<\/tr>\n<tr data-start=\"1788\" data-end=\"1901\">\n<td data-start=\"1788\" data-end=\"1812\" data-col-size=\"sm\">Zabarwienie<\/td>\n<td data-start=\"1812\" data-end=\"1840\" data-col-size=\"sm\">Opcje<\/td>\n<td data-col-size=\"md\" data-start=\"1840\" data-end=\"1901\">Czarny, niebieski, czerwony, \u017c\u00f3\u0142ty<\/td>\n<\/tr>\n<tr data-start=\"1902\" data-end=\"2015\">\n<td data-start=\"1902\" data-end=\"1926\" data-col-size=\"sm\">Cz\u0119stotliwo\u015b\u0107 radiowa (UHF)<\/td>\n<td data-col-size=\"sm\" data-start=\"1926\" data-end=\"1954\">Cz\u0119stotliwo\u015b\u0107 \/ Protok\u00f3\u0142<\/td>\n<td data-col-size=\"md\" data-start=\"1954\" data-end=\"2015\">860\u2013960 MHz; ISO\/IEC 18000-6C, EPC Klasa 1 Gen 2<\/td>\n<\/tr>\n<tr data-start=\"2016\" data-end=\"2129\">\n<td data-start=\"2016\" data-end=\"2040\" data-col-size=\"sm\">RF (NFC)<\/td>\n<td data-col-size=\"sm\" data-start=\"2040\" data-end=\"2068\">Cz\u0119stotliwo\u015b\u0107 \/ Protok\u00f3\u0142<\/td>\n<td data-col-size=\"md\" data-start=\"2068\" data-end=\"2129\">13,56 MHz; ISO\/IEC 14443\/15693 (zale\u017cnie od uk\u0142adu)<\/td>\n<\/tr>\n<tr data-start=\"2130\" data-end=\"2247\">\n<td data-start=\"2130\" data-end=\"2154\" data-col-size=\"sm\">Opcje IC<\/td>\n<td data-start=\"2154\" data-end=\"2182\" data-col-size=\"sm\">Frytki<\/td>\n<td data-col-size=\"md\" data-start=\"2182\" data-end=\"2247\">UCODE 9 (default); NTAG213\/215\/216; Alien H3\/H4; Impinj Monza<\/td>\n<\/tr>\n<tr data-start=\"2248\" data-end=\"2361\">\n<td data-start=\"2248\" data-end=\"2272\" data-col-size=\"sm\">Pami\u0119\u0107<\/td>\n<td data-col-size=\"sm\" data-start=\"2272\" data-end=\"2300\">EPC (UHF)<\/td>\n<td data-col-size=\"md\" data-start=\"2300\" data-end=\"2361\">128 bit\u00f3w<\/td>\n<\/tr>\n<tr data-start=\"2362\" data-end=\"2475\">\n<td data-start=\"2362\" data-end=\"2386\" data-col-size=\"sm\">Wydajno\u015b\u0107<\/td>\n<td data-start=\"2386\" data-end=\"2414\" data-col-size=\"sm\">Zasi\u0119g odczytu (UHF)<\/td>\n<td data-col-size=\"md\" data-start=\"2414\" data-end=\"2475\">2\u20135 m (zale\u017cnie od czytelnika\/\u015brodowiska)<\/td>\n<\/tr>\n<tr data-start=\"2476\" data-end=\"2589\">\n<td data-start=\"2476\" data-end=\"2500\" data-col-size=\"sm\">Niezawodno\u015b\u0107<\/td>\n<td data-col-size=\"sm\" data-start=\"2500\" data-end=\"2528\">Przechowywanie danych<\/td>\n<td data-col-size=\"md\" data-start=\"2528\" data-end=\"2589\">&gt;10 lat<\/td>\n<\/tr>\n<tr data-start=\"2590\" data-end=\"2703\">\n<td data-start=\"2590\" data-end=\"2614\" data-col-size=\"sm\">Wytrzyma\u0142o\u015b\u0107<\/td>\n<td data-col-size=\"sm\" data-start=\"2614\" data-end=\"2642\">Przepisuje<\/td>\n<td data-col-size=\"md\" data-start=\"2642\" data-end=\"2703\">100 000 razy<\/td>\n<\/tr>\n<tr data-start=\"2704\" data-end=\"2817\">\n<td data-start=\"2704\" data-end=\"2728\" data-col-size=\"sm\">Ochrona<\/td>\n<td data-col-size=\"sm\" data-start=\"2728\" data-end=\"2756\">Stopie\u0144 wodoodporno\u015bci<\/td>\n<td data-col-size=\"md\" data-start=\"2756\" data-end=\"2817\">IP68<\/td>\n<\/tr>\n<tr data-start=\"2818\" data-end=\"2931\">\n<td data-start=\"2818\" data-end=\"2842\" data-col-size=\"sm\">\u015arodowisko<\/td>\n<td data-start=\"2842\" data-end=\"2870\" data-col-size=\"sm\">Temperatura pracy<\/td>\n<td data-col-size=\"md\" data-start=\"2870\" data-end=\"2931\">od \u221220 \u2103 do +80 \u2103<\/td>\n<\/tr>\n<tr data-start=\"2932\" data-end=\"3045\">\n<td data-start=\"2932\" data-end=\"2956\" data-col-size=\"sm\">Przetwarzanie<\/td>\n<td data-col-size=\"sm\" data-start=\"2956\" data-end=\"2984\">Kapsu\u0142kowanie<\/td>\n<td data-col-size=\"md\" data-start=\"2984\" data-end=\"3045\">Ultrad\u017awi\u0119kowy<\/td>\n<\/tr>\n<tr data-start=\"3046\" data-end=\"3159\">\n<td data-start=\"3046\" data-end=\"3070\" data-col-size=\"sm\">Zgodno\u015b\u0107<\/td>\n<td data-col-size=\"sm\" data-start=\"3070\" data-end=\"3098\">Normy \u015brodowiskowe<\/td>\n<td data-col-size=\"md\" data-start=\"3098\" data-end=\"3159\">Zgodny z RoHS<\/td>\n<\/tr>\n<tr data-start=\"3160\" data-end=\"3273\">\n<td data-start=\"3160\" data-end=\"3184\" data-col-size=\"sm\">Personalizacja<\/td>\n<td data-col-size=\"sm\" data-start=\"3184\" data-end=\"3212\">Drukowanie\/Znakowanie<\/td>\n<td data-col-size=\"md\" data-start=\"3212\" data-end=\"3273\">Logo, tekst, kod QR, kod kreskowy, numer seryjny; zapis EPC\/danych<\/td>\n<\/tr>\n<tr data-start=\"3274\" data-end=\"3387\">\n<td data-start=\"3274\" data-end=\"3298\" data-col-size=\"sm\">Montowanie<\/td>\n<td data-col-size=\"sm\" data-start=\"3298\" data-end=\"3326\">Metody<\/td>\n<td data-col-size=\"md\" data-start=\"3326\" data-end=\"3387\">Blokada lub zawieszenie wi\u0105zki<\/td>\n<\/tr>\n<tr data-start=\"3388\" data-end=\"3501\">\n<td data-start=\"3388\" data-end=\"3412\" data-col-size=\"sm\">\u017bywotno\u015b\u0107<\/td>\n<td data-col-size=\"sm\" data-start=\"3412\" data-end=\"3440\">Typowy<\/td>\n<td data-col-size=\"md\" data-start=\"3440\" data-end=\"3501\">&gt;2 lata<\/td>\n<\/tr>\n<tr data-start=\"3502\" data-end=\"3617\">\n<td data-start=\"3502\" data-end=\"3526\" data-col-size=\"sm\">Kluczowe atrybuty<\/td>\n<td data-col-size=\"sm\" data-start=\"3526\" data-end=\"3554\">Trwa\u0142o\u015b\u0107<\/td>\n<td data-col-size=\"md\" data-start=\"3554\" data-end=\"3617\">Odporne na promieniowanie UV, py\u0142oszczelne, ognioodporne i kwasoodporne, odporne na starzenie<\/td>\n<\/tr>\n<\/tbody>\n<\/table>\n<\/div>\n<\/div>","protected":false},"excerpt":{"rendered":"<p>Opaska zaciskowa RFID odporna na promieniowanie UV z ochron\u0105 IP68 \u2014 opcje UHF i NFC, zasi\u0119g 2\u20135 m, konstrukcja zabezpieczaj\u0105ca przed manipulacj\u0105 oraz mo\u017cliwo\u015b\u0107 personalizacji nadruku na zasobach, pojemnikach i wi\u0105zkach kabli.<\/p>","protected":false},"featured_media":933,"template":"","meta":{"_gspb_post_css":""},"product_brand":[],"product_cat":[31],"product_tag":[],"class_list":{"0":"post-930","1":"product","2":"type-product","3":"status-publish","4":"has-post-thumbnail","6":"product_cat-rfid-sticker-labels","8":"first","9":"instock","10":"shipping-taxable","11":"purchasable","12":"product-type-simple"},"_links":{"self":[{"href":"https:\/\/www.cxjsmartcard.com\/pl\/wp-json\/wp\/v2\/product\/930","targetHints":{"allow":["GET"]}}],"collection":[{"href":"https:\/\/www.cxjsmartcard.com\/pl\/wp-json\/wp\/v2\/product"}],"about":[{"href":"https:\/\/www.cxjsmartcard.com\/pl\/wp-json\/wp\/v2\/types\/product"}],"wp:featuredmedia":[{"embeddable":true,"href":"https:\/\/www.cxjsmartcard.com\/pl\/wp-json\/wp\/v2\/media\/933"}],"wp:attachment":[{"href":"https:\/\/www.cxjsmartcard.com\/pl\/wp-json\/wp\/v2\/media?parent=930"}],"wp:term":[{"taxonomy":"product_brand","embeddable":true,"href":"https:\/\/www.cxjsmartcard.com\/pl\/wp-json\/wp\/v2\/product_brand?post=930"},{"taxonomy":"product_cat","embeddable":true,"href":"https:\/\/www.cxjsmartcard.com\/pl\/wp-json\/wp\/v2\/product_cat?post=930"},{"taxonomy":"product_tag","embeddable":true,"href":"https:\/\/www.cxjsmartcard.com\/pl\/wp-json\/wp\/v2\/product_tag?post=930"}],"curies":[{"name":"wp","href":"https:\/\/api.w.org\/{rel}","templated":true}]}}