{"id":926,"date":"2025-11-03T09:20:40","date_gmt":"2025-11-03T09:20:40","guid":{"rendered":"https:\/\/www.cxjsmartcard.com\/?post_type=product&#038;p=926"},"modified":"2025-12-29T01:27:07","modified_gmt":"2025-12-29T01:27:07","slug":"rfid-jeans-hang-tag-860-960-mhz","status":"publish","type":"product","link":"https:\/\/www.cxjsmartcard.com\/pl\/rfid-jeans-hang-tag-860-960-mhz\/","title":{"rendered":"Zawieszka RFID do jeans\u00f3w (860\u2013960 MHz)"},"content":{"rendered":"<p data-start=\"45\" data-end=\"330\">Niestandardowe zawieszki RFID UHF do jeans\u00f3w i odzie\u017cy z szybkim, wieloodczytowym odczytem EPC Gen2. Zaprojektowane z my\u015bl\u0105 o inwentaryzacji odzie\u017cy, \u0142a\u0144cuchu dostaw i handlu detalicznym, te zawieszki obs\u0142uguj\u0105 128-bitowe kodowanie EPC i materia\u0142y wierzchnie z mo\u017cliwo\u015bci\u0105 brandingu, zapewniaj\u0105c p\u0142ynny przep\u0142yw pracy w sklepach i magazynach.<\/p>\n<p data-start=\"332\" data-end=\"350\"><strong data-start=\"332\" data-end=\"348\">G\u0142\u00f3wne cechy<\/strong><\/p>\n<ul data-start=\"351\" data-end=\"869\">\n<li data-start=\"351\" data-end=\"414\">\n<p data-start=\"353\" data-end=\"414\"><strong data-start=\"353\" data-end=\"370\">Standard UHF:<\/strong> ISO\/IEC 18000-6C, EPCglobal Klasa 1 Gen 2<\/p>\n<\/li>\n<li data-start=\"415\" data-end=\"453\">\n<p data-start=\"417\" data-end=\"453\"><strong data-start=\"417\" data-end=\"427\">Frytki:<\/strong> M730, U9 (konfigurowalny)<\/p>\n<\/li>\n<li data-start=\"454\" data-end=\"557\">\n<p data-start=\"456\" data-end=\"557\"><strong data-start=\"456\" data-end=\"477\">Odczyt wydajno\u015bci:<\/strong> Szybkie odczytywanie i niezawodne odczytywanie wielu znacznik\u00f3w; obs\u0142uga \u015bledzenia od pocz\u0105tku do ko\u0144ca<\/p>\n<\/li>\n<li data-start=\"558\" data-end=\"626\">\n<p data-start=\"560\" data-end=\"626\"><strong data-start=\"560\" data-end=\"576\">Wsp\u00f3\u0142czynnik kszta\u0142tu:<\/strong> Etykieta 83 \u00d7 25 mm z anten\u0105 \u201cpasow\u0105\u201d 70 \u00d7 14 mm<\/p>\n<\/li>\n<li data-start=\"627\" data-end=\"713\">\n<p data-start=\"629\" data-end=\"713\"><strong data-start=\"629\" data-end=\"648\">Materia\u0142y wierzchnie:<\/strong> Papier artystyczny, PET, papier syntetyczny PP; inne materia\u0142y na zam\u00f3wienie<\/p>\n<\/li>\n<li data-start=\"714\" data-end=\"803\">\n<p data-start=\"716\" data-end=\"803\"><strong data-start=\"716\" data-end=\"729\">Druk:<\/strong> Termotransfer, sitodruk i druk niestandardowy (logo\/tekst\/grafika)<\/p>\n<\/li>\n<li data-start=\"804\" data-end=\"869\">\n<p data-start=\"806\" data-end=\"869\"><strong data-start=\"806\" data-end=\"824\">Us\u0142ugi danych:<\/strong> Dost\u0119pne kodowanie EPC\/inicjalizacja danych<\/p>\n<\/li>\n<\/ul>\n<p data-start=\"871\" data-end=\"982\"><strong data-start=\"871\" data-end=\"887\">Aplikacje<\/strong><br data-start=\"887\" data-end=\"890\" \/>Zarz\u0105dzanie zapasami odzie\u017cy i obuwia \u2022 \u0141a\u0144cuch dostaw odzie\u017cy \u2022 Zarz\u0105dzanie sprzeda\u017c\u0105 detaliczn\u0105 odzie\u017cy.<\/p>\n<p data-start=\"984\" data-end=\"1073\"><strong data-start=\"984\" data-end=\"1007\">Operacje i magazynowanie<\/strong><br data-start=\"1007\" data-end=\"1010\" \/>Podczas pracy: 0\u201360 \u2103 przy wilgotno\u015bci wzgl\u0119dnej 20\u201380\u00b0C \u2022 Przechowywanie: 20\u201330 \u2103 przy wilgotno\u015bci wzgl\u0119dnej 20\u201360\u00b0C.<\/p>\n<h2 data-start=\"1075\" data-end=\"1100\">Tabela (Specyfikacja)<\/h2>\n<div class=\"_tableContainer_1rjym_1\">\n<div class=\"group _tableWrapper_1rjym_13 flex w-fit flex-col-reverse\" tabindex=\"-1\">\n<table class=\"w-fit min-w-(--thread-content-width)\" data-start=\"1102\" data-end=\"2831\">\n<thead data-start=\"1102\" data-end=\"1209\">\n<tr data-start=\"1102\" data-end=\"1209\">\n<th data-start=\"1102\" data-end=\"1120\" data-col-size=\"sm\">Kategoria<\/th>\n<th data-start=\"1120\" data-end=\"1148\" data-col-size=\"sm\">Parametr<\/th>\n<th data-start=\"1148\" data-end=\"1209\" data-col-size=\"md\">Warto\u015b\u0107<\/th>\n<\/tr>\n<\/thead>\n<tbody data-start=\"1318\" data-end=\"2831\">\n<tr data-start=\"1318\" data-end=\"1425\">\n<td data-start=\"1318\" data-end=\"1336\" data-col-size=\"sm\">Produkt<\/td>\n<td data-col-size=\"sm\" data-start=\"1336\" data-end=\"1364\">Nazwa<\/td>\n<td data-col-size=\"md\" data-start=\"1364\" data-end=\"1425\">Etykiety RFID do \u015bledzenia ubra\u0144<\/td>\n<\/tr>\n<tr data-start=\"1426\" data-end=\"1533\">\n<td data-start=\"1426\" data-end=\"1444\" data-col-size=\"sm\">RF<\/td>\n<td data-start=\"1444\" data-end=\"1472\" data-col-size=\"sm\">Cz\u0119stotliwo\u015b\u0107<\/td>\n<td data-col-size=\"md\" data-start=\"1472\" data-end=\"1533\">860\u2013960 MHz (UHF)<\/td>\n<\/tr>\n<tr data-start=\"1534\" data-end=\"1641\">\n<td data-start=\"1534\" data-end=\"1552\" data-col-size=\"sm\"><\/td>\n<td data-start=\"1552\" data-end=\"1580\" data-col-size=\"sm\">Protok\u00f3\u0142<\/td>\n<td data-col-size=\"md\" data-start=\"1580\" data-end=\"1641\">ISO\/IEC 18000-6C; EPCglobal Klasa 1 Gen 2<\/td>\n<\/tr>\n<tr data-start=\"1642\" data-end=\"1749\">\n<td data-start=\"1642\" data-end=\"1660\" data-col-size=\"sm\">Opcje IC<\/td>\n<td data-start=\"1660\" data-end=\"1688\" data-col-size=\"sm\">\u017beton<\/td>\n<td data-col-size=\"md\" data-start=\"1688\" data-end=\"1749\">M730; U9 (inne mo\u017cna dostosowa\u0107)<\/td>\n<\/tr>\n<tr data-start=\"1750\" data-end=\"1857\">\n<td data-start=\"1750\" data-end=\"1768\" data-col-size=\"sm\">Pami\u0119\u0107<\/td>\n<td data-col-size=\"sm\" data-start=\"1768\" data-end=\"1796\">EPC \/ U\u017cytkownik<\/td>\n<td data-col-size=\"md\" data-start=\"1796\" data-end=\"1857\">128 bit\u00f3w \/ 0 bit\u00f3w<\/td>\n<\/tr>\n<tr data-start=\"1858\" data-end=\"1965\">\n<td data-start=\"1858\" data-end=\"1876\" data-col-size=\"sm\">Wymiary<\/td>\n<td data-col-size=\"sm\" data-start=\"1876\" data-end=\"1904\">Rozmiar etykiety<\/td>\n<td data-col-size=\"md\" data-start=\"1904\" data-end=\"1965\">83 \u00d7 25 mm (mo\u017cliwo\u015b\u0107 dostosowania)<\/td>\n<\/tr>\n<tr data-start=\"1966\" data-end=\"2073\">\n<td data-start=\"1966\" data-end=\"1984\" data-col-size=\"sm\">Antena<\/td>\n<td data-col-size=\"sm\" data-start=\"1984\" data-end=\"2012\">Rozmiar \/ Styl<\/td>\n<td data-col-size=\"md\" data-start=\"2012\" data-end=\"2073\">70 \u00d7 14 mm; uk\u0142ad \u201cpasowy\u201d<\/td>\n<\/tr>\n<tr data-start=\"2074\" data-end=\"2181\">\n<td data-start=\"2074\" data-end=\"2092\" data-col-size=\"sm\">Przybory<\/td>\n<td data-col-size=\"sm\" data-start=\"2092\" data-end=\"2120\">Opcje twarzy<\/td>\n<td data-col-size=\"md\" data-start=\"2120\" data-end=\"2181\">Papier artystyczny; PET; papier syntetyczny PP; niestandardowy<\/td>\n<\/tr>\n<tr data-start=\"2182\" data-end=\"2289\">\n<td data-start=\"2182\" data-end=\"2200\" data-col-size=\"sm\">Druk<\/td>\n<td data-col-size=\"sm\" data-start=\"2200\" data-end=\"2228\">Metody<\/td>\n<td data-col-size=\"md\" data-start=\"2228\" data-end=\"2289\">Termotransfer, sitodruk, inne niestandardowe nadruki<\/td>\n<\/tr>\n<tr data-start=\"2290\" data-end=\"2397\">\n<td data-start=\"2290\" data-end=\"2308\" data-col-size=\"sm\">Personalizacja<\/td>\n<td data-col-size=\"sm\" data-start=\"2308\" data-end=\"2336\">Inicjalizacja danych<\/td>\n<td data-col-size=\"md\" data-start=\"2336\" data-end=\"2397\">Kodowanie EPC<\/td>\n<\/tr>\n<tr data-start=\"2398\" data-end=\"2505\">\n<td data-start=\"2398\" data-end=\"2416\" data-col-size=\"sm\">\u015arodowisko<\/td>\n<td data-start=\"2416\" data-end=\"2444\" data-col-size=\"sm\">Warunki pracy<\/td>\n<td data-col-size=\"md\" data-start=\"2444\" data-end=\"2505\">0\u201360 \u2103; 20\u201380% RH<\/td>\n<\/tr>\n<tr data-start=\"2506\" data-end=\"2613\">\n<td data-start=\"2506\" data-end=\"2524\" data-col-size=\"sm\"><\/td>\n<td data-start=\"2524\" data-end=\"2552\" data-col-size=\"sm\">Warunki przechowywania<\/td>\n<td data-col-size=\"md\" data-start=\"2552\" data-end=\"2613\">20\u201330 \u2103; 20\u201360% RH<\/td>\n<\/tr>\n<tr data-start=\"2614\" data-end=\"2721\">\n<td data-start=\"2614\" data-end=\"2632\" data-col-size=\"sm\">Korzy\u015bci<\/td>\n<td data-col-size=\"sm\" data-start=\"2632\" data-end=\"2660\">Przegl\u0105d najwa\u017cniejszych wydarze\u0144<\/td>\n<td data-col-size=\"md\" data-start=\"2660\" data-end=\"2721\">Szybkie czytanie, wielokrotne czytanie, mo\u017cliwo\u015b\u0107 \u015bledzenia<\/td>\n<\/tr>\n<tr data-start=\"2722\" data-end=\"2831\">\n<td data-start=\"2722\" data-end=\"2740\" data-col-size=\"sm\">Przypadki u\u017cycia<\/td>\n<td data-start=\"2740\" data-end=\"2768\" data-col-size=\"sm\">Typowe zastosowania<\/td>\n<td data-col-size=\"md\" data-start=\"2768\" data-end=\"2831\">Zapasy odzie\u017cy i obuwia; \u0142a\u0144cuch dostaw odzie\u017cy; handel detaliczny<\/td>\n<\/tr>\n<\/tbody>\n<\/table>\n<\/div>\n<\/div>","protected":false},"excerpt":{"rendered":"<p>Metka UHF EPC Gen2 do jeans\u00f3w i odzie\u017cy \u2014 etykieta 83 \u00d7 25 mm z anten\u0105 70 \u00d7 14 mm, uk\u0142ady M730\/U9, 128-bitowy EPC, szybki odczyt wielokrotny oraz mo\u017cliwo\u015b\u0107 dostosowania drukowania\/kodowania.<\/p>","protected":false},"featured_media":927,"template":"","meta":{"_gspb_post_css":""},"product_brand":[],"product_cat":[31],"product_tag":[],"class_list":{"0":"post-926","1":"product","2":"type-product","3":"status-publish","4":"has-post-thumbnail","6":"product_cat-rfid-sticker-labels","8":"first","9":"instock","10":"shipping-taxable","11":"purchasable","12":"product-type-simple"},"_links":{"self":[{"href":"https:\/\/www.cxjsmartcard.com\/pl\/wp-json\/wp\/v2\/product\/926","targetHints":{"allow":["GET"]}}],"collection":[{"href":"https:\/\/www.cxjsmartcard.com\/pl\/wp-json\/wp\/v2\/product"}],"about":[{"href":"https:\/\/www.cxjsmartcard.com\/pl\/wp-json\/wp\/v2\/types\/product"}],"wp:featuredmedia":[{"embeddable":true,"href":"https:\/\/www.cxjsmartcard.com\/pl\/wp-json\/wp\/v2\/media\/927"}],"wp:attachment":[{"href":"https:\/\/www.cxjsmartcard.com\/pl\/wp-json\/wp\/v2\/media?parent=926"}],"wp:term":[{"taxonomy":"product_brand","embeddable":true,"href":"https:\/\/www.cxjsmartcard.com\/pl\/wp-json\/wp\/v2\/product_brand?post=926"},{"taxonomy":"product_cat","embeddable":true,"href":"https:\/\/www.cxjsmartcard.com\/pl\/wp-json\/wp\/v2\/product_cat?post=926"},{"taxonomy":"product_tag","embeddable":true,"href":"https:\/\/www.cxjsmartcard.com\/pl\/wp-json\/wp\/v2\/product_tag?post=926"}],"curies":[{"name":"wp","href":"https:\/\/api.w.org\/{rel}","templated":true}]}}