{"id":922,"date":"2025-11-03T09:18:04","date_gmt":"2025-11-03T09:18:04","guid":{"rendered":"https:\/\/www.cxjsmartcard.com\/?post_type=product&#038;p=922"},"modified":"2025-12-29T01:27:07","modified_gmt":"2025-12-29T01:27:07","slug":"led-light-uhf-rfid-label-sticker","status":"publish","type":"product","link":"https:\/\/www.cxjsmartcard.com\/pl\/led-light-uhf-rfid-label-sticker\/","title":{"rendered":"Naklejka z etykiet\u0105 LED UHF RFID"},"content":{"rendered":"<p data-start=\"44\" data-end=\"365\">Etykieta RFID UHF o du\u017cym zasi\u0119gu z wbudowan\u0105 diod\u0105 LED do natychmiastowej lokalizacji wizualnej. Zaprojektowana do szybkiego odczytu partii z odleg\u0142o\u015bci ponad 10 m, umo\u017cliwiaj\u0105c jednocze\u015bnie wy\u015bwietlanie w czasie rzeczywistym sygna\u0142\u00f3w LED na etykiecie, co pozwala na precyzyjn\u0105 lokalizacj\u0119 przedmiot\u00f3w na p\u00f3\u0142kach, pojemnikach lub rega\u0142ach. Wytrzyma\u0142a, wielokrotnego u\u017cytku konstrukcja sprawdza si\u0119 w logistyce o du\u017cym wolumenie, handlu detalicznym, s\u0142u\u017cbie zdrowia i organizacji imprez.<\/p>\n<p data-start=\"367\" data-end=\"385\"><strong data-start=\"367\" data-end=\"383\">Dlaczego to pomaga<\/strong><\/p>\n<ul data-start=\"386\" data-end=\"981\">\n<li data-start=\"386\" data-end=\"474\">\n<p data-start=\"388\" data-end=\"474\"><strong data-start=\"388\" data-end=\"422\">Wydajne skanowanie dalekiego zasi\u0119gu:<\/strong> Odczyty partiami bez konieczno\u015bci patrzenia na wy\u015bwietlacz, odleg\u0142o\u015b\u0107 powy\u017cej 10 metr\u00f3w.<\/p>\n<\/li>\n<li data-start=\"475\" data-end=\"584\">\n<p data-start=\"477\" data-end=\"584\"><strong data-start=\"477\" data-end=\"502\">Widoczno\u015b\u0107 w czasie rzeczywistym:<\/strong> Migaj\u0105ce diody LED wskazuj\u0105 lokalizacj\u0119 lub status (np. pobieranie\/odk\u0142adanie, niski stan magazynowy).<\/p>\n<\/li>\n<li data-start=\"585\" data-end=\"663\">\n<p data-start=\"587\" data-end=\"663\"><strong data-start=\"587\" data-end=\"607\">Wy\u017csza dok\u0142adno\u015b\u0107:<\/strong> Zredukuj liczb\u0119 b\u0142\u0119d\u00f3w r\u0119cznych i usprawnij zautomatyzowane przep\u0142ywy pracy.<\/p>\n<\/li>\n<li data-start=\"664\" data-end=\"756\">\n<p data-start=\"666\" data-end=\"756\"><strong data-start=\"666\" data-end=\"695\">Programowalna elastyczno\u015b\u0107:<\/strong> Zdalne sterowanie zachowaniem diod LED w celu dostosowania ich do r\u00f3\u017cnych scenariuszy.<\/p>\n<\/li>\n<li data-start=\"757\" data-end=\"846\">\n<p data-start=\"759\" data-end=\"846\"><strong data-start=\"759\" data-end=\"785\">Trwa\u0142o\u015b\u0107 przemys\u0142owa:<\/strong> Zaprojektowane do wielokrotnego u\u017cytku, ze stabiln\u0105 wydajno\u015bci\u0105 RF i LED.<\/p>\n<\/li>\n<li data-start=\"847\" data-end=\"921\">\n<p data-start=\"849\" data-end=\"921\"><strong data-start=\"849\" data-end=\"872\">Wykorzystanie wielu scenariuszy:<\/strong> Magazynowanie, handel detaliczny, zasoby medyczne i inne.<\/p>\n<\/li>\n<li data-start=\"922\" data-end=\"981\">\n<p data-start=\"924\" data-end=\"981\"><strong data-start=\"924\" data-end=\"942\">D\u0142ugoterminowy zwrot z inwestycji:<\/strong> Mniej pracy i strat, szybsze audyty.<\/p>\n<\/li>\n<\/ul>\n<p data-start=\"983\" data-end=\"1203\"><strong data-start=\"983\" data-end=\"1007\">Typowe zastosowania<\/strong><br data-start=\"1007\" data-end=\"1010\" \/>Bezpieczna kontrola wst\u0119pu \u2022 Bezgot\u00f3wkowe cz\u0142onkostwo\/lojalno\u015b\u0107 \u2022 Dost\u0119p do wydarze\u0144 i branding \u2022 Punkty spo\u0142eczno\u015bciowe\/marketingowe \u2022 Dzia\u0142alno\u015b\u0107 detaliczna \u2022 Elektronika i targi \u2022 Gry i zabawki \u2022 Inteligentne wizyt\u00f3wki.<\/p>\n<h2 data-start=\"1205\" data-end=\"1230\">Tabela (Specyfikacja)<\/h2>\n<div class=\"_tableContainer_1rjym_1\">\n<div class=\"group _tableWrapper_1rjym_13 flex w-fit flex-col-reverse\" tabindex=\"-1\">\n<table class=\"w-fit min-w-(--thread-content-width)\" data-start=\"1232\" data-end=\"3463\">\n<thead data-start=\"1232\" data-end=\"1355\">\n<tr data-start=\"1232\" data-end=\"1355\">\n<th data-start=\"1232\" data-end=\"1258\" data-col-size=\"sm\">Kategoria<\/th>\n<th data-start=\"1258\" data-end=\"1294\" data-col-size=\"sm\">Parametr<\/th>\n<th data-start=\"1294\" data-end=\"1355\" data-col-size=\"md\">Warto\u015b\u0107<\/th>\n<\/tr>\n<\/thead>\n<tbody data-start=\"1480\" data-end=\"3463\">\n<tr data-start=\"1480\" data-end=\"1603\">\n<td data-start=\"1480\" data-end=\"1506\" data-col-size=\"sm\">Produkt<\/td>\n<td data-col-size=\"sm\" data-start=\"1506\" data-end=\"1542\">Typ<\/td>\n<td data-col-size=\"md\" data-start=\"1542\" data-end=\"1603\">Naklejka z etykiet\u0105 LED UHF RFID<\/td>\n<\/tr>\n<tr data-start=\"1604\" data-end=\"1727\">\n<td data-start=\"1604\" data-end=\"1630\" data-col-size=\"sm\">Uk\u0142ad scalony<\/td>\n<td data-start=\"1630\" data-end=\"1666\" data-col-size=\"sm\">\u017beton<\/td>\n<td data-start=\"1666\" data-end=\"1727\" data-col-size=\"md\">KX2005X-BL<\/td>\n<\/tr>\n<tr data-start=\"1728\" data-end=\"1851\">\n<td data-start=\"1728\" data-end=\"1754\" data-col-size=\"sm\">RF<\/td>\n<td data-start=\"1754\" data-end=\"1790\" data-col-size=\"sm\">Cz\u0119stotliwo\u015b\u0107<\/td>\n<td data-col-size=\"md\" data-start=\"1790\" data-end=\"1851\">860\u2013960 MHz<\/td>\n<\/tr>\n<tr data-start=\"1852\" data-end=\"1975\">\n<td data-start=\"1852\" data-end=\"1878\" data-col-size=\"sm\"><\/td>\n<td data-col-size=\"sm\" data-start=\"1878\" data-end=\"1914\">Protok\u00f3\u0142<\/td>\n<td data-col-size=\"md\" data-start=\"1914\" data-end=\"1975\">ISO\/IEC 18000-6C, EPC Klasa 1 Gen 2<\/td>\n<\/tr>\n<tr data-start=\"1976\" data-end=\"2099\">\n<td data-start=\"1976\" data-end=\"2002\" data-col-size=\"sm\">Dzia\u0142anie<\/td>\n<td data-col-size=\"sm\" data-start=\"2002\" data-end=\"2038\">Tryb pracy<\/td>\n<td data-col-size=\"md\" data-start=\"2038\" data-end=\"2099\">Pasywny<\/td>\n<\/tr>\n<tr data-start=\"2100\" data-end=\"2223\">\n<td data-start=\"2100\" data-end=\"2126\" data-col-size=\"sm\">Odczyt wydajno\u015bci<\/td>\n<td data-start=\"2126\" data-end=\"2162\" data-col-size=\"sm\">Typowy zakres<\/td>\n<td data-col-size=\"md\" data-start=\"2162\" data-end=\"2223\">10 m+ (zale\u017cnie od czytelnika\/\u015brodowiska)<\/td>\n<\/tr>\n<tr data-start=\"2224\" data-end=\"2347\">\n<td data-start=\"2224\" data-end=\"2250\" data-col-size=\"sm\">Antena<\/td>\n<td data-col-size=\"sm\" data-start=\"2250\" data-end=\"2286\">Typ \/ Rozmiar<\/td>\n<td data-col-size=\"md\" data-start=\"2286\" data-end=\"2347\">Trawienie aluminium, 95 \u00d7 18,5 mm<\/td>\n<\/tr>\n<tr data-start=\"2348\" data-end=\"2471\">\n<td data-start=\"2348\" data-end=\"2374\" data-col-size=\"sm\">Format<\/td>\n<td data-col-size=\"sm\" data-start=\"2374\" data-end=\"2410\">Mokra wk\u0142adka \/ rozmiar etykiety<\/td>\n<td data-col-size=\"md\" data-start=\"2410\" data-end=\"2471\">100 \u00d7 52 mm (mo\u017cliwo\u015b\u0107 dostosowania)<\/td>\n<\/tr>\n<tr data-start=\"2472\" data-end=\"2595\">\n<td data-start=\"2472\" data-end=\"2498\" data-col-size=\"sm\">Przybory<\/td>\n<td data-start=\"2498\" data-end=\"2534\" data-col-size=\"sm\">Twarz \/ Konstrukcje<\/td>\n<td data-col-size=\"md\" data-start=\"2534\" data-end=\"2595\">Papier powlekany, PET, papier syntetyczny, papier termiczny, niestandardowy<\/td>\n<\/tr>\n<tr data-start=\"2596\" data-end=\"2719\">\n<td data-start=\"2596\" data-end=\"2622\" data-col-size=\"sm\">Drukowanie i znakowanie<\/td>\n<td data-col-size=\"sm\" data-start=\"2622\" data-end=\"2658\">Metody<\/td>\n<td data-col-size=\"md\" data-start=\"2658\" data-end=\"2719\">Nadruk pe\u0142nokolorowy, logo, kod kreskowy, kod QR, numer seryjny<\/td>\n<\/tr>\n<tr data-start=\"2720\" data-end=\"2843\">\n<td data-start=\"2720\" data-end=\"2746\" data-col-size=\"sm\">Niezawodno\u015b\u0107<\/td>\n<td data-col-size=\"sm\" data-start=\"2746\" data-end=\"2782\">\u017bycie IC<\/td>\n<td data-col-size=\"md\" data-start=\"2782\" data-end=\"2843\">100 000 cykli programowania; 10-letnie przechowywanie danych<\/td>\n<\/tr>\n<tr data-start=\"2844\" data-end=\"2967\">\n<td data-start=\"2844\" data-end=\"2870\" data-col-size=\"sm\">\u015arodowisko (u\u017cytkowanie)<\/td>\n<td data-col-size=\"sm\" data-start=\"2870\" data-end=\"2906\">Temperatura\/wilgotno\u015b\u0107 robocza<\/td>\n<td data-col-size=\"md\" data-start=\"2906\" data-end=\"2967\">\u221225 do +50 \u2103 \/ 20\u201380% RH<\/td>\n<\/tr>\n<tr data-start=\"2968\" data-end=\"3091\">\n<td data-start=\"2968\" data-end=\"2994\" data-col-size=\"sm\">\u015arodowisko (przechowywanie)<\/td>\n<td data-col-size=\"sm\" data-start=\"2994\" data-end=\"3030\">Temperatura\/wilgotno\u015b\u0107 przechowywania<\/td>\n<td data-col-size=\"md\" data-start=\"3030\" data-end=\"3091\">+23 \u2103 \u00b15 \u2103 \/ 50% \u00b110% RH (bez kondensacji)<\/td>\n<\/tr>\n<tr data-start=\"3092\" data-end=\"3215\">\n<td data-start=\"3092\" data-end=\"3118\" data-col-size=\"sm\">Opakowanie<\/td>\n<td data-col-size=\"sm\" data-start=\"3118\" data-end=\"3154\">Rolka \/ Karton<\/td>\n<td data-col-size=\"md\" data-start=\"3154\" data-end=\"3215\">1000\u20135000 szt. na rolk\u0119; 4 rolki w kartonie<\/td>\n<\/tr>\n<tr data-start=\"3216\" data-end=\"3339\">\n<td data-start=\"3216\" data-end=\"3242\" data-col-size=\"sm\">Pr\u00f3bki<\/td>\n<td data-start=\"3242\" data-end=\"3278\" data-col-size=\"sm\">Dost\u0119pno\u015b\u0107<\/td>\n<td data-col-size=\"md\" data-start=\"3278\" data-end=\"3339\">Bezp\u0142atna pr\u00f3bka do test\u00f3w jako\u015bciowych<\/td>\n<\/tr>\n<tr data-start=\"3340\" data-end=\"3463\">\n<td data-start=\"3340\" data-end=\"3366\" data-col-size=\"sm\">Rozwi\u0105zania<\/td>\n<td data-start=\"3366\" data-end=\"3402\" data-col-size=\"sm\">Przyk\u0142adowe wdro\u017cenia<\/td>\n<td data-col-size=\"md\" data-start=\"3402\" data-end=\"3463\">Magazynowanie, handel detaliczny, \u015bledzenie zasob\u00f3w medycznych, wydarzenia<\/td>\n<\/tr>\n<\/tbody>\n<\/table>\n<\/div>\n<\/div>","protected":false},"excerpt":{"rendered":"<p>Etykieta UHF RFID ze zintegrowan\u0105 diod\u0105 LED umo\u017cliwiaj\u0105ca odczyt z odleg\u0142o\u015bci ponad 10 m i natychmiastow\u0105 lokalizacj\u0119 wizualn\u0105 \u2014 pasywna konstrukcja EPC Gen2, powierzchnia nadaj\u0105ca si\u0119 do zadruku i trwa\u0142a konstrukcja do zastosowa\u0144 w handlu detalicznym, magazynach, s\u0142u\u017cbie zdrowia i na imprezach.<\/p>","protected":false},"featured_media":923,"template":"","meta":{"_gspb_post_css":""},"product_brand":[],"product_cat":[31],"product_tag":[],"class_list":{"0":"post-922","1":"product","2":"type-product","3":"status-publish","4":"has-post-thumbnail","6":"product_cat-rfid-sticker-labels","8":"first","9":"instock","10":"shipping-taxable","11":"purchasable","12":"product-type-simple"},"_links":{"self":[{"href":"https:\/\/www.cxjsmartcard.com\/pl\/wp-json\/wp\/v2\/product\/922","targetHints":{"allow":["GET"]}}],"collection":[{"href":"https:\/\/www.cxjsmartcard.com\/pl\/wp-json\/wp\/v2\/product"}],"about":[{"href":"https:\/\/www.cxjsmartcard.com\/pl\/wp-json\/wp\/v2\/types\/product"}],"wp:featuredmedia":[{"embeddable":true,"href":"https:\/\/www.cxjsmartcard.com\/pl\/wp-json\/wp\/v2\/media\/923"}],"wp:attachment":[{"href":"https:\/\/www.cxjsmartcard.com\/pl\/wp-json\/wp\/v2\/media?parent=922"}],"wp:term":[{"taxonomy":"product_brand","embeddable":true,"href":"https:\/\/www.cxjsmartcard.com\/pl\/wp-json\/wp\/v2\/product_brand?post=922"},{"taxonomy":"product_cat","embeddable":true,"href":"https:\/\/www.cxjsmartcard.com\/pl\/wp-json\/wp\/v2\/product_cat?post=922"},{"taxonomy":"product_tag","embeddable":true,"href":"https:\/\/www.cxjsmartcard.com\/pl\/wp-json\/wp\/v2\/product_tag?post=922"}],"curies":[{"name":"wp","href":"https:\/\/api.w.org\/{rel}","templated":true}]}}