{"id":917,"date":"2025-11-03T09:15:33","date_gmt":"2025-11-03T09:15:33","guid":{"rendered":"https:\/\/www.cxjsmartcard.com\/?post_type=product&#038;p=917"},"modified":"2025-12-29T01:27:07","modified_gmt":"2025-12-29T01:27:07","slug":"dogbone-uhf-rfid-wet-inlay-tags-for-marathon-race-timing","status":"publish","type":"product","link":"https:\/\/www.cxjsmartcard.com\/pl\/dogbone-uhf-rfid-wet-inlay-tags-for-marathon-race-timing\/","title":{"rendered":"Znaczniki Dogbone UHF RFID Wet Inlay do pomiaru czasu w maratonach"},"content":{"rendered":"<p data-start=\"68\" data-end=\"357\">Wk\u0142adka UHF EPC Gen2 na mokro z anten\u0105 typu dogbone, zoptymalizowana pod k\u0105tem niezawodnego pomiaru czasu uczestnik\u00f3w masowych. Etykieta PET o wymiarach 97 \u00d7 27 mm z anten\u0105 typu dogbone o wymiarach 94 \u00d7 24 mm zapewnia szybkie odczyty wielu numer\u00f3w startowych i odzie\u017cy oraz \u0142atw\u0105 integracj\u0119 z procesami drukowania\/kodowania o du\u017cej obj\u0119to\u015bci.<\/p>\n<p data-start=\"359\" data-end=\"377\"><strong data-start=\"359\" data-end=\"375\">G\u0142\u00f3wne cechy<\/strong><\/p>\n<ul data-start=\"378\" data-end=\"690\">\n<li data-start=\"378\" data-end=\"419\">\n<p data-start=\"380\" data-end=\"419\">Szeroka cz\u0119stotliwo\u015b\u0107 robocza: 840\u2013960 MHz<\/p>\n<\/li>\n<li data-start=\"420\" data-end=\"465\">\n<p data-start=\"422\" data-end=\"465\">Zgodno\u015b\u0107 z UHF EPC Gen2 \/ ISO\/IEC 18000-6C<\/p>\n<\/li>\n<li data-start=\"466\" data-end=\"543\">\n<p data-start=\"468\" data-end=\"543\">Uk\u0142ad anteny Dogbone zapewniaj\u0105cy silne i stabilne odczyty na numerach startowych\/odzie\u017cy biegaczy<\/p>\n<\/li>\n<li data-start=\"544\" data-end=\"608\">\n<p data-start=\"546\" data-end=\"608\">Przezroczysta powierzchnia z PET; dostarczana jako wk\u0142adka mokra (warstwa klej\u0105ca)<\/p>\n<\/li>\n<li data-start=\"609\" data-end=\"690\">\n<p data-start=\"611\" data-end=\"690\">Gotowo\u015b\u0107 do druku\/kodowania: termotransfer lub sitodruk; obs\u0142uga wst\u0119pnego kodowania EPC<\/p>\n<\/li>\n<\/ul>\n<p data-start=\"692\" data-end=\"858\"><strong data-start=\"692\" data-end=\"708\">Aplikacje<\/strong><br data-start=\"708\" data-end=\"711\" \/>Pomiar czasu w maratonach i wy\u015bcigach szosowych \u2022 Zawody triathlonowe\/kolarskie \u2022 Oznaczanie numer\u00f3w startowych i but\u00f3w \u2022 Etykietowanie zasob\u00f3w przeznaczonych do pracy w trudnych warunkach, gdzie wymagany jest szybki odczyt wielu obiekt\u00f3w.<\/p>\n<p data-start=\"860\" data-end=\"949\"><strong data-start=\"860\" data-end=\"883\">Operacje i magazynowanie<\/strong><br data-start=\"883\" data-end=\"886\" \/>Podczas pracy: 0\u201360 \u2103 przy wilgotno\u015bci wzgl\u0119dnej 20\u201380\u00b0C \u2022 Przechowywanie: 20\u201330 \u2103 przy wilgotno\u015bci wzgl\u0119dnej 20\u201360\u00b0C.<\/p>\n<h2 data-start=\"951\" data-end=\"976\">Tabela (Specyfikacja)<\/h2>\n<div class=\"_tableContainer_1rjym_1\">\n<div class=\"group _tableWrapper_1rjym_13 flex w-fit flex-col-reverse\" tabindex=\"-1\">\n<table class=\"w-fit min-w-(--thread-content-width)\" data-start=\"978\" data-end=\"2352\">\n<thead data-start=\"978\" data-end=\"1062\">\n<tr data-start=\"978\" data-end=\"1062\">\n<th data-start=\"978\" data-end=\"996\" data-col-size=\"sm\">Kategoria<\/th>\n<th data-start=\"996\" data-end=\"1019\" data-col-size=\"sm\">Parametr<\/th>\n<th data-start=\"1019\" data-end=\"1062\" data-col-size=\"md\">Warto\u015b\u0107<\/th>\n<\/tr>\n<\/thead>\n<tbody data-start=\"1148\" data-end=\"2352\">\n<tr data-start=\"1148\" data-end=\"1232\">\n<td data-start=\"1148\" data-end=\"1166\" data-col-size=\"sm\">Produkt<\/td>\n<td data-start=\"1166\" data-end=\"1189\" data-col-size=\"sm\">Nazwa<\/td>\n<td data-start=\"1189\" data-end=\"1232\" data-col-size=\"md\">Dogbone UHF RFID Wet Inlay<\/td>\n<\/tr>\n<tr data-start=\"1233\" data-end=\"1318\">\n<td data-start=\"1233\" data-end=\"1251\" data-col-size=\"sm\">Uk\u0142ad scalony<\/td>\n<td data-start=\"1251\" data-end=\"1274\" data-col-size=\"sm\">\u017beton<\/td>\n<td data-col-size=\"md\" data-start=\"1274\" data-end=\"1318\">U8<\/td>\n<\/tr>\n<tr data-start=\"1319\" data-end=\"1404\">\n<td data-start=\"1319\" data-end=\"1337\" data-col-size=\"sm\">RF<\/td>\n<td data-col-size=\"sm\" data-start=\"1337\" data-end=\"1360\">Cz\u0119stotliwo\u015b\u0107<\/td>\n<td data-col-size=\"md\" data-start=\"1360\" data-end=\"1404\">840\u2013960 MHz<\/td>\n<\/tr>\n<tr data-start=\"1405\" data-end=\"1490\">\n<td data-start=\"1405\" data-end=\"1423\" data-col-size=\"sm\"><\/td>\n<td data-col-size=\"sm\" data-start=\"1423\" data-end=\"1446\">Protok\u00f3\u0142<\/td>\n<td data-col-size=\"md\" data-start=\"1446\" data-end=\"1490\">ISO\/IEC 18000-6C; EPCglobal Klasa 1 Gen 2<\/td>\n<\/tr>\n<tr data-start=\"1491\" data-end=\"1576\">\n<td data-start=\"1491\" data-end=\"1509\" data-col-size=\"sm\">Pami\u0119\u0107<\/td>\n<td data-col-size=\"sm\" data-start=\"1509\" data-end=\"1532\">TID \/ EPC \/ U\u017cytkownik<\/td>\n<td data-col-size=\"md\" data-start=\"1532\" data-end=\"1576\">48 bit\u00f3w \/ 128 bit\u00f3w \/ 0 bit\u00f3w<\/td>\n<\/tr>\n<tr data-start=\"1577\" data-end=\"1662\">\n<td data-start=\"1577\" data-end=\"1595\" data-col-size=\"sm\">Etykieta<\/td>\n<td data-start=\"1595\" data-end=\"1618\" data-col-size=\"sm\">Rozmiar<\/td>\n<td data-start=\"1618\" data-end=\"1662\" data-col-size=\"md\">97 \u00d7 27 mm<\/td>\n<\/tr>\n<tr data-start=\"1663\" data-end=\"1748\">\n<td data-start=\"1663\" data-end=\"1681\" data-col-size=\"sm\">Antena<\/td>\n<td data-col-size=\"sm\" data-start=\"1681\" data-end=\"1704\">Rozmiar \/ Kszta\u0142t<\/td>\n<td data-col-size=\"md\" data-start=\"1704\" data-end=\"1748\">94 \u00d7 24 mm, ko\u015b\u0107 dla psa<\/td>\n<\/tr>\n<tr data-start=\"1749\" data-end=\"1834\">\n<td data-start=\"1749\" data-end=\"1767\" data-col-size=\"sm\">Twarz<\/td>\n<td data-start=\"1767\" data-end=\"1790\" data-col-size=\"sm\">Tworzywo<\/td>\n<td data-col-size=\"md\" data-start=\"1790\" data-end=\"1834\">Przezroczysty PET<\/td>\n<\/tr>\n<tr data-start=\"1835\" data-end=\"1920\">\n<td data-start=\"1835\" data-end=\"1853\" data-col-size=\"sm\">Druk<\/td>\n<td data-start=\"1853\" data-end=\"1876\" data-col-size=\"sm\">Metody<\/td>\n<td data-start=\"1876\" data-end=\"1920\" data-col-size=\"md\">Termotransfer; sitodruk<\/td>\n<\/tr>\n<tr data-start=\"1921\" data-end=\"2007\">\n<td data-start=\"1921\" data-end=\"1939\" data-col-size=\"sm\">Dane<\/td>\n<td data-col-size=\"sm\" data-start=\"1939\" data-end=\"1962\">Inicjalizacja<\/td>\n<td data-col-size=\"md\" data-start=\"1962\" data-end=\"2007\">Dost\u0119pne kodowanie EPC<\/td>\n<\/tr>\n<tr data-start=\"2008\" data-end=\"2093\">\n<td data-start=\"2008\" data-end=\"2026\" data-col-size=\"sm\">\u015arodowisko<\/td>\n<td data-start=\"2026\" data-end=\"2049\" data-col-size=\"sm\">Operacyjny<\/td>\n<td data-col-size=\"md\" data-start=\"2049\" data-end=\"2093\">0\u201360 \u2103; 20\u201380% RH<\/td>\n<\/tr>\n<tr data-start=\"2094\" data-end=\"2180\">\n<td data-start=\"2094\" data-end=\"2112\" data-col-size=\"sm\"><\/td>\n<td data-start=\"2112\" data-end=\"2135\" data-col-size=\"sm\">Sk\u0142adowanie<\/td>\n<td data-col-size=\"md\" data-start=\"2135\" data-end=\"2180\">20\u201330 \u2103; 20\u201360% RH<\/td>\n<\/tr>\n<tr data-start=\"2181\" data-end=\"2266\">\n<td data-start=\"2181\" data-end=\"2199\" data-col-size=\"sm\">Korzy\u015bci<\/td>\n<td data-col-size=\"sm\" data-start=\"2199\" data-end=\"2222\">Przegl\u0105d najwa\u017cniejszych wydarze\u0144<\/td>\n<td data-col-size=\"md\" data-start=\"2222\" data-end=\"2266\">Szybkie czytanie, wielokrotne czytanie, mo\u017cliwo\u015b\u0107 \u015bledzenia<\/td>\n<\/tr>\n<tr data-start=\"2267\" data-end=\"2352\">\n<td data-start=\"2267\" data-end=\"2285\" data-col-size=\"sm\">Przypadki u\u017cycia<\/td>\n<td data-col-size=\"sm\" data-start=\"2285\" data-end=\"2308\">Typowe zastosowania<\/td>\n<td data-col-size=\"md\" data-start=\"2308\" data-end=\"2352\">Pomiar czasu wy\u015bcigu, znakowanie numer\u00f3w startowych\/but\u00f3w, zasoby<\/td>\n<\/tr>\n<\/tbody>\n<\/table>\n<\/div>\n<\/div>","protected":false},"excerpt":{"rendered":"<p>Wk\u0142adka Dogbone UHF EPC Gen2 do pomiaru czasu w maratonie \u2014 etykieta PET o wymiarach 97 \u00d7 27 mm z anten\u0105 typu dogbone o wymiarach 94 \u00d7 24 mm, uk\u0142ad U8, gotowa do druku\/kodowania, zapewniaj\u0105ca szybk\u0105 obs\u0142ug\u0119 wielu odczyt\u00f3w.<\/p>","protected":false},"featured_media":918,"template":"","meta":{"_gspb_post_css":""},"product_brand":[],"product_cat":[31],"product_tag":[],"class_list":{"0":"post-917","1":"product","2":"type-product","3":"status-publish","4":"has-post-thumbnail","6":"product_cat-rfid-sticker-labels","8":"first","9":"instock","10":"shipping-taxable","11":"purchasable","12":"product-type-simple"},"_links":{"self":[{"href":"https:\/\/www.cxjsmartcard.com\/pl\/wp-json\/wp\/v2\/product\/917","targetHints":{"allow":["GET"]}}],"collection":[{"href":"https:\/\/www.cxjsmartcard.com\/pl\/wp-json\/wp\/v2\/product"}],"about":[{"href":"https:\/\/www.cxjsmartcard.com\/pl\/wp-json\/wp\/v2\/types\/product"}],"wp:featuredmedia":[{"embeddable":true,"href":"https:\/\/www.cxjsmartcard.com\/pl\/wp-json\/wp\/v2\/media\/918"}],"wp:attachment":[{"href":"https:\/\/www.cxjsmartcard.com\/pl\/wp-json\/wp\/v2\/media?parent=917"}],"wp:term":[{"taxonomy":"product_brand","embeddable":true,"href":"https:\/\/www.cxjsmartcard.com\/pl\/wp-json\/wp\/v2\/product_brand?post=917"},{"taxonomy":"product_cat","embeddable":true,"href":"https:\/\/www.cxjsmartcard.com\/pl\/wp-json\/wp\/v2\/product_cat?post=917"},{"taxonomy":"product_tag","embeddable":true,"href":"https:\/\/www.cxjsmartcard.com\/pl\/wp-json\/wp\/v2\/product_tag?post=917"}],"curies":[{"name":"wp","href":"https:\/\/api.w.org\/{rel}","templated":true}]}}