{"id":913,"date":"2025-11-03T09:13:58","date_gmt":"2025-11-03T09:13:58","guid":{"rendered":"https:\/\/www.cxjsmartcard.com\/?post_type=product&#038;p=913"},"modified":"2025-12-29T01:27:07","modified_gmt":"2025-12-29T01:27:07","slug":"dogbone-m830-rfid-foam-tags-for-marathon-timing","status":"publish","type":"product","link":"https:\/\/www.cxjsmartcard.com\/pl\/dogbone-m830-rfid-foam-tags-for-marathon-timing\/","title":{"rendered":"Tagi piankowe RFID DogBone M830 do pomiaru czasu w maratonach"},"content":{"rendered":"<p data-start=\"59\" data-end=\"320\">Piankowe znaczniki czasu UHF EPC Gen2 z wk\u0142adk\u0105 DogBone M830 zapewniaj\u0105 szybki i dok\u0142adny odczyt na punktach kontrolnych. Piankowa przek\u0142adka poprawia komfort u\u017cytkowania, umo\u017cliwiaj\u0105c niezawodny odczyt wielokrotnego pomiaru czasu z numer\u00f3w startowych lub znacznik\u00f3w but\u00f3w w trudnych warunkach zewn\u0119trznych.<\/p>\n<p data-start=\"322\" data-end=\"340\"><strong data-start=\"322\" data-end=\"338\">G\u0142\u00f3wne cechy<\/strong><\/p>\n<ul data-start=\"341\" data-end=\"655\">\n<li data-start=\"341\" data-end=\"403\">\n<p data-start=\"343\" data-end=\"403\">Wk\u0142adka UHF M830, EPCglobal Class 1 Gen 2 \/ ISO\/IEC 18000-6C<\/p>\n<\/li>\n<li data-start=\"404\" data-end=\"451\">\n<p data-start=\"406\" data-end=\"451\">48-bitowy TID, 128-bitowy EPC (0-bitowa pami\u0119\u0107 u\u017cytkownika)<\/p>\n<\/li>\n<li data-start=\"452\" data-end=\"515\">\n<p data-start=\"454\" data-end=\"515\">Uk\u0142ad anteny typu \u201edog-bone\u201d zoptymalizowany pod k\u0105tem szybko\u015bci i czu\u0142o\u015bci<\/p>\n<\/li>\n<li data-start=\"516\" data-end=\"591\">\n<p data-start=\"518\" data-end=\"591\">Materia\u0142y wierzchnie gotowe do druku z opcj\u0105 termotransferu lub sitodruku<\/p>\n<\/li>\n<li data-start=\"592\" data-end=\"655\">\n<p data-start=\"594\" data-end=\"655\">Sp\u00f3jna wydajno\u015b\u0107 odczytu wielokrotnego dla masowego pomiaru czasu uczestnik\u00f3w<\/p>\n<\/li>\n<\/ul>\n<p data-start=\"657\" data-end=\"818\"><strong data-start=\"657\" data-end=\"673\">Aplikacje<\/strong><br data-start=\"673\" data-end=\"676\" \/>Pomiar czasu maraton\u00f3w i wy\u015bcig\u00f3w szosowych \u2022 Zawody triathlonowe i kolarskie \u2022 Rejestracja uczestnik\u00f3w masowych i pomiar czasu okr\u0105\u017ce\u0144 \u2022 Etykiety zasob\u00f3w do u\u017cytku w trudnych warunkach.<\/p>\n<p data-start=\"820\" data-end=\"938\"><strong data-start=\"820\" data-end=\"843\">Drukowanie i kodowanie<\/strong><br data-start=\"843\" data-end=\"846\" \/>Obs\u0142uguje numeracj\u0119 bib\u00f3w, loga wydarze\u0144, kody kreskowe\/QR i wst\u0119pne kodowanie EPC na potrzeby wdra\u017cania wsadowego.<\/p>\n<p data-start=\"940\" data-end=\"1015\"><strong data-start=\"940\" data-end=\"964\">Warunki pracy<\/strong><br data-start=\"964\" data-end=\"967\" \/>0\u201360 \u2103 \/ 20\u201380% RH; przechowywanie 20\u201330 \u2103 \/ 20\u201360% RH.<\/p>\n<h2 data-start=\"1017\" data-end=\"1042\">Tabela (Specyfikacja)<\/h2>\n<div class=\"_tableContainer_1rjym_1\">\n<div class=\"group _tableWrapper_1rjym_13 flex w-fit flex-col-reverse\" tabindex=\"-1\">\n<table class=\"w-fit min-w-(--thread-content-width)\" data-start=\"1044\" data-end=\"2297\">\n<thead data-start=\"1044\" data-end=\"1132\">\n<tr data-start=\"1044\" data-end=\"1132\">\n<th data-start=\"1044\" data-end=\"1062\" data-col-size=\"sm\">Kategoria<\/th>\n<th data-start=\"1062\" data-end=\"1085\" data-col-size=\"sm\">Parametr<\/th>\n<th data-start=\"1085\" data-end=\"1132\" data-col-size=\"md\">Warto\u015b\u0107<\/th>\n<\/tr>\n<\/thead>\n<tbody data-start=\"1222\" data-end=\"2297\">\n<tr data-start=\"1222\" data-end=\"1310\">\n<td data-start=\"1222\" data-end=\"1240\" data-col-size=\"sm\">Produkt<\/td>\n<td data-col-size=\"sm\" data-start=\"1240\" data-end=\"1263\">Nazwa<\/td>\n<td data-col-size=\"md\" data-start=\"1263\" data-end=\"1310\">Tag piankowy RFID DogBone M830<\/td>\n<\/tr>\n<tr data-start=\"1311\" data-end=\"1399\">\n<td data-start=\"1311\" data-end=\"1329\" data-col-size=\"sm\">Uk\u0142ad scalony<\/td>\n<td data-col-size=\"sm\" data-start=\"1329\" data-end=\"1352\">\u017beton<\/td>\n<td data-col-size=\"md\" data-start=\"1352\" data-end=\"1399\">M830<\/td>\n<\/tr>\n<tr data-start=\"1400\" data-end=\"1488\">\n<td data-start=\"1400\" data-end=\"1418\" data-col-size=\"sm\">RF<\/td>\n<td data-col-size=\"sm\" data-start=\"1418\" data-end=\"1441\">Protok\u00f3\u0142<\/td>\n<td data-col-size=\"md\" data-start=\"1441\" data-end=\"1488\">ISO\/IEC 18000-6C, EPCglobal Klasa 1 Gen 2<\/td>\n<\/tr>\n<tr data-start=\"1489\" data-end=\"1577\">\n<td data-start=\"1489\" data-end=\"1507\" data-col-size=\"sm\">Pami\u0119\u0107<\/td>\n<td data-col-size=\"sm\" data-start=\"1507\" data-end=\"1530\">TID \/ EPC \/ U\u017cytkownik<\/td>\n<td data-col-size=\"md\" data-start=\"1530\" data-end=\"1577\">48 bit\u00f3w \/ 128 bit\u00f3w \/ 0 bit\u00f3w<\/td>\n<\/tr>\n<tr data-start=\"1578\" data-end=\"1667\">\n<td data-start=\"1578\" data-end=\"1596\" data-col-size=\"sm\">Etykieta<\/td>\n<td data-col-size=\"sm\" data-start=\"1596\" data-end=\"1619\">Rozmiar<\/td>\n<td data-col-size=\"md\" data-start=\"1619\" data-end=\"1667\">97 \u00d7 27 mm<\/td>\n<\/tr>\n<tr data-start=\"1668\" data-end=\"1757\">\n<td data-start=\"1668\" data-end=\"1686\" data-col-size=\"sm\">Antena<\/td>\n<td data-col-size=\"sm\" data-start=\"1686\" data-end=\"1709\">Rozmiar \/ Kszta\u0142t<\/td>\n<td data-col-size=\"md\" data-start=\"1709\" data-end=\"1757\">94 \u00d7 24 mm, ko\u015b\u0107 dla psa<\/td>\n<\/tr>\n<tr data-start=\"1758\" data-end=\"1847\">\n<td data-start=\"1758\" data-end=\"1776\" data-col-size=\"sm\">Twarz<\/td>\n<td data-start=\"1776\" data-end=\"1799\" data-col-size=\"sm\">Przybory<\/td>\n<td data-col-size=\"md\" data-start=\"1799\" data-end=\"1847\">Papier artystyczny, PET, papier syntetyczny PP<\/td>\n<\/tr>\n<tr data-start=\"1848\" data-end=\"1937\">\n<td data-start=\"1848\" data-end=\"1866\" data-col-size=\"sm\">Druk<\/td>\n<td data-col-size=\"sm\" data-start=\"1866\" data-end=\"1889\">Metody<\/td>\n<td data-col-size=\"md\" data-start=\"1889\" data-end=\"1937\">Transfer termiczny; sitodruk; na zam\u00f3wienie<\/td>\n<\/tr>\n<tr data-start=\"1938\" data-end=\"2027\">\n<td data-start=\"1938\" data-end=\"1956\" data-col-size=\"sm\">Wydajno\u015b\u0107<\/td>\n<td data-start=\"1956\" data-end=\"1979\" data-col-size=\"sm\">Kluczowe korzy\u015bci<\/td>\n<td data-col-size=\"md\" data-start=\"1979\" data-end=\"2027\">Szybkie czytanie, wielokrotne czytanie, mo\u017cliwo\u015b\u0107 \u015bledzenia<\/td>\n<\/tr>\n<tr data-start=\"2028\" data-end=\"2117\">\n<td data-start=\"2028\" data-end=\"2046\" data-col-size=\"sm\">\u015arodowisko<\/td>\n<td data-start=\"2046\" data-end=\"2069\" data-col-size=\"sm\">Operacyjny<\/td>\n<td data-start=\"2069\" data-end=\"2117\" data-col-size=\"md\">0\u201360 \u2103 \/ 20\u201380% RH<\/td>\n<\/tr>\n<tr data-start=\"2118\" data-end=\"2207\">\n<td data-start=\"2118\" data-end=\"2136\" data-col-size=\"sm\"><\/td>\n<td data-col-size=\"sm\" data-start=\"2136\" data-end=\"2159\">Sk\u0142adowanie<\/td>\n<td data-col-size=\"md\" data-start=\"2159\" data-end=\"2207\">20\u201330 \u2103 \/ 20\u201360% RH<\/td>\n<\/tr>\n<tr data-start=\"2208\" data-end=\"2297\">\n<td data-start=\"2208\" data-end=\"2226\" data-col-size=\"sm\">Przypadki u\u017cycia<\/td>\n<td data-col-size=\"sm\" data-start=\"2226\" data-end=\"2249\">Typowe zastosowania<\/td>\n<td data-col-size=\"md\" data-start=\"2249\" data-end=\"2297\">Czas maratonu; oznakowanie w trudnych warunkach \u015brodowiskowych<\/td>\n<\/tr>\n<\/tbody>\n<\/table>\n<\/div>\n<\/div>","protected":false},"excerpt":{"rendered":"<p>Piankowa etykieta pomiarowa UHF DogBone M830 \u2014 etykieta o wymiarach 97\u00d727 mm z 48-bitowym TID i 128-bitowym EPC umo\u017cliwiaj\u0105ca szybki pomiar czasu wy\u015bcig\u00f3w przy wielokrotnym odczycie; powierzchnia gotowa do druku i sp\u00f3jna jako\u015b\u0107 na obudowie.<\/p>","protected":false},"featured_media":914,"template":"","meta":{"_gspb_post_css":""},"product_brand":[],"product_cat":[31],"product_tag":[],"class_list":{"0":"post-913","1":"product","2":"type-product","3":"status-publish","4":"has-post-thumbnail","6":"product_cat-rfid-sticker-labels","8":"first","9":"instock","10":"shipping-taxable","11":"purchasable","12":"product-type-simple"},"_links":{"self":[{"href":"https:\/\/www.cxjsmartcard.com\/pl\/wp-json\/wp\/v2\/product\/913","targetHints":{"allow":["GET"]}}],"collection":[{"href":"https:\/\/www.cxjsmartcard.com\/pl\/wp-json\/wp\/v2\/product"}],"about":[{"href":"https:\/\/www.cxjsmartcard.com\/pl\/wp-json\/wp\/v2\/types\/product"}],"wp:featuredmedia":[{"embeddable":true,"href":"https:\/\/www.cxjsmartcard.com\/pl\/wp-json\/wp\/v2\/media\/914"}],"wp:attachment":[{"href":"https:\/\/www.cxjsmartcard.com\/pl\/wp-json\/wp\/v2\/media?parent=913"}],"wp:term":[{"taxonomy":"product_brand","embeddable":true,"href":"https:\/\/www.cxjsmartcard.com\/pl\/wp-json\/wp\/v2\/product_brand?post=913"},{"taxonomy":"product_cat","embeddable":true,"href":"https:\/\/www.cxjsmartcard.com\/pl\/wp-json\/wp\/v2\/product_cat?post=913"},{"taxonomy":"product_tag","embeddable":true,"href":"https:\/\/www.cxjsmartcard.com\/pl\/wp-json\/wp\/v2\/product_tag?post=913"}],"curies":[{"name":"wp","href":"https:\/\/api.w.org\/{rel}","templated":true}]}}