{"id":906,"date":"2025-11-03T09:11:46","date_gmt":"2025-11-03T09:11:46","guid":{"rendered":"https:\/\/www.cxjsmartcard.com\/?post_type=product&#038;p=906"},"modified":"2025-12-29T01:27:07","modified_gmt":"2025-12-29T01:27:07","slug":"arc-certified-m730-uhf-rfid-clothing-hang-tag","status":"publish","type":"product","link":"https:\/\/www.cxjsmartcard.com\/pl\/arc-certified-m730-uhf-rfid-clothing-hang-tag\/","title":{"rendered":"Zawieszka na odzie\u017c M730 UHF RFID z certyfikatem ARC"},"content":{"rendered":"<p data-start=\"57\" data-end=\"327\">Etykiety UHF z certyfikatem ARC, zbudowane na chipie M730, umo\u017cliwiaj\u0105 szybkie i dok\u0142adne \u015bledzenie odzie\u017cy. Zaprojektowane z my\u015bl\u0105 o sprzeda\u017cy detalicznej o du\u017cym wolumenie obrot\u00f3w, umo\u017cliwiaj\u0105 szybkie skanowanie wielu odczyt\u00f3w, poprawiaj\u0105 dok\u0142adno\u015b\u0107 inwentaryzacji i wzmacniaj\u0105 ochron\u0119 marki w ca\u0142ym \u0142a\u0144cuchu dostaw.<\/p>\n<p data-start=\"329\" data-end=\"347\"><strong data-start=\"329\" data-end=\"345\">G\u0142\u00f3wne cechy<\/strong><\/p>\n<ul data-start=\"348\" data-end=\"673\">\n<li data-start=\"348\" data-end=\"403\">\n<p data-start=\"350\" data-end=\"403\">EPC Gen2 (ISO\/IEC 18000-6C) z 128-bitow\u0105 pami\u0119ci\u0105 EPC<\/p>\n<\/li>\n<li data-start=\"404\" data-end=\"455\">\n<p data-start=\"406\" data-end=\"455\">Certyfikacja ARC dla zgodno\u015bci programu detalicznego<\/p>\n<\/li>\n<li data-start=\"456\" data-end=\"521\">\n<p data-start=\"458\" data-end=\"521\">Szybka i niezawodna praca przy wielokrotnym odczycie na rega\u0142ach i w kartonach<\/p>\n<\/li>\n<li data-start=\"522\" data-end=\"584\">\n<p data-start=\"524\" data-end=\"584\">Mo\u017cliwo\u015b\u0107 dostosowania materia\u0142\u00f3w, rozmiar\u00f3w, nadruku i kodowania powierzchni<\/p>\n<\/li>\n<li data-start=\"585\" data-end=\"673\">\n<p data-start=\"587\" data-end=\"673\">Mo\u017cliwo\u015b\u0107 \u015bledzenia od fabryki do sklepu; obs\u0142uguje druk termotransferowy i sitodruk<\/p>\n<\/li>\n<\/ul>\n<p data-start=\"675\" data-end=\"816\"><strong data-start=\"675\" data-end=\"691\">Aplikacje<\/strong><br data-start=\"691\" data-end=\"694\" \/>Zarz\u0105dzanie zapasami odzie\u017cy i obuwia \u2022 \u015aledzenie \u0142a\u0144cucha dostaw odzie\u017cy \u2022 Operacje sprzeda\u017cy detalicznej odzie\u017cy i ochrona marki.<\/p>\n<h2 data-start=\"818\" data-end=\"843\">Tabela (Specyfikacja)<\/h2>\n<div class=\"_tableContainer_1rjym_1\">\n<div class=\"group _tableWrapper_1rjym_13 flex w-fit flex-col-reverse\" tabindex=\"-1\">\n<table class=\"w-fit min-w-(--thread-content-width)\" data-start=\"845\" data-end=\"2509\">\n<thead data-start=\"845\" data-end=\"955\">\n<tr data-start=\"845\" data-end=\"955\">\n<th data-start=\"845\" data-end=\"863\" data-col-size=\"sm\">Kategoria<\/th>\n<th data-start=\"863\" data-end=\"894\" data-col-size=\"sm\">Parametr<\/th>\n<th data-start=\"894\" data-end=\"955\" data-col-size=\"md\">Warto\u015b\u0107<\/th>\n<\/tr>\n<\/thead>\n<tbody data-start=\"1067\" data-end=\"2509\">\n<tr data-start=\"1067\" data-end=\"1177\">\n<td data-start=\"1067\" data-end=\"1085\" data-col-size=\"sm\">Produkt<\/td>\n<td data-col-size=\"sm\" data-start=\"1085\" data-end=\"1116\">Nazwa<\/td>\n<td data-col-size=\"md\" data-start=\"1116\" data-end=\"1177\">Etykiety RFID do \u015bledzenia ubra\u0144<\/td>\n<\/tr>\n<tr data-start=\"1178\" data-end=\"1288\">\n<td data-start=\"1178\" data-end=\"1196\" data-col-size=\"sm\">Uk\u0142ad scalony<\/td>\n<td data-col-size=\"sm\" data-start=\"1196\" data-end=\"1227\">\u017beton<\/td>\n<td data-col-size=\"md\" data-start=\"1227\" data-end=\"1288\">M730<\/td>\n<\/tr>\n<tr data-start=\"1289\" data-end=\"1399\">\n<td data-start=\"1289\" data-end=\"1307\" data-col-size=\"sm\">RF<\/td>\n<td data-start=\"1307\" data-end=\"1338\" data-col-size=\"sm\">Protok\u00f3\u0142<\/td>\n<td data-col-size=\"md\" data-start=\"1338\" data-end=\"1399\">ISO\/IEC 18000-6C, EPCglobal Klasa 1 Gen 2<\/td>\n<\/tr>\n<tr data-start=\"1400\" data-end=\"1510\">\n<td data-start=\"1400\" data-end=\"1418\" data-col-size=\"sm\">Pami\u0119\u0107<\/td>\n<td data-col-size=\"sm\" data-start=\"1418\" data-end=\"1449\">EPC \/ U\u017cytkownik<\/td>\n<td data-col-size=\"md\" data-start=\"1449\" data-end=\"1510\">128 bit\u00f3w \/ 0 bit\u00f3w<\/td>\n<\/tr>\n<tr data-start=\"1511\" data-end=\"1621\">\n<td data-start=\"1511\" data-end=\"1529\" data-col-size=\"sm\">Wymiary<\/td>\n<td data-start=\"1529\" data-end=\"1560\" data-col-size=\"sm\">Rozmiar etykiety<\/td>\n<td data-start=\"1560\" data-end=\"1621\" data-col-size=\"md\">83 \u00d7 25 mm<\/td>\n<\/tr>\n<tr data-start=\"1622\" data-end=\"1732\">\n<td data-start=\"1622\" data-end=\"1640\" data-col-size=\"sm\">Antena<\/td>\n<td data-col-size=\"sm\" data-start=\"1640\" data-end=\"1671\">Opcje rozmiaru<\/td>\n<td data-col-size=\"md\" data-start=\"1671\" data-end=\"1732\">70 \u00d7 14 mm; 70 \u00d7 10 mm; 50 \u00d7 30 mm<\/td>\n<\/tr>\n<tr data-start=\"1733\" data-end=\"1843\">\n<td data-start=\"1733\" data-end=\"1751\" data-col-size=\"sm\">Przybory<\/td>\n<td data-start=\"1751\" data-end=\"1782\" data-col-size=\"sm\">Materia\u0142 wierzchni<\/td>\n<td data-col-size=\"md\" data-start=\"1782\" data-end=\"1843\">Papier artystyczny, PET, papier syntetyczny PP lub niestandardowy<\/td>\n<\/tr>\n<tr data-start=\"1844\" data-end=\"1954\">\n<td data-start=\"1844\" data-end=\"1862\" data-col-size=\"sm\">\u015arodowisko<\/td>\n<td data-col-size=\"sm\" data-start=\"1862\" data-end=\"1893\">Temperatura\/wilgotno\u015b\u0107 robocza<\/td>\n<td data-col-size=\"md\" data-start=\"1893\" data-end=\"1954\">0 \u2103 ~ 60 \u2103 \/ 20% ~ 80% RH<\/td>\n<\/tr>\n<tr data-start=\"1955\" data-end=\"2065\">\n<td data-start=\"1955\" data-end=\"1973\" data-col-size=\"sm\"><\/td>\n<td data-start=\"1973\" data-end=\"2004\" data-col-size=\"sm\">Temperatura\/wilgotno\u015b\u0107 przechowywania<\/td>\n<td data-col-size=\"md\" data-start=\"2004\" data-end=\"2065\">20 \u2103 ~ 30 \u2103 \/ 20% ~ 60% RH<\/td>\n<\/tr>\n<tr data-start=\"2066\" data-end=\"2176\">\n<td data-start=\"2066\" data-end=\"2084\" data-col-size=\"sm\">Druk<\/td>\n<td data-col-size=\"sm\" data-start=\"2084\" data-end=\"2115\">Metody<\/td>\n<td data-col-size=\"md\" data-start=\"2115\" data-end=\"2176\">Termotransfer, sitodruk<\/td>\n<\/tr>\n<tr data-start=\"2177\" data-end=\"2287\">\n<td data-start=\"2177\" data-end=\"2195\" data-col-size=\"sm\">Personalizacja<\/td>\n<td data-start=\"2195\" data-end=\"2226\" data-col-size=\"sm\">Personalizacja<\/td>\n<td data-col-size=\"md\" data-start=\"2226\" data-end=\"2287\">Rozmiar etykiety, nadruk (logo\/tekst\/grafika), kodowanie EPC<\/td>\n<\/tr>\n<tr data-start=\"2288\" data-end=\"2398\">\n<td data-start=\"2288\" data-end=\"2306\" data-col-size=\"sm\">Korzy\u015bci<\/td>\n<td data-col-size=\"sm\" data-start=\"2306\" data-end=\"2337\">Przegl\u0105d najwa\u017cniejszych wydarze\u0144<\/td>\n<td data-col-size=\"md\" data-start=\"2337\" data-end=\"2398\">Szybkie czytanie, odczyt wielokrotny, \u015bledzenie odzie\u017cy<\/td>\n<\/tr>\n<tr data-start=\"2399\" data-end=\"2509\">\n<td data-start=\"2399\" data-end=\"2417\" data-col-size=\"sm\">Przypadki u\u017cycia<\/td>\n<td data-col-size=\"sm\" data-start=\"2417\" data-end=\"2448\">Typowe zastosowania<\/td>\n<td data-col-size=\"md\" data-start=\"2448\" data-end=\"2509\">Zapasy odzie\u017cy i obuwia, \u0142a\u0144cuch dostaw, handel detaliczny<\/td>\n<\/tr>\n<\/tbody>\n<\/table>\n<\/div>\n<\/div>","protected":false},"excerpt":{"rendered":"<p>Zawieszka M730 UHF RFID do odzie\u017cy z certyfikatem ARC \u2014 EPC Gen2 ze 128-bitowym EPC, szybk\u0105 obs\u0142ug\u0105 wielu odczyt\u00f3w oraz mo\u017cliwo\u015bci\u0105 dostosowania materia\u0142\u00f3w, rozmiar\u00f3w, nadruku i kodowania.<\/p>","protected":false},"featured_media":908,"template":"","meta":{"_gspb_post_css":""},"product_brand":[],"product_cat":[31],"product_tag":[],"class_list":{"0":"post-906","1":"product","2":"type-product","3":"status-publish","4":"has-post-thumbnail","6":"product_cat-rfid-sticker-labels","8":"first","9":"instock","10":"shipping-taxable","11":"purchasable","12":"product-type-simple"},"_links":{"self":[{"href":"https:\/\/www.cxjsmartcard.com\/pl\/wp-json\/wp\/v2\/product\/906","targetHints":{"allow":["GET"]}}],"collection":[{"href":"https:\/\/www.cxjsmartcard.com\/pl\/wp-json\/wp\/v2\/product"}],"about":[{"href":"https:\/\/www.cxjsmartcard.com\/pl\/wp-json\/wp\/v2\/types\/product"}],"wp:featuredmedia":[{"embeddable":true,"href":"https:\/\/www.cxjsmartcard.com\/pl\/wp-json\/wp\/v2\/media\/908"}],"wp:attachment":[{"href":"https:\/\/www.cxjsmartcard.com\/pl\/wp-json\/wp\/v2\/media?parent=906"}],"wp:term":[{"taxonomy":"product_brand","embeddable":true,"href":"https:\/\/www.cxjsmartcard.com\/pl\/wp-json\/wp\/v2\/product_brand?post=906"},{"taxonomy":"product_cat","embeddable":true,"href":"https:\/\/www.cxjsmartcard.com\/pl\/wp-json\/wp\/v2\/product_cat?post=906"},{"taxonomy":"product_tag","embeddable":true,"href":"https:\/\/www.cxjsmartcard.com\/pl\/wp-json\/wp\/v2\/product_tag?post=906"}],"curies":[{"name":"wp","href":"https:\/\/api.w.org\/{rel}","templated":true}]}}