{"id":901,"date":"2025-11-03T09:07:10","date_gmt":"2025-11-03T09:07:10","guid":{"rendered":"https:\/\/www.cxjsmartcard.com\/?post_type=product&#038;p=901"},"modified":"2025-12-29T01:27:08","modified_gmt":"2025-12-29T01:27:08","slug":"866-868mhz-u8-rfid-anti-metal-label-etsi","status":"publish","type":"product","link":"https:\/\/www.cxjsmartcard.com\/pl\/866-868mhz-u8-rfid-anti-metal-label-etsi\/","title":{"rendered":"Etykieta antymetaliczna RFID U8 866\u2013868MHz (ETSI)"},"content":{"rendered":"<p data-start=\"54\" data-end=\"340\">Cienka, elastyczna etykieta UHF antymetaliczna, dostrojona do pasma ETSI (866\u2013868 MHz). Zbudowana w oparciu o technologi\u0119 NXP\u00ae UCODE 8\/9 z powierzchni\u0105 PET i zintegrowan\u0105 izolacj\u0105 metalow\u0105, zapewnia szybki i niezawodny odczyt na stalowych elementach, a jednocze\u015bnie jest \u0142atwa w druku i kodowaniu w zastosowaniach wielkoseryjnych.<\/p>\n<p data-start=\"342\" data-end=\"371\"><strong data-start=\"342\" data-end=\"369\">G\u0142\u00f3wne cechy i korzy\u015bci<\/strong><\/p>\n<ul data-start=\"372\" data-end=\"835\">\n<li data-start=\"372\" data-end=\"458\">\n<p data-start=\"374\" data-end=\"458\"><strong data-start=\"374\" data-end=\"401\">Wydajno\u015b\u0107 dostrojona przez ETSI:<\/strong> 866\u2013868 MHz, EPCglobal Klasa 1 Gen2 \/ ISO\/IEC 18000-6C<\/p>\n<\/li>\n<li data-start=\"459\" data-end=\"558\">\n<p data-start=\"461\" data-end=\"558\"><strong data-start=\"461\" data-end=\"484\">Zoptymalizowane pod k\u0105tem metalu:<\/strong> 4 m odczytu na metalu (typowo), 3,5 m na plastiku, 3 m na pojemnikach z ciecz\u0105<\/p>\n<\/li>\n<li data-start=\"559\" data-end=\"676\">\n<p data-start=\"561\" data-end=\"676\"><strong data-start=\"561\" data-end=\"577\">Gotowe do druku:<\/strong> Kompatybilny z przemys\u0142owymi drukarkami RFID (np. Sato CL4NX, Zebra ZT410 Silverline, Boside TX3R)<\/p>\n<\/li>\n<li data-start=\"677\" data-end=\"754\">\n<p data-start=\"679\" data-end=\"754\"><strong data-start=\"679\" data-end=\"705\">Elastyczna konstrukcja:<\/strong> Dopasowuje si\u0119 do zakrzywionych lub nieregularnych powierzchni metalowych<\/p>\n<\/li>\n<li data-start=\"755\" data-end=\"835\">\n<p data-start=\"757\" data-end=\"835\"><strong data-start=\"757\" data-end=\"777\">Szybkie odczytywanie wielokrotne:<\/strong> Obs\u0142uguje skanowanie zbiorcze, \u015bledzenie i szybk\u0105 inwentaryzacj\u0119<\/p>\n<\/li>\n<\/ul>\n<p data-start=\"837\" data-end=\"1033\"><strong data-start=\"837\" data-end=\"853\">Aplikacje<\/strong><br data-start=\"853\" data-end=\"856\" \/>Sprz\u0119t biurowy i wyposa\u017cenie wewn\u0119trzne \u2022 Sprz\u0119t IT i elektronika \u2022 Artyku\u0142y logistyczne i magazynowe \u2022 Etykiety zabezpieczaj\u0105ce przed fa\u0142szerstwami przedmiot\u00f3w warto\u015bciowych \u2022 Pojemniki metalowe, narz\u0119dzia i cz\u0119\u015bci zamienne.<\/p>\n<p data-start=\"1035\" data-end=\"1163\"><strong data-start=\"1035\" data-end=\"1060\">Opcje dostosowywania<\/strong><br data-start=\"1060\" data-end=\"1063\" \/>Niestandardowe rozmiary; drukowanie w kolorze\/logo; tekst, kody kreskowe i kody QR; kodowanie EPC i inicjalizacja danych.<\/p>\n<h2 data-start=\"1165\" data-end=\"1190\">Tabela (Specyfikacja)<\/h2>\n<div class=\"_tableContainer_1rjym_1\">\n<div class=\"group _tableWrapper_1rjym_13 flex w-fit flex-col-reverse\" tabindex=\"-1\">\n<table class=\"w-fit min-w-(--thread-content-width)\" data-start=\"1192\" data-end=\"2778\">\n<thead data-start=\"1192\" data-end=\"1290\">\n<tr data-start=\"1192\" data-end=\"1290\">\n<th data-start=\"1192\" data-end=\"1210\" data-col-size=\"sm\">Kategoria<\/th>\n<th data-start=\"1210\" data-end=\"1236\" data-col-size=\"sm\">Parametr<\/th>\n<th data-start=\"1236\" data-end=\"1290\" data-col-size=\"md\">Warto\u015b\u0107<\/th>\n<\/tr>\n<\/thead>\n<tbody data-start=\"1390\" data-end=\"2778\">\n<tr data-start=\"1390\" data-end=\"1487\">\n<td data-start=\"1390\" data-end=\"1408\" data-col-size=\"sm\">Produkt<\/td>\n<td data-start=\"1408\" data-end=\"1434\" data-col-size=\"sm\">Nazwa<\/td>\n<td data-col-size=\"md\" data-start=\"1434\" data-end=\"1487\">Etykieta antymetaliczna RFID 866\u2013868MHz (ETSI)<\/td>\n<\/tr>\n<tr data-start=\"1488\" data-end=\"1586\">\n<td data-start=\"1488\" data-end=\"1506\" data-col-size=\"sm\">RF<\/td>\n<td data-col-size=\"sm\" data-start=\"1506\" data-end=\"1532\">Cz\u0119stotliwo\u015b\u0107<\/td>\n<td data-col-size=\"md\" data-start=\"1532\" data-end=\"1586\">866\u2013868 MHz (ETSI UHF)<\/td>\n<\/tr>\n<tr data-start=\"1587\" data-end=\"1685\">\n<td data-start=\"1587\" data-end=\"1605\" data-col-size=\"sm\"><\/td>\n<td data-col-size=\"sm\" data-start=\"1605\" data-end=\"1631\">Protok\u00f3\u0142<\/td>\n<td data-col-size=\"md\" data-start=\"1631\" data-end=\"1685\">ISO\/IEC 18000-6C, EPCglobal Klasa 1 Gen 2<\/td>\n<\/tr>\n<tr data-start=\"1686\" data-end=\"1784\">\n<td data-start=\"1686\" data-end=\"1704\" data-col-size=\"sm\">Opcje IC<\/td>\n<td data-col-size=\"sm\" data-start=\"1704\" data-end=\"1730\">\u017beton<\/td>\n<td data-col-size=\"md\" data-start=\"1730\" data-end=\"1784\">NXP UCODE 8 \/ UCODE 9<\/td>\n<\/tr>\n<tr data-start=\"1785\" data-end=\"1883\">\n<td data-start=\"1785\" data-end=\"1803\" data-col-size=\"sm\">Pami\u0119\u0107<\/td>\n<td data-col-size=\"sm\" data-start=\"1803\" data-end=\"1829\">EPC \/ U\u017cytkownik<\/td>\n<td data-col-size=\"md\" data-start=\"1829\" data-end=\"1883\">128 bit\u00f3w \/ 0 bit\u00f3w<\/td>\n<\/tr>\n<tr data-start=\"1884\" data-end=\"1982\">\n<td data-start=\"1884\" data-end=\"1902\" data-col-size=\"sm\">Mechanika<\/td>\n<td data-col-size=\"sm\" data-start=\"1902\" data-end=\"1928\">Materia\u0142 wierzchni<\/td>\n<td data-col-size=\"md\" data-start=\"1928\" data-end=\"1982\">ZWIERZAK DOMOWY<\/td>\n<\/tr>\n<tr data-start=\"1983\" data-end=\"2081\">\n<td data-start=\"1983\" data-end=\"2001\" data-col-size=\"sm\">Wymiary<\/td>\n<td data-col-size=\"sm\" data-start=\"2001\" data-end=\"2027\">Rozmiar etykiety (d\u0142. \u00d7 szer. \u00d7 g\u0142.)<\/td>\n<td data-col-size=\"md\" data-start=\"2027\" data-end=\"2081\">50 \u00d7 15 \u00d7 1,26 mm<\/td>\n<\/tr>\n<tr data-start=\"2082\" data-end=\"2181\">\n<td data-start=\"2082\" data-end=\"2100\" data-col-size=\"sm\">Wydajno\u015b\u0107<\/td>\n<td data-col-size=\"sm\" data-start=\"2100\" data-end=\"2126\">Odczyt odleg\u0142o\u015bci<\/td>\n<td data-col-size=\"md\" data-start=\"2126\" data-end=\"2181\">4 m (na metalu); 3,5 m (na plastiku); 3 m (na cieczy)<\/td>\n<\/tr>\n<tr data-start=\"2182\" data-end=\"2280\">\n<td data-start=\"2182\" data-end=\"2200\" data-col-size=\"sm\">Druk<\/td>\n<td data-col-size=\"sm\" data-start=\"2200\" data-end=\"2226\">Zgodno\u015b\u0107 drukarki<\/td>\n<td data-col-size=\"md\" data-start=\"2226\" data-end=\"2280\">Sato CL4NX; Zebra ZT410 Silverline; Boside TX3R<\/td>\n<\/tr>\n<tr data-start=\"2281\" data-end=\"2381\">\n<td data-start=\"2281\" data-end=\"2299\" data-col-size=\"sm\">Personalizacja<\/td>\n<td data-col-size=\"sm\" data-start=\"2299\" data-end=\"2325\">Dane\/Oznaczanie<\/td>\n<td data-col-size=\"md\" data-start=\"2325\" data-end=\"2381\">Drukowanie tekstu, kod\u00f3w kreskowych, kod\u00f3w QR, kolor\u00f3w\/logo; kodowanie EPC<\/td>\n<\/tr>\n<tr data-start=\"2382\" data-end=\"2480\">\n<td data-start=\"2382\" data-end=\"2400\" data-col-size=\"sm\">\u015arodowisko<\/td>\n<td data-start=\"2400\" data-end=\"2426\" data-col-size=\"sm\">Temperatura pracy<\/td>\n<td data-col-size=\"md\" data-start=\"2426\" data-end=\"2480\">\u221240 do +85 \u2103<\/td>\n<\/tr>\n<tr data-start=\"2481\" data-end=\"2579\">\n<td data-start=\"2481\" data-end=\"2499\" data-col-size=\"sm\"><\/td>\n<td data-col-size=\"sm\" data-start=\"2499\" data-end=\"2525\">Temperatura przechowywania<\/td>\n<td data-col-size=\"md\" data-start=\"2525\" data-end=\"2579\">\u221240 do +85 \u2103<\/td>\n<\/tr>\n<tr data-start=\"2580\" data-end=\"2678\">\n<td data-start=\"2580\" data-end=\"2598\" data-col-size=\"sm\">Korzy\u015bci<\/td>\n<td data-col-size=\"sm\" data-start=\"2598\" data-end=\"2624\">Przegl\u0105d najwa\u017cniejszych wydarze\u0144<\/td>\n<td data-col-size=\"md\" data-start=\"2624\" data-end=\"2678\">Elastyczna etykieta; mo\u017cliwo\u015b\u0107 wielokrotnego odczytu; mo\u017cliwo\u015b\u0107 \u015bledzenia<\/td>\n<\/tr>\n<tr data-start=\"2679\" data-end=\"2778\">\n<td data-start=\"2679\" data-end=\"2697\" data-col-size=\"sm\">Przypadki u\u017cycia<\/td>\n<td data-col-size=\"sm\" data-start=\"2697\" data-end=\"2723\">Typowe zastosowania<\/td>\n<td data-col-size=\"md\" data-start=\"2723\" data-end=\"2778\">Aktywa IT, sprz\u0119t biurowy, pojemniki\/narz\u0119dzia metalowe<\/td>\n<\/tr>\n<\/tbody>\n<\/table>\n<\/div>\n<\/div>","protected":false},"excerpt":{"rendered":"<p>Etykieta antymetaliczna UHF dostosowana do standard\u00f3w ETSI z technologi\u0105 UCODE 8\/9 \u2014 odczyt na metalu do 4 mln znak\u00f3w, elastyczna konstrukcja z tworzywa PET oraz mo\u017cliwo\u015b\u0107 drukowania i kodowania w celu szybkiego \u015bledzenia zasob\u00f3w.<\/p>","protected":false},"featured_media":903,"template":"","meta":{"_gspb_post_css":""},"product_brand":[],"product_cat":[31],"product_tag":[],"class_list":{"0":"post-901","1":"product","2":"type-product","3":"status-publish","4":"has-post-thumbnail","6":"product_cat-rfid-sticker-labels","8":"first","9":"instock","10":"shipping-taxable","11":"purchasable","12":"product-type-simple"},"_links":{"self":[{"href":"https:\/\/www.cxjsmartcard.com\/pl\/wp-json\/wp\/v2\/product\/901","targetHints":{"allow":["GET"]}}],"collection":[{"href":"https:\/\/www.cxjsmartcard.com\/pl\/wp-json\/wp\/v2\/product"}],"about":[{"href":"https:\/\/www.cxjsmartcard.com\/pl\/wp-json\/wp\/v2\/types\/product"}],"wp:featuredmedia":[{"embeddable":true,"href":"https:\/\/www.cxjsmartcard.com\/pl\/wp-json\/wp\/v2\/media\/903"}],"wp:attachment":[{"href":"https:\/\/www.cxjsmartcard.com\/pl\/wp-json\/wp\/v2\/media?parent=901"}],"wp:term":[{"taxonomy":"product_brand","embeddable":true,"href":"https:\/\/www.cxjsmartcard.com\/pl\/wp-json\/wp\/v2\/product_brand?post=901"},{"taxonomy":"product_cat","embeddable":true,"href":"https:\/\/www.cxjsmartcard.com\/pl\/wp-json\/wp\/v2\/product_cat?post=901"},{"taxonomy":"product_tag","embeddable":true,"href":"https:\/\/www.cxjsmartcard.com\/pl\/wp-json\/wp\/v2\/product_tag?post=901"}],"curies":[{"name":"wp","href":"https:\/\/api.w.org\/{rel}","templated":true}]}}