{"id":894,"date":"2025-11-03T09:04:37","date_gmt":"2025-11-03T09:04:37","guid":{"rendered":"https:\/\/www.cxjsmartcard.com\/?post_type=product&#038;p=894"},"modified":"2025-12-29T01:27:08","modified_gmt":"2025-12-29T01:27:08","slug":"nfc-coin-on-metal-rfid-tag","status":"publish","type":"product","link":"https:\/\/www.cxjsmartcard.com\/pl\/nfc-coin-on-metal-rfid-tag\/","title":{"rendered":"Etykieta RFID NFC Coin On-Metal"},"content":{"rendered":"<p data-start=\"38\" data-end=\"337\">Etykieta na monety NFC z PVC do metalu, przeznaczona do mocowania na stali i innych powierzchniach przewodz\u0105cych. Wbudowana bariera antymetaliczna zapewnia wysok\u0105 jako\u015b\u0107 odczytu, a klej 3M o wysokiej przyczepno\u015bci zapewnia mocne wi\u0105zanie z metalem i tworzywami sztucznymi o niskiej energii powierzchniowej. W pe\u0142ni kompatybilna z telefonami z obs\u0142ug\u0105 NFC.<\/p>\n<p data-start=\"339\" data-end=\"518\"><strong data-start=\"339\" data-end=\"360\">Budowa i materia\u0142y<\/strong><br data-start=\"360\" data-end=\"363\" \/>G\u00f3rna warstwa z tworzywa PVC z barier\u0105 antymetaliczn\u0105 i opcjonalnym klejem 3M9080. \u015arednica 30 mm, grubo\u015b\u0107 1 mm \u2014 wystarczaj\u0105co kompaktowa, aby pomie\u015bci\u0107 narz\u0119dzia, p\u00f3\u0142ki i obudowy maszyn.<\/p>\n<p data-start=\"520\" data-end=\"538\"><strong data-start=\"520\" data-end=\"536\">G\u0142\u00f3wne cechy<\/strong><\/p>\n<ul data-start=\"539\" data-end=\"863\">\n<li data-start=\"539\" data-end=\"595\">\n<p data-start=\"541\" data-end=\"595\">Dzia\u0142a na metalu dzi\u0119ki zintegrowanej warstwie antymetalicznej<\/p>\n<\/li>\n<li data-start=\"596\" data-end=\"649\">\n<p data-start=\"598\" data-end=\"649\">Wodoodporna i odporna na warunki atmosferyczne miniaturowa, twarda etykieta<\/p>\n<\/li>\n<li data-start=\"650\" data-end=\"692\">\n<p data-start=\"652\" data-end=\"692\">Czytelny dla telefonu (ISO 14443A, 13,56 MHz)<\/p>\n<\/li>\n<li data-start=\"693\" data-end=\"732\">\n<p data-start=\"695\" data-end=\"732\">Opcjonalny identyfikator grawerowany laserowo na powierzchni<\/p>\n<\/li>\n<li data-start=\"733\" data-end=\"789\">\n<p data-start=\"735\" data-end=\"789\">Druk niestandardowy: pe\u0142nokolorowa grafika, kody QR, numery seryjne\/ID<\/p>\n<\/li>\n<li data-start=\"790\" data-end=\"863\">\n<p data-start=\"792\" data-end=\"863\">Szersza dost\u0119pno\u015b\u0107 platformy na \u017c\u0105danie (LF 125 kHz \/ UHF 860\u2013960 MHz)<\/p>\n<\/li>\n<\/ul>\n<p data-start=\"865\" data-end=\"1040\"><strong data-start=\"865\" data-end=\"881\">Aplikacje<\/strong><br data-start=\"881\" data-end=\"884\" \/>Identyfikacja zasob\u00f3w i narz\u0119dzi na metalu \u2022 Rega\u0142y i pojemniki magazynowe \u2022 Stojaki i obudowy IT \u2022 Punkty kontroli serwisowej sprz\u0119tu \u2022 Punkty styku z konsumentem (URL\/uruchomienie NDEF).<\/p>\n<p data-start=\"1042\" data-end=\"1204\"><strong data-start=\"1042\" data-end=\"1054\">Montowanie<\/strong><br data-start=\"1054\" data-end=\"1057\" \/>Odklej i przyklej za pomoc\u0105 kleju o wysokiej przyczepno\u015bci na czystych, suchych powierzchniach. W przypadku powierzchni zakrzywionych lub nara\u017conych na zu\u017cycie, rozwa\u017c zastosowanie mechanicznego mocowania lub wariant\u00f3w przemys\u0142owych.<\/p>\n<h2 data-start=\"1206\" data-end=\"1231\">Tabela (Specyfikacja)<\/h2>\n<div class=\"_tableContainer_1rjym_1\">\n<div class=\"group _tableWrapper_1rjym_13 flex w-fit flex-col-reverse\" tabindex=\"-1\">\n<table class=\"w-fit min-w-(--thread-content-width)\" data-start=\"1233\" data-end=\"2692\">\n<thead data-start=\"1233\" data-end=\"1329\">\n<tr data-start=\"1233\" data-end=\"1329\">\n<th data-start=\"1233\" data-end=\"1251\" data-col-size=\"sm\">Kategoria<\/th>\n<th data-start=\"1251\" data-end=\"1274\" data-col-size=\"sm\">Parametr<\/th>\n<th data-start=\"1274\" data-end=\"1329\" data-col-size=\"md\">Warto\u015b\u0107<\/th>\n<\/tr>\n<\/thead>\n<tbody data-start=\"1427\" data-end=\"2692\">\n<tr data-start=\"1427\" data-end=\"1523\">\n<td data-start=\"1427\" data-end=\"1445\" data-col-size=\"sm\">Produkt<\/td>\n<td data-col-size=\"sm\" data-start=\"1445\" data-end=\"1468\">Typ<\/td>\n<td data-col-size=\"md\" data-start=\"1468\" data-end=\"1523\">Dysk PVC z monet\u0105 NFC na metalu<\/td>\n<\/tr>\n<tr data-start=\"1524\" data-end=\"1620\">\n<td data-start=\"1524\" data-end=\"1542\" data-col-size=\"sm\">Przybory<\/td>\n<td data-col-size=\"sm\" data-start=\"1542\" data-end=\"1565\">Stos<\/td>\n<td data-col-size=\"md\" data-start=\"1565\" data-end=\"1620\">PVC + bariera antymetaliczna + opcjonalny klej 3M9080<\/td>\n<\/tr>\n<tr data-start=\"1621\" data-end=\"1717\">\n<td data-start=\"1621\" data-end=\"1639\" data-col-size=\"sm\">Wymiary<\/td>\n<td data-start=\"1639\" data-end=\"1662\" data-col-size=\"sm\">Rozmiar<\/td>\n<td data-col-size=\"md\" data-start=\"1662\" data-end=\"1717\">\u00d830 mm \u00d7 1 mm<\/td>\n<\/tr>\n<tr data-start=\"1718\" data-end=\"1814\">\n<td data-start=\"1718\" data-end=\"1736\" data-col-size=\"sm\">RF<\/td>\n<td data-start=\"1736\" data-end=\"1759\" data-col-size=\"sm\">Interfejs\/Standard<\/td>\n<td data-start=\"1759\" data-end=\"1814\" data-col-size=\"md\">ISO 14443A (HF 13,56 MHz)<\/td>\n<\/tr>\n<tr data-start=\"1815\" data-end=\"1911\">\n<td data-start=\"1815\" data-end=\"1833\" data-col-size=\"sm\">Opcje na \u017cetony<\/td>\n<td data-col-size=\"sm\" data-start=\"1833\" data-end=\"1856\">Uk\u0142ady scalone<\/td>\n<td data-col-size=\"md\" data-start=\"1856\" data-end=\"1911\">NTAG\u00ae 213 \/ NTAG\u00ae 215 \/ NTAG\u00ae 216<\/td>\n<\/tr>\n<tr data-start=\"1912\" data-end=\"2008\">\n<td data-start=\"1912\" data-end=\"1930\" data-col-size=\"sm\">Pami\u0119\u0107<\/td>\n<td data-col-size=\"sm\" data-start=\"1930\" data-end=\"1953\">Pojemno\u015b\u0107 u\u017cytkownika<\/td>\n<td data-col-size=\"md\" data-start=\"1953\" data-end=\"2008\">144 \/ 504 \/ 888 bajt\u00f3w (zale\u017cnie od uk\u0142adu)<\/td>\n<\/tr>\n<tr data-start=\"2009\" data-end=\"2105\">\n<td data-start=\"2009\" data-end=\"2027\" data-col-size=\"sm\">Druk<\/td>\n<td data-col-size=\"sm\" data-start=\"2027\" data-end=\"2050\">Personalizacja<\/td>\n<td data-col-size=\"md\" data-start=\"2050\" data-end=\"2105\">Nadruk pe\u0142nokolorowy, kod QR, numer seryjny\/ID (opcjonalnie)<\/td>\n<\/tr>\n<tr data-start=\"2106\" data-end=\"2202\">\n<td data-start=\"2106\" data-end=\"2124\" data-col-size=\"sm\">Czytelno\u015b\u0107<\/td>\n<td data-col-size=\"sm\" data-start=\"2124\" data-end=\"2147\">Urz\u0105dzenia<\/td>\n<td data-col-size=\"md\" data-start=\"2147\" data-end=\"2202\">Smartfony NFC i czytniki ISO 14443A<\/td>\n<\/tr>\n<tr data-start=\"2203\" data-end=\"2299\">\n<td data-start=\"2203\" data-end=\"2221\" data-col-size=\"sm\">Na metalu<\/td>\n<td data-col-size=\"sm\" data-start=\"2221\" data-end=\"2244\">Bariera<\/td>\n<td data-col-size=\"md\" data-start=\"2244\" data-end=\"2299\">Zintegrowana warstwa antymetaliczna<\/td>\n<\/tr>\n<tr data-start=\"2300\" data-end=\"2396\">\n<td data-start=\"2300\" data-end=\"2318\" data-col-size=\"sm\">Spoiwo<\/td>\n<td data-start=\"2318\" data-end=\"2341\" data-col-size=\"sm\">Poparcie<\/td>\n<td data-col-size=\"md\" data-start=\"2341\" data-end=\"2396\">Wysoka przyczepno\u015b\u0107 3M9080<\/td>\n<\/tr>\n<tr data-start=\"2397\" data-end=\"2498\">\n<td data-start=\"2397\" data-end=\"2415\" data-col-size=\"sm\">Ochrona<\/td>\n<td data-col-size=\"sm\" data-start=\"2415\" data-end=\"2438\">Atrybuty<\/td>\n<td data-col-size=\"md\" data-start=\"2438\" data-end=\"2498\">Wodoodporny \/ odporny na warunki atmosferyczne (dost\u0119pne s\u0105 wersje przemys\u0142owe)<\/td>\n<\/tr>\n<tr data-start=\"2499\" data-end=\"2595\">\n<td data-start=\"2499\" data-end=\"2517\" data-col-size=\"sm\">Opcje<\/td>\n<td data-start=\"2517\" data-end=\"2540\" data-col-size=\"sm\">Inne cz\u0119stotliwo\u015bci<\/td>\n<td data-col-size=\"md\" data-start=\"2540\" data-end=\"2595\">125 kHz LF lub 860\u2013960 MHz UHF (na \u017c\u0105danie)<\/td>\n<\/tr>\n<tr data-start=\"2596\" data-end=\"2692\">\n<td data-start=\"2596\" data-end=\"2614\" data-col-size=\"sm\">Zabarwienie<\/td>\n<td data-start=\"2614\" data-end=\"2637\" data-col-size=\"sm\">Powierzchnia<\/td>\n<td data-col-size=\"md\" data-start=\"2637\" data-end=\"2692\">Puste lub zadrukowane na zam\u00f3wienie<\/td>\n<\/tr>\n<\/tbody>\n<\/table>\n<\/div>\n<\/div>","protected":false},"excerpt":{"rendered":"<p>30-milimetrowy znacznik NFC z PVC z barier\u0105 antymetaliczn\u0105 i mocnym klejem 3M \u2014 dzia\u0142a na stali, czytelny na telefonie (ISO 14443A), wodoodporny i odporny na warunki atmosferyczne, z mo\u017cliwo\u015bci\u0105 personalizacji nadruku.<\/p>","protected":false},"featured_media":899,"template":"","meta":{"_gspb_post_css":""},"product_brand":[],"product_cat":[24,27],"product_tag":[],"class_list":{"0":"post-894","1":"product","2":"type-product","3":"status-publish","4":"has-post-thumbnail","6":"product_cat-rfid-tags","7":"product_cat-rfid-patrol-tags","9":"first","10":"instock","11":"shipping-taxable","12":"purchasable","13":"product-type-simple"},"_links":{"self":[{"href":"https:\/\/www.cxjsmartcard.com\/pl\/wp-json\/wp\/v2\/product\/894","targetHints":{"allow":["GET"]}}],"collection":[{"href":"https:\/\/www.cxjsmartcard.com\/pl\/wp-json\/wp\/v2\/product"}],"about":[{"href":"https:\/\/www.cxjsmartcard.com\/pl\/wp-json\/wp\/v2\/types\/product"}],"wp:featuredmedia":[{"embeddable":true,"href":"https:\/\/www.cxjsmartcard.com\/pl\/wp-json\/wp\/v2\/media\/899"}],"wp:attachment":[{"href":"https:\/\/www.cxjsmartcard.com\/pl\/wp-json\/wp\/v2\/media?parent=894"}],"wp:term":[{"taxonomy":"product_brand","embeddable":true,"href":"https:\/\/www.cxjsmartcard.com\/pl\/wp-json\/wp\/v2\/product_brand?post=894"},{"taxonomy":"product_cat","embeddable":true,"href":"https:\/\/www.cxjsmartcard.com\/pl\/wp-json\/wp\/v2\/product_cat?post=894"},{"taxonomy":"product_tag","embeddable":true,"href":"https:\/\/www.cxjsmartcard.com\/pl\/wp-json\/wp\/v2\/product_tag?post=894"}],"curies":[{"name":"wp","href":"https:\/\/api.w.org\/{rel}","templated":true}]}}