{"id":881,"date":"2025-11-03T08:58:46","date_gmt":"2025-11-03T08:58:46","guid":{"rendered":"https:\/\/www.cxjsmartcard.com\/?post_type=product&#038;p=881"},"modified":"2025-12-29T01:27:08","modified_gmt":"2025-12-29T01:27:08","slug":"uhf-rfid-abs-anti-metal-tag","status":"publish","type":"product","link":"https:\/\/www.cxjsmartcard.com\/pl\/uhf-rfid-abs-anti-metal-tag\/","title":{"rendered":"Tag antymetalowy UHF RFID ABS"},"content":{"rendered":"<p data-start=\"39\" data-end=\"339\">Wytrzyma\u0142y znacznik UHF antymetaliczny, zaprojektowany do niezawodnego \u015bledzenia metalowych zasob\u00f3w w trudnych warunkach wewn\u0119trznych i zewn\u0119trznych. Dzia\u0142a w pa\u015bmie 860\u2013960 MHz z pasywnym systemem EPC Gen2v2, co czyni go idealnym rozwi\u0105zaniem dla sprz\u0119tu przemys\u0142owego, sprz\u0119tu IT, narz\u0119dzi i maszyn stacjonarnych.<\/p>\n<p data-start=\"341\" data-end=\"359\"><strong data-start=\"341\" data-end=\"357\">G\u0142\u00f3wne cechy<\/strong><\/p>\n<ul data-start=\"360\" data-end=\"695\">\n<li data-start=\"360\" data-end=\"424\">\n<p data-start=\"362\" data-end=\"424\">Dzia\u0142a na powierzchniach metalowych; wodoodporna\/odporna na warunki atmosferyczne obudowa ABS<\/p>\n<\/li>\n<li data-start=\"425\" data-end=\"475\">\n<p data-start=\"427\" data-end=\"475\">Pasywna UHF EPC Klasa 1 Gen 2v2 (ISO 18000-6C)<\/p>\n<\/li>\n<li data-start=\"476\" data-end=\"540\">\n<p data-start=\"478\" data-end=\"540\">Standardowy rozmiar 135 \u00d7 22 \u00d7 12 mm; mo\u017cliwa personalizacja zbiorcza<\/p>\n<\/li>\n<li data-start=\"541\" data-end=\"600\">\n<p data-start=\"543\" data-end=\"600\">Profil pami\u0119ci: TID 64 bity, EPC 96 bit\u00f3w, U\u017cytkownik 512 bit\u00f3w<\/p>\n<\/li>\n<li data-start=\"601\" data-end=\"648\">\n<p data-start=\"603\" data-end=\"648\">Szeroka tolerancja temperaturowa od \u221240 \u2103 do +150 \u2103<\/p>\n<\/li>\n<li data-start=\"649\" data-end=\"695\">\n<p data-start=\"651\" data-end=\"695\">\u0141atwe wdra\u017canie dzi\u0119ki dost\u0119pnym pakietom pr\u00f3bek<\/p>\n<\/li>\n<\/ul>\n<p data-start=\"697\" data-end=\"826\"><strong data-start=\"697\" data-end=\"713\">Aplikacje<\/strong><br data-start=\"713\" data-end=\"716\" \/>Aktywa przemys\u0142owe i palety \u2022 Sprz\u0119t IT i rega\u0142y \u2022 Narz\u0119dzia i osprz\u0119t \u2022 Zewn\u0119trzna infrastruktura metalowa.<\/p>\n<p data-start=\"828\" data-end=\"1146\"><strong data-start=\"828\" data-end=\"836\">Cz\u0119sto zadawane pytania<\/strong><br data-start=\"836\" data-end=\"839\" \/><strong data-start=\"839\" data-end=\"846\">Pytanie 1:<\/strong> Czy dost\u0119pne s\u0105 bezp\u0142atne pr\u00f3bki?<br data-start=\"874\" data-end=\"877\" \/><strong data-start=\"877\" data-end=\"883\">A:<\/strong> Tak \u2014 przed wdro\u017ceniem oferujemy pakiety pr\u00f3bek do przetestowania.<br data-start=\"943\" data-end=\"946\" \/><strong data-start=\"946\" data-end=\"953\">Pytanie 2:<\/strong> Czy nadaje si\u0119 do stosowania na zewn\u0105trz?<br data-start=\"985\" data-end=\"988\" \/><strong data-start=\"988\" data-end=\"994\">A:<\/strong> Tak \u2014 obudowa ABS jest odporna na warunki atmosferyczne i nadaje si\u0119 do stosowania na zewn\u0105trz.<br data-start=\"1051\" data-end=\"1054\" \/><strong data-start=\"1054\" data-end=\"1061\">Pytanie 3:<\/strong> Czy rozmiar mo\u017cna dostosowa\u0107?<br data-start=\"1089\" data-end=\"1092\" \/><strong data-start=\"1092\" data-end=\"1098\">A:<\/strong> Tak, niestandardowe rozmiary s\u0105 dost\u0119pne w przypadku zam\u00f3wie\u0144 hurtowych.<\/p>\n<h2 data-start=\"1148\" data-end=\"1173\">Tabela (Specyfikacja)<\/h2>\n<div class=\"_tableContainer_1rjym_1\">\n<div class=\"group _tableWrapper_1rjym_13 flex w-fit flex-col-reverse\" tabindex=\"-1\">\n<table class=\"w-fit min-w-(--thread-content-width)\" data-start=\"1175\" data-end=\"2516\">\n<thead data-start=\"1175\" data-end=\"1264\">\n<tr data-start=\"1175\" data-end=\"1264\">\n<th data-start=\"1175\" data-end=\"1197\" data-col-size=\"sm\">Kategoria<\/th>\n<th data-start=\"1197\" data-end=\"1222\" data-col-size=\"sm\">Parametr<\/th>\n<th data-start=\"1222\" data-end=\"1264\" data-col-size=\"md\">Warto\u015b\u0107<\/th>\n<\/tr>\n<\/thead>\n<tbody data-start=\"1354\" data-end=\"2516\">\n<tr data-start=\"1354\" data-end=\"1442\">\n<td data-start=\"1354\" data-end=\"1375\" data-col-size=\"sm\">Produkt<\/td>\n<td data-start=\"1375\" data-end=\"1400\" data-col-size=\"sm\">Nazwa<\/td>\n<td data-col-size=\"md\" data-start=\"1400\" data-end=\"1442\">Etykieta RFID ABS antymetalowa<\/td>\n<\/tr>\n<tr data-start=\"1443\" data-end=\"1531\">\n<td data-start=\"1443\" data-end=\"1464\" data-col-size=\"sm\">Model<\/td>\n<td data-col-size=\"sm\" data-start=\"1464\" data-end=\"1489\">Numer<\/td>\n<td data-col-size=\"md\" data-start=\"1489\" data-end=\"1531\">Etykieta antymetalowa ABS<\/td>\n<\/tr>\n<tr data-start=\"1532\" data-end=\"1620\">\n<td data-start=\"1532\" data-end=\"1553\" data-col-size=\"sm\">RF<\/td>\n<td data-col-size=\"sm\" data-start=\"1553\" data-end=\"1578\">Cz\u0119stotliwo\u015b\u0107<\/td>\n<td data-col-size=\"md\" data-start=\"1578\" data-end=\"1620\">860\u2013960 MHz<\/td>\n<\/tr>\n<tr data-start=\"1621\" data-end=\"1709\">\n<td data-start=\"1621\" data-end=\"1642\" data-col-size=\"sm\"><\/td>\n<td data-col-size=\"sm\" data-start=\"1642\" data-end=\"1667\">Protok\u00f3\u0142<\/td>\n<td data-col-size=\"md\" data-start=\"1667\" data-end=\"1709\">ISO 18000-6C \/ EPC Klasa 1 Gen 2v2<\/td>\n<\/tr>\n<tr data-start=\"1710\" data-end=\"1798\">\n<td data-start=\"1710\" data-end=\"1731\" data-col-size=\"sm\">Dzia\u0142anie<\/td>\n<td data-col-size=\"sm\" data-start=\"1731\" data-end=\"1756\">Tryb<\/td>\n<td data-col-size=\"md\" data-start=\"1756\" data-end=\"1798\">Pasywny<\/td>\n<\/tr>\n<tr data-start=\"1799\" data-end=\"1887\">\n<td data-start=\"1799\" data-end=\"1820\" data-col-size=\"sm\">Mechanika<\/td>\n<td data-col-size=\"sm\" data-start=\"1820\" data-end=\"1845\">Materia\u0142 obudowy<\/td>\n<td data-col-size=\"md\" data-start=\"1845\" data-end=\"1887\">ABS<\/td>\n<\/tr>\n<tr data-start=\"1888\" data-end=\"1976\">\n<td data-start=\"1888\" data-end=\"1909\" data-col-size=\"sm\">Wymiary<\/td>\n<td data-start=\"1909\" data-end=\"1934\" data-col-size=\"sm\">Rozmiar<\/td>\n<td data-col-size=\"md\" data-start=\"1934\" data-end=\"1976\">135 \u00d7 22 \u00d7 12 mm<\/td>\n<\/tr>\n<tr data-start=\"1977\" data-end=\"2065\">\n<td data-start=\"1977\" data-end=\"1998\" data-col-size=\"sm\">Pami\u0119\u0107<\/td>\n<td data-col-size=\"sm\" data-start=\"1998\" data-end=\"2023\">TID \/ EPC \/ U\u017cytkownik<\/td>\n<td data-col-size=\"md\" data-start=\"2023\" data-end=\"2065\">64 bity \/ 96 bit\u00f3w \/ 512 bit\u00f3w<\/td>\n<\/tr>\n<tr data-start=\"2066\" data-end=\"2154\">\n<td data-start=\"2066\" data-end=\"2087\" data-col-size=\"sm\">Interfejs<\/td>\n<td data-start=\"2087\" data-end=\"2112\" data-col-size=\"sm\">Komunikacja<\/td>\n<td data-col-size=\"md\" data-start=\"2112\" data-end=\"2154\">RFID<\/td>\n<\/tr>\n<tr data-start=\"2155\" data-end=\"2243\">\n<td data-start=\"2155\" data-end=\"2176\" data-col-size=\"sm\">\u015arodowisko<\/td>\n<td data-col-size=\"sm\" data-start=\"2176\" data-end=\"2201\">Temperatura aplikacji<\/td>\n<td data-col-size=\"md\" data-start=\"2201\" data-end=\"2243\">od \u221240 \u2103 do +150 \u2103<\/td>\n<\/tr>\n<tr data-start=\"2244\" data-end=\"2332\">\n<td data-start=\"2244\" data-end=\"2265\" data-col-size=\"sm\">Ochrona<\/td>\n<td data-col-size=\"sm\" data-start=\"2265\" data-end=\"2290\">Funkcje specjalne<\/td>\n<td data-col-size=\"md\" data-start=\"2290\" data-end=\"2332\">Wodoodporny \/ Odporny na warunki atmosferyczne<\/td>\n<\/tr>\n<tr data-start=\"2333\" data-end=\"2421\">\n<td data-start=\"2333\" data-end=\"2354\" data-col-size=\"sm\">Personalizacja<\/td>\n<td data-col-size=\"sm\" data-start=\"2354\" data-end=\"2379\">Opcje<\/td>\n<td data-col-size=\"md\" data-start=\"2379\" data-end=\"2421\">Dostosowywanie rozmiaru dla zam\u00f3wie\u0144 hurtowych<\/td>\n<\/tr>\n<tr data-start=\"2422\" data-end=\"2516\">\n<td data-start=\"2422\" data-end=\"2443\" data-col-size=\"sm\">Przypadki u\u017cycia<\/td>\n<td data-col-size=\"sm\" data-start=\"2443\" data-end=\"2468\">Typowe zastosowania<\/td>\n<td data-col-size=\"md\" data-start=\"2468\" data-end=\"2516\">Aktywa metalowe, narz\u0119dzia, sprz\u0119t IT, maszyny<\/td>\n<\/tr>\n<\/tbody>\n<\/table>\n<\/div>\n<\/div>","protected":false},"excerpt":{"rendered":"<p>Etykieta RFID UHF ABS chroni\u0105ca przed metalowymi aktywami \u2014 EPC Gen2v2, pasywna, odporna na warunki atmosferyczne obudowa ABS, od \u221240 \u2103 do +150 \u2103, standardowe wymiary 135 \u00d7 22 \u00d7 12 mm z mo\u017cliwo\u015bci\u0105 personalizacji.<\/p>","protected":false},"featured_media":879,"template":"","meta":{"_gspb_post_css":""},"product_brand":[],"product_cat":[24,26],"product_tag":[],"class_list":{"0":"post-881","1":"product","2":"type-product","3":"status-publish","4":"has-post-thumbnail","6":"product_cat-rfid-tags","7":"product_cat-anti-metal-abs-uhf-rfid-tags","9":"first","10":"instock","11":"shipping-taxable","12":"purchasable","13":"product-type-simple"},"_links":{"self":[{"href":"https:\/\/www.cxjsmartcard.com\/pl\/wp-json\/wp\/v2\/product\/881","targetHints":{"allow":["GET"]}}],"collection":[{"href":"https:\/\/www.cxjsmartcard.com\/pl\/wp-json\/wp\/v2\/product"}],"about":[{"href":"https:\/\/www.cxjsmartcard.com\/pl\/wp-json\/wp\/v2\/types\/product"}],"wp:featuredmedia":[{"embeddable":true,"href":"https:\/\/www.cxjsmartcard.com\/pl\/wp-json\/wp\/v2\/media\/879"}],"wp:attachment":[{"href":"https:\/\/www.cxjsmartcard.com\/pl\/wp-json\/wp\/v2\/media?parent=881"}],"wp:term":[{"taxonomy":"product_brand","embeddable":true,"href":"https:\/\/www.cxjsmartcard.com\/pl\/wp-json\/wp\/v2\/product_brand?post=881"},{"taxonomy":"product_cat","embeddable":true,"href":"https:\/\/www.cxjsmartcard.com\/pl\/wp-json\/wp\/v2\/product_cat?post=881"},{"taxonomy":"product_tag","embeddable":true,"href":"https:\/\/www.cxjsmartcard.com\/pl\/wp-json\/wp\/v2\/product_tag?post=881"}],"curies":[{"name":"wp","href":"https:\/\/api.w.org\/{rel}","templated":true}]}}