{"id":873,"date":"2025-11-03T08:55:50","date_gmt":"2025-11-03T08:55:50","guid":{"rendered":"https:\/\/www.cxjsmartcard.com\/?post_type=product&#038;p=873"},"modified":"2025-12-29T01:27:08","modified_gmt":"2025-12-29T01:27:08","slug":"rewritable-long-range-abs-uhf-rfid-anti-metal-tag","status":"publish","type":"product","link":"https:\/\/www.cxjsmartcard.com\/pl\/rewritable-long-range-abs-uhf-rfid-anti-metal-tag\/","title":{"rendered":"Etykieta antymetaliczna UHF RFID ABS o du\u017cym zasi\u0119gu, wielokrotnego zapisu"},"content":{"rendered":"<p data-start=\"61\" data-end=\"323\">Wytrzyma\u0142y tag ABS UHF antymetaliczny, zoptymalizowany do monta\u017cu na metalowych obiektach. Zaprojektowany do odczyt\u00f3w z du\u017cej odleg\u0142o\u015bci i pracy w trudnych warunkach, zapewnia stabiln\u0105 prac\u0119 na powierzchniach przewodz\u0105cych w systemach kontroli dost\u0119pu, logistyce, magazynach i \u015bledzeniu zasob\u00f3w przemys\u0142owych.<\/p>\n<p data-start=\"325\" data-end=\"343\"><strong data-start=\"325\" data-end=\"341\">Kluczowe korzy\u015bci<\/strong><\/p>\n<ul data-start=\"344\" data-end=\"715\">\n<li data-start=\"344\" data-end=\"413\">\n<p data-start=\"346\" data-end=\"413\"><strong data-start=\"346\" data-end=\"361\">Daleki zasi\u0119g:<\/strong> 6\u201312 m (zale\u017cnie od czytnika\/anteny i \u015brodowiska)<\/p>\n<\/li>\n<li data-start=\"414\" data-end=\"487\">\n<p data-start=\"416\" data-end=\"487\"><strong data-start=\"416\" data-end=\"441\">Wydajno\u015b\u0107 na metalu:<\/strong> Wewn\u0119trzna struktura dostosowana do powierzchni metalowych<\/p>\n<\/li>\n<li data-start=\"488\" data-end=\"557\">\n<p data-start=\"490\" data-end=\"557\"><strong data-start=\"490\" data-end=\"512\">Pami\u0119\u0107 wielokrotnego zapisu:<\/strong> Aktualizuj dane w ca\u0142ym cyklu \u017cycia aktyw\u00f3w<\/p>\n<\/li>\n<li data-start=\"558\" data-end=\"651\">\n<p data-start=\"560\" data-end=\"651\"><strong data-start=\"560\" data-end=\"577\">Odporno\u015b\u0107 na warunki atmosferyczne:<\/strong> Wodoodporna i odporna na warunki atmosferyczne obudowa ABS w kompaktowej formie \u201cmini tag\u201d<\/p>\n<\/li>\n<li data-start=\"652\" data-end=\"715\">\n<p data-start=\"654\" data-end=\"715\"><strong data-start=\"654\" data-end=\"674\">Gotowy do standard\u00f3w:<\/strong> EPC C1G2 \/ ISO\/IEC 18000-6C, 860\u2013960 MHz<\/p>\n<\/li>\n<\/ul>\n<p data-start=\"717\" data-end=\"865\"><strong data-start=\"717\" data-end=\"733\">Aplikacje<\/strong><br data-start=\"733\" data-end=\"736\" \/>Kontrola dost\u0119pu i bramy \u2022 \u015aledzenie narz\u0119dzi i sprz\u0119tu metalowego \u2022 Operacje hotelowe i obiektowe \u2022 Logistyka i inwentaryzacja magazyn\u00f3w.<\/p>\n<p data-start=\"867\" data-end=\"1105\"><strong data-start=\"867\" data-end=\"875\">Cz\u0119sto zadawane pytania<\/strong><br data-start=\"875\" data-end=\"878\" \/><strong data-start=\"878\" data-end=\"924\">P1: Czy mo\u017ce \u015bledzi\u0107 narz\u0119dzia i osprz\u0119t metalowy?<\/strong> Tak \u2014 zaprojektowane do stosowania na metalu.<br data-start=\"957\" data-end=\"960\" \/><strong data-start=\"960\" data-end=\"985\">P2: Czy jest to plik wielokrotnego zapisu?<\/strong> Tak \u2014 obs\u0142uguje aktualizacje danych w miar\u0119 up\u0142ywu czasu.<br data-start=\"1022\" data-end=\"1025\" \/><strong data-start=\"1025\" data-end=\"1055\">P3: Czy dost\u0119pne s\u0105 pr\u00f3bki?<\/strong> Tak \u2014 pakiety pr\u00f3bek s\u0105 dost\u0119pne na potrzeby test\u00f3w pilota\u017cowych.<\/p>\n<h2 data-start=\"1107\" data-end=\"1132\">Tabela (Specyfikacja)<\/h2>\n<div class=\"_tableContainer_1rjym_1\">\n<div class=\"group _tableWrapper_1rjym_13 flex w-fit flex-col-reverse\" tabindex=\"-1\">\n<table class=\"w-fit min-w-(--thread-content-width)\" data-start=\"1134\" data-end=\"2492\">\n<thead data-start=\"1134\" data-end=\"1231\">\n<tr data-start=\"1134\" data-end=\"1231\">\n<th data-start=\"1134\" data-end=\"1156\" data-col-size=\"sm\">Kategoria<\/th>\n<th data-start=\"1156\" data-end=\"1181\" data-col-size=\"sm\">Parametr<\/th>\n<th data-start=\"1181\" data-end=\"1231\" data-col-size=\"md\">Warto\u015b\u0107<\/th>\n<\/tr>\n<\/thead>\n<tbody data-start=\"1329\" data-end=\"2492\">\n<tr data-start=\"1329\" data-end=\"1425\">\n<td data-start=\"1329\" data-end=\"1350\" data-col-size=\"sm\">Produkt<\/td>\n<td data-col-size=\"sm\" data-start=\"1350\" data-end=\"1375\">Nazwa<\/td>\n<td data-col-size=\"md\" data-start=\"1375\" data-end=\"1425\">Antymetalowy znacznik UHF wielokrotnego zapisu (mini)<\/td>\n<\/tr>\n<tr data-start=\"1426\" data-end=\"1522\">\n<td data-start=\"1426\" data-end=\"1447\" data-col-size=\"sm\">Opcje IC<\/td>\n<td data-col-size=\"sm\" data-start=\"1447\" data-end=\"1472\">\u017beton<\/td>\n<td data-col-size=\"md\" data-start=\"1472\" data-end=\"1522\">Higgs 9; opcje niestandardowe (rodziny Impinj\/Monza)<\/td>\n<\/tr>\n<tr data-start=\"1523\" data-end=\"1619\">\n<td data-start=\"1523\" data-end=\"1544\" data-col-size=\"sm\">RF<\/td>\n<td data-start=\"1544\" data-end=\"1569\" data-col-size=\"sm\">Cz\u0119stotliwo\u015b\u0107<\/td>\n<td data-col-size=\"md\" data-start=\"1569\" data-end=\"1619\">860\u2013960 MHz<\/td>\n<\/tr>\n<tr data-start=\"1620\" data-end=\"1716\">\n<td data-start=\"1620\" data-end=\"1641\" data-col-size=\"sm\"><\/td>\n<td data-col-size=\"sm\" data-start=\"1641\" data-end=\"1666\">Protok\u00f3\u0142<\/td>\n<td data-col-size=\"md\" data-start=\"1666\" data-end=\"1716\">ISO\/IEC 18000-6C; EPC Klasa 1 Gen 2<\/td>\n<\/tr>\n<tr data-start=\"1717\" data-end=\"1813\">\n<td data-start=\"1717\" data-end=\"1738\" data-col-size=\"sm\">Wydajno\u015b\u0107<\/td>\n<td data-col-size=\"sm\" data-start=\"1738\" data-end=\"1763\">Odleg\u0142o\u015b\u0107 czytania<\/td>\n<td data-col-size=\"md\" data-start=\"1763\" data-end=\"1813\">6\u201312 m (zale\u017cnie od czytnika\/anteny\/\u015brodowiska)<\/td>\n<\/tr>\n<tr data-start=\"1814\" data-end=\"1910\">\n<td data-start=\"1814\" data-end=\"1835\" data-col-size=\"sm\">Mechanika<\/td>\n<td data-col-size=\"sm\" data-start=\"1835\" data-end=\"1860\">Materia\u0142 obudowy<\/td>\n<td data-col-size=\"md\" data-start=\"1860\" data-end=\"1910\">ABS klasy przemys\u0142owej<\/td>\n<\/tr>\n<tr data-start=\"1911\" data-end=\"2007\">\n<td data-start=\"1911\" data-end=\"1932\" data-col-size=\"sm\">Ochrona<\/td>\n<td data-col-size=\"sm\" data-start=\"1932\" data-end=\"1957\">\u015arodowiskowy<\/td>\n<td data-col-size=\"md\" data-start=\"1957\" data-end=\"2007\">Wodoodporny \/ Odporny na warunki atmosferyczne<\/td>\n<\/tr>\n<tr data-start=\"2008\" data-end=\"2104\">\n<td data-start=\"2008\" data-end=\"2029\" data-col-size=\"sm\">Interfejs<\/td>\n<td data-col-size=\"sm\" data-start=\"2029\" data-end=\"2054\">Komunikacja<\/td>\n<td data-col-size=\"md\" data-start=\"2054\" data-end=\"2104\">Pasywna technologia RFID UHF<\/td>\n<\/tr>\n<tr data-start=\"2105\" data-end=\"2201\">\n<td data-start=\"2105\" data-end=\"2126\" data-col-size=\"sm\">Wsp\u00f3\u0142czynnik kszta\u0142tu<\/td>\n<td data-start=\"2126\" data-end=\"2151\" data-col-size=\"sm\">Typ<\/td>\n<td data-start=\"2151\" data-end=\"2201\" data-col-size=\"md\">Miniaturowa zawieszka na metalu<\/td>\n<\/tr>\n<tr data-start=\"2202\" data-end=\"2298\">\n<td data-start=\"2202\" data-end=\"2223\" data-col-size=\"sm\">Opakowanie<\/td>\n<td data-col-size=\"sm\" data-start=\"2223\" data-end=\"2248\">Dostarcza\u0107<\/td>\n<td data-col-size=\"md\" data-start=\"2248\" data-end=\"2298\">Pude\u0142ka do pakowania<\/td>\n<\/tr>\n<tr data-start=\"2299\" data-end=\"2395\">\n<td data-start=\"2299\" data-end=\"2320\" data-col-size=\"sm\">Pochodzenie<\/td>\n<td data-col-size=\"sm\" data-start=\"2320\" data-end=\"2345\">Miejsce pochodzenia<\/td>\n<td data-col-size=\"md\" data-start=\"2345\" data-end=\"2395\">Guangdong, Chiny<\/td>\n<\/tr>\n<tr data-start=\"2396\" data-end=\"2492\">\n<td data-start=\"2396\" data-end=\"2417\" data-col-size=\"sm\">Aplikacje<\/td>\n<td data-col-size=\"sm\" data-start=\"2417\" data-end=\"2442\">Typowe przypadki u\u017cycia<\/td>\n<td data-col-size=\"md\" data-start=\"2442\" data-end=\"2492\">Kontrola dost\u0119pu, hotel, logistyka, inwentaryzacja<\/td>\n<\/tr>\n<\/tbody>\n<\/table>\n<\/div>\n<\/div>","protected":false},"excerpt":{"rendered":"<p>Znaczniki ABS UHF z mo\u017cliwo\u015bci\u0105 wielokrotnego zapisu o du\u017cym zasi\u0119gu (6\u201312 m) przeznaczone do wykrywania zasob\u00f3w metalowych \u2014 EPC Gen2\/ISO 18000-6C, obudowa wodoodporna\/odporna na warunki atmosferyczne i kompaktowy format umo\u017cliwiaj\u0105cy \u015bledzenie w warunkach przemys\u0142owych.<\/p>","protected":false},"featured_media":876,"template":"","meta":{"_gspb_post_css":""},"product_brand":[],"product_cat":[24,26],"product_tag":[],"class_list":{"0":"post-873","1":"product","2":"type-product","3":"status-publish","4":"has-post-thumbnail","6":"product_cat-rfid-tags","7":"product_cat-anti-metal-abs-uhf-rfid-tags","9":"first","10":"instock","11":"shipping-taxable","12":"purchasable","13":"product-type-simple"},"_links":{"self":[{"href":"https:\/\/www.cxjsmartcard.com\/pl\/wp-json\/wp\/v2\/product\/873","targetHints":{"allow":["GET"]}}],"collection":[{"href":"https:\/\/www.cxjsmartcard.com\/pl\/wp-json\/wp\/v2\/product"}],"about":[{"href":"https:\/\/www.cxjsmartcard.com\/pl\/wp-json\/wp\/v2\/types\/product"}],"wp:featuredmedia":[{"embeddable":true,"href":"https:\/\/www.cxjsmartcard.com\/pl\/wp-json\/wp\/v2\/media\/876"}],"wp:attachment":[{"href":"https:\/\/www.cxjsmartcard.com\/pl\/wp-json\/wp\/v2\/media?parent=873"}],"wp:term":[{"taxonomy":"product_brand","embeddable":true,"href":"https:\/\/www.cxjsmartcard.com\/pl\/wp-json\/wp\/v2\/product_brand?post=873"},{"taxonomy":"product_cat","embeddable":true,"href":"https:\/\/www.cxjsmartcard.com\/pl\/wp-json\/wp\/v2\/product_cat?post=873"},{"taxonomy":"product_tag","embeddable":true,"href":"https:\/\/www.cxjsmartcard.com\/pl\/wp-json\/wp\/v2\/product_tag?post=873"}],"curies":[{"name":"wp","href":"https:\/\/api.w.org\/{rel}","templated":true}]}}