{"id":868,"date":"2025-11-03T08:53:46","date_gmt":"2025-11-03T08:53:46","guid":{"rendered":"https:\/\/www.cxjsmartcard.com\/?post_type=product&#038;p=868"},"modified":"2025-12-29T01:27:08","modified_gmt":"2025-12-29T01:27:08","slug":"860-960mhz-uhf-anti-metal-abs-rfid-tag","status":"publish","type":"product","link":"https:\/\/www.cxjsmartcard.com\/pl\/860-960mhz-uhf-anti-metal-abs-rfid-tag\/","title":{"rendered":"Etykieta RFID ABS antymetalowa UHF 860\u2013960 MHz"},"content":{"rendered":"<p data-start=\"50\" data-end=\"354\">Wytrzyma\u0142y znacznik UHF antymetaliczny, zaprojektowany do metalowych zasob\u00f3w, palet i sprz\u0119tu. Obudowa ABS z wewn\u0119trzn\u0105 amortyzacj\u0105 zapewnia wysok\u0105 wydajno\u015b\u0107 odczytu na metalu, jednocze\u015bnie b\u0119d\u0105c odpornym na wod\u0119, uderzenia i chemikalia. Typowy zasi\u0119g odczytu wynosi do 8 m w dostrojonych systemach UHF (w zale\u017cno\u015bci od \u015brodowiska\/czytnika).<\/p>\n<p data-start=\"356\" data-end=\"374\"><strong data-start=\"356\" data-end=\"372\">G\u0142\u00f3wne cechy<\/strong><\/p>\n<ul data-start=\"375\" data-end=\"713\">\n<li data-start=\"375\" data-end=\"427\">\n<p data-start=\"377\" data-end=\"427\">860\u2013960 MHz, EPC Klasa 1 Gen2 (ISO\/IEC 18000-6C)<\/p>\n<\/li>\n<li data-start=\"428\" data-end=\"495\">\n<p data-start=\"430\" data-end=\"495\">ABS + wewn\u0119trzna struktura g\u0105bkowa; wodoodporna\/odporna na warunki atmosferyczne (IP65)<\/p>\n<\/li>\n<li data-start=\"496\" data-end=\"539\">\n<p data-start=\"498\" data-end=\"539\">Zasi\u0119g odczytu do 8 m; odczyt wielu znacznik\u00f3w<\/p>\n<\/li>\n<li data-start=\"540\" data-end=\"590\">\n<p data-start=\"542\" data-end=\"590\">Opcje uk\u0142ad\u00f3w scalonych: Alien H3; Impinj M4D\/M4E\/M4QT\/M5<\/p>\n<\/li>\n<li data-start=\"591\" data-end=\"642\">\n<p data-start=\"593\" data-end=\"642\">\u2265100 000 cykli zapisu; &gt;10 lat retencji danych<\/p>\n<\/li>\n<li data-start=\"643\" data-end=\"713\">\n<p data-start=\"645\" data-end=\"713\">Monta\u017c za pomoc\u0105 \u015brub lub kleju przemys\u0142owego; obs\u0142uguje drukowanie\/kodowanie<\/p>\n<\/li>\n<\/ul>\n<p data-start=\"715\" data-end=\"859\"><strong data-start=\"715\" data-end=\"731\">Aplikacje<\/strong><br data-start=\"731\" data-end=\"734\" \/>\u015aledzenie magazynu i palet \u2022 Zarz\u0105dzanie maj\u0105tkiem przemys\u0142owym \u2022 Etykietowanie p\u00f3\u0142ek i sprz\u0119tu \u2022 \u015aledzenie zewn\u0119trznych zasob\u00f3w metalowych.<\/p>\n<h2 data-start=\"861\" data-end=\"886\">Tabela (Specyfikacja)<\/h2>\n<div class=\"_tableContainer_1rjym_1\">\n<div class=\"group _tableWrapper_1rjym_13 flex w-fit flex-col-reverse\" tabindex=\"-1\">\n<table class=\"w-fit min-w-(--thread-content-width)\" data-start=\"888\" data-end=\"3241\">\n<thead data-start=\"888\" data-end=\"999\">\n<tr data-start=\"888\" data-end=\"999\">\n<th data-start=\"888\" data-end=\"910\" data-col-size=\"sm\">Kategoria<\/th>\n<th data-start=\"910\" data-end=\"934\" data-col-size=\"sm\">Parametr<\/th>\n<th data-start=\"934\" data-end=\"999\" data-col-size=\"md\">Warto\u015b\u0107<\/th>\n<\/tr>\n<\/thead>\n<tbody data-start=\"1112\" data-end=\"3241\">\n<tr data-start=\"1112\" data-end=\"1223\">\n<td data-start=\"1112\" data-end=\"1134\" data-col-size=\"sm\">Produkt<\/td>\n<td data-col-size=\"sm\" data-start=\"1134\" data-end=\"1158\">Nazwa<\/td>\n<td data-col-size=\"md\" data-start=\"1158\" data-end=\"1223\">Etykieta RFID ABS UHF antymetalowa<\/td>\n<\/tr>\n<tr data-start=\"1224\" data-end=\"1335\">\n<td data-start=\"1224\" data-end=\"1246\" data-col-size=\"sm\">RF<\/td>\n<td data-col-size=\"sm\" data-start=\"1246\" data-end=\"1270\">Cz\u0119stotliwo\u015b\u0107<\/td>\n<td data-col-size=\"md\" data-start=\"1270\" data-end=\"1335\">860\u2013960 MHz (UHF); opcjonalna odmiana 13,56 MHz<\/td>\n<\/tr>\n<tr data-start=\"1336\" data-end=\"1447\">\n<td data-start=\"1336\" data-end=\"1358\" data-col-size=\"sm\"><\/td>\n<td data-col-size=\"sm\" data-start=\"1358\" data-end=\"1382\">Protok\u00f3\u0142<\/td>\n<td data-col-size=\"md\" data-start=\"1382\" data-end=\"1447\">EPC Klasa 1 Gen2 \/ ISO\/IEC 18000-6C<\/td>\n<\/tr>\n<tr data-start=\"1448\" data-end=\"1559\">\n<td data-start=\"1448\" data-end=\"1470\" data-col-size=\"sm\">Opcje IC<\/td>\n<td data-col-size=\"sm\" data-start=\"1470\" data-end=\"1494\">Frytki<\/td>\n<td data-col-size=\"md\" data-start=\"1494\" data-end=\"1559\">Obcy H3; Impinj M4D\/M4E\/M4QT\/M5<\/td>\n<\/tr>\n<tr data-start=\"1560\" data-end=\"1671\">\n<td data-start=\"1560\" data-end=\"1582\" data-col-size=\"sm\">Antena<\/td>\n<td data-col-size=\"sm\" data-start=\"1582\" data-end=\"1606\">Typ<\/td>\n<td data-col-size=\"md\" data-start=\"1606\" data-end=\"1671\">Wytrawione aluminium<\/td>\n<\/tr>\n<tr data-start=\"1672\" data-end=\"1783\">\n<td data-start=\"1672\" data-end=\"1694\" data-col-size=\"sm\">Mechanika<\/td>\n<td data-col-size=\"sm\" data-start=\"1694\" data-end=\"1718\">Materia\u0142 obudowy<\/td>\n<td data-col-size=\"md\" data-start=\"1718\" data-end=\"1783\">ABS + g\u0105bka \u017celatynowa<\/td>\n<\/tr>\n<tr data-start=\"1784\" data-end=\"1895\">\n<td data-start=\"1784\" data-end=\"1806\" data-col-size=\"sm\">Wymiary<\/td>\n<td data-col-size=\"sm\" data-start=\"1806\" data-end=\"1830\">Rozmiar<\/td>\n<td data-col-size=\"md\" data-start=\"1830\" data-end=\"1895\">125 \u00d7 21,5 \u00d7 12,5 mm (mo\u017cliwo\u015b\u0107 dostosowania)<\/td>\n<\/tr>\n<tr data-start=\"1896\" data-end=\"2007\">\n<td data-start=\"1896\" data-end=\"1918\" data-col-size=\"sm\">Wydajno\u015b\u0107<\/td>\n<td data-col-size=\"sm\" data-start=\"1918\" data-end=\"1942\">Odczyt odleg\u0142o\u015bci<\/td>\n<td data-col-size=\"md\" data-start=\"1942\" data-end=\"2007\">Do 8 m (zale\u017cnie od czytnika\/\u015brodowiska)<\/td>\n<\/tr>\n<tr data-start=\"2008\" data-end=\"2119\">\n<td data-start=\"2008\" data-end=\"2030\" data-col-size=\"sm\">Wytrzyma\u0142o\u015b\u0107<\/td>\n<td data-col-size=\"sm\" data-start=\"2030\" data-end=\"2054\">Napisz cykle<\/td>\n<td data-col-size=\"md\" data-start=\"2054\" data-end=\"2119\">\u2265100 000<\/td>\n<\/tr>\n<tr data-start=\"2120\" data-end=\"2231\">\n<td data-start=\"2120\" data-end=\"2142\" data-col-size=\"sm\">Dane<\/td>\n<td data-col-size=\"sm\" data-start=\"2142\" data-end=\"2166\">Zatrzymanie<\/td>\n<td data-col-size=\"md\" data-start=\"2166\" data-end=\"2231\">&gt;10 lat<\/td>\n<\/tr>\n<tr data-start=\"2232\" data-end=\"2343\">\n<td data-start=\"2232\" data-end=\"2254\" data-col-size=\"sm\">\u015arodowisko<\/td>\n<td data-start=\"2254\" data-end=\"2278\" data-col-size=\"sm\">Temperatura pracy<\/td>\n<td data-col-size=\"md\" data-start=\"2278\" data-end=\"2343\">od \u221225 \u2103 do +55 \u2103<\/td>\n<\/tr>\n<tr data-start=\"2344\" data-end=\"2455\">\n<td data-start=\"2344\" data-end=\"2366\" data-col-size=\"sm\"><\/td>\n<td data-col-size=\"sm\" data-start=\"2366\" data-end=\"2390\">Temperatura przechowywania<\/td>\n<td data-col-size=\"md\" data-start=\"2390\" data-end=\"2455\">od \u221235 \u2103 do +75 \u2103<\/td>\n<\/tr>\n<tr data-start=\"2456\" data-end=\"2567\">\n<td data-start=\"2456\" data-end=\"2478\" data-col-size=\"sm\">Ochrona<\/td>\n<td data-col-size=\"sm\" data-start=\"2478\" data-end=\"2502\">Stopie\u0144 ochrony przed wnikaniem<\/td>\n<td data-col-size=\"md\" data-start=\"2502\" data-end=\"2567\">IP65 (wodoodporny\/odporny na warunki atmosferyczne)<\/td>\n<\/tr>\n<tr data-start=\"2568\" data-end=\"2680\">\n<td data-start=\"2568\" data-end=\"2590\" data-col-size=\"sm\">Montowanie<\/td>\n<td data-col-size=\"sm\" data-start=\"2590\" data-end=\"2614\">Metody<\/td>\n<td data-col-size=\"md\" data-start=\"2614\" data-end=\"2680\">\u015aruby lub klej przemys\u0142owy<\/td>\n<\/tr>\n<tr data-start=\"2681\" data-end=\"2793\">\n<td data-start=\"2681\" data-end=\"2703\" data-col-size=\"sm\">Personalizacja<\/td>\n<td data-col-size=\"sm\" data-start=\"2703\" data-end=\"2727\">Opcje rzemie\u015blnicze<\/td>\n<td data-col-size=\"md\" data-start=\"2727\" data-end=\"2793\">Druk sitodrukowy\/atramentowy; kodowanie<\/td>\n<\/tr>\n<tr data-start=\"2794\" data-end=\"2905\">\n<td data-start=\"2794\" data-end=\"2816\" data-col-size=\"sm\">Opakowanie<\/td>\n<td data-start=\"2816\" data-end=\"2840\" data-col-size=\"sm\">Ilo\u015b\u0107 w opakowaniu<\/td>\n<td data-col-size=\"md\" data-start=\"2840\" data-end=\"2905\">10 szt.\/worek; 500 szt.\/pude\u0142ko<\/td>\n<\/tr>\n<tr data-start=\"2906\" data-end=\"3017\">\n<td data-start=\"2906\" data-end=\"2928\" data-col-size=\"sm\">Minimalne zam\u00f3wienie<\/td>\n<td data-start=\"2928\" data-end=\"2952\" data-col-size=\"sm\">Minimalne zam\u00f3wienie<\/td>\n<td data-col-size=\"md\" data-start=\"2952\" data-end=\"3017\">100 szt.<\/td>\n<\/tr>\n<tr data-start=\"3018\" data-end=\"3129\">\n<td data-start=\"3018\" data-end=\"3040\" data-col-size=\"sm\">Pochodzenie<\/td>\n<td data-col-size=\"sm\" data-start=\"3040\" data-end=\"3064\">Miejsce pochodzenia<\/td>\n<td data-col-size=\"md\" data-start=\"3064\" data-end=\"3129\">Guangdong, Chiny<\/td>\n<\/tr>\n<tr data-start=\"3130\" data-end=\"3241\">\n<td data-start=\"3130\" data-end=\"3152\" data-col-size=\"sm\">Przypadki u\u017cycia<\/td>\n<td data-col-size=\"sm\" data-start=\"3152\" data-end=\"3176\">Aplikacje<\/td>\n<td data-col-size=\"md\" data-start=\"3176\" data-end=\"3241\">Magazyn, paleta, p\u00f3\u0142ka, sprz\u0119t, zewn\u0119trzne aktywa metalowe<\/td>\n<\/tr>\n<\/tbody>\n<\/table>\n<\/div>\n<\/div>","protected":false},"excerpt":{"rendered":"<p>Wytrzyma\u0142a etykieta antymetalowa UHF ABS \u2014 IP65, zasi\u0119g do 8 m, EPC Gen2, monta\u017c na \u015bruby\/klej do palet, sprz\u0119tu i zewn\u0119trznych zasob\u00f3w metalowych.<\/p>","protected":false},"featured_media":869,"template":"","meta":{"_gspb_post_css":""},"product_brand":[],"product_cat":[24,26],"product_tag":[],"class_list":{"0":"post-868","1":"product","2":"type-product","3":"status-publish","4":"has-post-thumbnail","6":"product_cat-rfid-tags","7":"product_cat-anti-metal-abs-uhf-rfid-tags","9":"first","10":"instock","11":"shipping-taxable","12":"purchasable","13":"product-type-simple"},"_links":{"self":[{"href":"https:\/\/www.cxjsmartcard.com\/pl\/wp-json\/wp\/v2\/product\/868","targetHints":{"allow":["GET"]}}],"collection":[{"href":"https:\/\/www.cxjsmartcard.com\/pl\/wp-json\/wp\/v2\/product"}],"about":[{"href":"https:\/\/www.cxjsmartcard.com\/pl\/wp-json\/wp\/v2\/types\/product"}],"wp:featuredmedia":[{"embeddable":true,"href":"https:\/\/www.cxjsmartcard.com\/pl\/wp-json\/wp\/v2\/media\/869"}],"wp:attachment":[{"href":"https:\/\/www.cxjsmartcard.com\/pl\/wp-json\/wp\/v2\/media?parent=868"}],"wp:term":[{"taxonomy":"product_brand","embeddable":true,"href":"https:\/\/www.cxjsmartcard.com\/pl\/wp-json\/wp\/v2\/product_brand?post=868"},{"taxonomy":"product_cat","embeddable":true,"href":"https:\/\/www.cxjsmartcard.com\/pl\/wp-json\/wp\/v2\/product_cat?post=868"},{"taxonomy":"product_tag","embeddable":true,"href":"https:\/\/www.cxjsmartcard.com\/pl\/wp-json\/wp\/v2\/product_tag?post=868"}],"curies":[{"name":"wp","href":"https:\/\/api.w.org\/{rel}","templated":true}]}}