{"id":867,"date":"2025-11-03T08:51:49","date_gmt":"2025-11-03T08:51:49","guid":{"rendered":"https:\/\/www.cxjsmartcard.com\/?post_type=product&#038;p=867"},"modified":"2025-12-29T01:27:08","modified_gmt":"2025-12-29T01:27:08","slug":"rfid-animal-transponder-glass-tube-tag-pet-identification-microchip","status":"publish","type":"product","link":"https:\/\/www.cxjsmartcard.com\/pl\/rfid-animal-transponder-glass-tube-tag-pet-identification-microchip\/","title":{"rendered":"Szklana tuba z transponderem RFID dla zwierz\u0105t \u2013 mikrochip do identyfikacji zwierz\u0105t"},"content":{"rendered":"<p data-start=\"81\" data-end=\"343\">Mikroprocesor LF zamkni\u0119ty w szklanej obudowie do trwa\u0142ej identyfikacji i odzyskiwania zwierz\u0105t domowych. Pasywny transponder (wielko\u015bci ziarenka ry\u017cu) jest wstrzykiwany podsk\u00f3rnie i odczytywany przez skanery zgodne z norm\u0105 ISO, u\u017cywane w klinikach, schroniskach i o\u015brodkach kontroli zwierz\u0105t.<\/p>\n<p data-start=\"345\" data-end=\"553\"><strong data-start=\"345\" data-end=\"361\">Jak to dzia\u0142a<\/strong><br data-start=\"361\" data-end=\"364\" \/>Ka\u017cda sterylna strzykawka zawiera unikalny mikrochip identyfikacyjny. Podczas skanowania zwierz\u0119cia, 15-cyfrowy kod jest odczytywany z bliskiej odleg\u0142o\u015bci i por\u00f3wnywany z danymi rejestracyjnymi, co u\u0142atwia ponowne po\u0142\u0105czenie zwierz\u0105t z w\u0142a\u015bcicielami.<\/p>\n<p data-start=\"555\" data-end=\"573\"><strong data-start=\"555\" data-end=\"571\">G\u0142\u00f3wne cechy<\/strong><\/p>\n<ul data-start=\"574\" data-end=\"917\">\n<li data-start=\"574\" data-end=\"620\">\n<p data-start=\"576\" data-end=\"620\">FDX-B 134,2 kHz, zgodny z ISO 11784\/11785<\/p>\n<\/li>\n<li data-start=\"621\" data-end=\"669\">\n<p data-start=\"623\" data-end=\"669\">Medyczna kapsu\u0142ka bioszklana z miedzian\u0105 anten\u0105<\/p>\n<\/li>\n<li data-start=\"670\" data-end=\"714\">\n<p data-start=\"672\" data-end=\"714\">Sterylizowane tlenkiem etylenu, z pow\u0142ok\u0105 parylenow\u0105<\/p>\n<\/li>\n<li data-start=\"715\" data-end=\"771\">\n<p data-start=\"717\" data-end=\"771\">Odleg\u0142o\u015b\u0107 odczytu do ~1\u201312 cm (w zale\u017cno\u015bci od rozmiaru\/czytelnika)<\/p>\n<\/li>\n<li data-start=\"772\" data-end=\"840\">\n<p data-start=\"774\" data-end=\"840\">Elementy konstrukcyjne antybakteryjne, antyalergiczne i zapobiegaj\u0105ce odrzuceniu<\/p>\n<\/li>\n<li data-start=\"841\" data-end=\"917\">\n<p data-start=\"843\" data-end=\"917\">Opcje losowego lub niestandardowego identyfikatora; opcjonalna obs\u0142uga NFC (zale\u017cna od przep\u0142ywu pracy)<\/p>\n<\/li>\n<\/ul>\n<p data-start=\"919\" data-end=\"1042\"><strong data-start=\"919\" data-end=\"938\">Co jest wliczone<\/strong><br data-start=\"938\" data-end=\"941\" \/>Wst\u0119pnie za\u0142adowana sterylna strzykawka polipropylenowa zawieraj\u0105ca mikrochip \u2014 gotowa do profesjonalnego wszczepienia.<\/p>\n<h2 data-start=\"1044\" data-end=\"1069\">Tabela (Specyfikacja)<\/h2>\n<div class=\"_tableContainer_1rjym_1\">\n<div class=\"group _tableWrapper_1rjym_13 flex w-fit flex-col-reverse\" tabindex=\"-1\">\n<table class=\"w-fit min-w-(--thread-content-width)\" data-start=\"1071\" data-end=\"2736\">\n<thead data-start=\"1071\" data-end=\"1168\">\n<tr data-start=\"1071\" data-end=\"1168\">\n<th data-start=\"1071\" data-end=\"1089\" data-col-size=\"sm\">Kategoria<\/th>\n<th data-start=\"1089\" data-end=\"1113\" data-col-size=\"sm\">Parametr<\/th>\n<th data-start=\"1113\" data-end=\"1168\" data-col-size=\"md\">Warto\u015b\u0107<\/th>\n<\/tr>\n<\/thead>\n<tbody data-start=\"1267\" data-end=\"2736\">\n<tr data-start=\"1267\" data-end=\"1364\">\n<td data-start=\"1267\" data-end=\"1285\" data-col-size=\"sm\">Produkt<\/td>\n<td data-col-size=\"sm\" data-start=\"1285\" data-end=\"1309\">Typ<\/td>\n<td data-col-size=\"md\" data-start=\"1309\" data-end=\"1364\">Mikrochip RFID ze szklanej rurki dla zwierz\u0105t<\/td>\n<\/tr>\n<tr data-start=\"1365\" data-end=\"1462\">\n<td data-start=\"1365\" data-end=\"1383\" data-col-size=\"sm\">Cz\u0119stotliwo\u015b\u0107<\/td>\n<td data-col-size=\"sm\" data-start=\"1383\" data-end=\"1407\">LF<\/td>\n<td data-col-size=\"md\" data-start=\"1407\" data-end=\"1462\">134,2 kHz (FDX-B)<\/td>\n<\/tr>\n<tr data-start=\"1463\" data-end=\"1560\">\n<td data-start=\"1463\" data-end=\"1481\" data-col-size=\"sm\">Standardy<\/td>\n<td data-col-size=\"sm\" data-start=\"1481\" data-end=\"1505\">Protok\u00f3\u0142<\/td>\n<td data-col-size=\"md\" data-start=\"1505\" data-end=\"1560\">ISO 11784\/11785 (FDX-B)<\/td>\n<\/tr>\n<tr data-start=\"1561\" data-end=\"1658\">\n<td data-start=\"1561\" data-end=\"1579\" data-col-size=\"sm\">\u017beton<\/td>\n<td data-start=\"1579\" data-end=\"1603\" data-col-size=\"sm\">Uk\u0142ad scalony<\/td>\n<td data-col-size=\"md\" data-start=\"1603\" data-end=\"1658\">EM4305<\/td>\n<\/tr>\n<tr data-start=\"1659\" data-end=\"1756\">\n<td data-start=\"1659\" data-end=\"1677\" data-col-size=\"sm\">Wymiary<\/td>\n<td data-col-size=\"sm\" data-start=\"1677\" data-end=\"1701\">Rozmiary<\/td>\n<td data-col-size=\"md\" data-start=\"1701\" data-end=\"1756\">1,25\u00d77 mm; 1,4\u00d78 mm; 2\u00d712 mm; 3\u00d715 mm<\/td>\n<\/tr>\n<tr data-start=\"1757\" data-end=\"1854\">\n<td data-start=\"1757\" data-end=\"1775\" data-col-size=\"sm\">Przybory<\/td>\n<td data-col-size=\"sm\" data-start=\"1775\" data-end=\"1799\">Kapsu\u0142ka \/ Antena<\/td>\n<td data-col-size=\"md\" data-start=\"1799\" data-end=\"1854\">Bioszk\u0142o medyczne \/ Mied\u017a<\/td>\n<\/tr>\n<tr data-start=\"1855\" data-end=\"1952\">\n<td data-start=\"1855\" data-end=\"1873\" data-col-size=\"sm\">Pow\u0142oka<\/td>\n<td data-col-size=\"sm\" data-start=\"1873\" data-end=\"1897\">Parylen<\/td>\n<td data-col-size=\"md\" data-start=\"1897\" data-end=\"1952\">Tak<\/td>\n<\/tr>\n<tr data-start=\"1953\" data-end=\"2050\">\n<td data-start=\"1953\" data-end=\"1971\" data-col-size=\"sm\">Sterylizacja<\/td>\n<td data-col-size=\"sm\" data-start=\"1971\" data-end=\"1995\">Metoda<\/td>\n<td data-col-size=\"md\" data-start=\"1995\" data-end=\"2050\">Tlenek etylenu (EO) gaz<\/td>\n<\/tr>\n<tr data-start=\"2051\" data-end=\"2148\">\n<td data-start=\"2051\" data-end=\"2069\" data-col-size=\"sm\">Opcje ID<\/td>\n<td data-col-size=\"sm\" data-start=\"2069\" data-end=\"2093\">Numeracja<\/td>\n<td data-col-size=\"md\" data-start=\"2093\" data-end=\"2148\">Losowy identyfikator lub niestandardowy identyfikator<\/td>\n<\/tr>\n<tr data-start=\"2149\" data-end=\"2246\">\n<td data-start=\"2149\" data-end=\"2167\" data-col-size=\"sm\">Wydajno\u015b\u0107<\/td>\n<td data-col-size=\"sm\" data-start=\"2167\" data-end=\"2191\">Zakres odczytu<\/td>\n<td data-col-size=\"md\" data-start=\"2191\" data-end=\"2246\">~1\u201312 cm (rozmiar znacznika i zale\u017cny od czytelnika)<\/td>\n<\/tr>\n<tr data-start=\"2247\" data-end=\"2344\">\n<td data-start=\"2247\" data-end=\"2265\" data-col-size=\"sm\">\u015arodowisko<\/td>\n<td data-start=\"2265\" data-end=\"2289\" data-col-size=\"sm\">Okres wa\u017cno\u015bci<\/td>\n<td data-col-size=\"md\" data-start=\"2289\" data-end=\"2344\">5 lat<\/td>\n<\/tr>\n<tr data-start=\"2345\" data-end=\"2442\">\n<td data-start=\"2345\" data-end=\"2363\" data-col-size=\"sm\">Dostawa<\/td>\n<td data-col-size=\"sm\" data-start=\"2363\" data-end=\"2387\">Aplikator<\/td>\n<td data-col-size=\"md\" data-start=\"2387\" data-end=\"2442\">Strzykawka sterylna wst\u0119pnie nape\u0142niona (polipropylen)<\/td>\n<\/tr>\n<tr data-start=\"2443\" data-end=\"2540\">\n<td data-start=\"2443\" data-end=\"2461\" data-col-size=\"sm\">Dzia\u0142anie<\/td>\n<td data-col-size=\"sm\" data-start=\"2461\" data-end=\"2485\">Moc<\/td>\n<td data-col-size=\"md\" data-start=\"2485\" data-end=\"2540\">Pasywny (bez baterii)<\/td>\n<\/tr>\n<tr data-start=\"2541\" data-end=\"2638\">\n<td data-start=\"2541\" data-end=\"2559\" data-col-size=\"sm\">Aplikacja<\/td>\n<td data-col-size=\"sm\" data-start=\"2559\" data-end=\"2583\">Przypadki u\u017cycia<\/td>\n<td data-col-size=\"md\" data-start=\"2583\" data-end=\"2638\">Identyfikacja i zarz\u0105dzanie zwierz\u0119tami domowymi (psy, koty, ryby, zwierz\u0119ta egzotyczne)<\/td>\n<\/tr>\n<tr data-start=\"2639\" data-end=\"2736\">\n<td data-start=\"2639\" data-end=\"2657\" data-col-size=\"sm\">Dodatki<\/td>\n<td data-col-size=\"sm\" data-start=\"2657\" data-end=\"2681\">Cechy konstrukcyjne<\/td>\n<td data-col-size=\"md\" data-start=\"2681\" data-end=\"2736\">Antybakteryjne, przeciwalergiczne, przeciwodrzutowe<\/td>\n<\/tr>\n<\/tbody>\n<\/table>\n<\/div>\n<\/div>","protected":false},"excerpt":{"rendered":"<p>Sterylny szklany mikrochip LF dla zwierz\u0105t (FDX-B 134,2 kHz) ze wst\u0119pnie za\u0142adowan\u0105 strzykawk\u0105 \u2014 zgodny z norm\u0105 ISO 11784\/11785, odczyty 1\u201312 cm, medyczna kapsu\u0142ka ze szk\u0142a bioszklanego z pow\u0142ok\u0105 parylenow\u0105.<\/p>","protected":false},"featured_media":861,"template":"","meta":{"_gspb_post_css":""},"product_brand":[],"product_cat":[25,24],"product_tag":[],"class_list":{"0":"post-867","1":"product","2":"type-product","3":"status-publish","4":"has-post-thumbnail","6":"product_cat-rfid-animal-glass-tube-tag-pets-microchip","7":"product_cat-rfid-tags","9":"first","10":"instock","11":"shipping-taxable","12":"purchasable","13":"product-type-simple"},"_links":{"self":[{"href":"https:\/\/www.cxjsmartcard.com\/pl\/wp-json\/wp\/v2\/product\/867","targetHints":{"allow":["GET"]}}],"collection":[{"href":"https:\/\/www.cxjsmartcard.com\/pl\/wp-json\/wp\/v2\/product"}],"about":[{"href":"https:\/\/www.cxjsmartcard.com\/pl\/wp-json\/wp\/v2\/types\/product"}],"wp:featuredmedia":[{"embeddable":true,"href":"https:\/\/www.cxjsmartcard.com\/pl\/wp-json\/wp\/v2\/media\/861"}],"wp:attachment":[{"href":"https:\/\/www.cxjsmartcard.com\/pl\/wp-json\/wp\/v2\/media?parent=867"}],"wp:term":[{"taxonomy":"product_brand","embeddable":true,"href":"https:\/\/www.cxjsmartcard.com\/pl\/wp-json\/wp\/v2\/product_brand?post=867"},{"taxonomy":"product_cat","embeddable":true,"href":"https:\/\/www.cxjsmartcard.com\/pl\/wp-json\/wp\/v2\/product_cat?post=867"},{"taxonomy":"product_tag","embeddable":true,"href":"https:\/\/www.cxjsmartcard.com\/pl\/wp-json\/wp\/v2\/product_tag?post=867"}],"curies":[{"name":"wp","href":"https:\/\/api.w.org\/{rel}","templated":true}]}}