{"id":866,"date":"2025-11-03T08:37:44","date_gmt":"2025-11-03T08:37:44","guid":{"rendered":"https:\/\/www.cxjsmartcard.com\/?post_type=product&#038;p=866"},"modified":"2025-12-29T01:27:08","modified_gmt":"2025-12-29T01:27:08","slug":"pet-chip-134khz-rfid-em4305-animal-tracking-microchip-with-applicator","status":"publish","type":"product","link":"https:\/\/www.cxjsmartcard.com\/pl\/pet-chip-134khz-rfid-em4305-animal-tracking-microchip-with-applicator\/","title":{"rendered":"Chip dla zwierz\u0105t 134 kHz RFID EM4305 Mikrochip do \u015bledzenia zwierz\u0105t z aplikatorem"},"content":{"rendered":"<p data-start=\"81\" data-end=\"413\">Mikroczip dla zwierz\u0105t LF do trwa\u0142ej identyfikacji i rekonwalescencji. Znacznik ma wielko\u015b\u0107 ziarenka ry\u017cu i jest wszczepiany podsk\u00f3rnie za pomoc\u0105 do\u0142\u0105czonego aplikatora. Po zarejestrowaniu, unikalny 15-cyfrowy identyfikator chipa \u0142\u0105czy zwierz\u0119 z danymi kontaktowymi, co umo\u017cliwia szybkie ponowne przywiezienie zwierz\u0119cia przez weterynarzy, schroniska i organizacje zajmuj\u0105ce si\u0119 ochron\u0105 zwierz\u0105t.<\/p>\n<p data-start=\"415\" data-end=\"620\"><strong data-start=\"415\" data-end=\"439\">Czym jest mikroczip?<\/strong><br data-start=\"439\" data-end=\"442\" \/>Szybki i bezpieczny zabieg wykonywany przez lekarza weterynarii lub przeszkolonego implantatora. Niewielki, pasywny transponder nie wymaga baterii i jest zaprojektowany tak, aby dzia\u0142a\u0107 przez ca\u0142e \u017cycie zwierz\u0119cia.<\/p>\n<p data-start=\"622\" data-end=\"939\"><strong data-start=\"622\" data-end=\"657\">Jak pomaga odnale\u017a\u0107 zagubione zwierz\u0119<\/strong><br data-start=\"657\" data-end=\"660\" \/>Po znalezieniu zwierz\u0119cia, upowa\u017cniony u\u017cytkownik skanuje je, aby odczyta\u0107 unikalny 15-cyfrowy kod. Kod jest weryfikowany w bazie danych rejestracyjnych, kt\u00f3ra przeprowadza weryfikacj\u0119 bezpiecze\u0144stwa przed udost\u0119pnieniem danych kontaktowych w\u0142a\u015bciciela upowa\u017cnionej osobie, umo\u017cliwiaj\u0105c szybkie ponowne spotkanie.<\/p>\n<p data-start=\"941\" data-end=\"958\"><strong data-start=\"941\" data-end=\"956\">Kluczowe szczeg\u00f3\u0142y<\/strong><\/p>\n<ul data-start=\"959\" data-end=\"1313\">\n<li data-start=\"959\" data-end=\"1004\">\n<p data-start=\"961\" data-end=\"1004\"><strong data-start=\"961\" data-end=\"975\">Cz\u0119stotliwo\u015b\u0107:<\/strong> Cz\u0119stotliwo\u015b\u0107 LF 125\/134,2 kHz (FDX\/HDX)<\/p>\n<\/li>\n<li data-start=\"1005\" data-end=\"1032\">\n<p data-start=\"1007\" data-end=\"1032\"><strong data-start=\"1007\" data-end=\"1023\">Opcja chipa:<\/strong> EM4305<\/p>\n<\/li>\n<li data-start=\"1033\" data-end=\"1121\">\n<p data-start=\"1035\" data-end=\"1121\"><strong data-start=\"1035\" data-end=\"1050\">Zakres odczytu:<\/strong> LF 1\u201310 cm (zale\u017cnie od czytelnika); HF 1\u20133 cm (w przypadku stosowania z systemami HF)<\/p>\n<\/li>\n<li data-start=\"1122\" data-end=\"1202\">\n<p data-start=\"1124\" data-end=\"1202\"><strong data-start=\"1124\" data-end=\"1138\">Normy:<\/strong> ISO 11784\/11785 (FDX\/HDX); ISO 15693 (zauwa\u017cono zgodno\u015b\u0107 z HF)<\/p>\n<\/li>\n<li data-start=\"1203\" data-end=\"1313\">\n<p data-start=\"1205\" data-end=\"1313\"><strong data-start=\"1205\" data-end=\"1219\">Przyk\u0142ady zastosowa\u0144:<\/strong> Zarz\u0105dzanie zwierz\u0119tami i identyfikacja zwierz\u0105t domowych (ps\u00f3w, kot\u00f3w, ryb) oraz dzikich i egzotycznych (np. tygrys\u00f3w, lw\u00f3w)<\/p>\n<\/li>\n<\/ul>\n<p data-start=\"1315\" data-end=\"1406\"><strong data-start=\"1315\" data-end=\"1335\">Pakiet zawiera<\/strong><br data-start=\"1335\" data-end=\"1338\" \/>Wst\u0119pnie za\u0142adowana sterylna strzykawka z mikrochipem gotowa do wszczepienia.<\/p>\n<h2 data-start=\"1408\" data-end=\"1433\">Tabela (Specyfikacja)<\/h2>\n<div class=\"_tableContainer_1rjym_1\">\n<div class=\"group _tableWrapper_1rjym_13 flex w-fit flex-col-reverse\" tabindex=\"-1\">\n<table class=\"w-fit min-w-(--thread-content-width)\" data-start=\"1435\" data-end=\"3047\">\n<thead data-start=\"1435\" data-end=\"1549\">\n<tr data-start=\"1435\" data-end=\"1549\">\n<th data-start=\"1435\" data-end=\"1453\" data-col-size=\"sm\">Kategoria<\/th>\n<th data-start=\"1453\" data-end=\"1476\" data-col-size=\"sm\">Parametr<\/th>\n<th data-start=\"1476\" data-end=\"1549\" data-col-size=\"md\">Warto\u015b\u0107<\/th>\n<\/tr>\n<\/thead>\n<tbody data-start=\"1665\" data-end=\"3047\">\n<tr data-start=\"1665\" data-end=\"1779\">\n<td data-start=\"1665\" data-end=\"1683\" data-col-size=\"sm\">Produkt<\/td>\n<td data-col-size=\"sm\" data-start=\"1683\" data-end=\"1706\">Typ<\/td>\n<td data-col-size=\"md\" data-start=\"1706\" data-end=\"1779\">Mikrochip LF RFID dla zwierz\u0105t z aplikatorem<\/td>\n<\/tr>\n<tr data-start=\"1780\" data-end=\"1894\">\n<td data-start=\"1780\" data-end=\"1798\" data-col-size=\"sm\">Cz\u0119stotliwo\u015b\u0107<\/td>\n<td data-col-size=\"sm\" data-start=\"1798\" data-end=\"1821\">LF<\/td>\n<td data-col-size=\"md\" data-start=\"1821\" data-end=\"1894\">125\/134,2 kHz (FDX\/HDX)<\/td>\n<\/tr>\n<tr data-start=\"1895\" data-end=\"2010\">\n<td data-start=\"1895\" data-end=\"1913\" data-col-size=\"sm\">\u017beton<\/td>\n<td data-col-size=\"sm\" data-start=\"1913\" data-end=\"1936\">Uk\u0142ad scalony<\/td>\n<td data-col-size=\"md\" data-start=\"1936\" data-end=\"2010\">EM4305<\/td>\n<\/tr>\n<tr data-start=\"2011\" data-end=\"2125\">\n<td data-start=\"2011\" data-end=\"2029\" data-col-size=\"sm\">Protoko\u0142y<\/td>\n<td data-col-size=\"sm\" data-start=\"2029\" data-end=\"2052\">Zgodno\u015b\u0107<\/td>\n<td data-col-size=\"md\" data-start=\"2052\" data-end=\"2125\">ISO 11784\/11785 (FDX\/HDX); ISO 15693 (przep\u0142ywy pracy HF)<\/td>\n<\/tr>\n<tr data-start=\"2126\" data-end=\"2240\">\n<td data-start=\"2126\" data-end=\"2144\" data-col-size=\"sm\">Rozmiary<\/td>\n<td data-col-size=\"sm\" data-start=\"2144\" data-end=\"2167\">Wymiary kapsu\u0142y<\/td>\n<td data-col-size=\"md\" data-start=\"2167\" data-end=\"2240\">1,25\u00d77 mm; 1,4\u00d78 mm; 2,12\u00d78 mm; 2,12\u00d712 mm; 3\u00d715 mm; 4\u00d732 mm; niestandardowe<\/td>\n<\/tr>\n<tr data-start=\"2241\" data-end=\"2355\">\n<td data-start=\"2241\" data-end=\"2259\" data-col-size=\"sm\">Wydajno\u015b\u0107<\/td>\n<td data-col-size=\"sm\" data-start=\"2259\" data-end=\"2282\">Odleg\u0142o\u015b\u0107 czytania<\/td>\n<td data-col-size=\"md\" data-start=\"2282\" data-end=\"2355\">LF 1\u201310 cm; HF 1\u20133 cm<\/td>\n<\/tr>\n<tr data-start=\"2356\" data-end=\"2471\">\n<td data-start=\"2356\" data-end=\"2374\" data-col-size=\"sm\">\u015arodowisko<\/td>\n<td data-start=\"2374\" data-end=\"2397\" data-col-size=\"sm\">Temperatura pracy<\/td>\n<td data-col-size=\"md\" data-start=\"2397\" data-end=\"2471\">od 20 \u2103 do 50 \u2103<\/td>\n<\/tr>\n<tr data-start=\"2472\" data-end=\"2587\">\n<td data-start=\"2472\" data-end=\"2490\" data-col-size=\"sm\"><\/td>\n<td data-start=\"2490\" data-end=\"2513\" data-col-size=\"sm\">Temperatura przechowywania<\/td>\n<td data-col-size=\"md\" data-start=\"2513\" data-end=\"2587\">od \u221240 \u2103 do +70 \u2103<\/td>\n<\/tr>\n<tr data-start=\"2588\" data-end=\"2702\">\n<td data-start=\"2588\" data-end=\"2606\" data-col-size=\"sm\">Dostawa<\/td>\n<td data-col-size=\"sm\" data-start=\"2606\" data-end=\"2629\">Format<\/td>\n<td data-col-size=\"md\" data-start=\"2629\" data-end=\"2702\">Wst\u0119pnie na\u0142adowana sterylna strzykawka (aplikator)<\/td>\n<\/tr>\n<tr data-start=\"2703\" data-end=\"2817\">\n<td data-start=\"2703\" data-end=\"2721\" data-col-size=\"sm\">Dzia\u0142anie<\/td>\n<td data-start=\"2721\" data-end=\"2744\" data-col-size=\"sm\">Moc<\/td>\n<td data-start=\"2744\" data-end=\"2817\" data-col-size=\"md\">Pasywny (bez baterii)<\/td>\n<\/tr>\n<tr data-start=\"2818\" data-end=\"2932\">\n<td data-start=\"2818\" data-end=\"2836\" data-col-size=\"sm\">Aplikacja<\/td>\n<td data-start=\"2836\" data-end=\"2859\" data-col-size=\"sm\">Zwierz\u0119ta<\/td>\n<td data-start=\"2859\" data-end=\"2932\" data-col-size=\"md\">Psy, koty, ryby i inne gatunki<\/td>\n<\/tr>\n<tr data-start=\"2933\" data-end=\"3047\">\n<td data-start=\"2933\" data-end=\"2951\" data-col-size=\"sm\">Funkcjonowa\u0107<\/td>\n<td data-start=\"2951\" data-end=\"2974\" data-col-size=\"sm\">Unikalny identyfikator<\/td>\n<td data-col-size=\"md\" data-start=\"2974\" data-end=\"3047\">15-cyfrowy kod do rejestracji i odzyskiwania<\/td>\n<\/tr>\n<\/tbody>\n<\/table>\n<\/div>\n<\/div>","protected":false},"excerpt":{"rendered":"<p>Mikroczip dla zwierz\u0105t LF 125\/134,2 kHz EM4305 z fabrycznie za\u0142adowanym sterylnym aplikatorem \u2014 zgodny z norm\u0105 ISO 11784\/11785, zasi\u0119g odczytu 1\u201310 cm, r\u00f3\u017cne rozmiary do trwa\u0142ej identyfikacji zwierz\u0105t.<\/p>","protected":false},"featured_media":864,"template":"","meta":{"_gspb_post_css":""},"product_brand":[],"product_cat":[24,25],"product_tag":[],"class_list":{"0":"post-866","1":"product","2":"type-product","3":"status-publish","4":"has-post-thumbnail","6":"product_cat-rfid-tags","7":"product_cat-rfid-animal-glass-tube-tag-pets-microchip","9":"first","10":"instock","11":"shipping-taxable","12":"purchasable","13":"product-type-simple"},"_links":{"self":[{"href":"https:\/\/www.cxjsmartcard.com\/pl\/wp-json\/wp\/v2\/product\/866","targetHints":{"allow":["GET"]}}],"collection":[{"href":"https:\/\/www.cxjsmartcard.com\/pl\/wp-json\/wp\/v2\/product"}],"about":[{"href":"https:\/\/www.cxjsmartcard.com\/pl\/wp-json\/wp\/v2\/types\/product"}],"wp:featuredmedia":[{"embeddable":true,"href":"https:\/\/www.cxjsmartcard.com\/pl\/wp-json\/wp\/v2\/media\/864"}],"wp:attachment":[{"href":"https:\/\/www.cxjsmartcard.com\/pl\/wp-json\/wp\/v2\/media?parent=866"}],"wp:term":[{"taxonomy":"product_brand","embeddable":true,"href":"https:\/\/www.cxjsmartcard.com\/pl\/wp-json\/wp\/v2\/product_brand?post=866"},{"taxonomy":"product_cat","embeddable":true,"href":"https:\/\/www.cxjsmartcard.com\/pl\/wp-json\/wp\/v2\/product_cat?post=866"},{"taxonomy":"product_tag","embeddable":true,"href":"https:\/\/www.cxjsmartcard.com\/pl\/wp-json\/wp\/v2\/product_tag?post=866"}],"curies":[{"name":"wp","href":"https:\/\/api.w.org\/{rel}","templated":true}]}}