{"id":860,"date":"2025-11-03T08:35:42","date_gmt":"2025-11-03T08:35:42","guid":{"rendered":"https:\/\/www.cxjsmartcard.com\/?post_type=product&#038;p=860"},"modified":"2025-12-29T01:27:08","modified_gmt":"2025-12-29T01:27:08","slug":"icar-certified-lf-fdx-b-134-2-khz-rfid-pet-chip-microchip-tag","status":"publish","type":"product","link":"https:\/\/www.cxjsmartcard.com\/pl\/icar-certified-lf-fdx-b-134-2-khz-rfid-pet-chip-microchip-tag\/","title":{"rendered":"Certyfikowany przez ICAR znacznik z mikrochipem LF FDX-B 134,2 kHz RFID dla zwierz\u0105t domowych"},"content":{"rendered":"<p data-start=\"73\" data-end=\"392\">Certyfikowany przez ICAR mikrochip LF dla zwierz\u0105t, s\u0142u\u017c\u0105cy do trwa\u0142ej identyfikacji i zarz\u0105dzania zwierz\u0119tami domowymi. Zbudowany w standardzie FDX-B 134,2 kHz i umieszczony w sterylnym bioszkle, ten niewielki transponder jest wstrzykiwany podsk\u00f3rnie i odczytywany przez skanery zgodne ze standardem ISO, u\u017cywane przez weterynarzy, schroniska i organizacje zajmuj\u0105ce si\u0119 kontrol\u0105 zwierz\u0105t, co umo\u017cliwia szybkie \u0142\u0105czenie zwierz\u0105t.<\/p>\n<p data-start=\"394\" data-end=\"607\"><strong data-start=\"394\" data-end=\"408\">Co to jest<\/strong><br data-start=\"408\" data-end=\"411\" \/>Wst\u0119pnie wysterylizowana strzykawka zawieraj\u0105ca pasywny szklany mikroprocesor RFID. Po wszczepieniu, mikroprocesor zapewnia unikalny identyfikator, kt\u00f3ry \u0142\u0105czy si\u0119 z danymi rejestracyjnymi ps\u00f3w, kot\u00f3w, ryb i innych zwierz\u0105t towarzysz\u0105cych.<\/p>\n<p data-start=\"609\" data-end=\"759\"><strong data-start=\"609\" data-end=\"635\">Normy i zgodno\u015b\u0107<\/strong><br data-start=\"635\" data-end=\"638\" \/>FDX-B zgodnie z normami ISO 11784\/11785, certyfikat ICAR. Dost\u0119pny opcjonalny wariant HF\/NFC (ISO\/IEC 14443A) dla okre\u015blonych przep\u0142yw\u00f3w pracy.<\/p>\n<p data-start=\"761\" data-end=\"880\"><strong data-start=\"761\" data-end=\"774\">Przypadki u\u017cycia<\/strong><br data-start=\"774\" data-end=\"777\" \/>Identyfikacja i rekonwalescencja zwierz\u0105t domowych \u2022 Zarz\u0105dzanie dokumentacj\u0105 szczepie\u0144 i chor\u00f3b przenoszonych drog\u0105 p\u0142ciow\u0105 \u2022 \u015aledzenie cyklu \u017cycia zwierz\u0119cia.<\/p>\n<h2 data-start=\"882\" data-end=\"907\">Tabela (Specyfikacja)<\/h2>\n<div class=\"_tableContainer_1rjym_1\">\n<div class=\"group _tableWrapper_1rjym_13 flex w-fit flex-col-reverse\" tabindex=\"-1\">\n<table class=\"w-fit min-w-(--thread-content-width)\" data-start=\"909\" data-end=\"2572\">\n<thead data-start=\"909\" data-end=\"1019\">\n<tr data-start=\"909\" data-end=\"1019\">\n<th data-start=\"909\" data-end=\"927\" data-col-size=\"sm\">Kategoria<\/th>\n<th data-start=\"927\" data-end=\"946\" data-col-size=\"sm\">Parametr<\/th>\n<th data-start=\"946\" data-end=\"1019\" data-col-size=\"md\">Warto\u015b\u0107<\/th>\n<\/tr>\n<\/thead>\n<tbody data-start=\"1131\" data-end=\"2572\">\n<tr data-start=\"1131\" data-end=\"1240\">\n<td data-start=\"1131\" data-end=\"1149\" data-col-size=\"sm\">Produkt<\/td>\n<td data-col-size=\"sm\" data-start=\"1149\" data-end=\"1168\">Typ<\/td>\n<td data-col-size=\"md\" data-start=\"1168\" data-end=\"1240\">Mikrochip RFID dla zwierz\u0105t ze szk\u0142a<\/td>\n<\/tr>\n<tr data-start=\"1241\" data-end=\"1351\">\n<td data-start=\"1241\" data-end=\"1259\" data-col-size=\"sm\">Orzecznictwo<\/td>\n<td data-col-size=\"sm\" data-start=\"1259\" data-end=\"1278\">ICAR<\/td>\n<td data-col-size=\"md\" data-start=\"1278\" data-end=\"1351\">Tak<\/td>\n<\/tr>\n<tr data-start=\"1352\" data-end=\"1462\">\n<td data-start=\"1352\" data-end=\"1370\" data-col-size=\"sm\">Cz\u0119stotliwo\u015b\u0107<\/td>\n<td data-col-size=\"sm\" data-start=\"1370\" data-end=\"1389\">LF<\/td>\n<td data-col-size=\"md\" data-start=\"1389\" data-end=\"1462\">134,2 kHz (FDX-B)<\/td>\n<\/tr>\n<tr data-start=\"1463\" data-end=\"1573\">\n<td data-start=\"1463\" data-end=\"1481\" data-col-size=\"sm\">Protok\u00f3\u0142<\/td>\n<td data-col-size=\"sm\" data-start=\"1481\" data-end=\"1500\">Standardy<\/td>\n<td data-col-size=\"md\" data-start=\"1500\" data-end=\"1573\">ISO 11784\/11785 (FDX-B); opcjonalnie ISO\/IEC 14443A (wariant NFC)<\/td>\n<\/tr>\n<tr data-start=\"1574\" data-end=\"1684\">\n<td data-start=\"1574\" data-end=\"1592\" data-col-size=\"sm\">Opcje na \u017cetony<\/td>\n<td data-col-size=\"sm\" data-start=\"1592\" data-end=\"1611\">Uk\u0142ad scalony<\/td>\n<td data-col-size=\"md\" data-start=\"1611\" data-end=\"1684\">EM4305; NTAG213 (opcja NFC213)<\/td>\n<\/tr>\n<tr data-start=\"1685\" data-end=\"1795\">\n<td data-start=\"1685\" data-end=\"1703\" data-col-size=\"sm\">Przybory<\/td>\n<td data-start=\"1703\" data-end=\"1722\" data-col-size=\"sm\">Kapsu\u0142ka<\/td>\n<td data-col-size=\"md\" data-start=\"1722\" data-end=\"1795\">Bioszk\u0142o medyczne<\/td>\n<\/tr>\n<tr data-start=\"1796\" data-end=\"1906\">\n<td data-start=\"1796\" data-end=\"1814\" data-col-size=\"sm\">Wymiary<\/td>\n<td data-col-size=\"sm\" data-start=\"1814\" data-end=\"1833\">Rozmiary<\/td>\n<td data-col-size=\"md\" data-start=\"1833\" data-end=\"1906\">1,25\u00d77 mm; 1,4\u00d78 mm; 2\u00d78 mm; 2,12\u00d712 mm; 3\u00d715 mm<\/td>\n<\/tr>\n<tr data-start=\"1907\" data-end=\"2017\">\n<td data-start=\"1907\" data-end=\"1925\" data-col-size=\"sm\">Sterylizacja<\/td>\n<td data-col-size=\"sm\" data-start=\"1925\" data-end=\"1944\">Metoda<\/td>\n<td data-col-size=\"md\" data-start=\"1944\" data-end=\"2017\">100% sterylizacja medyczna<\/td>\n<\/tr>\n<tr data-start=\"2018\" data-end=\"2128\">\n<td data-start=\"2018\" data-end=\"2036\" data-col-size=\"sm\">Wa\u017cno\u015b\u0107<\/td>\n<td data-col-size=\"sm\" data-start=\"2036\" data-end=\"2055\">\u017bywotno\u015b\u0107<\/td>\n<td data-col-size=\"md\" data-start=\"2055\" data-end=\"2128\">5 lat<\/td>\n<\/tr>\n<tr data-start=\"2129\" data-end=\"2239\">\n<td data-start=\"2129\" data-end=\"2147\" data-col-size=\"sm\">Dzia\u0142anie<\/td>\n<td data-col-size=\"sm\" data-start=\"2147\" data-end=\"2166\">Moc<\/td>\n<td data-col-size=\"md\" data-start=\"2166\" data-end=\"2239\">Pasywny (bez baterii)<\/td>\n<\/tr>\n<tr data-start=\"2240\" data-end=\"2350\">\n<td data-start=\"2240\" data-end=\"2258\" data-col-size=\"sm\">Aplikacja<\/td>\n<td data-start=\"2258\" data-end=\"2277\" data-col-size=\"sm\">Zwierz\u0119ta<\/td>\n<td data-col-size=\"md\" data-start=\"2277\" data-end=\"2350\">Psy, koty, ryby i inne zwierz\u0119ta domowe<\/td>\n<\/tr>\n<tr data-start=\"2351\" data-end=\"2461\">\n<td data-start=\"2351\" data-end=\"2369\" data-col-size=\"sm\">Dostawa<\/td>\n<td data-start=\"2369\" data-end=\"2388\" data-col-size=\"sm\">Format<\/td>\n<td data-start=\"2388\" data-end=\"2461\" data-col-size=\"md\">Wst\u0119pnie za\u0142adowana sterylna strzykawka z mikrochipem<\/td>\n<\/tr>\n<tr data-start=\"2462\" data-end=\"2572\">\n<td data-start=\"2462\" data-end=\"2480\" data-col-size=\"sm\">Funkcjonowa\u0107<\/td>\n<td data-start=\"2480\" data-end=\"2499\" data-col-size=\"sm\">Zamiar<\/td>\n<td data-col-size=\"md\" data-start=\"2499\" data-end=\"2572\">\u015aledzenie\/identyfikacja zwierz\u0105t domowych<\/td>\n<\/tr>\n<\/tbody>\n<\/table>\n<\/div>\n<\/div>","protected":false},"excerpt":{"rendered":"<p>Certyfikowany przez ICAR mikrochip FDX-B 134,2 kHz dla zwierz\u0105t domowych w sterylnym bioszkle \u2014 pasywny, bezbateryjny identyfikator dla ps\u00f3w, kot\u00f3w i innych zwierz\u0105t domowych; zgodny z normami ISO 11784\/11785, podawany za pomoc\u0105 strzykawki.<\/p>","protected":false},"featured_media":865,"template":"","meta":{"_gspb_post_css":""},"product_brand":[],"product_cat":[24,25],"product_tag":[],"class_list":{"0":"post-860","1":"product","2":"type-product","3":"status-publish","4":"has-post-thumbnail","6":"product_cat-rfid-tags","7":"product_cat-rfid-animal-glass-tube-tag-pets-microchip","9":"first","10":"instock","11":"shipping-taxable","12":"purchasable","13":"product-type-simple"},"_links":{"self":[{"href":"https:\/\/www.cxjsmartcard.com\/pl\/wp-json\/wp\/v2\/product\/860","targetHints":{"allow":["GET"]}}],"collection":[{"href":"https:\/\/www.cxjsmartcard.com\/pl\/wp-json\/wp\/v2\/product"}],"about":[{"href":"https:\/\/www.cxjsmartcard.com\/pl\/wp-json\/wp\/v2\/types\/product"}],"wp:featuredmedia":[{"embeddable":true,"href":"https:\/\/www.cxjsmartcard.com\/pl\/wp-json\/wp\/v2\/media\/865"}],"wp:attachment":[{"href":"https:\/\/www.cxjsmartcard.com\/pl\/wp-json\/wp\/v2\/media?parent=860"}],"wp:term":[{"taxonomy":"product_brand","embeddable":true,"href":"https:\/\/www.cxjsmartcard.com\/pl\/wp-json\/wp\/v2\/product_brand?post=860"},{"taxonomy":"product_cat","embeddable":true,"href":"https:\/\/www.cxjsmartcard.com\/pl\/wp-json\/wp\/v2\/product_cat?post=860"},{"taxonomy":"product_tag","embeddable":true,"href":"https:\/\/www.cxjsmartcard.com\/pl\/wp-json\/wp\/v2\/product_tag?post=860"}],"curies":[{"name":"wp","href":"https:\/\/api.w.org\/{rel}","templated":true}]}}