{"id":855,"date":"2025-11-03T08:32:04","date_gmt":"2025-11-03T08:32:04","guid":{"rendered":"https:\/\/www.cxjsmartcard.com\/?post_type=product&#038;p=855"},"modified":"2025-12-29T01:27:08","modified_gmt":"2025-12-29T01:27:08","slug":"uhf-rfid-inlay","status":"publish","type":"product","link":"https:\/\/www.cxjsmartcard.com\/pl\/uhf-rfid-inlay\/","title":{"rendered":"Wk\u0142adka RFID UHF"},"content":{"rendered":"<p data-start=\"26\" data-end=\"302\">Wk\u0142adki RFID UHF z antenami wytrawionymi PET + aluminium dla system\u00f3w 860\u2013960 MHz. Dost\u0119pne w formatach suchym, mokrym i bia\u0142ym, \u0142atwo przekszta\u0142caj\u0105 si\u0119 w etykiety, bilety, karty i metki odzie\u017cowe. Typowy zasi\u0119g odczytu wynosi 1\u201310 metr\u00f3w (w zale\u017cno\u015bci od czytnika i \u015brodowiska).<\/p>\n<p data-start=\"304\" data-end=\"322\"><strong data-start=\"304\" data-end=\"320\">Dlaczego to dzia\u0142a<\/strong><\/p>\n<ul data-start=\"323\" data-end=\"723\">\n<li data-start=\"323\" data-end=\"398\">\n<p data-start=\"325\" data-end=\"398\"><strong data-start=\"325\" data-end=\"345\">Gotowy do standard\u00f3w:<\/strong> EPC Klasa 1 Gen2 \/ ISO 18000-6C, praca pasywna<\/p>\n<\/li>\n<li data-start=\"399\" data-end=\"485\">\n<p data-start=\"401\" data-end=\"485\"><strong data-start=\"401\" data-end=\"419\">Trwa\u0142a konstrukcja:<\/strong> Konstrukcje z PET lub papieru powlekanego z antenami wytrawionymi aluminium<\/p>\n<\/li>\n<li data-start=\"486\" data-end=\"579\">\n<p data-start=\"488\" data-end=\"579\"><strong data-start=\"488\" data-end=\"509\">Elastyczne formaty:<\/strong> Suche (laminowanie), mokre (klej) i bia\u0142e (powierzchnia do druku)<\/p>\n<\/li>\n<li data-start=\"580\" data-end=\"664\">\n<p data-start=\"582\" data-end=\"664\"><strong data-start=\"582\" data-end=\"606\">Przyjazne dla produkcji:<\/strong> Dostarczane w rolkach do automatycznego przetwarzania i drukowania<\/p>\n<\/li>\n<li data-start=\"665\" data-end=\"723\">\n<p data-start=\"667\" data-end=\"723\"><strong data-start=\"667\" data-end=\"684\">Bezp\u0142atne pr\u00f3bki:<\/strong> Dost\u0119pne pr\u00f3bki magazynowe do testowania<\/p>\n<\/li>\n<\/ul>\n<p data-start=\"725\" data-end=\"876\"><strong data-start=\"725\" data-end=\"741\">Aplikacje<\/strong><br data-start=\"741\" data-end=\"744\" \/>Logistyka i inwentaryzacja \u2022 Tagowanie odzie\u017cy i obuwia \u2022 Kontrola dost\u0119pu i po\u015bwiadczenia wydarze\u0144 \u2022 Etykietowanie magazyn\u00f3w i ch\u0142odni.<\/p>\n<h2 data-start=\"878\" data-end=\"903\">Tabela (Specyfikacja)<\/h2>\n<div class=\"_tableContainer_1rjym_1\">\n<div class=\"group _tableWrapper_1rjym_13 flex w-fit flex-col-reverse\" tabindex=\"-1\">\n<table class=\"w-fit min-w-(--thread-content-width)\" data-start=\"905\" data-end=\"2486\">\n<thead data-start=\"905\" data-end=\"1017\">\n<tr data-start=\"905\" data-end=\"1017\">\n<th data-start=\"905\" data-end=\"924\" data-col-size=\"sm\">Kategoria<\/th>\n<th data-start=\"924\" data-end=\"944\" data-col-size=\"sm\">Parametr<\/th>\n<th data-start=\"944\" data-end=\"1017\" data-col-size=\"md\">Warto\u015b\u0107<\/th>\n<\/tr>\n<\/thead>\n<tbody data-start=\"1131\" data-end=\"2486\">\n<tr data-start=\"1131\" data-end=\"1243\">\n<td data-start=\"1131\" data-end=\"1150\" data-col-size=\"sm\">RF<\/td>\n<td data-col-size=\"sm\" data-start=\"1150\" data-end=\"1170\">Cz\u0119stotliwo\u015b\u0107<\/td>\n<td data-col-size=\"md\" data-start=\"1170\" data-end=\"1243\">860\u2013960 MHz<\/td>\n<\/tr>\n<tr data-start=\"1244\" data-end=\"1356\">\n<td data-start=\"1244\" data-end=\"1263\" data-col-size=\"sm\"><\/td>\n<td data-col-size=\"sm\" data-start=\"1263\" data-end=\"1283\">Protok\u00f3\u0142<\/td>\n<td data-col-size=\"md\" data-start=\"1283\" data-end=\"1356\">EPC Klasa 1 Gen2 \/ ISO 18000-6C<\/td>\n<\/tr>\n<tr data-start=\"1357\" data-end=\"1469\">\n<td data-start=\"1357\" data-end=\"1376\" data-col-size=\"sm\">Antena<\/td>\n<td data-col-size=\"sm\" data-start=\"1376\" data-end=\"1396\">Typ<\/td>\n<td data-col-size=\"md\" data-start=\"1396\" data-end=\"1469\">Aluminium trawione<\/td>\n<\/tr>\n<tr data-start=\"1470\" data-end=\"1582\">\n<td data-start=\"1470\" data-end=\"1489\" data-col-size=\"sm\">Budowa<\/td>\n<td data-col-size=\"sm\" data-start=\"1489\" data-end=\"1509\">Pod\u0142o\u017ce<\/td>\n<td data-col-size=\"md\" data-start=\"1509\" data-end=\"1582\">PET; papier powlekany<\/td>\n<\/tr>\n<tr data-start=\"1583\" data-end=\"1695\">\n<td data-start=\"1583\" data-end=\"1602\" data-col-size=\"sm\">Opcje IC<\/td>\n<td data-col-size=\"sm\" data-start=\"1602\" data-end=\"1622\">Frytki<\/td>\n<td data-col-size=\"md\" data-start=\"1622\" data-end=\"1695\">Obcy H3, H9, H10; U9, U10, U7M; MR6-P<\/td>\n<\/tr>\n<tr data-start=\"1696\" data-end=\"1808\">\n<td data-start=\"1696\" data-end=\"1715\" data-col-size=\"sm\">Wydajno\u015b\u0107<\/td>\n<td data-col-size=\"sm\" data-start=\"1715\" data-end=\"1735\">Zakres odczytu<\/td>\n<td data-col-size=\"md\" data-start=\"1735\" data-end=\"1808\">1\u201310 m (zale\u017cnie od czytelnika\/\u015brodowiska)<\/td>\n<\/tr>\n<tr data-start=\"1809\" data-end=\"1921\">\n<td data-start=\"1809\" data-end=\"1828\" data-col-size=\"sm\">Formaty<\/td>\n<td data-start=\"1828\" data-end=\"1848\" data-col-size=\"sm\">Rodzaje wk\u0142adek<\/td>\n<td data-col-size=\"md\" data-start=\"1848\" data-end=\"1921\">Suche (laminowanie); Mokre (klejenie); Bia\u0142o-mokre (klejenie do druku)<\/td>\n<\/tr>\n<tr data-start=\"1922\" data-end=\"2034\">\n<td data-start=\"1922\" data-end=\"1941\" data-col-size=\"sm\">Wymiary<\/td>\n<td data-col-size=\"sm\" data-start=\"1941\" data-end=\"1961\">Opcje rozmiaru<\/td>\n<td data-col-size=\"md\" data-start=\"1961\" data-end=\"2034\">100\u00d715 mm; 99\u00d724 mm; 86\u00d754 mm; 80\u00d750 mm; 73\u00d723 mm<\/td>\n<\/tr>\n<tr data-start=\"2035\" data-end=\"2147\">\n<td data-start=\"2035\" data-end=\"2054\" data-col-size=\"sm\">Opakowanie<\/td>\n<td data-start=\"2054\" data-end=\"2074\" data-col-size=\"sm\">Dostarcza\u0107<\/td>\n<td data-col-size=\"md\" data-start=\"2074\" data-end=\"2147\">Format rolki do automatycznej konwersji<\/td>\n<\/tr>\n<tr data-start=\"2148\" data-end=\"2260\">\n<td data-start=\"2148\" data-end=\"2167\" data-col-size=\"sm\">Pr\u00f3bki<\/td>\n<td data-start=\"2167\" data-end=\"2187\" data-col-size=\"sm\">Dost\u0119pno\u015b\u0107<\/td>\n<td data-col-size=\"md\" data-start=\"2187\" data-end=\"2260\">Bezp\u0142atne pr\u00f3bki dost\u0119pne w magazynie<\/td>\n<\/tr>\n<tr data-start=\"2261\" data-end=\"2373\">\n<td data-start=\"2261\" data-end=\"2280\" data-col-size=\"sm\">Pochodzenie<\/td>\n<td data-start=\"2280\" data-end=\"2300\" data-col-size=\"sm\">Miejsce pochodzenia<\/td>\n<td data-col-size=\"md\" data-start=\"2300\" data-end=\"2373\">Guangdong, Chiny<\/td>\n<\/tr>\n<tr data-start=\"2374\" data-end=\"2486\">\n<td data-start=\"2374\" data-end=\"2393\" data-col-size=\"sm\">Przypadki u\u017cycia<\/td>\n<td data-col-size=\"sm\" data-start=\"2393\" data-end=\"2413\">Aplikacje<\/td>\n<td data-col-size=\"md\" data-start=\"2413\" data-end=\"2486\">Logistyka, inwentaryzacja, etykietowanie odzie\u017cy, kontrola dost\u0119pu<\/td>\n<\/tr>\n<\/tbody>\n<\/table>\n<\/div>\n<\/div>","protected":false},"excerpt":{"rendered":"<p>Wk\u0142adki RFID UHF (860\u2013960 MHz) z antenami PET + aluminium \u2014 formaty suche, mokre lub bia\u0142o-mokre do etykiet, bilet\u00f3w i metek odzie\u017cowych; odczyty z odleg\u0142o\u015bci 1\u201310 m i bezp\u0142atne pr\u00f3bki.<\/p>","protected":false},"featured_media":856,"template":"","meta":{"_gspb_post_css":""},"product_brand":[],"product_cat":[23],"product_tag":[],"class_list":{"0":"post-855","1":"product","2":"type-product","3":"status-publish","4":"has-post-thumbnail","6":"product_cat-rfid-nfc-inlay","8":"first","9":"instock","10":"shipping-taxable","11":"purchasable","12":"product-type-simple"},"_links":{"self":[{"href":"https:\/\/www.cxjsmartcard.com\/pl\/wp-json\/wp\/v2\/product\/855","targetHints":{"allow":["GET"]}}],"collection":[{"href":"https:\/\/www.cxjsmartcard.com\/pl\/wp-json\/wp\/v2\/product"}],"about":[{"href":"https:\/\/www.cxjsmartcard.com\/pl\/wp-json\/wp\/v2\/types\/product"}],"wp:featuredmedia":[{"embeddable":true,"href":"https:\/\/www.cxjsmartcard.com\/pl\/wp-json\/wp\/v2\/media\/856"}],"wp:attachment":[{"href":"https:\/\/www.cxjsmartcard.com\/pl\/wp-json\/wp\/v2\/media?parent=855"}],"wp:term":[{"taxonomy":"product_brand","embeddable":true,"href":"https:\/\/www.cxjsmartcard.com\/pl\/wp-json\/wp\/v2\/product_brand?post=855"},{"taxonomy":"product_cat","embeddable":true,"href":"https:\/\/www.cxjsmartcard.com\/pl\/wp-json\/wp\/v2\/product_cat?post=855"},{"taxonomy":"product_tag","embeddable":true,"href":"https:\/\/www.cxjsmartcard.com\/pl\/wp-json\/wp\/v2\/product_tag?post=855"}],"curies":[{"name":"wp","href":"https:\/\/api.w.org\/{rel}","templated":true}]}}