{"id":850,"date":"2025-11-03T08:28:47","date_gmt":"2025-11-03T08:28:47","guid":{"rendered":"https:\/\/www.cxjsmartcard.com\/?post_type=product&#038;p=850"},"modified":"2025-12-29T01:27:08","modified_gmt":"2025-12-29T01:27:08","slug":"uhf-rfid-dry-inlay-with-ucode-9","status":"publish","type":"product","link":"https:\/\/www.cxjsmartcard.com\/pl\/uhf-rfid-dry-inlay-with-ucode-9\/","title":{"rendered":"Sucha wk\u0142adka UHF RFID z kodem UCODE 9"},"content":{"rendered":"<p data-start=\"43\" data-end=\"468\">Sucha wk\u0142adka UHF do system\u00f3w 860\u2013960 MHz, zaprojektowana jako p\u00f3\u0142produkt, kt\u00f3ry mo\u017cna \u0142atwo przekszta\u0142ci\u0107 w bilety, etykiety, karty i identyfikatory. Zbudowana na bazie NXP\u00ae UCODE\u00ae 9, wk\u0142adka wykorzystuje trawion\u0105 aluminiow\u0105 anten\u0119 na PET z klejeniem typu flip-chip, co zapewnia niezawodn\u0105 konwersj\u0119 o du\u017cej obj\u0119to\u015bci i sp\u00f3jn\u0105 wydajno\u015b\u0107. Typowy zasi\u0119g odczytu wynosi do ~10 st\u00f3p (\u22483,3 m) w dobrze dostrojonych konfiguracjach UHF.<\/p>\n<p data-start=\"470\" data-end=\"487\"><strong data-start=\"470\" data-end=\"485\">Dlaczego pasuje<\/strong><\/p>\n<ul data-start=\"488\" data-end=\"829\">\n<li data-start=\"488\" data-end=\"568\">\n<p data-start=\"490\" data-end=\"568\"><strong data-start=\"490\" data-end=\"510\">Gotowy do standard\u00f3w:<\/strong> EPC Klasa 1 Gen 2 \/ ISO\/IEC 18000-6C, praca pasywna<\/p>\n<\/li>\n<li data-start=\"569\" data-end=\"658\">\n<p data-start=\"571\" data-end=\"658\"><strong data-start=\"571\" data-end=\"589\">Trwa\u0142a konstrukcja:<\/strong> Pod\u0142o\u017ce PET; konstrukcje etykiet odporne na \u015bcieranie i rozpuszczalniki<\/p>\n<\/li>\n<li data-start=\"659\" data-end=\"746\">\n<p data-start=\"661\" data-end=\"746\"><strong data-start=\"661\" data-end=\"682\">Elastyczne formaty:<\/strong> Wk\u0142ad suchy (bez kleju) lub wykonany w formie wk\u0142adu mokrego\/etykiety gotowej<\/p>\n<\/li>\n<li data-start=\"747\" data-end=\"829\">\n<p data-start=\"749\" data-end=\"829\"><strong data-start=\"749\" data-end=\"773\">Przyjazne dla produkcji:<\/strong> Dostarczane w rolkach do automatycznego przetwarzania i drukowania<\/p>\n<\/li>\n<\/ul>\n<p data-start=\"831\" data-end=\"1027\"><strong data-start=\"831\" data-end=\"847\">Aplikacje<\/strong><br data-start=\"847\" data-end=\"850\" \/>\u0141a\u0144cuch dostaw (kartony, palety, etykiety wysy\u0142kowe) \u2022 Handel detaliczny i logistyka (etykiety na odzie\u017c, etykiety baga\u017cowe, \u015bledzenie zasob\u00f3w) \u2022 Zarz\u0105dzanie dokumentami\/plikami \u2022 Dost\u0119p do wydarze\u0144 i branding.<\/p>\n<h2 data-start=\"1029\" data-end=\"1054\">Tabela (Specyfikacja)<\/h2>\n<div class=\"_tableContainer_1rjym_1\">\n<div class=\"group _tableWrapper_1rjym_13 flex w-fit flex-col-reverse\" tabindex=\"-1\">\n<table class=\"w-fit min-w-(--thread-content-width)\" data-start=\"1056\" data-end=\"3413\">\n<thead data-start=\"1056\" data-end=\"1167\">\n<tr data-start=\"1056\" data-end=\"1167\">\n<th data-start=\"1056\" data-end=\"1078\" data-col-size=\"sm\">Kategoria<\/th>\n<th data-start=\"1078\" data-end=\"1107\" data-col-size=\"sm\">Parametr<\/th>\n<th data-start=\"1107\" data-end=\"1167\" data-col-size=\"md\">Warto\u015b\u0107<\/th>\n<\/tr>\n<\/thead>\n<tbody data-start=\"1280\" data-end=\"3413\">\n<tr data-start=\"1280\" data-end=\"1391\">\n<td data-start=\"1280\" data-end=\"1302\" data-col-size=\"sm\">Produkt<\/td>\n<td data-start=\"1302\" data-end=\"1331\" data-col-size=\"sm\">Typ<\/td>\n<td data-col-size=\"md\" data-start=\"1331\" data-end=\"1391\">Wk\u0142adka sucha UHF RFID (mo\u017cliwo\u015b\u0107 konwersji na mokr\u0105\/etykiet\u0119)<\/td>\n<\/tr>\n<tr data-start=\"1392\" data-end=\"1503\">\n<td data-start=\"1392\" data-end=\"1414\" data-col-size=\"sm\">Uk\u0142ad scalony<\/td>\n<td data-col-size=\"sm\" data-start=\"1414\" data-end=\"1443\">\u017beton<\/td>\n<td data-col-size=\"md\" data-start=\"1443\" data-end=\"1503\">NXP\u00ae UCODE\u00ae 9<\/td>\n<\/tr>\n<tr data-start=\"1504\" data-end=\"1615\">\n<td data-start=\"1504\" data-end=\"1526\" data-col-size=\"sm\">RF<\/td>\n<td data-col-size=\"sm\" data-start=\"1526\" data-end=\"1555\">Cz\u0119stotliwo\u015b\u0107<\/td>\n<td data-col-size=\"md\" data-start=\"1555\" data-end=\"1615\">860\u2013960 MHz<\/td>\n<\/tr>\n<tr data-start=\"1616\" data-end=\"1727\">\n<td data-start=\"1616\" data-end=\"1638\" data-col-size=\"sm\"><\/td>\n<td data-col-size=\"sm\" data-start=\"1638\" data-end=\"1667\">Protok\u00f3\u0142<\/td>\n<td data-col-size=\"md\" data-start=\"1667\" data-end=\"1727\">ISO\/IEC 18000-6C, EPC Klasa 1 Gen 2<\/td>\n<\/tr>\n<tr data-start=\"1728\" data-end=\"1839\">\n<td data-start=\"1728\" data-end=\"1750\" data-col-size=\"sm\">Dzia\u0142anie<\/td>\n<td data-start=\"1750\" data-end=\"1779\" data-col-size=\"sm\">Tryb pracy<\/td>\n<td data-col-size=\"md\" data-start=\"1779\" data-end=\"1839\">Pasywny<\/td>\n<\/tr>\n<tr data-start=\"1840\" data-end=\"1951\">\n<td data-start=\"1840\" data-end=\"1862\" data-col-size=\"sm\">Antena<\/td>\n<td data-col-size=\"sm\" data-start=\"1862\" data-end=\"1891\">Budowa<\/td>\n<td data-col-size=\"md\" data-start=\"1891\" data-end=\"1951\">Trawienie aluminium<\/td>\n<\/tr>\n<tr data-start=\"1952\" data-end=\"2063\">\n<td data-start=\"1952\" data-end=\"1974\" data-col-size=\"sm\"><\/td>\n<td data-col-size=\"sm\" data-start=\"1974\" data-end=\"2003\">Rozmiar anteny<\/td>\n<td data-col-size=\"md\" data-start=\"2003\" data-end=\"2063\">40 \u00d7 10 mm<\/td>\n<\/tr>\n<tr data-start=\"2064\" data-end=\"2175\">\n<td data-start=\"2064\" data-end=\"2086\" data-col-size=\"sm\">Odczyt wydajno\u015bci<\/td>\n<td data-start=\"2086\" data-end=\"2115\" data-col-size=\"sm\">Typowy zakres odczytu<\/td>\n<td data-col-size=\"md\" data-start=\"2115\" data-end=\"2175\">Do ~10 st\u00f3p (\u22483,3 m), w zale\u017cno\u015bci od czytelnika\/\u015brodowiska<\/td>\n<\/tr>\n<tr data-start=\"2176\" data-end=\"2287\">\n<td data-start=\"2176\" data-end=\"2198\" data-col-size=\"sm\">Mechanika<\/td>\n<td data-col-size=\"sm\" data-start=\"2198\" data-end=\"2227\">Pod\u0142o\u017ce<\/td>\n<td data-col-size=\"md\" data-start=\"2227\" data-end=\"2287\">ZWIERZAK DOMOWY<\/td>\n<\/tr>\n<tr data-start=\"2288\" data-end=\"2404\">\n<td data-start=\"2288\" data-end=\"2310\" data-col-size=\"sm\">Materia\u0142y etykietowe<\/td>\n<td data-col-size=\"sm\" data-start=\"2310\" data-end=\"2339\">Opcje twarzy<\/td>\n<td data-col-size=\"md\" data-start=\"2339\" data-end=\"2404\">Papier powlekany \/ PET \/ Papier syntetyczny \/ Papier termiczny \/ niestandardowy<\/td>\n<\/tr>\n<tr data-start=\"2405\" data-end=\"2516\">\n<td data-start=\"2405\" data-end=\"2427\" data-col-size=\"sm\">Formaty<\/td>\n<td data-col-size=\"sm\" data-start=\"2427\" data-end=\"2456\">Mokra wk\u0142adka \/ rozmiar etykiety<\/td>\n<td data-col-size=\"md\" data-start=\"2456\" data-end=\"2516\">43 \u00d7 18 mm (lub niestandardowe)<\/td>\n<\/tr>\n<tr data-start=\"2517\" data-end=\"2628\">\n<td data-start=\"2517\" data-end=\"2539\" data-col-size=\"sm\">Druk<\/td>\n<td data-col-size=\"sm\" data-start=\"2539\" data-end=\"2568\">Opcje<\/td>\n<td data-col-size=\"md\" data-start=\"2568\" data-end=\"2628\">Pe\u0142nokolorowe, logo, kod kreskowy, QR, dane zmienne<\/td>\n<\/tr>\n<tr data-start=\"2629\" data-end=\"2740\">\n<td data-start=\"2629\" data-end=\"2651\" data-col-size=\"sm\">Niezawodno\u015b\u0107<\/td>\n<td data-col-size=\"sm\" data-start=\"2651\" data-end=\"2680\">\u017bycie IC<\/td>\n<td data-col-size=\"md\" data-start=\"2680\" data-end=\"2740\">100 000 cykli programowania; 10-letnie przechowywanie danych<\/td>\n<\/tr>\n<tr data-start=\"2741\" data-end=\"2852\">\n<td data-start=\"2741\" data-end=\"2763\" data-col-size=\"sm\">\u015arodowisko<\/td>\n<td data-col-size=\"sm\" data-start=\"2763\" data-end=\"2792\">Temperatura\/wilgotno\u015b\u0107 robocza<\/td>\n<td data-col-size=\"md\" data-start=\"2792\" data-end=\"2852\">\u221225 do +65 \u2103 \/ 20\u201380% RH<\/td>\n<\/tr>\n<tr data-start=\"2853\" data-end=\"2964\">\n<td data-start=\"2853\" data-end=\"2875\" data-col-size=\"sm\"><\/td>\n<td data-col-size=\"sm\" data-start=\"2875\" data-end=\"2904\">Temperatura\/wilgotno\u015b\u0107 przechowywania<\/td>\n<td data-col-size=\"md\" data-start=\"2904\" data-end=\"2964\">+23 \u2103 \u00b15 \u2103 \/ 50% \u00b110% RH (bez kondensacji)<\/td>\n<\/tr>\n<tr data-start=\"2965\" data-end=\"3076\">\n<td data-start=\"2965\" data-end=\"2987\" data-col-size=\"sm\">Opakowanie<\/td>\n<td data-col-size=\"sm\" data-start=\"2987\" data-end=\"3016\">Dostawa rolek<\/td>\n<td data-col-size=\"md\" data-start=\"3016\" data-end=\"3076\">1000\u20135000 szt.\/rolka; 4 rolki\/karton<\/td>\n<\/tr>\n<tr data-start=\"3077\" data-end=\"3189\">\n<td data-start=\"3077\" data-end=\"3099\" data-col-size=\"sm\">Pr\u00f3bki<\/td>\n<td data-start=\"3099\" data-end=\"3128\" data-col-size=\"sm\">Dost\u0119pno\u015b\u0107<\/td>\n<td data-col-size=\"md\" data-start=\"3128\" data-end=\"3189\">Bezp\u0142atne pr\u00f3bki do testowania<\/td>\n<\/tr>\n<tr data-start=\"3190\" data-end=\"3301\">\n<td data-start=\"3190\" data-end=\"3212\" data-col-size=\"sm\">Pochodzenie<\/td>\n<td data-col-size=\"sm\" data-start=\"3212\" data-end=\"3241\">Miejsce pochodzenia<\/td>\n<td data-col-size=\"md\" data-start=\"3241\" data-end=\"3301\">Chengdu, Chiny<\/td>\n<\/tr>\n<tr data-start=\"3302\" data-end=\"3413\">\n<td data-start=\"3302\" data-end=\"3324\" data-col-size=\"sm\">Przypadki u\u017cycia<\/td>\n<td data-col-size=\"sm\" data-start=\"3324\" data-end=\"3353\">Przyk\u0142ady zastosowa\u0144<\/td>\n<td data-col-size=\"md\" data-start=\"3353\" data-end=\"3413\">\u0141a\u0144cuch dostaw, handel detaliczny\/logistyka, dokumenty, dost\u0119p do wydarze\u0144<\/td>\n<\/tr>\n<\/tbody>\n<\/table>\n<\/div>\n<\/div>","protected":false},"excerpt":{"rendered":"<p>Sucha wk\u0142adka UHF 860\u2013960 MHz z kodem UCODE 9 \u2014 PET + trawione aluminium, EPC Gen2, odczyty z odleg\u0142o\u015bci do ~10 st\u00f3p, dostarczane w rolkach do przekszta\u0142cania w etykiety, bilety, karty i identyfikatory.<\/p>","protected":false},"featured_media":851,"template":"","meta":{"_gspb_post_css":""},"product_brand":[],"product_cat":[23],"product_tag":[],"class_list":{"0":"post-850","1":"product","2":"type-product","3":"status-publish","4":"has-post-thumbnail","6":"product_cat-rfid-nfc-inlay","8":"first","9":"instock","10":"shipping-taxable","11":"purchasable","12":"product-type-simple"},"_links":{"self":[{"href":"https:\/\/www.cxjsmartcard.com\/pl\/wp-json\/wp\/v2\/product\/850","targetHints":{"allow":["GET"]}}],"collection":[{"href":"https:\/\/www.cxjsmartcard.com\/pl\/wp-json\/wp\/v2\/product"}],"about":[{"href":"https:\/\/www.cxjsmartcard.com\/pl\/wp-json\/wp\/v2\/types\/product"}],"wp:featuredmedia":[{"embeddable":true,"href":"https:\/\/www.cxjsmartcard.com\/pl\/wp-json\/wp\/v2\/media\/851"}],"wp:attachment":[{"href":"https:\/\/www.cxjsmartcard.com\/pl\/wp-json\/wp\/v2\/media?parent=850"}],"wp:term":[{"taxonomy":"product_brand","embeddable":true,"href":"https:\/\/www.cxjsmartcard.com\/pl\/wp-json\/wp\/v2\/product_brand?post=850"},{"taxonomy":"product_cat","embeddable":true,"href":"https:\/\/www.cxjsmartcard.com\/pl\/wp-json\/wp\/v2\/product_cat?post=850"},{"taxonomy":"product_tag","embeddable":true,"href":"https:\/\/www.cxjsmartcard.com\/pl\/wp-json\/wp\/v2\/product_tag?post=850"}],"curies":[{"name":"wp","href":"https:\/\/api.w.org\/{rel}","templated":true}]}}