{"id":845,"date":"2025-11-03T08:26:37","date_gmt":"2025-11-03T08:26:37","guid":{"rendered":"https:\/\/www.cxjsmartcard.com\/?post_type=product&#038;p=845"},"modified":"2025-12-29T01:27:08","modified_gmt":"2025-12-29T01:27:08","slug":"factory-customization-rfid-waterproof-dry-wet-inlay","status":"publish","type":"product","link":"https:\/\/www.cxjsmartcard.com\/pl\/factory-customization-rfid-waterproof-dry-wet-inlay\/","title":{"rendered":"Wodoodporna, sucha\/mokra wk\u0142adka RFID z mo\u017cliwo\u015bci\u0105 dostosowania fabrycznego"},"content":{"rendered":"<p data-start=\"63\" data-end=\"512\">Wodoodporne, odporne na warunki atmosferyczne wk\u0142adki RFID dost\u0119pne jako <strong data-start=\"128\" data-end=\"135\">suchy<\/strong>, <strong data-start=\"137\" data-end=\"144\">mokry<\/strong>, Lub <strong data-start=\"149\" data-end=\"162\">bia\u0142o-mokry<\/strong> formaty do szybkiej integracji z etykietami, metkami i metkami odzie\u017cowymi. Standard <strong data-start=\"242\" data-end=\"258\">HF 13,56 MHz<\/strong> kompilacje obs\u0142uguj\u0105 norm\u0119 ISO\/IEC 14443, podczas gdy <strong data-start=\"295\" data-end=\"310\">Opcje UHF<\/strong> (zale\u017cne od chipa) umo\u017cliwiaj\u0105 odczyty z du\u017cej odleg\u0142o\u015bci \u2013 idealne do handlu detalicznego, logistyki i trudnych warunk\u00f3w. Wyprodukowano w <strong data-start=\"421\" data-end=\"441\">Guangdong, Chiny<\/strong>, z pe\u0142n\u0105 personalizacj\u0105 OEM (rozmiar, uk\u0142ad scalony, format, kodowanie, branding).<\/p>\n<p data-start=\"514\" data-end=\"532\"><strong data-start=\"514\" data-end=\"530\">Dlaczego to dzia\u0142a<\/strong><\/p>\n<ul data-start=\"533\" data-end=\"1084\">\n<li data-start=\"533\" data-end=\"674\">\n<p data-start=\"535\" data-end=\"674\"><strong data-start=\"535\" data-end=\"556\">Elastyczne formaty:<\/strong> Suche wk\u0142adki do laminowania; mokre wk\u0142adki z klejem do odklejania i przyklejania; bia\u0142e i mokre do ochrony powierzchni nadaj\u0105cych si\u0119 do druku.<\/p>\n<\/li>\n<li data-start=\"675\" data-end=\"768\">\n<p data-start=\"677\" data-end=\"768\"><strong data-start=\"677\" data-end=\"700\">Kompatybilno\u015b\u0107 chip\u00f3w:<\/strong> Rodziny UCODE, Monza, Alien H3, U8\/U9 w celu dopasowania do istniej\u0105cych system\u00f3w.<\/p>\n<\/li>\n<li data-start=\"769\" data-end=\"874\">\n<p data-start=\"771\" data-end=\"874\"><strong data-start=\"771\" data-end=\"796\">Trwa\u0142a konstrukcja:<\/strong> Pod\u0142o\u017ca etykiet z PET lub papieru z wytrawionymi antenami p\u0119tlowymi z aluminium lub miedzi.<\/p>\n<\/li>\n<li data-start=\"875\" data-end=\"960\">\n<p data-start=\"877\" data-end=\"960\"><strong data-start=\"877\" data-end=\"904\">Maj\u0105c na uwadze zr\u00f3wnowa\u017cony rozw\u00f3j:<\/strong> Nadaj\u0105cy si\u0119 do recyklingu PET i niskoodpadowe trawienie; zgodno\u015b\u0107 z dyrektyw\u0105 RoHS.<\/p>\n<\/li>\n<li data-start=\"961\" data-end=\"1084\">\n<p data-start=\"963\" data-end=\"1084\"><strong data-start=\"963\" data-end=\"988\">Zakres dopasowania do zadania:<\/strong> Skanowanie bliskiego pola w celu wykrycia fal HF; <strong data-start=\"1014\" data-end=\"1029\">do ~10 m<\/strong> odleg\u0142o\u015b\u0107 odczytu dla UHF (zale\u017cna od czytelnika\/\u015brodowiska).<\/p>\n<\/li>\n<\/ul>\n<p data-start=\"1086\" data-end=\"1244\"><strong data-start=\"1086\" data-end=\"1099\">Przypadki u\u017cycia<\/strong><br data-start=\"1099\" data-end=\"1102\" \/>Etykietowanie zapas\u00f3w i odzie\u017cy \u2022 Uwierzytelnianie produkt\u00f3w \u2022 \u015aledzenie zasob\u00f3w w handlu detalicznym i logistyce \u2022 Drukowane etykiety RFID i metki odzie\u017cowe.<\/p>\n<p data-start=\"1246\" data-end=\"1651\"><strong data-start=\"1246\" data-end=\"1254\">Cz\u0119sto zadawane pytania<\/strong><br data-start=\"1254\" data-end=\"1257\" \/><strong data-start=\"1257\" data-end=\"1288\">P1: Czy mog\u0119 zam\u00f3wi\u0107 pr\u00f3bk\u0119?<\/strong> Tak \u2014 dost\u0119pne s\u0105 bezp\u0142atne pr\u00f3bki do testowania.<br data-start=\"1338\" data-end=\"1341\" \/><strong data-start=\"1341\" data-end=\"1366\">P2: Czy NFC jest obs\u0142ugiwane?<\/strong> Cz\u0119stotliwo\u015b\u0107 HF 13,56 MHz obs\u0142uguje NFC w zale\u017cno\u015bci od wybranego uk\u0142adu.<br data-start=\"1422\" data-end=\"1425\" \/><strong data-start=\"1425\" data-end=\"1461\">P3: Jakie czytniki s\u0105 kompatybilne?<\/strong> Dowolny czytnik r\u0119czny lub stacjonarny obs\u0142uguj\u0105cy <strong data-start=\"1502\" data-end=\"1519\">ISO\/IEC 14443<\/strong> (HF) lub <strong data-start=\"1528\" data-end=\"1544\">ISO 18000-6C<\/strong> (UHF).<br data-start=\"1551\" data-end=\"1554\" \/><strong data-start=\"1554\" data-end=\"1588\">P4: Jak bardzo mo\u017cna je dostosowa\u0107?<\/strong> Pe\u0142na zgodno\u015b\u0107 z OEM \u2014 rozmiar, uk\u0142ad scalony, antena, format, kodowanie i marka.<\/p>\n<h2 data-start=\"1653\" data-end=\"1678\">Tabela (Specyfikacja)<\/h2>\n<div class=\"_tableContainer_1rjym_1\">\n<div class=\"group _tableWrapper_1rjym_13 flex w-fit flex-col-reverse\" tabindex=\"-1\">\n<table class=\"w-fit min-w-(--thread-content-width)\" data-start=\"1680\" data-end=\"3796\">\n<thead data-start=\"1680\" data-end=\"1821\">\n<tr data-start=\"1680\" data-end=\"1821\">\n<th data-start=\"1680\" data-end=\"1704\" data-col-size=\"sm\">Kategoria<\/th>\n<th data-start=\"1704\" data-end=\"1732\" data-col-size=\"sm\">Parametr<\/th>\n<th data-start=\"1732\" data-end=\"1821\" data-col-size=\"md\">Warto\u015b\u0107<\/th>\n<\/tr>\n<\/thead>\n<tbody data-start=\"1963\" data-end=\"3796\">\n<tr data-start=\"1963\" data-end=\"2103\">\n<td data-start=\"1963\" data-end=\"1986\" data-col-size=\"sm\">Produkt<\/td>\n<td data-col-size=\"sm\" data-start=\"1986\" data-end=\"2014\">Typ<\/td>\n<td data-col-size=\"md\" data-start=\"2014\" data-end=\"2103\">Wk\u0142adka RFID (sucha \/ mokra \/ bia\u0142o-mokra)<\/td>\n<\/tr>\n<tr data-start=\"2104\" data-end=\"2244\">\n<td data-start=\"2104\" data-end=\"2127\" data-col-size=\"sm\">Cz\u0119stotliwo\u015b\u0107<\/td>\n<td data-start=\"2127\" data-end=\"2155\" data-col-size=\"sm\">Standard HF<\/td>\n<td data-col-size=\"md\" data-start=\"2155\" data-end=\"2244\">13,56 MHz<\/td>\n<\/tr>\n<tr data-start=\"2245\" data-end=\"2385\">\n<td data-start=\"2245\" data-end=\"2268\" data-col-size=\"sm\"><\/td>\n<td data-col-size=\"sm\" data-start=\"2268\" data-end=\"2296\">Opcja UHF<\/td>\n<td data-col-size=\"md\" data-start=\"2296\" data-end=\"2385\">860\u2013960 MHz (zale\u017cnie od uk\u0142adu scalonego)<\/td>\n<\/tr>\n<tr data-start=\"2386\" data-end=\"2526\">\n<td data-start=\"2386\" data-end=\"2409\" data-col-size=\"sm\">Protoko\u0142y<\/td>\n<td data-start=\"2409\" data-end=\"2437\" data-col-size=\"sm\">Interfejs powietrzny<\/td>\n<td data-col-size=\"md\" data-start=\"2437\" data-end=\"2526\">ISO\/IEC 14443 (HF); ISO 18000-6C \/ EPC Gen2 (UHF)<\/td>\n<\/tr>\n<tr data-start=\"2527\" data-end=\"2667\">\n<td data-start=\"2527\" data-end=\"2550\" data-col-size=\"sm\">Opcje IC<\/td>\n<td data-col-size=\"sm\" data-start=\"2550\" data-end=\"2578\">Frytki<\/td>\n<td data-col-size=\"md\" data-start=\"2578\" data-end=\"2667\">UKOD; Monza; Obcy H3; U8; U9<\/td>\n<\/tr>\n<tr data-start=\"2668\" data-end=\"2808\">\n<td data-start=\"2668\" data-end=\"2691\" data-col-size=\"sm\">Antena<\/td>\n<td data-col-size=\"sm\" data-start=\"2691\" data-end=\"2719\">Typ<\/td>\n<td data-col-size=\"md\" data-start=\"2719\" data-end=\"2808\">Wytrawiona p\u0119tla aluminiowa\/miedziana<\/td>\n<\/tr>\n<tr data-start=\"2809\" data-end=\"2949\">\n<td data-start=\"2809\" data-end=\"2832\" data-col-size=\"sm\">Budowa<\/td>\n<td data-col-size=\"sm\" data-start=\"2832\" data-end=\"2860\">Pod\u0142o\u017ce<\/td>\n<td data-col-size=\"md\" data-start=\"2860\" data-end=\"2949\">Etykieta PET \/ Papierowa<\/td>\n<\/tr>\n<tr data-start=\"2950\" data-end=\"3090\">\n<td data-start=\"2950\" data-end=\"2973\" data-col-size=\"sm\">Pami\u0119\u0107<\/td>\n<td data-col-size=\"sm\" data-start=\"2973\" data-end=\"3001\">Pojemno\u015b\u0107 danych<\/td>\n<td data-col-size=\"md\" data-start=\"3001\" data-end=\"3090\">96-bitowa EPC; do 512-bitowa pami\u0119\u0107 u\u017cytkownika (zale\u017cna od uk\u0142adu)<\/td>\n<\/tr>\n<tr data-start=\"3091\" data-end=\"3231\">\n<td data-start=\"3091\" data-end=\"3114\" data-col-size=\"sm\">Odczyt odleg\u0142o\u015bci<\/td>\n<td data-col-size=\"sm\" data-start=\"3114\" data-end=\"3142\">Zakres<\/td>\n<td data-col-size=\"md\" data-start=\"3142\" data-end=\"3231\">HF: bliskie pole; UHF: do ~10 m (zale\u017cnie od czytnika\/\u015brodowiska)<\/td>\n<\/tr>\n<tr data-start=\"3232\" data-end=\"3372\">\n<td data-start=\"3232\" data-end=\"3255\" data-col-size=\"sm\">Formaty<\/td>\n<td data-col-size=\"sm\" data-start=\"3255\" data-end=\"3283\">Integracja<\/td>\n<td data-col-size=\"md\" data-start=\"3283\" data-end=\"3372\">Suchy do laminowania; Mokry do odklejania i przyklejania; Bia\u0142y-mokry do powierzchni do druku<\/td>\n<\/tr>\n<tr data-start=\"3373\" data-end=\"3513\">\n<td data-start=\"3373\" data-end=\"3396\" data-col-size=\"sm\">\u015arodowisko<\/td>\n<td data-col-size=\"sm\" data-start=\"3396\" data-end=\"3424\">Ochrona<\/td>\n<td data-col-size=\"md\" data-start=\"3424\" data-end=\"3513\">Wodoodporny \/ Odporny na warunki atmosferyczne; Zgodny z RoHS<\/td>\n<\/tr>\n<tr data-start=\"3514\" data-end=\"3654\">\n<td data-start=\"3514\" data-end=\"3537\" data-col-size=\"sm\">Personalizacja<\/td>\n<td data-col-size=\"sm\" data-start=\"3537\" data-end=\"3565\">Opcje OEM<\/td>\n<td data-col-size=\"md\" data-start=\"3565\" data-end=\"3654\">Rozmiar, uk\u0142ad scalony, format, antena, kodowanie, branding<\/td>\n<\/tr>\n<tr data-start=\"3655\" data-end=\"3796\">\n<td data-start=\"3655\" data-end=\"3678\" data-col-size=\"sm\">Pochodzenie<\/td>\n<td data-col-size=\"sm\" data-start=\"3678\" data-end=\"3706\">Produkcja<\/td>\n<td data-col-size=\"md\" data-start=\"3706\" data-end=\"3796\">Guangdong, Chiny<\/td>\n<\/tr>\n<\/tbody>\n<\/table>\n<\/div>\n<\/div>","protected":false},"excerpt":{"rendered":"<p>Wodoodporne wk\u0142adki RFID w formatach suchych, mokrych i bia\u0142ych \u2013 standard HF 13,56 MHz z opcjonaln\u0105 wydajno\u015bci\u0105 dalekiego zasi\u0119gu UHF. Niestandardowe chipy, rozmiary i nadruki dla handlu detalicznego, logistyki i bran\u017cy odzie\u017cowej.<\/p>","protected":false},"featured_media":846,"template":"","meta":{"_gspb_post_css":""},"product_brand":[],"product_cat":[23],"product_tag":[],"class_list":{"0":"post-845","1":"product","2":"type-product","3":"status-publish","4":"has-post-thumbnail","6":"product_cat-rfid-nfc-inlay","8":"first","9":"instock","10":"shipping-taxable","11":"purchasable","12":"product-type-simple"},"_links":{"self":[{"href":"https:\/\/www.cxjsmartcard.com\/pl\/wp-json\/wp\/v2\/product\/845","targetHints":{"allow":["GET"]}}],"collection":[{"href":"https:\/\/www.cxjsmartcard.com\/pl\/wp-json\/wp\/v2\/product"}],"about":[{"href":"https:\/\/www.cxjsmartcard.com\/pl\/wp-json\/wp\/v2\/types\/product"}],"wp:featuredmedia":[{"embeddable":true,"href":"https:\/\/www.cxjsmartcard.com\/pl\/wp-json\/wp\/v2\/media\/846"}],"wp:attachment":[{"href":"https:\/\/www.cxjsmartcard.com\/pl\/wp-json\/wp\/v2\/media?parent=845"}],"wp:term":[{"taxonomy":"product_brand","embeddable":true,"href":"https:\/\/www.cxjsmartcard.com\/pl\/wp-json\/wp\/v2\/product_brand?post=845"},{"taxonomy":"product_cat","embeddable":true,"href":"https:\/\/www.cxjsmartcard.com\/pl\/wp-json\/wp\/v2\/product_cat?post=845"},{"taxonomy":"product_tag","embeddable":true,"href":"https:\/\/www.cxjsmartcard.com\/pl\/wp-json\/wp\/v2\/product_tag?post=845"}],"curies":[{"name":"wp","href":"https:\/\/api.w.org\/{rel}","templated":true}]}}