{"id":833,"date":"2025-11-03T08:21:51","date_gmt":"2025-11-03T08:21:51","guid":{"rendered":"https:\/\/www.cxjsmartcard.com\/?post_type=product&#038;p=833"},"modified":"2025-12-29T01:27:09","modified_gmt":"2025-12-29T01:27:09","slug":"nxp-mifare-ultralight-ev1-rfid-nfc-inlay","status":"publish","type":"product","link":"https:\/\/www.cxjsmartcard.com\/pl\/nxp-mifare-ultralight-ev1-rfid-nfc-inlay\/","title":{"rendered":"Wk\u0142adka NXP MIFARE Ultralight EV1 RFID NFC"},"content":{"rendered":"<p data-start=\"52\" data-end=\"335\">Elastyczna wk\u0142adka HF NFC zbudowana na <strong data-start=\"98\" data-end=\"124\">MIFARE Ultralight\u00ae EV1<\/strong> Do zastosowa\u0144 kr\u00f3tkodystansowych, kompatybilnych z telefonami. Dostarczane jako <strong data-start=\"185\" data-end=\"198\">sucha intarsja<\/strong> (laminowanie) lub <strong data-start=\"215\" data-end=\"228\">mokra wk\u0142adka<\/strong> (klej), z wieloma kszta\u0142tami i rozmiarami anten, co umo\u017cliwia \u0142atw\u0105 integracj\u0119 z kartami, etykietami i opakowaniami.<\/p>\n<p data-start=\"337\" data-end=\"355\"><strong data-start=\"337\" data-end=\"353\">G\u0142\u00f3wne cechy<\/strong><\/p>\n<ul data-start=\"356\" data-end=\"738\">\n<li data-start=\"356\" data-end=\"445\">\n<p data-start=\"358\" data-end=\"445\">13,56 MHz HF; ISO\/IEC 14443A (Ultralight EV1), opcjonalnie ISO\/IEC 15693 dla innych uk\u0142ad\u00f3w<\/p>\n<\/li>\n<li data-start=\"446\" data-end=\"498\">\n<p data-start=\"448\" data-end=\"498\">Antykolizyjny, szybki odczyt, du\u017ca si\u0142a skanowania<\/p>\n<\/li>\n<li data-start=\"499\" data-end=\"570\">\n<p data-start=\"501\" data-end=\"570\">Trwa\u0142a konstrukcja z tworzywa PET\/aluminium z mo\u017cliwo\u015bci\u0105 wyboru cewki miedzianej\/aluminiowej<\/p>\n<\/li>\n<li data-start=\"571\" data-end=\"643\">\n<p data-start=\"573\" data-end=\"643\">Niestandardowe kszta\u0142ty (okr\u0105g\u0142e, kwadratowe, sze\u015bciok\u0105tne) i rozmiary dla r\u00f3\u017cnorodnych produkt\u00f3w<\/p>\n<\/li>\n<li data-start=\"644\" data-end=\"738\">\n<p data-start=\"646\" data-end=\"738\">Opcje bezpiecze\u0144stwa: 7-bajtowy UID, pami\u0119\u0107 OTP, liczniki jednokierunkowe, podpis ECC, opcjonalne has\u0142o<\/p>\n<\/li>\n<\/ul>\n<p data-start=\"740\" data-end=\"922\"><strong data-start=\"740\" data-end=\"756\">Aplikacje<\/strong><br data-start=\"756\" data-end=\"759\" \/>\u015aledzenie zapas\u00f3w i aktyw\u00f3w \u2022 Magazynowanie i logistyka \u2022 Kontrola dost\u0119pu i identyfikacja personelu \u2022 Systemy p\u0142atno\u015bci mobilnych i sprzeda\u017cy bilet\u00f3w \u2022 Inteligentne programy marketingowe\/lojalno\u015bciowe.<\/p>\n<p data-start=\"924\" data-end=\"1088\"><strong data-start=\"924\" data-end=\"941\">Personalizacja<\/strong><br data-start=\"941\" data-end=\"944\" \/>Logo, numery seryjne\/QR, grafika; dostarczane na rolkach lub jako pojedyncze sztuki. Dost\u0119pne s\u0105 r\u00f3wnie\u017c uk\u0142ady NTAG213\/215\/216 i niestandardowe uk\u0142ady scalone Ultralight EV1.<\/p>\n<h2 data-start=\"1090\" data-end=\"1115\">Tabela (Specyfikacja)<\/h2>\n<div class=\"_tableContainer_1rjym_1\">\n<div class=\"group _tableWrapper_1rjym_13 flex w-fit flex-col-reverse\" tabindex=\"-1\">\n<table class=\"w-fit min-w-(--thread-content-width)\" data-start=\"1117\" data-end=\"3049\">\n<thead data-start=\"1117\" data-end=\"1245\">\n<tr data-start=\"1117\" data-end=\"1245\">\n<th data-start=\"1117\" data-end=\"1136\" data-col-size=\"sm\">Kategoria<\/th>\n<th data-start=\"1136\" data-end=\"1159\" data-col-size=\"sm\">Parametr<\/th>\n<th data-start=\"1159\" data-end=\"1245\" data-col-size=\"md\">Warto\u015b\u0107<\/th>\n<\/tr>\n<\/thead>\n<tbody data-start=\"1375\" data-end=\"3049\">\n<tr data-start=\"1375\" data-end=\"1503\">\n<td data-start=\"1375\" data-end=\"1394\" data-col-size=\"sm\">Produkt<\/td>\n<td data-col-size=\"sm\" data-start=\"1394\" data-end=\"1417\">Typ<\/td>\n<td data-col-size=\"md\" data-start=\"1417\" data-end=\"1503\">Wk\u0142adka HF NFC \/ wk\u0142adka RFID<\/td>\n<\/tr>\n<tr data-start=\"1504\" data-end=\"1632\">\n<td data-start=\"1504\" data-end=\"1523\" data-col-size=\"sm\">RF<\/td>\n<td data-col-size=\"sm\" data-start=\"1523\" data-end=\"1546\">Cz\u0119stotliwo\u015b\u0107<\/td>\n<td data-col-size=\"md\" data-start=\"1546\" data-end=\"1632\">13,56 MHz (HF)<\/td>\n<\/tr>\n<tr data-start=\"1633\" data-end=\"1760\">\n<td data-start=\"1633\" data-end=\"1652\" data-col-size=\"sm\"><\/td>\n<td data-col-size=\"sm\" data-start=\"1652\" data-end=\"1675\">Protok\u00f3\u0142<\/td>\n<td data-col-size=\"md\" data-start=\"1675\" data-end=\"1760\">ISO\/IEC 14443A (Ultralight EV1); ISO\/IEC 15693 (opcjonalnie z innymi uk\u0142adami scalonymi)<\/td>\n<\/tr>\n<tr data-start=\"1761\" data-end=\"1888\">\n<td data-start=\"1761\" data-end=\"1780\" data-col-size=\"sm\">Opcje IC<\/td>\n<td data-start=\"1780\" data-end=\"1803\" data-col-size=\"sm\">Frytki<\/td>\n<td data-start=\"1803\" data-end=\"1888\" data-col-size=\"md\">MIFARE Ultralight\u00ae EV1; NTAG213\/215\/216; niestandardowe<\/td>\n<\/tr>\n<tr data-start=\"1889\" data-end=\"2017\">\n<td data-start=\"1889\" data-end=\"1908\" data-col-size=\"sm\">Przybory<\/td>\n<td data-col-size=\"sm\" data-start=\"1908\" data-end=\"1931\">Struktura<\/td>\n<td data-col-size=\"md\" data-start=\"1931\" data-end=\"2017\">Podstawa z aluminium i PET; cewka anteny z miedzi\/aluminium<\/td>\n<\/tr>\n<tr data-start=\"2018\" data-end=\"2146\">\n<td data-start=\"2018\" data-end=\"2037\" data-col-size=\"sm\">Wsp\u00f3\u0142czynnik kszta\u0142tu<\/td>\n<td data-col-size=\"sm\" data-start=\"2037\" data-end=\"2060\">Styl intarsji<\/td>\n<td data-col-size=\"md\" data-start=\"2060\" data-end=\"2146\">Wk\u0142ad suchy (laminowanie) \/ Wk\u0142ad mokry (klej)<\/td>\n<\/tr>\n<tr data-start=\"2147\" data-end=\"2275\">\n<td data-start=\"2147\" data-end=\"2166\" data-col-size=\"sm\">Antena<\/td>\n<td data-col-size=\"sm\" data-start=\"2166\" data-end=\"2189\">Kszta\u0142ty<\/td>\n<td data-col-size=\"md\" data-start=\"2189\" data-end=\"2275\">Okr\u0105g\u0142e, kwadratowe, sze\u015bciok\u0105tne, niestandardowe<\/td>\n<\/tr>\n<tr data-start=\"2276\" data-end=\"2404\">\n<td data-start=\"2276\" data-end=\"2295\" data-col-size=\"sm\">Wymiary<\/td>\n<td data-start=\"2295\" data-end=\"2318\" data-col-size=\"sm\">Opcje rozmiaru<\/td>\n<td data-col-size=\"md\" data-start=\"2318\" data-end=\"2404\">\u00d821\u201356 mm; 40\u00d740\u201346\u00d748 mm; niestandardowe<\/td>\n<\/tr>\n<tr data-start=\"2405\" data-end=\"2533\">\n<td data-start=\"2405\" data-end=\"2424\" data-col-size=\"sm\">Wydajno\u015b\u0107<\/td>\n<td data-col-size=\"sm\" data-start=\"2424\" data-end=\"2447\">Cechy<\/td>\n<td data-col-size=\"md\" data-start=\"2447\" data-end=\"2533\">Antykolizyjny, szybki odczyt, wysoka si\u0142a skanowania, elastyczna konstrukcja<\/td>\n<\/tr>\n<tr data-start=\"2534\" data-end=\"2662\">\n<td data-start=\"2534\" data-end=\"2553\" data-col-size=\"sm\">Bezpiecze\u0144stwo<\/td>\n<td data-col-size=\"sm\" data-start=\"2553\" data-end=\"2576\">Pami\u0119\u0107\/Bezpiecze\u0144stwo<\/td>\n<td data-col-size=\"md\" data-start=\"2576\" data-end=\"2662\">7-bajtowy UID; OTP; liczniki jednokierunkowe; podpis ECC; opcjonalna ochrona has\u0142em<\/td>\n<\/tr>\n<tr data-start=\"2663\" data-end=\"2791\">\n<td data-start=\"2663\" data-end=\"2682\" data-col-size=\"sm\">Personalizacja<\/td>\n<td data-col-size=\"sm\" data-start=\"2682\" data-end=\"2705\">Drukowanie\/Opakowanie<\/td>\n<td data-col-size=\"md\" data-start=\"2705\" data-end=\"2791\">Logo, kod QR, numer seryjny; rolka lub cz\u0119\u015b\u0107<\/td>\n<\/tr>\n<tr data-start=\"2792\" data-end=\"2920\">\n<td data-start=\"2792\" data-end=\"2811\" data-col-size=\"sm\">Aplikacje<\/td>\n<td data-col-size=\"sm\" data-start=\"2811\" data-end=\"2834\">Przypadki u\u017cycia<\/td>\n<td data-col-size=\"md\" data-start=\"2834\" data-end=\"2920\">Zapasy, aktywa, magazyn, logistyka, kontrola dost\u0119pu, p\u0142atno\u015bci mobilne, marketing<\/td>\n<\/tr>\n<tr data-start=\"2921\" data-end=\"3049\">\n<td data-start=\"2921\" data-end=\"2940\" data-col-size=\"sm\">Zalety<\/td>\n<td data-col-size=\"sm\" data-start=\"2940\" data-end=\"2963\">Integracja<\/td>\n<td data-col-size=\"md\" data-start=\"2963\" data-end=\"3049\">Wytrzyma\u0142y, kompaktowy, kompatybilny z urz\u0105dzeniami NFC, \u0142atwy do osadzenia<\/td>\n<\/tr>\n<\/tbody>\n<\/table>\n<\/div>\n<\/div>","protected":false},"excerpt":{"rendered":"<p>Wk\u0142adka HF 13,56 MHz MIFARE Ultralight EV1 NFC \u2014 formaty suche i mokre, r\u00f3\u017cne kszta\u0142ty anten, wysoka wydajno\u015b\u0107 odczytu oraz wbudowane zabezpieczenia dost\u0119pu, \u015bledzenia i p\u0142atno\u015bci.<\/p>","protected":false},"featured_media":835,"template":"","meta":{"_gspb_post_css":""},"product_brand":[],"product_cat":[23],"product_tag":[],"class_list":{"0":"post-833","1":"product","2":"type-product","3":"status-publish","4":"has-post-thumbnail","6":"product_cat-rfid-nfc-inlay","8":"first","9":"instock","10":"shipping-taxable","11":"purchasable","12":"product-type-simple"},"_links":{"self":[{"href":"https:\/\/www.cxjsmartcard.com\/pl\/wp-json\/wp\/v2\/product\/833","targetHints":{"allow":["GET"]}}],"collection":[{"href":"https:\/\/www.cxjsmartcard.com\/pl\/wp-json\/wp\/v2\/product"}],"about":[{"href":"https:\/\/www.cxjsmartcard.com\/pl\/wp-json\/wp\/v2\/types\/product"}],"wp:featuredmedia":[{"embeddable":true,"href":"https:\/\/www.cxjsmartcard.com\/pl\/wp-json\/wp\/v2\/media\/835"}],"wp:attachment":[{"href":"https:\/\/www.cxjsmartcard.com\/pl\/wp-json\/wp\/v2\/media?parent=833"}],"wp:term":[{"taxonomy":"product_brand","embeddable":true,"href":"https:\/\/www.cxjsmartcard.com\/pl\/wp-json\/wp\/v2\/product_brand?post=833"},{"taxonomy":"product_cat","embeddable":true,"href":"https:\/\/www.cxjsmartcard.com\/pl\/wp-json\/wp\/v2\/product_cat?post=833"},{"taxonomy":"product_tag","embeddable":true,"href":"https:\/\/www.cxjsmartcard.com\/pl\/wp-json\/wp\/v2\/product_tag?post=833"}],"curies":[{"name":"wp","href":"https:\/\/api.w.org\/{rel}","templated":true}]}}