{"id":829,"date":"2025-11-03T08:19:26","date_gmt":"2025-11-03T08:19:26","guid":{"rendered":"https:\/\/www.cxjsmartcard.com\/?post_type=product&#038;p=829"},"modified":"2025-12-29T01:27:09","modified_gmt":"2025-12-29T01:27:09","slug":"ntag213-rfid-nfc-inlay-sticker-tag","status":"publish","type":"product","link":"https:\/\/www.cxjsmartcard.com\/pl\/ntag213-rfid-nfc-inlay-sticker-tag\/","title":{"rendered":"Naklejka z wk\u0142adk\u0105 RFID NFC NTAG213"},"content":{"rendered":"<p data-start=\"46\" data-end=\"283\">Kompaktowa, trwa\u0142a, inteligentna naklejka NFC oparta na chipie NXP\u00ae NTAG213, zapewniaj\u0105ca szybk\u0105 i niezawodn\u0105 komunikacj\u0119 ze smartfonami, tabletami i czytnikami ISO14443A. Dostarczana w rolkach, co u\u0142atwia integracj\u0119 z etykietami, kartami i opakowaniami.<\/p>\n<p data-start=\"285\" data-end=\"299\"><strong data-start=\"285\" data-end=\"297\">Cechy<\/strong><\/p>\n<ul data-start=\"300\" data-end=\"778\">\n<li data-start=\"300\" data-end=\"347\">\n<p data-start=\"302\" data-end=\"347\">Uk\u0142ad NTAG213 (HF 13,56 MHz, ISO\/IEC 14443A)<\/p>\n<\/li>\n<li data-start=\"348\" data-end=\"409\">\n<p data-start=\"350\" data-end=\"409\">Zasi\u0119g odczytu: zwykle 1\u20135 cm (zale\u017cnie od urz\u0105dzenia i anteny)<\/p>\n<\/li>\n<li data-start=\"410\" data-end=\"479\">\n<p data-start=\"412\" data-end=\"479\">144 bajty pami\u0119ci u\u017cytkownika na adresy URL, identyfikatory, dane kontaktowe i inne<\/p>\n<\/li>\n<li data-start=\"480\" data-end=\"545\">\n<p data-start=\"482\" data-end=\"545\">Do 100 000 przer\u00f3bek; opcjonalna konfiguracja blokady\/tylko do odczytu<\/p>\n<\/li>\n<li data-start=\"546\" data-end=\"617\">\n<p data-start=\"548\" data-end=\"617\">Pod\u0142o\u017ce anteny PET z papierem powlekanym (opcjonalnie PVC\/PET\/PP)<\/p>\n<\/li>\n<li data-start=\"618\" data-end=\"683\">\n<p data-start=\"620\" data-end=\"683\">Format dostawy: 1000\u20135000 szt. na rolk\u0119; 4 rolki w kartonie<\/p>\n<\/li>\n<li data-start=\"684\" data-end=\"747\">\n<p data-start=\"686\" data-end=\"747\">Temperatura pracy: od \u221240 \u00b0C do +70 \u00b0C; przechowywanie: od \u221220 \u00b0C do +50 \u00b0C<\/p>\n<\/li>\n<li data-start=\"748\" data-end=\"778\">\n<p data-start=\"750\" data-end=\"778\">Pasywna konstrukcja bez baterii<\/p>\n<\/li>\n<\/ul>\n<p data-start=\"780\" data-end=\"965\"><strong data-start=\"780\" data-end=\"796\">Aplikacje<\/strong><br data-start=\"796\" data-end=\"799\" \/>Linki do medi\u00f3w spo\u0142eczno\u015bciowych i materia\u0142\u00f3w marketingowych \u2022 Tagowanie zasob\u00f3w \u2022 P\u0142atno\u015bci zbli\u017ceniowe (je\u015bli s\u0105 obs\u0142ugiwane) \u2022 Sprzeda\u017c bilet\u00f3w na wydarzenia i kontrola dost\u0119pu \u2022 Inteligentne plakaty i uwierzytelnianie produkt\u00f3w.<\/p>\n<p data-start=\"967\" data-end=\"1268\"><strong data-start=\"967\" data-end=\"975\">Cz\u0119sto zadawane pytania<\/strong><br data-start=\"975\" data-end=\"978\" \/><strong data-start=\"978\" data-end=\"1008\">P1: Jaki jest zasi\u0119g odczytu?<\/strong> Zwykle 1\u20135 cm, w zale\u017cno\u015bci od rozmiaru znacznika i si\u0142y czytnika.<br data-start=\"1069\" data-end=\"1072\" \/><strong data-start=\"1072\" data-end=\"1109\">P2: Czy tagi mo\u017cna przeprogramowa\u0107?<\/strong> Tak \u2014 mo\u017cna go zapisa\u0107 do 100 000 razy lub zablokowa\u0107 jako tylko do odczytu.<br data-start=\"1170\" data-end=\"1173\" \/><strong data-start=\"1173\" data-end=\"1204\">P3: W jaki spos\u00f3b s\u0105 dostarczane?<\/strong> W formacie rolki (1000\u20135000 szt.\/rolk\u0119) w celu zapewnienia wydajnej produkcji.<\/p>\n<h2 data-start=\"1270\" data-end=\"1295\">Tabela (Specyfikacja)<\/h2>\n<div class=\"_tableContainer_1rjym_1\">\n<div class=\"group _tableWrapper_1rjym_13 flex w-fit flex-col-reverse\" tabindex=\"-1\">\n<table class=\"w-fit min-w-(--thread-content-width)\" data-start=\"1297\" data-end=\"3454\">\n<thead data-start=\"1297\" data-end=\"1416\">\n<tr data-start=\"1297\" data-end=\"1416\">\n<th data-start=\"1297\" data-end=\"1320\" data-col-size=\"sm\">Kategoria<\/th>\n<th data-start=\"1320\" data-end=\"1343\" data-col-size=\"sm\">Parametr<\/th>\n<th data-start=\"1343\" data-end=\"1416\" data-col-size=\"md\">Warto\u015b\u0107<\/th>\n<\/tr>\n<\/thead>\n<tbody data-start=\"1537\" data-end=\"3454\">\n<tr data-start=\"1537\" data-end=\"1656\">\n<td data-start=\"1537\" data-end=\"1560\" data-col-size=\"sm\">Produkt<\/td>\n<td data-start=\"1560\" data-end=\"1583\" data-col-size=\"sm\">Typ<\/td>\n<td data-col-size=\"md\" data-start=\"1583\" data-end=\"1656\">Wk\u0142adka\/naklejka NFC<\/td>\n<\/tr>\n<tr data-start=\"1657\" data-end=\"1776\">\n<td data-start=\"1657\" data-end=\"1680\" data-col-size=\"sm\">RF<\/td>\n<td data-start=\"1680\" data-end=\"1703\" data-col-size=\"sm\">Cz\u0119stotliwo\u015b\u0107<\/td>\n<td data-start=\"1703\" data-end=\"1776\" data-col-size=\"md\">13,56 MHz<\/td>\n<\/tr>\n<tr data-start=\"1777\" data-end=\"1896\">\n<td data-start=\"1777\" data-end=\"1800\" data-col-size=\"sm\"><\/td>\n<td data-start=\"1800\" data-end=\"1823\" data-col-size=\"sm\">Protok\u00f3\u0142<\/td>\n<td data-col-size=\"md\" data-start=\"1823\" data-end=\"1896\">ISO\/IEC 14443A<\/td>\n<\/tr>\n<tr data-start=\"1897\" data-end=\"2016\">\n<td data-start=\"1897\" data-end=\"1920\" data-col-size=\"sm\">Uk\u0142ad scalony<\/td>\n<td data-col-size=\"sm\" data-start=\"1920\" data-end=\"1943\">\u017beton<\/td>\n<td data-col-size=\"md\" data-start=\"1943\" data-end=\"2016\">NTAG213 (NXP\u00ae)<\/td>\n<\/tr>\n<tr data-start=\"2017\" data-end=\"2136\">\n<td data-start=\"2017\" data-end=\"2040\" data-col-size=\"sm\">Pami\u0119\u0107<\/td>\n<td data-start=\"2040\" data-end=\"2063\" data-col-size=\"sm\">Pojemno\u015b\u0107 u\u017cytkownika<\/td>\n<td data-col-size=\"md\" data-start=\"2063\" data-end=\"2136\">144 bajty<\/td>\n<\/tr>\n<tr data-start=\"2137\" data-end=\"2255\">\n<td data-start=\"2137\" data-end=\"2160\" data-col-size=\"sm\">Wydajno\u015b\u0107<\/td>\n<td data-col-size=\"sm\" data-start=\"2160\" data-end=\"2183\">Zakres odczytu<\/td>\n<td data-col-size=\"md\" data-start=\"2183\" data-end=\"2255\">Typowo 1\u20135 cm (do ~10 cm przy wi\u0119kszych antenach\/czytnikach)<\/td>\n<\/tr>\n<tr data-start=\"2256\" data-end=\"2375\">\n<td data-start=\"2256\" data-end=\"2279\" data-col-size=\"sm\">Dzia\u0142anie<\/td>\n<td data-col-size=\"sm\" data-start=\"2279\" data-end=\"2302\">Tryb<\/td>\n<td data-col-size=\"md\" data-start=\"2302\" data-end=\"2375\">Pasywny (bez baterii)<\/td>\n<\/tr>\n<tr data-start=\"2376\" data-end=\"2495\">\n<td data-start=\"2376\" data-end=\"2399\" data-col-size=\"sm\">Wytrzyma\u0142o\u015b\u0107<\/td>\n<td data-col-size=\"sm\" data-start=\"2399\" data-end=\"2422\">Napisz cykle<\/td>\n<td data-col-size=\"md\" data-start=\"2422\" data-end=\"2495\">Do 100 000 przer\u00f3bek<\/td>\n<\/tr>\n<tr data-start=\"2496\" data-end=\"2615\">\n<td data-start=\"2496\" data-end=\"2519\" data-col-size=\"sm\">Przybory<\/td>\n<td data-start=\"2519\" data-end=\"2542\" data-col-size=\"sm\">Pod\u0142o\u017ce antenowe<\/td>\n<td data-col-size=\"md\" data-start=\"2542\" data-end=\"2615\">ZWIERZAK DOMOWY<\/td>\n<\/tr>\n<tr data-start=\"2616\" data-end=\"2735\">\n<td data-start=\"2616\" data-end=\"2639\" data-col-size=\"sm\"><\/td>\n<td data-col-size=\"sm\" data-start=\"2639\" data-end=\"2662\">Powierzchnia tagu<\/td>\n<td data-col-size=\"md\" data-start=\"2662\" data-end=\"2735\">Papier powlekany (opcjonalnie PVC, PET, PP)<\/td>\n<\/tr>\n<tr data-start=\"2736\" data-end=\"2854\">\n<td data-start=\"2736\" data-end=\"2759\" data-col-size=\"sm\">Wsp\u00f3\u0142czynniki kszta\u0142tu<\/td>\n<td data-col-size=\"sm\" data-start=\"2759\" data-end=\"2782\">Rozmiary tag\u00f3w<\/td>\n<td data-col-size=\"md\" data-start=\"2782\" data-end=\"2854\">\u00d818\/\u00d822\/\u00d825\/\u00d830 mm; 16 \u00d7 58 mm; inne na zam\u00f3wienie<\/td>\n<\/tr>\n<tr data-start=\"2855\" data-end=\"2974\">\n<td data-start=\"2855\" data-end=\"2878\" data-col-size=\"sm\">\u015arodowisko<\/td>\n<td data-start=\"2878\" data-end=\"2901\" data-col-size=\"sm\">Temperatura pracy<\/td>\n<td data-col-size=\"md\" data-start=\"2901\" data-end=\"2974\">\u221240 \u00b0C do +70 \u00b0C<\/td>\n<\/tr>\n<tr data-start=\"2975\" data-end=\"3094\">\n<td data-start=\"2975\" data-end=\"2998\" data-col-size=\"sm\"><\/td>\n<td data-col-size=\"sm\" data-start=\"2998\" data-end=\"3021\">Temperatura przechowywania<\/td>\n<td data-col-size=\"md\" data-start=\"3021\" data-end=\"3094\">\u221220 \u00b0C do +50 \u00b0C<\/td>\n<\/tr>\n<tr data-start=\"3095\" data-end=\"3214\">\n<td data-start=\"3095\" data-end=\"3118\" data-col-size=\"sm\">Opakowanie<\/td>\n<td data-col-size=\"sm\" data-start=\"3118\" data-end=\"3141\">Format dostawy<\/td>\n<td data-col-size=\"md\" data-start=\"3141\" data-end=\"3214\">1000\u20135000 szt.\/rolka; 4 rolki\/karton<\/td>\n<\/tr>\n<tr data-start=\"3215\" data-end=\"3334\">\n<td data-start=\"3215\" data-end=\"3238\" data-col-size=\"sm\">Opcje<\/td>\n<td data-col-size=\"sm\" data-start=\"3238\" data-end=\"3261\">Ustawienia danych<\/td>\n<td data-col-size=\"md\" data-start=\"3261\" data-end=\"3334\">Mo\u017cliwo\u015b\u0107 ponownego zapisu lub ustawienia tylko do odczytu<\/td>\n<\/tr>\n<tr data-start=\"3335\" data-end=\"3454\">\n<td data-start=\"3335\" data-end=\"3358\" data-col-size=\"sm\">Przypadki u\u017cycia<\/td>\n<td data-col-size=\"sm\" data-start=\"3358\" data-end=\"3381\">Typowe zastosowania<\/td>\n<td data-col-size=\"md\" data-start=\"3381\" data-end=\"3454\">Linki marketingowe, \u015bledzenie zasob\u00f3w, p\u0142atno\u015bci, sprzeda\u017c bilet\u00f3w\/kontrola dost\u0119pu<\/td>\n<\/tr>\n<\/tbody>\n<\/table>\n<\/div>\n<\/div>","protected":false},"excerpt":{"rendered":"<p>Naklejka NFC NTAG213 \u2014 13,56 MHz ISO14443A, 144 bajty, odczyty z odleg\u0142o\u015bci 1\u20135 cm, mo\u017cliwo\u015b\u0107 zapisu do 100 000 razy; pod\u0142o\u017ce PET z powlekan\u0105 powierzchni\u0105 papierow\u0105, dostarczana w rolkach.<\/p>","protected":false},"featured_media":830,"template":"","meta":{"_gspb_post_css":""},"product_brand":[],"product_cat":[23],"product_tag":[],"class_list":{"0":"post-829","1":"product","2":"type-product","3":"status-publish","4":"has-post-thumbnail","6":"product_cat-rfid-nfc-inlay","8":"first","9":"instock","10":"shipping-taxable","11":"purchasable","12":"product-type-simple"},"_links":{"self":[{"href":"https:\/\/www.cxjsmartcard.com\/pl\/wp-json\/wp\/v2\/product\/829","targetHints":{"allow":["GET"]}}],"collection":[{"href":"https:\/\/www.cxjsmartcard.com\/pl\/wp-json\/wp\/v2\/product"}],"about":[{"href":"https:\/\/www.cxjsmartcard.com\/pl\/wp-json\/wp\/v2\/types\/product"}],"wp:featuredmedia":[{"embeddable":true,"href":"https:\/\/www.cxjsmartcard.com\/pl\/wp-json\/wp\/v2\/media\/830"}],"wp:attachment":[{"href":"https:\/\/www.cxjsmartcard.com\/pl\/wp-json\/wp\/v2\/media?parent=829"}],"wp:term":[{"taxonomy":"product_brand","embeddable":true,"href":"https:\/\/www.cxjsmartcard.com\/pl\/wp-json\/wp\/v2\/product_brand?post=829"},{"taxonomy":"product_cat","embeddable":true,"href":"https:\/\/www.cxjsmartcard.com\/pl\/wp-json\/wp\/v2\/product_cat?post=829"},{"taxonomy":"product_tag","embeddable":true,"href":"https:\/\/www.cxjsmartcard.com\/pl\/wp-json\/wp\/v2\/product_tag?post=829"}],"curies":[{"name":"wp","href":"https:\/\/api.w.org\/{rel}","templated":true}]}}