{"id":824,"date":"2025-11-03T08:17:18","date_gmt":"2025-11-03T08:17:18","guid":{"rendered":"https:\/\/www.cxjsmartcard.com\/?post_type=product&#038;p=824"},"modified":"2025-12-29T01:27:09","modified_gmt":"2025-12-29T01:27:09","slug":"customizable-rfid-nfc-programmable-printable-wet-dry-inlay","status":"publish","type":"product","link":"https:\/\/www.cxjsmartcard.com\/pl\/customizable-rfid-nfc-programmable-printable-wet-dry-inlay\/","title":{"rendered":"Personalizowana, programowalna wk\u0142adka RFID NFC do druku na mokro\/sucho"},"content":{"rendered":"<p data-start=\"70\" data-end=\"424\">Wk\u0142adka NFC HF 13,56 MHz oparta na NTAG213 do zastosowa\u0144 kr\u00f3tkodystansowych, kompatybilnych ze smartfonami. Dost\u0119pna jako <strong data-start=\"191\" data-end=\"204\">mokra wk\u0142adka<\/strong> (klej, odklejany i przyklejany) lub <strong data-start=\"235\" data-end=\"248\">sucha intarsja<\/strong> (do laminowania) konstrukcja o ma\u0142ym wsp\u00f3\u0142czynniku kszta\u0142tu jest <strong data-start=\"298\" data-end=\"341\">do druku, programowalne i wodoodporne<\/strong>\u2014idealne do kart-kluczy hotelowych, identyfikator\u00f3w cz\u0142onkowskich, metek sklepowych i marketingu bezkontaktowego.<\/p>\n<p data-start=\"426\" data-end=\"456\"><strong data-start=\"426\" data-end=\"454\">Budownictwo i materia\u0142y<\/strong><\/p>\n<ul data-start=\"457\" data-end=\"705\">\n<li data-start=\"457\" data-end=\"543\">\n<p data-start=\"459\" data-end=\"543\"><strong data-start=\"459\" data-end=\"471\">Formaty:<\/strong> Wk\u0142adka mokra z podk\u0142adem klej\u0105cym; wk\u0142adka sucha do laminowania kart\/bilet\u00f3w<\/p>\n<\/li>\n<li data-start=\"544\" data-end=\"619\">\n<p data-start=\"546\" data-end=\"619\"><strong data-start=\"546\" data-end=\"573\">Materia\u0142y na powierzchni\u0119\/anten\u0119:<\/strong> PET, papier miedziany zapewniaj\u0105cy wysok\u0105 wydajno\u015b\u0107 RF<\/p>\n<\/li>\n<li data-start=\"620\" data-end=\"705\">\n<p data-start=\"622\" data-end=\"705\"><strong data-start=\"622\" data-end=\"643\">Powierzchnia do zadruku:<\/strong> Obs\u0142uguje bezpo\u015brednie drukowanie logo, kod\u00f3w kreskowych i instrukcji<\/p>\n<\/li>\n<\/ul>\n<p data-start=\"707\" data-end=\"739\"><strong data-start=\"707\" data-end=\"737\">Programowalne funkcje NFC<\/strong><\/p>\n<ul data-start=\"740\" data-end=\"970\">\n<li data-start=\"740\" data-end=\"806\">\n<p data-start=\"742\" data-end=\"806\"><strong data-start=\"742\" data-end=\"751\">\u017beton:<\/strong> NTAG213 (ISO\/IEC 14443A), kompatybilny z Androidem\/iOS NFC<\/p>\n<\/li>\n<li data-start=\"807\" data-end=\"886\">\n<p data-start=\"809\" data-end=\"886\"><strong data-start=\"809\" data-end=\"825\">Pami\u0119\u0107 u\u017cytkownika:<\/strong> ~180 bajt\u00f3w do wykorzystania na adresy URL, identyfikatory, dane uwierzytelniaj\u0105ce i dane dotycz\u0105ce lojalno\u015bci<\/p>\n<\/li>\n<li data-start=\"887\" data-end=\"970\">\n<p data-start=\"889\" data-end=\"970\"><strong data-start=\"889\" data-end=\"903\">Przyk\u0142ady zastosowa\u0144:<\/strong> Kontrola dost\u0119pu, cz\u0142onkostwo, uwierzytelnianie, inteligentne opakowania\/etykiety<\/p>\n<\/li>\n<\/ul>\n<p data-start=\"972\" data-end=\"982\"><strong data-start=\"972\" data-end=\"980\">Cz\u0119sto zadawane pytania<\/strong><\/p>\n<ul data-start=\"983\" data-end=\"1267\">\n<li data-start=\"983\" data-end=\"1039\">\n<p data-start=\"985\" data-end=\"1039\"><strong data-start=\"985\" data-end=\"997\">Pr\u00f3bki?<\/strong> Dost\u0119pne s\u0105 bezp\u0142atne pr\u00f3bki do przetestowania.<\/p>\n<\/li>\n<li data-start=\"1040\" data-end=\"1109\">\n<p data-start=\"1042\" data-end=\"1109\"><strong data-start=\"1042\" data-end=\"1054\">Czytelnicy?<\/strong> Wsp\u00f3\u0142pracuje z telefonami obs\u0142uguj\u0105cymi NFC i czytnikami ISO14443A.<\/p>\n<\/li>\n<li data-start=\"1110\" data-end=\"1194\">\n<p data-start=\"1112\" data-end=\"1194\"><strong data-start=\"1112\" data-end=\"1129\">Nadruk niestandardowy?<\/strong> Pe\u0142na personalizacja: grafika, kody kreskowe\/QR, numery seryjne, unikalne identyfikatory.<\/p>\n<\/li>\n<li data-start=\"1195\" data-end=\"1267\">\n<p data-start=\"1197\" data-end=\"1267\"><strong data-start=\"1197\" data-end=\"1212\">Okres przydatno\u015bci do u\u017cycia?<\/strong> Ponad 10 lat w przypadku standardowego przechowywania; d\u0142ugi okres przechowywania danych.<\/p>\n<\/li>\n<\/ul>\n<p data-start=\"1269\" data-end=\"1314\"><strong data-start=\"1269\" data-end=\"1279\">Pochodzenie<\/strong><br data-start=\"1279\" data-end=\"1282\" \/>Wyprodukowano w Zhejiang, Chiny.<\/p>\n<h2 data-start=\"1316\" data-end=\"1341\">Tabela (Specyfikacja)<\/h2>\n<div class=\"_tableContainer_1rjym_1\">\n<div class=\"group _tableWrapper_1rjym_13 flex w-fit flex-col-reverse\" tabindex=\"-1\">\n<table class=\"w-fit min-w-(--thread-content-width)\" data-start=\"1343\" data-end=\"2954\">\n<thead data-start=\"1343\" data-end=\"1458\">\n<tr data-start=\"1343\" data-end=\"1458\">\n<th data-start=\"1343\" data-end=\"1365\" data-col-size=\"sm\">Kategoria<\/th>\n<th data-start=\"1365\" data-end=\"1388\" data-col-size=\"sm\">Parametr<\/th>\n<th data-start=\"1388\" data-end=\"1458\" data-col-size=\"md\">Warto\u015b\u0107<\/th>\n<\/tr>\n<\/thead>\n<tbody data-start=\"1574\" data-end=\"2954\">\n<tr data-start=\"1574\" data-end=\"1688\">\n<td data-start=\"1574\" data-end=\"1595\" data-col-size=\"sm\">Produkt<\/td>\n<td data-start=\"1595\" data-end=\"1618\" data-col-size=\"sm\">Typ<\/td>\n<td data-col-size=\"md\" data-start=\"1618\" data-end=\"1688\">Wk\u0142adka NFC na mokro\/sucho (mini tag)<\/td>\n<\/tr>\n<tr data-start=\"1689\" data-end=\"1804\">\n<td data-start=\"1689\" data-end=\"1710\" data-col-size=\"sm\">Cz\u0119stotliwo\u015b\u0107<\/td>\n<td data-col-size=\"sm\" data-start=\"1710\" data-end=\"1733\">HF<\/td>\n<td data-col-size=\"md\" data-start=\"1733\" data-end=\"1804\">13,56 MHz<\/td>\n<\/tr>\n<tr data-start=\"1805\" data-end=\"1919\">\n<td data-start=\"1805\" data-end=\"1826\" data-col-size=\"sm\">Protok\u00f3\u0142<\/td>\n<td data-start=\"1826\" data-end=\"1849\" data-col-size=\"sm\">Interfejs powietrzny<\/td>\n<td data-col-size=\"md\" data-start=\"1849\" data-end=\"1919\">ISO\/IEC 14443A<\/td>\n<\/tr>\n<tr data-start=\"1920\" data-end=\"2034\">\n<td data-start=\"1920\" data-end=\"1941\" data-col-size=\"sm\">Uk\u0142ad scalony<\/td>\n<td data-col-size=\"sm\" data-start=\"1941\" data-end=\"1964\">\u017beton<\/td>\n<td data-col-size=\"md\" data-start=\"1964\" data-end=\"2034\">NTAG213<\/td>\n<\/tr>\n<tr data-start=\"2035\" data-end=\"2149\">\n<td data-start=\"2035\" data-end=\"2056\" data-col-size=\"sm\">Pami\u0119\u0107<\/td>\n<td data-col-size=\"sm\" data-start=\"2056\" data-end=\"2079\">Pojemno\u015b\u0107 u\u017cytkownika<\/td>\n<td data-col-size=\"md\" data-start=\"2079\" data-end=\"2149\">~180 bajt\u00f3w do wykorzystania<\/td>\n<\/tr>\n<tr data-start=\"2150\" data-end=\"2264\">\n<td data-start=\"2150\" data-end=\"2171\" data-col-size=\"sm\">Zgodno\u015b\u0107<\/td>\n<td data-col-size=\"sm\" data-start=\"2171\" data-end=\"2194\">Urz\u0105dzenia<\/td>\n<td data-col-size=\"md\" data-start=\"2194\" data-end=\"2264\">Telefony z systemem Android\/iOS NFC; czytniki ISO14443A<\/td>\n<\/tr>\n<tr data-start=\"2265\" data-end=\"2379\">\n<td data-start=\"2265\" data-end=\"2286\" data-col-size=\"sm\">Formaty<\/td>\n<td data-col-size=\"sm\" data-start=\"2286\" data-end=\"2309\">Style intarsji<\/td>\n<td data-col-size=\"md\" data-start=\"2309\" data-end=\"2379\">Mokre (klejowe, odklejane i przyklejane); Suche (laminowanie)<\/td>\n<\/tr>\n<tr data-start=\"2380\" data-end=\"2494\">\n<td data-start=\"2380\" data-end=\"2401\" data-col-size=\"sm\">Przybory<\/td>\n<td data-col-size=\"sm\" data-start=\"2401\" data-end=\"2424\">Budowa<\/td>\n<td data-col-size=\"md\" data-start=\"2424\" data-end=\"2494\">PET, papier miedziany<\/td>\n<\/tr>\n<tr data-start=\"2495\" data-end=\"2609\">\n<td data-start=\"2495\" data-end=\"2516\" data-col-size=\"sm\">Cechy<\/td>\n<td data-col-size=\"sm\" data-start=\"2516\" data-end=\"2539\">Atrybuty<\/td>\n<td data-col-size=\"md\" data-start=\"2539\" data-end=\"2609\">Mo\u017cliwo\u015b\u0107 drukowania, programowania, wodoodporno\u015b\u0107<\/td>\n<\/tr>\n<tr data-start=\"2610\" data-end=\"2724\">\n<td data-start=\"2610\" data-end=\"2631\" data-col-size=\"sm\">Personalizacja<\/td>\n<td data-col-size=\"sm\" data-start=\"2631\" data-end=\"2654\">Drukuj\/Dane<\/td>\n<td data-col-size=\"md\" data-start=\"2654\" data-end=\"2724\">Loga, kody kreskowe\/QR, numery seryjne, instrukcje<\/td>\n<\/tr>\n<tr data-start=\"2725\" data-end=\"2839\">\n<td data-start=\"2725\" data-end=\"2746\" data-col-size=\"sm\">Aplikacje<\/td>\n<td data-col-size=\"sm\" data-start=\"2746\" data-end=\"2769\">Typowe zastosowania<\/td>\n<td data-col-size=\"md\" data-start=\"2769\" data-end=\"2839\">Klucze hotelowe, karty cz\u0142onkowskie, etykiety detaliczne, metki marketingowe<\/td>\n<\/tr>\n<tr data-start=\"2840\" data-end=\"2954\">\n<td data-start=\"2840\" data-end=\"2861\" data-col-size=\"sm\">Pochodzenie<\/td>\n<td data-col-size=\"sm\" data-start=\"2861\" data-end=\"2884\">Produkcja<\/td>\n<td data-col-size=\"md\" data-start=\"2884\" data-end=\"2954\">Zhejiang, Chiny<\/td>\n<\/tr>\n<\/tbody>\n<\/table>\n<\/div>\n<\/div>","protected":false},"excerpt":{"rendered":"<p>Personalizowana wk\u0142adka NTAG213 NFC 13,56 MHz w formacie suchym lub mokrym \u2014 mo\u017cliwa do zadrukowania, programowalna, wodoodporna i kompatybilna z telefonem, przeznaczona do kluczy, identyfikator\u00f3w, etykiet i inteligentnych opakowa\u0144.<\/p>","protected":false},"featured_media":828,"template":"","meta":{"_gspb_post_css":""},"product_brand":[],"product_cat":[23],"product_tag":[],"class_list":{"0":"post-824","1":"product","2":"type-product","3":"status-publish","4":"has-post-thumbnail","6":"product_cat-rfid-nfc-inlay","8":"first","9":"instock","10":"shipping-taxable","11":"purchasable","12":"product-type-simple"},"_links":{"self":[{"href":"https:\/\/www.cxjsmartcard.com\/pl\/wp-json\/wp\/v2\/product\/824","targetHints":{"allow":["GET"]}}],"collection":[{"href":"https:\/\/www.cxjsmartcard.com\/pl\/wp-json\/wp\/v2\/product"}],"about":[{"href":"https:\/\/www.cxjsmartcard.com\/pl\/wp-json\/wp\/v2\/types\/product"}],"wp:featuredmedia":[{"embeddable":true,"href":"https:\/\/www.cxjsmartcard.com\/pl\/wp-json\/wp\/v2\/media\/828"}],"wp:attachment":[{"href":"https:\/\/www.cxjsmartcard.com\/pl\/wp-json\/wp\/v2\/media?parent=824"}],"wp:term":[{"taxonomy":"product_brand","embeddable":true,"href":"https:\/\/www.cxjsmartcard.com\/pl\/wp-json\/wp\/v2\/product_brand?post=824"},{"taxonomy":"product_cat","embeddable":true,"href":"https:\/\/www.cxjsmartcard.com\/pl\/wp-json\/wp\/v2\/product_cat?post=824"},{"taxonomy":"product_tag","embeddable":true,"href":"https:\/\/www.cxjsmartcard.com\/pl\/wp-json\/wp\/v2\/product_tag?post=824"}],"curies":[{"name":"wp","href":"https:\/\/api.w.org\/{rel}","templated":true}]}}