{"id":820,"date":"2025-11-03T08:14:41","date_gmt":"2025-11-03T08:14:41","guid":{"rendered":"https:\/\/www.cxjsmartcard.com\/?post_type=product&#038;p=820"},"modified":"2025-12-29T01:27:09","modified_gmt":"2025-12-29T01:27:09","slug":"uhf-rfid-textile-label-for-apparel-tracking","status":"publish","type":"product","link":"https:\/\/www.cxjsmartcard.com\/pl\/uhf-rfid-textile-label-for-apparel-tracking\/","title":{"rendered":"Etykieta tekstylna UHF RFID do \u015bledzenia odzie\u017cy"},"content":{"rendered":"<p data-start=\"55\" data-end=\"315\">Mi\u0119kkie, zmywalne etykiety tekstylne UHF z wbudowanymi znacznikami EPC Gen2 umo\u017cliwiaj\u0105 szybkie i dok\u0142adne \u015bledzenie odzie\u017cy. Konstrukcja wszywana lub naprasowywana umo\u017cliwia odczyt zbiorczy podczas inwentaryzacji, przyjmowania prania i dystrybucji, poprawiaj\u0105c widoczno\u015b\u0107 i redukuj\u0105c straty.<\/p>\n<p data-start=\"317\" data-end=\"335\"><strong data-start=\"317\" data-end=\"333\">Kluczowe korzy\u015bci<\/strong><\/p>\n<ul data-start=\"336\" data-end=\"662\">\n<li data-start=\"336\" data-end=\"407\">\n<p data-start=\"338\" data-end=\"407\"><strong data-start=\"338\" data-end=\"358\">Szybkie odczytywanie wielokrotne:<\/strong> Odleg\u0142o\u015b\u0107 odczytu 1\u201310 m umo\u017cliwia szybkie skanowanie wsadowe.<\/p>\n<\/li>\n<li data-start=\"408\" data-end=\"500\">\n<p data-start=\"410\" data-end=\"500\"><strong data-start=\"410\" data-end=\"429\">Mi\u0119kkie i trwa\u0142e:<\/strong> Przyjemny w noszeniu; odporny na pranie, prasowanie i czyszczenie chemiczne.<\/p>\n<\/li>\n<li data-start=\"501\" data-end=\"579\">\n<p data-start=\"503\" data-end=\"579\"><strong data-start=\"503\" data-end=\"523\">Oparte na standardach:<\/strong> UHF 860\u2013960 MHz, ISO\/IEC 18000-6C (EPC Klasa 1 Gen2).<\/p>\n<\/li>\n<li data-start=\"580\" data-end=\"662\">\n<p data-start=\"582\" data-end=\"662\"><strong data-start=\"582\" data-end=\"598\">Gotowe do sprzeda\u017cy:<\/strong> Niestandardowe rozmiary, materia\u0142y, grafika oraz pe\u0142ne drukowanie\/kodowanie.<\/p>\n<\/li>\n<\/ul>\n<p data-start=\"664\" data-end=\"809\"><strong data-start=\"664\" data-end=\"680\">Aplikacje<\/strong><br data-start=\"680\" data-end=\"683\" \/>Inwentaryzacja detaliczna i cykle inwentaryzacji \u2022 \u015aledzenie odzie\u017cy \u2022 Programy prania i produkcji mundurk\u00f3w \u2022 \u0141a\u0144cuch dostaw obuwia i tekstyli\u00f3w.<\/p>\n<p data-start=\"811\" data-end=\"1039\"><strong data-start=\"811\" data-end=\"834\">Opcje i wyko\u0144czenie<\/strong><br data-start=\"834\" data-end=\"837\" \/>Materia\u0142y: poliester, satyna, bawe\u0142na, PET, w\u0142\u00f3knina \u2022 Rozmiary: 60\u00d730 mm, 80\u00d738 mm lub niestandardowe \u2022 Chipy: NXP UCODE 8\/9; Impinj Monza R6\/R6-P \u2022 Nadruk\/kodowanie: logo, numer seryjny\/UID, kod kreskowy, QR, dane zmienne.<\/p>\n<h2 data-start=\"1041\" data-end=\"1066\">Tabela (Specyfikacja)<\/h2>\n<div class=\"_tableContainer_1rjym_1\">\n<div class=\"group _tableWrapper_1rjym_13 flex w-fit flex-col-reverse\" tabindex=\"-1\">\n<table class=\"w-fit min-w-(--thread-content-width)\" data-start=\"1068\" data-end=\"2897\">\n<thead data-start=\"1068\" data-end=\"1189\">\n<tr data-start=\"1068\" data-end=\"1189\">\n<th data-start=\"1068\" data-end=\"1090\" data-col-size=\"sm\">Kategoria<\/th>\n<th data-start=\"1090\" data-end=\"1116\" data-col-size=\"sm\">Parametr<\/th>\n<th data-start=\"1116\" data-end=\"1189\" data-col-size=\"md\">Warto\u015b\u0107<\/th>\n<\/tr>\n<\/thead>\n<tbody data-start=\"1312\" data-end=\"2897\">\n<tr data-start=\"1312\" data-end=\"1432\">\n<td data-start=\"1312\" data-end=\"1334\" data-col-size=\"sm\">Produkt<\/td>\n<td data-col-size=\"sm\" data-start=\"1334\" data-end=\"1360\">Typ<\/td>\n<td data-col-size=\"md\" data-start=\"1360\" data-end=\"1432\">Etykieta do prania\/tekstylia UHF RFID<\/td>\n<\/tr>\n<tr data-start=\"1433\" data-end=\"1554\">\n<td data-start=\"1433\" data-end=\"1455\" data-col-size=\"sm\">RFID<\/td>\n<td data-col-size=\"sm\" data-start=\"1455\" data-end=\"1481\">Protok\u00f3\u0142<\/td>\n<td data-col-size=\"md\" data-start=\"1481\" data-end=\"1554\">ISO\/IEC 18000-6C, EPC Klasa 1 Gen 2<\/td>\n<\/tr>\n<tr data-start=\"1555\" data-end=\"1676\">\n<td data-start=\"1555\" data-end=\"1577\" data-col-size=\"sm\"><\/td>\n<td data-col-size=\"sm\" data-start=\"1577\" data-end=\"1603\">Cz\u0119stotliwo\u015b\u0107<\/td>\n<td data-col-size=\"md\" data-start=\"1603\" data-end=\"1676\">860\u2013960 MHz<\/td>\n<\/tr>\n<tr data-start=\"1677\" data-end=\"1798\">\n<td data-start=\"1677\" data-end=\"1699\" data-col-size=\"sm\">Opcje IC<\/td>\n<td data-col-size=\"sm\" data-start=\"1699\" data-end=\"1725\">Modele chip\u00f3w<\/td>\n<td data-col-size=\"md\" data-start=\"1725\" data-end=\"1798\">NXP UCODE 8 \/ UCODE 9; Impinj Monza R6 \/ R6-P<\/td>\n<\/tr>\n<tr data-start=\"1799\" data-end=\"1920\">\n<td data-start=\"1799\" data-end=\"1821\" data-col-size=\"sm\">Pami\u0119\u0107<\/td>\n<td data-col-size=\"sm\" data-start=\"1821\" data-end=\"1847\">EPC \/ U\u017cytkownik \/ TID<\/td>\n<td data-col-size=\"md\" data-start=\"1847\" data-end=\"1920\">EPC 96\u2013496 bit\u00f3w (konfigurowalne) \/ Opcjonalne dla u\u017cytkownika \/ TID 96 bit\u00f3w<\/td>\n<\/tr>\n<tr data-start=\"1921\" data-end=\"2042\">\n<td data-start=\"1921\" data-end=\"1943\" data-col-size=\"sm\">Wydajno\u015b\u0107<\/td>\n<td data-col-size=\"sm\" data-start=\"1943\" data-end=\"1969\">Odczyt odleg\u0142o\u015bci<\/td>\n<td data-col-size=\"md\" data-start=\"1969\" data-end=\"2042\">1\u201310 m (zale\u017cnie od czytelnika\/\u015brodowiska)<\/td>\n<\/tr>\n<tr data-start=\"2043\" data-end=\"2165\">\n<td data-start=\"2043\" data-end=\"2065\" data-col-size=\"sm\">Budowa<\/td>\n<td data-col-size=\"sm\" data-start=\"2065\" data-end=\"2091\">Przybory<\/td>\n<td data-col-size=\"md\" data-start=\"2091\" data-end=\"2165\">Poliester, satyna, bawe\u0142na, PET, w\u0142\u00f3knina<\/td>\n<\/tr>\n<tr data-start=\"2166\" data-end=\"2287\">\n<td data-start=\"2166\" data-end=\"2188\" data-col-size=\"sm\">Wymiary<\/td>\n<td data-col-size=\"sm\" data-start=\"2188\" data-end=\"2214\">Standardowe rozmiary<\/td>\n<td data-col-size=\"md\" data-start=\"2214\" data-end=\"2287\">60\u00d730 mm; 80\u00d738 mm; dost\u0119pne na zam\u00f3wienie<\/td>\n<\/tr>\n<tr data-start=\"2288\" data-end=\"2409\">\n<td data-start=\"2288\" data-end=\"2310\" data-col-size=\"sm\">Integracja<\/td>\n<td data-col-size=\"sm\" data-start=\"2310\" data-end=\"2336\">Metody mocowania<\/td>\n<td data-col-size=\"md\" data-start=\"2336\" data-end=\"2409\">Wszy\u0107 lub przyprasowa\u0107<\/td>\n<\/tr>\n<tr data-start=\"2410\" data-end=\"2531\">\n<td data-start=\"2410\" data-end=\"2432\" data-col-size=\"sm\">Drukowanie i dane<\/td>\n<td data-col-size=\"sm\" data-start=\"2432\" data-end=\"2458\">Personalizacja<\/td>\n<td data-col-size=\"md\" data-start=\"2458\" data-end=\"2531\">Logo, numer seryjny\/UID, kod kreskowy, kod QR, dane zmienne; obs\u0142uga wst\u0119pnego kodowania<\/td>\n<\/tr>\n<tr data-start=\"2532\" data-end=\"2653\">\n<td data-start=\"2532\" data-end=\"2554\" data-col-size=\"sm\">Trwa\u0142o\u015b\u0107<\/td>\n<td data-col-size=\"sm\" data-start=\"2554\" data-end=\"2580\">Odporno\u015b\u0107 na proces<\/td>\n<td data-col-size=\"md\" data-start=\"2580\" data-end=\"2653\">Mo\u017cna pra\u0107; odporne na prasowanie i czyszczenie chemiczne<\/td>\n<\/tr>\n<tr data-start=\"2654\" data-end=\"2775\">\n<td data-start=\"2654\" data-end=\"2676\" data-col-size=\"sm\">Cykl \u017cycia<\/td>\n<td data-col-size=\"sm\" data-start=\"2676\" data-end=\"2702\">Wytrzyma\u0142o\u015b\u0107 \/ Utrzymanie IC<\/td>\n<td data-col-size=\"md\" data-start=\"2702\" data-end=\"2775\">100 000 cykli programowania; 10-letnie przechowywanie danych<\/td>\n<\/tr>\n<tr data-start=\"2776\" data-end=\"2897\">\n<td data-start=\"2776\" data-end=\"2798\" data-col-size=\"sm\">Przypadki u\u017cycia<\/td>\n<td data-start=\"2798\" data-end=\"2824\" data-col-size=\"sm\">Typowe zastosowania<\/td>\n<td data-col-size=\"md\" data-start=\"2824\" data-end=\"2897\">\u015aledzenie odzie\u017cy, zapas\u00f3w detalicznych, \u0142a\u0144cucha dostaw, obuwia\/tekstyli\u00f3w<\/td>\n<\/tr>\n<\/tbody>\n<\/table>\n<\/div>\n<\/div>","protected":false},"excerpt":{"rendered":"<p>Mi\u0119kkie, zmywalne etykiety tekstylne UHF RFID do odzie\u017cy \u2014 odczyt zbiorczy 1\u201310 mln znak\u00f3w, zgodne ze standardem EPC Gen2, do wszywania lub prasowania, z niestandardowymi materia\u0142ami, rozmiarami, nadrukiem i kodowaniem.<\/p>","protected":false},"featured_media":821,"template":"","meta":{"_gspb_post_css":""},"product_brand":[],"product_cat":[22],"product_tag":[],"class_list":{"0":"post-820","1":"product","2":"type-product","3":"status-publish","4":"has-post-thumbnail","6":"product_cat-rfid-wash-care-labels","8":"first","9":"instock","10":"shipping-taxable","11":"purchasable","12":"product-type-simple"},"_links":{"self":[{"href":"https:\/\/www.cxjsmartcard.com\/pl\/wp-json\/wp\/v2\/product\/820","targetHints":{"allow":["GET"]}}],"collection":[{"href":"https:\/\/www.cxjsmartcard.com\/pl\/wp-json\/wp\/v2\/product"}],"about":[{"href":"https:\/\/www.cxjsmartcard.com\/pl\/wp-json\/wp\/v2\/types\/product"}],"wp:featuredmedia":[{"embeddable":true,"href":"https:\/\/www.cxjsmartcard.com\/pl\/wp-json\/wp\/v2\/media\/821"}],"wp:attachment":[{"href":"https:\/\/www.cxjsmartcard.com\/pl\/wp-json\/wp\/v2\/media?parent=820"}],"wp:term":[{"taxonomy":"product_brand","embeddable":true,"href":"https:\/\/www.cxjsmartcard.com\/pl\/wp-json\/wp\/v2\/product_brand?post=820"},{"taxonomy":"product_cat","embeddable":true,"href":"https:\/\/www.cxjsmartcard.com\/pl\/wp-json\/wp\/v2\/product_cat?post=820"},{"taxonomy":"product_tag","embeddable":true,"href":"https:\/\/www.cxjsmartcard.com\/pl\/wp-json\/wp\/v2\/product_tag?post=820"}],"curies":[{"name":"wp","href":"https:\/\/api.w.org\/{rel}","templated":true}]}}