{"id":815,"date":"2025-11-03T08:03:51","date_gmt":"2025-11-03T08:03:51","guid":{"rendered":"https:\/\/www.cxjsmartcard.com\/?post_type=product&#038;p=815"},"modified":"2025-12-29T01:27:09","modified_gmt":"2025-12-29T01:27:09","slug":"ribbon-satin-garment-uhf-rfid-wash-care-label-tag","status":"publish","type":"product","link":"https:\/\/www.cxjsmartcard.com\/pl\/ribbon-satin-garment-uhf-rfid-wash-care-label-tag\/","title":{"rendered":"Etykieta UHF RFID do prania i piel\u0119gnacji odzie\u017cy z satyny wst\u0105\u017ckowej"},"content":{"rendered":"<p data-start=\"61\" data-end=\"309\">Etykiety piel\u0119gnacyjne UHF RFID wykorzystuj\u0105 technologi\u0119 EPC Gen2 w metkach odzie\u017cy zmywalnej, zapewniaj\u0105c wgl\u0105d w stan zapas\u00f3w w czasie rzeczywistym. Zaprojektowane do prania przemys\u0142owego, prasowania i codziennego noszenia, redukuj\u0105 kurczenie si\u0119, zapobiegaj\u0105 brakom magazynowym i eliminuj\u0105 konieczno\u015b\u0107 r\u0119cznego liczenia.<\/p>\n<p data-start=\"311\" data-end=\"329\"><strong data-start=\"311\" data-end=\"327\">G\u0142\u00f3wne cechy<\/strong><\/p>\n<ul data-start=\"330\" data-end=\"1000\">\n<li data-start=\"330\" data-end=\"408\">\n<p data-start=\"332\" data-end=\"408\"><strong data-start=\"332\" data-end=\"346\">Przybory:<\/strong> Poliester, satyna, etykieta kompozytowa, bawe\u0142na, w\u0142\u00f3knina, PET<\/p>\n<\/li>\n<li data-start=\"409\" data-end=\"461\">\n<p data-start=\"411\" data-end=\"461\"><strong data-start=\"411\" data-end=\"421\">Rozmiary:<\/strong> 80 \u00d7 38 mm, 60 \u00d7 30 mm lub niestandardowe<\/p>\n<\/li>\n<li data-start=\"462\" data-end=\"492\">\n<p data-start=\"464\" data-end=\"492\"><strong data-start=\"464\" data-end=\"473\">Typ:<\/strong> Pasywna technologia RFID UHF<\/p>\n<\/li>\n<li data-start=\"493\" data-end=\"566\">\n<p data-start=\"495\" data-end=\"566\"><strong data-start=\"495\" data-end=\"518\">Protok\u00f3\u0142\/Cz\u0119stotliwo\u015b\u0107:<\/strong> ISO 18000-6C \/ EPC Klasa 1 Gen 2; 860\u2013960 MHz<\/p>\n<\/li>\n<li data-start=\"567\" data-end=\"623\">\n<p data-start=\"569\" data-end=\"623\"><strong data-start=\"569\" data-end=\"579\">Frytki:<\/strong> Impinj Monza R6\/R6-P; NXP UCODE 8\/UCODE 9<\/p>\n<\/li>\n<li data-start=\"624\" data-end=\"680\">\n<p data-start=\"626\" data-end=\"680\"><strong data-start=\"626\" data-end=\"644\">Odleg\u0142o\u015b\u0107 odczytu:<\/strong> 1\u201310 m (zale\u017cnie od czytnika\/anteny)<\/p>\n<\/li>\n<li data-start=\"681\" data-end=\"718\">\n<p data-start=\"683\" data-end=\"718\"><strong data-start=\"683\" data-end=\"698\">Za\u0142\u0105cznik:<\/strong> Wszy\u0107 lub przyprasowa\u0107<\/p>\n<\/li>\n<li data-start=\"719\" data-end=\"780\">\n<p data-start=\"721\" data-end=\"780\"><strong data-start=\"721\" data-end=\"741\">Drukowanie i dane:<\/strong> Niestandardowa grafika, numer seryjny\/UID, kodowanie<\/p>\n<\/li>\n<li data-start=\"781\" data-end=\"853\">\n<p data-start=\"783\" data-end=\"853\"><strong data-start=\"783\" data-end=\"800\">Wytrzyma\u0142o\u015b\u0107 IC:<\/strong> 100 000 cykli programowania; 10-letnie przechowywanie danych<\/p>\n<\/li>\n<li data-start=\"854\" data-end=\"904\">\n<p data-start=\"856\" data-end=\"904\"><strong data-start=\"856\" data-end=\"868\">Pr\u00f3bki:<\/strong> Bezp\u0142atne pr\u00f3bki dost\u0119pne na \u017cyczenie<\/p>\n<\/li>\n<li data-start=\"905\" data-end=\"1000\">\n<p data-start=\"907\" data-end=\"1000\"><strong data-start=\"907\" data-end=\"924\">Zastosowania:<\/strong> Zarz\u0105dzanie zapasami, \u0142a\u0144cuch dostaw, handel detaliczny; odzie\u017c, ubrania, torby, obuwie<\/p>\n<\/li>\n<\/ul>\n<h2 data-start=\"1002\" data-end=\"1027\">Tabela (Specyfikacja)<\/h2>\n<div class=\"_tableContainer_1rjym_1\">\n<div class=\"group _tableWrapper_1rjym_13 flex w-fit flex-col-reverse\" tabindex=\"-1\">\n<table class=\"w-fit min-w-(--thread-content-width)\" data-start=\"1029\" data-end=\"2619\">\n<thead data-start=\"1029\" data-end=\"1128\">\n<tr data-start=\"1029\" data-end=\"1128\">\n<th data-start=\"1029\" data-end=\"1051\" data-col-size=\"sm\">Kategoria<\/th>\n<th data-start=\"1051\" data-end=\"1072\" data-col-size=\"sm\">Parametr<\/th>\n<th data-start=\"1072\" data-end=\"1128\" data-col-size=\"md\">Warto\u015b\u0107<\/th>\n<\/tr>\n<\/thead>\n<tbody data-start=\"1228\" data-end=\"2619\">\n<tr data-start=\"1228\" data-end=\"1326\">\n<td data-start=\"1228\" data-end=\"1249\" data-col-size=\"sm\">Produkt<\/td>\n<td data-start=\"1249\" data-end=\"1270\" data-col-size=\"sm\">Nazwa<\/td>\n<td data-col-size=\"md\" data-start=\"1270\" data-end=\"1326\">Etykieta piel\u0119gnacyjna RFID<\/td>\n<\/tr>\n<tr data-start=\"1327\" data-end=\"1431\">\n<td data-start=\"1327\" data-end=\"1348\" data-col-size=\"sm\">Budowa<\/td>\n<td data-col-size=\"sm\" data-start=\"1348\" data-end=\"1369\">Przybory<\/td>\n<td data-col-size=\"md\" data-start=\"1369\" data-end=\"1431\">Poliester \/ Satyna \/ Sk\u0142ad \/ Bawe\u0142na \/ W\u0142\u00f3knina \/ PET<\/td>\n<\/tr>\n<tr data-start=\"1432\" data-end=\"1530\">\n<td data-start=\"1432\" data-end=\"1453\" data-col-size=\"sm\">Wymiary<\/td>\n<td data-col-size=\"sm\" data-start=\"1453\" data-end=\"1474\">Standardowe rozmiary<\/td>\n<td data-col-size=\"md\" data-start=\"1474\" data-end=\"1530\">80 \u00d7 38 mm; 60 \u00d7 30 mm; niestandardowe<\/td>\n<\/tr>\n<tr data-start=\"1531\" data-end=\"1629\">\n<td data-start=\"1531\" data-end=\"1552\" data-col-size=\"sm\">RFID<\/td>\n<td data-col-size=\"sm\" data-start=\"1552\" data-end=\"1573\">Typ<\/td>\n<td data-col-size=\"md\" data-start=\"1573\" data-end=\"1629\">Pasywne UHF<\/td>\n<\/tr>\n<tr data-start=\"1630\" data-end=\"1728\">\n<td data-start=\"1630\" data-end=\"1651\" data-col-size=\"sm\"><\/td>\n<td data-col-size=\"sm\" data-start=\"1651\" data-end=\"1672\">Protok\u00f3\u0142<\/td>\n<td data-col-size=\"md\" data-start=\"1672\" data-end=\"1728\">ISO 18000-6C; EPC Klasa 1 Gen 2<\/td>\n<\/tr>\n<tr data-start=\"1729\" data-end=\"1827\">\n<td data-start=\"1729\" data-end=\"1750\" data-col-size=\"sm\"><\/td>\n<td data-col-size=\"sm\" data-start=\"1750\" data-end=\"1771\">Cz\u0119stotliwo\u015b\u0107<\/td>\n<td data-col-size=\"md\" data-start=\"1771\" data-end=\"1827\">860\u2013960 MHz<\/td>\n<\/tr>\n<tr data-start=\"1828\" data-end=\"1926\">\n<td data-start=\"1828\" data-end=\"1849\" data-col-size=\"sm\">Opcje IC<\/td>\n<td data-col-size=\"sm\" data-start=\"1849\" data-end=\"1870\">Frytki<\/td>\n<td data-col-size=\"md\" data-start=\"1870\" data-end=\"1926\">Impinj Monza R6 \/ R6-P; NXP UCODE 8 \/ UCODE 9<\/td>\n<\/tr>\n<tr data-start=\"1927\" data-end=\"2025\">\n<td data-start=\"1927\" data-end=\"1948\" data-col-size=\"sm\">Wydajno\u015b\u0107<\/td>\n<td data-col-size=\"sm\" data-start=\"1948\" data-end=\"1969\">Odczyt odleg\u0142o\u015bci<\/td>\n<td data-col-size=\"md\" data-start=\"1969\" data-end=\"2025\">1\u201310 m (w zale\u017cno\u015bci od czytnika i anteny)<\/td>\n<\/tr>\n<tr data-start=\"2026\" data-end=\"2124\">\n<td data-start=\"2026\" data-end=\"2047\" data-col-size=\"sm\">Instalacja<\/td>\n<td data-col-size=\"sm\" data-start=\"2047\" data-end=\"2068\">Metoda mocowania<\/td>\n<td data-col-size=\"md\" data-start=\"2068\" data-end=\"2124\">Szycie lub prasowanie<\/td>\n<\/tr>\n<tr data-start=\"2125\" data-end=\"2223\">\n<td data-start=\"2125\" data-end=\"2146\" data-col-size=\"sm\">Personalizacja<\/td>\n<td data-start=\"2146\" data-end=\"2167\" data-col-size=\"sm\">Drukowanie\/kodowanie<\/td>\n<td data-col-size=\"md\" data-start=\"2167\" data-end=\"2223\">Drukowanie, numer seryjny\/UID, projektowanie, kodowanie danych<\/td>\n<\/tr>\n<tr data-start=\"2224\" data-end=\"2322\">\n<td data-start=\"2224\" data-end=\"2245\" data-col-size=\"sm\">Wytrzyma\u0142o\u015b\u0107<\/td>\n<td data-start=\"2245\" data-end=\"2266\" data-col-size=\"sm\">Cykle programowania<\/td>\n<td data-col-size=\"md\" data-start=\"2266\" data-end=\"2322\">100,000<\/td>\n<\/tr>\n<tr data-start=\"2323\" data-end=\"2421\">\n<td data-start=\"2323\" data-end=\"2344\" data-col-size=\"sm\">Dane<\/td>\n<td data-col-size=\"sm\" data-start=\"2344\" data-end=\"2365\">Zatrzymanie<\/td>\n<td data-col-size=\"md\" data-start=\"2365\" data-end=\"2421\">10 lat<\/td>\n<\/tr>\n<tr data-start=\"2422\" data-end=\"2520\">\n<td data-start=\"2422\" data-end=\"2443\" data-col-size=\"sm\">Pr\u00f3bowanie<\/td>\n<td data-col-size=\"sm\" data-start=\"2443\" data-end=\"2464\">Dost\u0119pno\u015b\u0107<\/td>\n<td data-col-size=\"md\" data-start=\"2464\" data-end=\"2520\">Dost\u0119pne s\u0105 bezp\u0142atne pr\u00f3bki<\/td>\n<\/tr>\n<tr data-start=\"2521\" data-end=\"2619\">\n<td data-start=\"2521\" data-end=\"2542\" data-col-size=\"sm\">Przypadki u\u017cycia<\/td>\n<td data-col-size=\"sm\" data-start=\"2542\" data-end=\"2563\">Aplikacje<\/td>\n<td data-col-size=\"md\" data-start=\"2563\" data-end=\"2619\">Zapasy, \u0142a\u0144cuch dostaw, handel detaliczny; odzie\u017c\/torby\/obuwie<\/td>\n<\/tr>\n<\/tbody>\n<\/table>\n<\/div>\n<\/div>","protected":false},"excerpt":{"rendered":"<p>Zmywalne etykiety piel\u0119gnacyjne UHF RFID z satyny\/poliestru do odzie\u017cy \u2014 zasi\u0119g odczytu 1\u201310 m, ISO 18000-6C EPC Gen2, do wszywania lub prasowania, mo\u017cliwo\u015b\u0107 personalizacji nadruku i kodowania.<\/p>","protected":false},"featured_media":816,"template":"","meta":{"_gspb_post_css":""},"product_brand":[],"product_cat":[22],"product_tag":[],"class_list":{"0":"post-815","1":"product","2":"type-product","3":"status-publish","4":"has-post-thumbnail","6":"product_cat-rfid-wash-care-labels","8":"first","9":"instock","10":"shipping-taxable","11":"purchasable","12":"product-type-simple"},"_links":{"self":[{"href":"https:\/\/www.cxjsmartcard.com\/pl\/wp-json\/wp\/v2\/product\/815","targetHints":{"allow":["GET"]}}],"collection":[{"href":"https:\/\/www.cxjsmartcard.com\/pl\/wp-json\/wp\/v2\/product"}],"about":[{"href":"https:\/\/www.cxjsmartcard.com\/pl\/wp-json\/wp\/v2\/types\/product"}],"wp:featuredmedia":[{"embeddable":true,"href":"https:\/\/www.cxjsmartcard.com\/pl\/wp-json\/wp\/v2\/media\/816"}],"wp:attachment":[{"href":"https:\/\/www.cxjsmartcard.com\/pl\/wp-json\/wp\/v2\/media?parent=815"}],"wp:term":[{"taxonomy":"product_brand","embeddable":true,"href":"https:\/\/www.cxjsmartcard.com\/pl\/wp-json\/wp\/v2\/product_brand?post=815"},{"taxonomy":"product_cat","embeddable":true,"href":"https:\/\/www.cxjsmartcard.com\/pl\/wp-json\/wp\/v2\/product_cat?post=815"},{"taxonomy":"product_tag","embeddable":true,"href":"https:\/\/www.cxjsmartcard.com\/pl\/wp-json\/wp\/v2\/product_tag?post=815"}],"curies":[{"name":"wp","href":"https:\/\/api.w.org\/{rel}","templated":true}]}}