{"id":811,"date":"2025-11-03T08:01:29","date_gmt":"2025-11-03T08:01:29","guid":{"rendered":"https:\/\/www.cxjsmartcard.com\/?post_type=product&#038;p=811"},"modified":"2025-12-29T01:27:09","modified_gmt":"2025-12-29T01:27:09","slug":"nylon-woven-uhf-rfid-wash-care-label-tags","status":"publish","type":"product","link":"https:\/\/www.cxjsmartcard.com\/pl\/nylon-woven-uhf-rfid-wash-care-label-tags\/","title":{"rendered":"Etykiety do prania UHF RFID z nylonu tkanego"},"content":{"rendered":"<p data-start=\"53\" data-end=\"357\">Nylonowe, tkane etykiety UHF do prania wygl\u0105daj\u0105 i s\u0105 w dotyku jak standardowe metki materia\u0142owe, ale posiadaj\u0105 wk\u0142adk\u0119 EPC Gen2\/UHF umo\u017cliwiaj\u0105c\u0105 szybkie \u015bledzenie odzie\u017cy z wieloma odczytami. Trwa\u0142e, zmywalne i wszywane, usprawniaj\u0105 inwentaryzacj\u0119, przyjmowanie prania i przejrzysto\u015b\u0107 \u0142a\u0144cucha dostaw.<\/p>\n<p data-start=\"359\" data-end=\"377\"><strong data-start=\"359\" data-end=\"375\">G\u0142\u00f3wne cechy<\/strong><\/p>\n<ul data-start=\"378\" data-end=\"955\">\n<li data-start=\"378\" data-end=\"452\">\n<p data-start=\"380\" data-end=\"452\"><strong data-start=\"380\" data-end=\"400\">Wydajno\u015b\u0107 UHF:<\/strong> 860\u2013960 MHz; ISO\/IEC 18000-6C (EPC Klasa 1 Gen 2)<\/p>\n<\/li>\n<li data-start=\"453\" data-end=\"516\">\n<p data-start=\"455\" data-end=\"516\"><strong data-start=\"455\" data-end=\"465\">Frytki:<\/strong> NXP UCODE 8\/9, Impinj M4QT, MR6-P (konfigurowalny)<\/p>\n<\/li>\n<li data-start=\"517\" data-end=\"603\">\n<p data-start=\"519\" data-end=\"603\"><strong data-start=\"519\" data-end=\"538\">Profil pami\u0119ci:<\/strong> EPC 96\u2013128 bit\u00f3w; U\u017cytkownik 0\u2013512 bit\u00f3w; TID 96 bit\u00f3w; Rezerwa 64 bity<\/p>\n<\/li>\n<li data-start=\"604\" data-end=\"652\">\n<p data-start=\"606\" data-end=\"652\"><strong data-start=\"606\" data-end=\"621\">Zakres odczytu:<\/strong> 0\u20138 m (zale\u017cnie od znacznika\/czytnika)<\/p>\n<\/li>\n<li data-start=\"653\" data-end=\"721\">\n<p data-start=\"655\" data-end=\"721\"><strong data-start=\"655\" data-end=\"672\">Budowa:<\/strong> Tkanina nylonowa lub wierzchnia warstwa PET; formaty etykiet wszywanych<\/p>\n<\/li>\n<li data-start=\"722\" data-end=\"797\">\n<p data-start=\"724\" data-end=\"797\"><strong data-start=\"724\" data-end=\"738\">Wytrzyma\u0142o\u015b\u0107:<\/strong> Mo\u017cliwo\u015b\u0107 ponownego zapisu do 100 000 razy; trwa\u0142o\u015b\u0107 danych &gt;50 lat<\/p>\n<\/li>\n<li data-start=\"798\" data-end=\"864\">\n<p data-start=\"800\" data-end=\"864\"><strong data-start=\"800\" data-end=\"816\">Rozmiary etykiet:<\/strong> Standardowe lub niestandardowe (np. 64\u00d721 mm, 81\u00d730 mm)<\/p>\n<\/li>\n<li data-start=\"865\" data-end=\"955\">\n<p data-start=\"867\" data-end=\"955\"><strong data-start=\"867\" data-end=\"891\">Drukowanie i kodowanie:<\/strong> Termotransfer, sitodruk, inne opcje z kodowaniem danych<\/p>\n<\/li>\n<\/ul>\n<p data-start=\"957\" data-end=\"1084\"><strong data-start=\"957\" data-end=\"973\">Aplikacje<\/strong><br data-start=\"973\" data-end=\"976\" \/>Inwentaryzacja odzie\u017cy i obuwia \u2022 \u015aledzenie prania i tekstyli\u00f3w \u2022 Kontrola \u0142a\u0144cucha dostaw i dystrybucji odzie\u017cy.<\/p>\n<p data-start=\"1086\" data-end=\"1224\"><strong data-start=\"1086\" data-end=\"1111\">Opcje dostosowywania<\/strong><br data-start=\"1111\" data-end=\"1114\" \/>Typ chipa, wymiary etykiety, materia\u0142 wierzchni (nylon\/PET), projekt graficzny (logo\/tekst\/numer seryjny\/QR) i pe\u0142ne kodowanie danych.<\/p>\n<h2 data-start=\"1226\" data-end=\"1251\">Tabela (Specyfikacja)<\/h2>\n<div class=\"_tableContainer_1rjym_1\">\n<div class=\"group _tableWrapper_1rjym_13 flex w-fit flex-col-reverse\" tabindex=\"-1\">\n<table class=\"w-fit min-w-(--thread-content-width)\" data-start=\"1253\" data-end=\"3546\">\n<thead data-start=\"1253\" data-end=\"1381\">\n<tr data-start=\"1253\" data-end=\"1381\">\n<th data-start=\"1253\" data-end=\"1275\" data-col-size=\"sm\">Kategoria<\/th>\n<th data-start=\"1275\" data-end=\"1298\" data-col-size=\"sm\">Parametr<\/th>\n<th data-start=\"1298\" data-end=\"1381\" data-col-size=\"md\">Warto\u015b\u0107<\/th>\n<\/tr>\n<\/thead>\n<tbody data-start=\"1510\" data-end=\"3546\">\n<tr data-start=\"1510\" data-end=\"1636\">\n<td data-start=\"1510\" data-end=\"1531\" data-col-size=\"sm\">Produkt<\/td>\n<td data-start=\"1531\" data-end=\"1554\" data-col-size=\"sm\">Nazwa<\/td>\n<td data-col-size=\"md\" data-start=\"1554\" data-end=\"1636\">Etykieta piel\u0119gnacyjna UHF RFID<\/td>\n<\/tr>\n<tr data-start=\"1637\" data-end=\"1763\">\n<td data-start=\"1637\" data-end=\"1658\" data-col-size=\"sm\">RF<\/td>\n<td data-start=\"1658\" data-end=\"1681\" data-col-size=\"sm\">Cz\u0119stotliwo\u015b\u0107<\/td>\n<td data-col-size=\"md\" data-start=\"1681\" data-end=\"1763\">860\u2013960 MHz<\/td>\n<\/tr>\n<tr data-start=\"1764\" data-end=\"1890\">\n<td data-start=\"1764\" data-end=\"1785\" data-col-size=\"sm\"><\/td>\n<td data-col-size=\"sm\" data-start=\"1785\" data-end=\"1808\">Protok\u00f3\u0142<\/td>\n<td data-col-size=\"md\" data-start=\"1808\" data-end=\"1890\">ISO\/IEC 18000-6C, EPC Klasa 1 Gen 2<\/td>\n<\/tr>\n<tr data-start=\"1891\" data-end=\"2017\">\n<td data-start=\"1891\" data-end=\"1912\" data-col-size=\"sm\">Opcje IC<\/td>\n<td data-col-size=\"sm\" data-start=\"1912\" data-end=\"1935\">Frytki<\/td>\n<td data-col-size=\"md\" data-start=\"1935\" data-end=\"2017\">NXP UCODE 8 \/ UCODE 9; Impinj M4QT; MR6-P<\/td>\n<\/tr>\n<tr data-start=\"2018\" data-end=\"2144\">\n<td data-start=\"2018\" data-end=\"2039\" data-col-size=\"sm\">Pami\u0119\u0107<\/td>\n<td data-col-size=\"sm\" data-start=\"2039\" data-end=\"2062\">EPC \/ U\u017cytkownik \/ TID<\/td>\n<td data-col-size=\"md\" data-start=\"2062\" data-end=\"2144\">96\u2013128 bit\u00f3w \/ 0\u2013512 bit\u00f3w \/ 96 bit\u00f3w<\/td>\n<\/tr>\n<tr data-start=\"2145\" data-end=\"2272\">\n<td data-start=\"2145\" data-end=\"2166\" data-col-size=\"sm\"><\/td>\n<td data-col-size=\"sm\" data-start=\"2166\" data-end=\"2189\">Zarezerwowa\u0107<\/td>\n<td data-col-size=\"md\" data-start=\"2189\" data-end=\"2272\">64 bity<\/td>\n<\/tr>\n<tr data-start=\"2273\" data-end=\"2399\">\n<td data-start=\"2273\" data-end=\"2294\" data-col-size=\"sm\">Mechanika<\/td>\n<td data-col-size=\"sm\" data-start=\"2294\" data-end=\"2317\">Materia\u0142 wierzchni<\/td>\n<td data-col-size=\"md\" data-start=\"2317\" data-end=\"2399\">Tkanina nylonowa, PET lub wykonana na zam\u00f3wienie<\/td>\n<\/tr>\n<tr data-start=\"2400\" data-end=\"2526\">\n<td data-start=\"2400\" data-end=\"2421\" data-col-size=\"sm\">Wymiary<\/td>\n<td data-col-size=\"sm\" data-start=\"2421\" data-end=\"2444\">Rozmiar etykiety<\/td>\n<td data-col-size=\"md\" data-start=\"2444\" data-end=\"2526\">Standardowe lub niestandardowe (np. 64\u00d721 mm, 81\u00d730 mm)<\/td>\n<\/tr>\n<tr data-start=\"2527\" data-end=\"2653\">\n<td data-start=\"2527\" data-end=\"2548\" data-col-size=\"sm\">Wydajno\u015b\u0107<\/td>\n<td data-col-size=\"sm\" data-start=\"2548\" data-end=\"2571\">Odleg\u0142o\u015b\u0107 czytania<\/td>\n<td data-col-size=\"md\" data-start=\"2571\" data-end=\"2653\">0\u20138 m (w zale\u017cno\u015bci od czytelnika, \u015brodowiska i ubioru)<\/td>\n<\/tr>\n<tr data-start=\"2654\" data-end=\"2780\">\n<td data-start=\"2654\" data-end=\"2675\" data-col-size=\"sm\">Cykl \u017cycia<\/td>\n<td data-col-size=\"sm\" data-start=\"2675\" data-end=\"2698\">Mo\u017cliwo\u015b\u0107 ponownego zapisu\/przechowywania<\/td>\n<td data-col-size=\"md\" data-start=\"2698\" data-end=\"2780\">Do 100 000 zapis\u00f3w; &gt;50 lat przechowywania danych<\/td>\n<\/tr>\n<tr data-start=\"2781\" data-end=\"2908\">\n<td data-start=\"2781\" data-end=\"2802\" data-col-size=\"sm\">\u015arodowisko<\/td>\n<td data-col-size=\"sm\" data-start=\"2802\" data-end=\"2825\">Temperatura pracy\/wilgotno\u015b\u0107 wzgl\u0119dna<\/td>\n<td data-col-size=\"md\" data-start=\"2825\" data-end=\"2908\">0\u201360 \u2103 \/ 20\u201380% RH<\/td>\n<\/tr>\n<tr data-start=\"2909\" data-end=\"3036\">\n<td data-start=\"2909\" data-end=\"2930\" data-col-size=\"sm\"><\/td>\n<td data-col-size=\"sm\" data-start=\"2930\" data-end=\"2953\">Temperatura przechowywania\/wilgotno\u015b\u0107 wzgl\u0119dna<\/td>\n<td data-col-size=\"md\" data-start=\"2953\" data-end=\"3036\">20\u201330 \u2103 \/ 20\u201360% RH<\/td>\n<\/tr>\n<tr data-start=\"3037\" data-end=\"3163\">\n<td data-start=\"3037\" data-end=\"3058\" data-col-size=\"sm\">Produkcja<\/td>\n<td data-start=\"3058\" data-end=\"3081\" data-col-size=\"sm\">Metody drukowania<\/td>\n<td data-col-size=\"md\" data-start=\"3081\" data-end=\"3163\">Termotransfer, sitodruk, inne<\/td>\n<\/tr>\n<tr data-start=\"3164\" data-end=\"3291\">\n<td data-start=\"3164\" data-end=\"3185\" data-col-size=\"sm\">Integracja<\/td>\n<td data-col-size=\"sm\" data-start=\"3185\" data-end=\"3208\">Za\u0142\u0105cznik<\/td>\n<td data-col-size=\"md\" data-start=\"3208\" data-end=\"3291\">Mo\u017cliwo\u015b\u0107 wszycia w odzie\u017c<\/td>\n<\/tr>\n<tr data-start=\"3292\" data-end=\"3418\">\n<td data-start=\"3292\" data-end=\"3313\" data-col-size=\"sm\">Korzy\u015bci<\/td>\n<td data-col-size=\"sm\" data-start=\"3313\" data-end=\"3336\">Przegl\u0105d najwa\u017cniejszych wydarze\u0144<\/td>\n<td data-col-size=\"md\" data-start=\"3336\" data-end=\"3418\">Szybkie, wielodotykowe, zmywalne i trwa\u0142e, \u015bledzenie i zarz\u0105dzanie zapasami<\/td>\n<\/tr>\n<tr data-start=\"3419\" data-end=\"3546\">\n<td data-start=\"3419\" data-end=\"3440\" data-col-size=\"sm\">Przypadki u\u017cycia<\/td>\n<td data-col-size=\"sm\" data-start=\"3440\" data-end=\"3463\">Aplikacje<\/td>\n<td data-col-size=\"md\" data-start=\"3463\" data-end=\"3546\">Zarz\u0105dzanie odzie\u017c\u0105 i obuwiem; \u015bledzenie prania i tekstyli\u00f3w; kontrola \u0142a\u0144cucha dostaw<\/td>\n<\/tr>\n<\/tbody>\n<\/table>\n<\/div>\n<\/div>","protected":false},"excerpt":{"rendered":"<p>Trwa\u0142e, wszywane etykiety piel\u0119gnacyjne UHF RFID z nylonu lub PET \u2014 EPC Gen2, odczyty od 0 do 8 mln, do 100 000 przer\u00f3bek i okres przechowywania &gt;50 lat, przeznaczone do \u015bledzenia odzie\u017cy, prania i \u0142a\u0144cucha dostaw.<\/p>","protected":false},"featured_media":812,"template":"","meta":{"_gspb_post_css":""},"product_brand":[],"product_cat":[22],"product_tag":[],"class_list":{"0":"post-811","1":"product","2":"type-product","3":"status-publish","4":"has-post-thumbnail","6":"product_cat-rfid-wash-care-labels","8":"first","9":"instock","10":"shipping-taxable","11":"purchasable","12":"product-type-simple"},"_links":{"self":[{"href":"https:\/\/www.cxjsmartcard.com\/pl\/wp-json\/wp\/v2\/product\/811","targetHints":{"allow":["GET"]}}],"collection":[{"href":"https:\/\/www.cxjsmartcard.com\/pl\/wp-json\/wp\/v2\/product"}],"about":[{"href":"https:\/\/www.cxjsmartcard.com\/pl\/wp-json\/wp\/v2\/types\/product"}],"wp:featuredmedia":[{"embeddable":true,"href":"https:\/\/www.cxjsmartcard.com\/pl\/wp-json\/wp\/v2\/media\/812"}],"wp:attachment":[{"href":"https:\/\/www.cxjsmartcard.com\/pl\/wp-json\/wp\/v2\/media?parent=811"}],"wp:term":[{"taxonomy":"product_brand","embeddable":true,"href":"https:\/\/www.cxjsmartcard.com\/pl\/wp-json\/wp\/v2\/product_brand?post=811"},{"taxonomy":"product_cat","embeddable":true,"href":"https:\/\/www.cxjsmartcard.com\/pl\/wp-json\/wp\/v2\/product_cat?post=811"},{"taxonomy":"product_tag","embeddable":true,"href":"https:\/\/www.cxjsmartcard.com\/pl\/wp-json\/wp\/v2\/product_tag?post=811"}],"curies":[{"name":"wp","href":"https:\/\/api.w.org\/{rel}","templated":true}]}}