{"id":806,"date":"2025-11-03T07:59:45","date_gmt":"2025-11-03T07:59:45","guid":{"rendered":"https:\/\/www.cxjsmartcard.com\/?post_type=product&#038;p=806"},"modified":"2025-12-29T01:27:09","modified_gmt":"2025-12-29T01:27:09","slug":"custom-clothing-uhf-wash-care-labels-for-retail-apparel","status":"publish","type":"product","link":"https:\/\/www.cxjsmartcard.com\/pl\/custom-clothing-uhf-wash-care-labels-for-retail-apparel\/","title":{"rendered":"Etykiety UHF do prania odzie\u017cy na zam\u00f3wienie dla handlu detalicznego"},"content":{"rendered":"<p data-start=\"67\" data-end=\"422\">Etykiety UHF do prania wygl\u0105daj\u0105 i s\u0105 w dotyku podobne do standardowych metek do tkanin, ale zawieraj\u0105 wbudowany chip RFID, kt\u00f3ry umo\u017cliwia szybkie i dok\u0142adne \u015bledzenie odzie\u017cy. Mi\u0119kkie i elastyczne, s\u0105 wygodne w noszeniu i umo\u017cliwiaj\u0105 szybkie skanowanie partii podczas kontroli stanu magazynowego, przyjmowania prania i dystrybucji \u2013 oszcz\u0119dzaj\u0105c czas i redukuj\u0105c straty.<\/p>\n<p data-start=\"424\" data-end=\"442\"><strong data-start=\"424\" data-end=\"440\">Dlaczego to dzia\u0142a<\/strong><\/p>\n<ul data-start=\"443\" data-end=\"811\">\n<li data-start=\"443\" data-end=\"525\">\n<p data-start=\"445\" data-end=\"525\"><strong data-start=\"445\" data-end=\"465\">Du\u017cy zasi\u0119g odczytu:<\/strong> Do ~6 m w standardowych systemach UHF do szybkiego skanowania wsadowego.<\/p>\n<\/li>\n<li data-start=\"526\" data-end=\"609\">\n<p data-start=\"528\" data-end=\"609\"><strong data-start=\"528\" data-end=\"557\">Ma\u0142e, mi\u0119kkie i wytrzyma\u0142e:<\/strong> Odporne na pranie przemys\u0142owe i wysokie temperatury.<\/p>\n<\/li>\n<li data-start=\"610\" data-end=\"710\">\n<p data-start=\"612\" data-end=\"710\"><strong data-start=\"612\" data-end=\"635\">Zgodne ze standardami:<\/strong> Wsp\u00f3\u0142pracuje ze standardowymi czytnikami UHF i oprogramowaniem po\u015brednicz\u0105cym u\u017cywanym w handlu detalicznym i pralniach.<\/p>\n<\/li>\n<li data-start=\"711\" data-end=\"811\">\n<p data-start=\"713\" data-end=\"811\"><strong data-start=\"713\" data-end=\"736\">Inteligentniejsze dzia\u0142ania:<\/strong> Poprawia przejrzysto\u015b\u0107 zapas\u00f3w, ogranicza straty i przyspiesza cykle inwentaryzacji.<\/p>\n<\/li>\n<\/ul>\n<p data-start=\"813\" data-end=\"936\"><strong data-start=\"813\" data-end=\"826\">Przypadki u\u017cycia<\/strong><br data-start=\"826\" data-end=\"829\" \/>Audyty zapas\u00f3w detalicznych \u2022 \u015aledzenie uniform\u00f3w i bielizny \u2022 Pranie w hotelach i szpitalach \u2022 Wypo\u017cyczanie odzie\u017cy i odzie\u017cy roboczej.<\/p>\n<p data-start=\"938\" data-end=\"1113\"><strong data-start=\"938\" data-end=\"961\">Opcje i wyko\u0144czenie<\/strong><br data-start=\"961\" data-end=\"964\" \/>Konstrukcje sk\u0142adane na p\u00f3\u0142 lub na ko\u0144cu; ci\u0119cie kraw\u0119dzi na gor\u0105co, laserowo lub ultrad\u017awi\u0119kowo. Logo, rozmiar, kolor i materia\u0142 bazowy dostosowane do standard\u00f3w marki.<\/p>\n<p data-start=\"1115\" data-end=\"1453\"><strong data-start=\"1115\" data-end=\"1123\">Cz\u0119sto zadawane pytania<\/strong><br data-start=\"1123\" data-end=\"1126\" \/><strong data-start=\"1126\" data-end=\"1161\">P1: Czy mo\u017cna je pra\u0107 w pralce?<\/strong> Tak \u2014 zaprojektowane na ponad 200 cykli prania\/suszenia.<br data-start=\"1202\" data-end=\"1205\" \/><strong data-start=\"1205\" data-end=\"1246\">P2: Czy b\u0119d\u0105 dzia\u0142a\u0107 w moim systemie RFID?<\/strong> Tak \u2014 zgodny z najpopularniejszymi platformami UHF.<br data-start=\"1291\" data-end=\"1294\" \/><strong data-start=\"1294\" data-end=\"1323\">P3: Czy oferujecie pr\u00f3bki?<\/strong> Tak \u2014 bezp\u0142atne pr\u00f3bki, standardowy czas realizacji zam\u00f3wienia to 7 dni.<br data-start=\"1366\" data-end=\"1369\" \/><strong data-start=\"1369\" data-end=\"1399\">P4: Jak s\u0105 przymocowane?<\/strong> Wszy\u0107 jak zwyk\u0142\u0105 metk\u0119 piel\u0119gnacyjn\u0105 (na \u015brodku lub na ko\u0144cu).<\/p>\n<h2 data-start=\"1455\" data-end=\"1480\">Tabela (Specyfikacja)<\/h2>\n<div class=\"_tableContainer_1rjym_1\">\n<div class=\"group _tableWrapper_1rjym_13 flex w-fit flex-col-reverse\" tabindex=\"-1\">\n<table class=\"w-fit min-w-(--thread-content-width)\" data-start=\"1482\" data-end=\"2735\">\n<thead data-start=\"1482\" data-end=\"1564\">\n<tr data-start=\"1482\" data-end=\"1564\">\n<th data-start=\"1482\" data-end=\"1501\" data-col-size=\"sm\">Kategoria<\/th>\n<th data-start=\"1501\" data-end=\"1524\" data-col-size=\"sm\">Parametr<\/th>\n<th data-start=\"1524\" data-end=\"1564\" data-col-size=\"md\">Warto\u015b\u0107<\/th>\n<\/tr>\n<\/thead>\n<tbody data-start=\"1648\" data-end=\"2735\">\n<tr data-start=\"1648\" data-end=\"1730\">\n<td data-start=\"1648\" data-end=\"1667\" data-col-size=\"sm\">Produkt<\/td>\n<td data-col-size=\"sm\" data-start=\"1667\" data-end=\"1690\">Typ<\/td>\n<td data-col-size=\"md\" data-start=\"1690\" data-end=\"1730\">Etykieta RFID UHF do piel\u0119gnacji prania<\/td>\n<\/tr>\n<tr data-start=\"1731\" data-end=\"1813\">\n<td data-start=\"1731\" data-end=\"1750\" data-col-size=\"sm\">RF<\/td>\n<td data-col-size=\"sm\" data-start=\"1750\" data-end=\"1773\">Cz\u0119stotliwo\u015b\u0107<\/td>\n<td data-col-size=\"md\" data-start=\"1773\" data-end=\"1813\">860\u2013960 MHz<\/td>\n<\/tr>\n<tr data-start=\"1814\" data-end=\"1896\">\n<td data-start=\"1814\" data-end=\"1833\" data-col-size=\"sm\">\u017beton<\/td>\n<td data-col-size=\"sm\" data-start=\"1833\" data-end=\"1856\">Opcje<\/td>\n<td data-col-size=\"md\" data-start=\"1856\" data-end=\"1896\">U8 \/ U9 \/ Dostosowane<\/td>\n<\/tr>\n<tr data-start=\"1897\" data-end=\"1979\">\n<td data-start=\"1897\" data-end=\"1916\" data-col-size=\"sm\">Wydajno\u015b\u0107<\/td>\n<td data-start=\"1916\" data-end=\"1939\" data-col-size=\"sm\">Zakres odczytu<\/td>\n<td data-col-size=\"md\" data-start=\"1939\" data-end=\"1979\">Do 6 metr\u00f3w<\/td>\n<\/tr>\n<tr data-start=\"1980\" data-end=\"2062\">\n<td data-start=\"1980\" data-end=\"1999\" data-col-size=\"sm\">Funkcje specjalne<\/td>\n<td data-col-size=\"sm\" data-start=\"1999\" data-end=\"2022\">Trwa\u0142o\u015b\u0107<\/td>\n<td data-col-size=\"md\" data-start=\"2022\" data-end=\"2062\">Zmywalny, odporny na wysok\u0105 temperatur\u0119<\/td>\n<\/tr>\n<tr data-start=\"2063\" data-end=\"2153\">\n<td data-start=\"2063\" data-end=\"2082\" data-col-size=\"sm\">Aplikacje<\/td>\n<td data-col-size=\"sm\" data-start=\"2082\" data-end=\"2105\">Obszary<\/td>\n<td data-col-size=\"md\" data-start=\"2105\" data-end=\"2153\">Odzie\u017c, mundury, po\u015bciel; handel detaliczny i pralnia<\/td>\n<\/tr>\n<tr data-start=\"2154\" data-end=\"2236\">\n<td data-start=\"2154\" data-end=\"2173\" data-col-size=\"sm\">Funkcje<\/td>\n<td data-col-size=\"sm\" data-start=\"2173\" data-end=\"2196\">Zamiar<\/td>\n<td data-col-size=\"md\" data-start=\"2196\" data-end=\"2236\">Zarz\u0105dzanie aktywami i zapasami<\/td>\n<\/tr>\n<tr data-start=\"2237\" data-end=\"2319\">\n<td data-start=\"2237\" data-end=\"2256\" data-col-size=\"sm\">Budowa<\/td>\n<td data-col-size=\"sm\" data-start=\"2256\" data-end=\"2279\">Typ fa\u0142du<\/td>\n<td data-col-size=\"md\" data-start=\"2279\" data-end=\"2319\">Zagi\u0119cie \u015brodkowe \/ Zagi\u0119cie ko\u0144cowe<\/td>\n<\/tr>\n<tr data-start=\"2320\" data-end=\"2403\">\n<td data-start=\"2320\" data-end=\"2339\" data-col-size=\"sm\">Wyko\u0144czeniowy<\/td>\n<td data-col-size=\"sm\" data-start=\"2339\" data-end=\"2362\">Wyko\u0144czenie kraw\u0119dzi<\/td>\n<td data-col-size=\"md\" data-start=\"2362\" data-end=\"2403\">Ci\u0119cie cieplne \/ Ci\u0119cie laserowe \/ Ci\u0119cie ultrad\u017awi\u0119kowe<\/td>\n<\/tr>\n<tr data-start=\"2404\" data-end=\"2486\">\n<td data-start=\"2404\" data-end=\"2423\" data-col-size=\"sm\">Branding<\/td>\n<td data-col-size=\"sm\" data-start=\"2423\" data-end=\"2446\">Personalizacja<\/td>\n<td data-col-size=\"md\" data-start=\"2446\" data-end=\"2486\">Logo, rozmiar, kolor, materia\u0142<\/td>\n<\/tr>\n<tr data-start=\"2487\" data-end=\"2569\">\n<td data-start=\"2487\" data-end=\"2506\" data-col-size=\"sm\">Pochodzenie<\/td>\n<td data-col-size=\"sm\" data-start=\"2506\" data-end=\"2529\">Lokalizacja<\/td>\n<td data-col-size=\"md\" data-start=\"2529\" data-end=\"2569\">Guangdong, Chiny<\/td>\n<\/tr>\n<tr data-start=\"2570\" data-end=\"2652\">\n<td data-start=\"2570\" data-end=\"2589\" data-col-size=\"sm\">Czas realizacji<\/td>\n<td data-start=\"2589\" data-end=\"2612\" data-col-size=\"sm\">Czas dostawy<\/td>\n<td data-col-size=\"md\" data-start=\"2612\" data-end=\"2652\">5\u20138 dni<\/td>\n<\/tr>\n<tr data-start=\"2653\" data-end=\"2735\">\n<td data-start=\"2653\" data-end=\"2672\" data-col-size=\"sm\">Pr\u00f3bowanie<\/td>\n<td data-col-size=\"sm\" data-start=\"2672\" data-end=\"2695\">Czas realizacji pr\u00f3bki<\/td>\n<td data-col-size=\"md\" data-start=\"2695\" data-end=\"2735\">7 dni; dost\u0119pne bezp\u0142atne pr\u00f3bki<\/td>\n<\/tr>\n<\/tbody>\n<\/table>\n<\/div>\n<\/div>","protected":false},"excerpt":{"rendered":"<p>Mi\u0119kkie etykiety do prania UHF z wbudowanym uk\u0142adem RFID umo\u017cliwiaj\u0105cym szybkie skanowanie partii \u2014 nadaj\u0105ce si\u0119 do prania, odporne na ciep\u0142o i gotowe do nadruku na odzie\u017cy, mundurach i po\u015bcieli.<\/p>","protected":false},"featured_media":810,"template":"","meta":{"_gspb_post_css":""},"product_brand":[],"product_cat":[22],"product_tag":[],"class_list":{"0":"post-806","1":"product","2":"type-product","3":"status-publish","4":"has-post-thumbnail","6":"product_cat-rfid-wash-care-labels","8":"first","9":"instock","10":"shipping-taxable","11":"purchasable","12":"product-type-simple"},"_links":{"self":[{"href":"https:\/\/www.cxjsmartcard.com\/pl\/wp-json\/wp\/v2\/product\/806","targetHints":{"allow":["GET"]}}],"collection":[{"href":"https:\/\/www.cxjsmartcard.com\/pl\/wp-json\/wp\/v2\/product"}],"about":[{"href":"https:\/\/www.cxjsmartcard.com\/pl\/wp-json\/wp\/v2\/types\/product"}],"wp:featuredmedia":[{"embeddable":true,"href":"https:\/\/www.cxjsmartcard.com\/pl\/wp-json\/wp\/v2\/media\/810"}],"wp:attachment":[{"href":"https:\/\/www.cxjsmartcard.com\/pl\/wp-json\/wp\/v2\/media?parent=806"}],"wp:term":[{"taxonomy":"product_brand","embeddable":true,"href":"https:\/\/www.cxjsmartcard.com\/pl\/wp-json\/wp\/v2\/product_brand?post=806"},{"taxonomy":"product_cat","embeddable":true,"href":"https:\/\/www.cxjsmartcard.com\/pl\/wp-json\/wp\/v2\/product_cat?post=806"},{"taxonomy":"product_tag","embeddable":true,"href":"https:\/\/www.cxjsmartcard.com\/pl\/wp-json\/wp\/v2\/product_tag?post=806"}],"curies":[{"name":"wp","href":"https:\/\/api.w.org\/{rel}","templated":true}]}}