{"id":801,"date":"2025-11-03T07:55:36","date_gmt":"2025-11-03T07:55:36","guid":{"rendered":"https:\/\/www.cxjsmartcard.com\/?post_type=product&#038;p=801"},"modified":"2025-12-29T01:27:09","modified_gmt":"2025-12-29T01:27:09","slug":"printable-fabric-ntag213-nfc-elastic-rfid-bracelet","status":"publish","type":"product","link":"https:\/\/www.cxjsmartcard.com\/pl\/printable-fabric-ntag213-nfc-elastic-rfid-bracelet\/","title":{"rendered":"Bransoletka elastyczna RFID NFC NTAG213 z materia\u0142u do druku"},"content":{"rendered":"<p data-start=\"63\" data-end=\"246\">Elastyczna opaska na nadgarstek z materia\u0142u z technologi\u0105 NTAG213 (HF 13,56 MHz) do kontroli dost\u0119pu i bezgot\u00f3wkowego u\u017cytkowania na imprezach. Opaska jest wodoodporna, wielokrotnego u\u017cytku i wygodna do d\u0142ugotrwa\u0142ego noszenia.<\/p>\n<p data-start=\"248\" data-end=\"262\"><strong data-start=\"248\" data-end=\"260\">Cechy<\/strong><\/p>\n<ul data-start=\"263\" data-end=\"444\">\n<li data-start=\"263\" data-end=\"289\">\n<p data-start=\"265\" data-end=\"289\">Trwa\u0142y i wodoodporny<\/p>\n<\/li>\n<li data-start=\"290\" data-end=\"343\">\n<p data-start=\"292\" data-end=\"343\">Elastyczne dopasowanie; mo\u017cliwo\u015b\u0107 dopasowania do r\u00f3\u017cnych rozmiar\u00f3w nadgarstk\u00f3w<\/p>\n<\/li>\n<li data-start=\"344\" data-end=\"396\">\n<p data-start=\"346\" data-end=\"396\">Wielokrotnego u\u017cytku; mi\u0119kkie i wygodne podczas d\u0142ugich sesji<\/p>\n<\/li>\n<li data-start=\"397\" data-end=\"444\">\n<p data-start=\"399\" data-end=\"444\">Obszar na kart\u0119\/naszywk\u0119 do nadruku na identyfikatory lub branding<\/p>\n<\/li>\n<\/ul>\n<p data-start=\"446\" data-end=\"627\"><strong data-start=\"446\" data-end=\"463\">Personalizacja<\/strong><br data-start=\"463\" data-end=\"466\" \/>Kolory, logo, numery seryjne, kody QR i szczeg\u00f3\u0142y wydarzenia. Obs\u0142ugiwane metody: tkanie, druk termotransferowy, sitodruk; opcjonalnie grawerowanie laserowe lub druk UV.<\/p>\n<p data-start=\"629\" data-end=\"755\"><strong data-start=\"629\" data-end=\"645\">Aplikacje<\/strong><br data-start=\"645\" data-end=\"648\" \/>O\u015brodki wypoczynkowe, bary, imprezy, wystawy, konferencje, wydarzenia sportowe, koncerty, miejsca spotka\u0144 towarzyskich i kluby nocne.<\/p>\n<h2 data-start=\"757\" data-end=\"782\">Tabela (Specyfikacja)<\/h2>\n<div class=\"_tableContainer_1rjym_1\">\n<div class=\"group _tableWrapper_1rjym_13 flex w-fit flex-col-reverse\" tabindex=\"-1\">\n<table class=\"w-fit min-w-(--thread-content-width)\" data-start=\"784\" data-end=\"2223\">\n<thead data-start=\"784\" data-end=\"903\">\n<tr data-start=\"784\" data-end=\"903\">\n<th data-start=\"784\" data-end=\"802\" data-col-size=\"sm\">Kategoria<\/th>\n<th data-start=\"802\" data-end=\"830\" data-col-size=\"sm\">Parametr<\/th>\n<th data-start=\"830\" data-end=\"903\" data-col-size=\"md\">Warto\u015b\u0107<\/th>\n<\/tr>\n<\/thead>\n<tbody data-start=\"1024\" data-end=\"2223\">\n<tr data-start=\"1024\" data-end=\"1143\">\n<td data-start=\"1024\" data-end=\"1042\" data-col-size=\"sm\">Produkt<\/td>\n<td data-start=\"1042\" data-end=\"1070\" data-col-size=\"sm\">Nazwa<\/td>\n<td data-col-size=\"md\" data-start=\"1070\" data-end=\"1143\">Bransoletka elastyczna RFID NFC NTAG 213 z materia\u0142u do druku<\/td>\n<\/tr>\n<tr data-start=\"1144\" data-end=\"1263\">\n<td data-start=\"1144\" data-end=\"1162\" data-col-size=\"sm\">Cechy<\/td>\n<td data-start=\"1162\" data-end=\"1190\" data-col-size=\"sm\">Atrybuty<\/td>\n<td data-col-size=\"md\" data-start=\"1190\" data-end=\"1263\">Wodoodporne, wielokrotnego u\u017cytku, mi\u0119kkie, wygodne<\/td>\n<\/tr>\n<tr data-start=\"1264\" data-end=\"1383\">\n<td data-start=\"1264\" data-end=\"1282\" data-col-size=\"sm\">Wymiary<\/td>\n<td data-col-size=\"sm\" data-start=\"1282\" data-end=\"1310\">Opcje szeroko\u015bci<\/td>\n<td data-col-size=\"md\" data-start=\"1310\" data-end=\"1383\">15 mm \/ 20 mm \/ 25 mm<\/td>\n<\/tr>\n<tr data-start=\"1384\" data-end=\"1503\">\n<td data-start=\"1384\" data-end=\"1402\" data-col-size=\"sm\"><\/td>\n<td data-col-size=\"sm\" data-start=\"1402\" data-end=\"1430\">Zakres d\u0142ugo\u015bci<\/td>\n<td data-col-size=\"md\" data-start=\"1430\" data-end=\"1503\">145\u2013210 mm (mo\u017cliwo\u015b\u0107 dostosowania)<\/td>\n<\/tr>\n<tr data-start=\"1504\" data-end=\"1623\">\n<td data-start=\"1504\" data-end=\"1522\" data-col-size=\"sm\"><\/td>\n<td data-col-size=\"sm\" data-start=\"1522\" data-end=\"1550\">Zalecane rozmiary<\/td>\n<td data-col-size=\"md\" data-start=\"1550\" data-end=\"1623\">25\u00d7145 mm (dzieci) \u2022 25\u00d7160 mm (m\u0142odzie\u017c) \u2022 25\u00d7180 mm (doro\u015bli)<\/td>\n<\/tr>\n<tr data-start=\"1624\" data-end=\"1743\">\n<td data-start=\"1624\" data-end=\"1642\" data-col-size=\"sm\">Personalizacja<\/td>\n<td data-col-size=\"sm\" data-start=\"1642\" data-end=\"1670\">Opcje niestandardowe<\/td>\n<td data-col-size=\"md\" data-start=\"1670\" data-end=\"1743\">Logo, nadruk, rozmiar<\/td>\n<\/tr>\n<tr data-start=\"1744\" data-end=\"1863\">\n<td data-start=\"1744\" data-end=\"1762\" data-col-size=\"sm\">R\u0119kodzie\u0142o<\/td>\n<td data-col-size=\"sm\" data-start=\"1762\" data-end=\"1790\">Metody<\/td>\n<td data-col-size=\"md\" data-start=\"1790\" data-end=\"1863\">Tkactwo, druk termotransferowy, sitodruk<\/td>\n<\/tr>\n<tr data-start=\"1864\" data-end=\"1983\">\n<td data-start=\"1864\" data-end=\"1882\" data-col-size=\"sm\">RFID<\/td>\n<td data-col-size=\"sm\" data-start=\"1882\" data-end=\"1910\">Uk\u0142ad HF<\/td>\n<td data-col-size=\"md\" data-start=\"1910\" data-end=\"1983\">NTAG213 (13,56 MHz NFC)<\/td>\n<\/tr>\n<tr data-start=\"1984\" data-end=\"2103\">\n<td data-start=\"1984\" data-end=\"2002\" data-col-size=\"sm\"><\/td>\n<td data-col-size=\"sm\" data-start=\"2002\" data-end=\"2030\">Inne opcje chip\u00f3w<\/td>\n<td data-col-size=\"md\" data-start=\"2030\" data-end=\"2103\">LF 125 kHz i dodatkowe opcje HF na \u017cyczenie<\/td>\n<\/tr>\n<tr data-start=\"2104\" data-end=\"2223\">\n<td data-start=\"2104\" data-end=\"2122\" data-col-size=\"sm\">Przypadki u\u017cycia<\/td>\n<td data-col-size=\"sm\" data-start=\"2122\" data-end=\"2150\">Typowe zastosowania<\/td>\n<td data-col-size=\"md\" data-start=\"2150\" data-end=\"2223\">Kontrola dost\u0119pu, p\u0142atno\u015bci bezgot\u00f3wkowe, identyfikacja uczestnik\u00f3w na wydarzeniach i w obiektach<\/td>\n<\/tr>\n<\/tbody>\n<\/table>\n<\/div>\n<\/div>","protected":false},"excerpt":{"rendered":"<p>Elastyczna, drukowana opaska na nadgarstek NFC z NTAG213 \u2013 wodoodporna, wielokrotnego u\u017cytku i wygodna. Szeroko\u015bci 15\/20\/25 mm, d\u0142ugo\u015b\u0107 145\u2013210 mm, z niestandardowymi kolorami, logo i kodami QR\/numerami seryjnymi.<\/p>","protected":false},"featured_media":802,"template":"","meta":{"_gspb_post_css":""},"product_brand":[],"product_cat":[21],"product_tag":[],"class_list":{"0":"post-801","1":"product","2":"type-product","3":"status-publish","4":"has-post-thumbnail","6":"product_cat-rfid-nfc-bracelets","8":"first","9":"instock","10":"shipping-taxable","11":"purchasable","12":"product-type-simple"},"_links":{"self":[{"href":"https:\/\/www.cxjsmartcard.com\/pl\/wp-json\/wp\/v2\/product\/801","targetHints":{"allow":["GET"]}}],"collection":[{"href":"https:\/\/www.cxjsmartcard.com\/pl\/wp-json\/wp\/v2\/product"}],"about":[{"href":"https:\/\/www.cxjsmartcard.com\/pl\/wp-json\/wp\/v2\/types\/product"}],"wp:featuredmedia":[{"embeddable":true,"href":"https:\/\/www.cxjsmartcard.com\/pl\/wp-json\/wp\/v2\/media\/802"}],"wp:attachment":[{"href":"https:\/\/www.cxjsmartcard.com\/pl\/wp-json\/wp\/v2\/media?parent=801"}],"wp:term":[{"taxonomy":"product_brand","embeddable":true,"href":"https:\/\/www.cxjsmartcard.com\/pl\/wp-json\/wp\/v2\/product_brand?post=801"},{"taxonomy":"product_cat","embeddable":true,"href":"https:\/\/www.cxjsmartcard.com\/pl\/wp-json\/wp\/v2\/product_cat?post=801"},{"taxonomy":"product_tag","embeddable":true,"href":"https:\/\/www.cxjsmartcard.com\/pl\/wp-json\/wp\/v2\/product_tag?post=801"}],"curies":[{"name":"wp","href":"https:\/\/api.w.org\/{rel}","templated":true}]}}