{"id":796,"date":"2025-11-03T07:51:07","date_gmt":"2025-11-03T07:51:07","guid":{"rendered":"https:\/\/www.cxjsmartcard.com\/?post_type=product&#038;p=796"},"modified":"2025-12-29T01:27:09","modified_gmt":"2025-12-29T01:27:09","slug":"paper-tyvek-rfid-bracelets-nfc-wristband-for-concert-festival","status":"publish","type":"product","link":"https:\/\/www.cxjsmartcard.com\/pl\/paper-tyvek-rfid-bracelets-nfc-wristband-for-concert-festival\/","title":{"rendered":"Bransoletki papierowe Tyvek RFID i opaska NFC na festiwal koncertowy"},"content":{"rendered":"<p data-start=\"73\" data-end=\"388\">Opaski na r\u0119k\u0119 Paper Tyvek RFID NFC \u0142\u0105cz\u0105 ekologiczny materia\u0142 Tyvek\u00ae z wbudowanymi chipami RFID\/NFC, aby usprawni\u0107 wej\u015bcie, kontrol\u0119 dost\u0119pu i p\u0142atno\u015bci bezgot\u00f3wkowe na koncertach, festiwalach i w du\u017cych obiektach. Lekkie, wytrzyma\u0142e i wysoce personalizowane, zapewniaj\u0105 szybk\u0105 odpraw\u0119 i bezpieczn\u0105 identyfikacj\u0119.<\/p>\n<p data-start=\"390\" data-end=\"459\"><strong data-start=\"390\" data-end=\"402\">Tworzywo<\/strong><br data-start=\"402\" data-end=\"405\" \/>Papier Tyvek\u00ae (lekki, trwa\u0142y i przyjazny dla \u015brodowiska).<\/p>\n<p data-start=\"461\" data-end=\"479\"><strong data-start=\"461\" data-end=\"477\">G\u0142\u00f3wne cechy<\/strong><\/p>\n<ul data-start=\"480\" data-end=\"953\">\n<li data-start=\"480\" data-end=\"544\">\n<p data-start=\"482\" data-end=\"544\"><strong data-start=\"482\" data-end=\"492\">Rozmiary:<\/strong> 250 \u00d7 25 mm; 250 \u00d7 20 mm (dost\u0119pne rozmiary niestandardowe)<\/p>\n<\/li>\n<li data-start=\"545\" data-end=\"588\">\n<p data-start=\"547\" data-end=\"588\"><strong data-start=\"547\" data-end=\"558\">Zabarwienie:<\/strong> Dopasowanie kolor\u00f3w CMYK\/Pantone<\/p>\n<\/li>\n<li data-start=\"589\" data-end=\"703\">\n<p data-start=\"591\" data-end=\"703\"><strong data-start=\"591\" data-end=\"604\">Druk:<\/strong> Pe\u0142nokolorowy druk logo, obraz\u00f3w, tekstu, kod\u00f3w kreskowych, kod\u00f3w QR, numer\u00f3w seryjnych lub jednolitych kolor\u00f3w<\/p>\n<\/li>\n<li data-start=\"704\" data-end=\"744\">\n<p data-start=\"706\" data-end=\"744\"><strong data-start=\"706\" data-end=\"718\">Zamkni\u0119cie:<\/strong> Konstrukcja zamkni\u0119cia wielokrotnego u\u017cytku<\/p>\n<\/li>\n<li data-start=\"745\" data-end=\"765\">\n<p data-start=\"747\" data-end=\"765\"><strong data-start=\"747\" data-end=\"755\">Minimalne zam\u00f3wienie:<\/strong> 500 szt.<\/p>\n<\/li>\n<li data-start=\"766\" data-end=\"953\">\n<p data-start=\"768\" data-end=\"790\"><strong data-start=\"768\" data-end=\"788\">Dost\u0119pne \u017cetony:<\/strong><\/p>\n<ul data-start=\"793\" data-end=\"953\">\n<li data-start=\"793\" data-end=\"824\">\n<p data-start=\"795\" data-end=\"824\">NTAG\u00ae 203 \/ 213 \/ 215 \/ 216<\/p>\n<\/li>\n<li data-start=\"827\" data-end=\"854\">\n<p data-start=\"829\" data-end=\"854\">MIFARE Classic\u00ae 1K \/ 4K<\/p>\n<\/li>\n<li data-start=\"857\" data-end=\"886\">\n<p data-start=\"859\" data-end=\"886\">MIFARE Plus\u00ae 1K \/ 2K \/ 4K<\/p>\n<\/li>\n<li data-start=\"889\" data-end=\"919\">\n<p data-start=\"891\" data-end=\"919\">MIFARE Ultralight\u00ae EV1 \/ C<\/p>\n<\/li>\n<li data-start=\"922\" data-end=\"953\">\n<p data-start=\"924\" data-end=\"953\">MIFARE\u00ae DESFire\u00ae 2K \/ 4K \/ 8K<\/p>\n<\/li>\n<\/ul>\n<\/li>\n<\/ul>\n<p data-start=\"955\" data-end=\"1168\"><strong data-start=\"955\" data-end=\"971\">Aplikacje<\/strong><br data-start=\"971\" data-end=\"974\" \/>Wydarzenia i festiwale; koncerty; wystawy; parki rozrywki i parki wodne; sport (maratony i zawody); kluby i bary; szpitale\/s\u0142u\u017cba zdrowia (identyfikacja pacjent\u00f3w); ch\u0142odnie; szkolenia i wiele innych.<\/p>\n<p data-start=\"1170\" data-end=\"1202\"><strong data-start=\"1170\" data-end=\"1200\">Opakowania i certyfikaty<\/strong><\/p>\n<ul data-start=\"1203\" data-end=\"1372\">\n<li data-start=\"1203\" data-end=\"1285\">\n<p data-start=\"1205\" data-end=\"1285\"><strong data-start=\"1205\" data-end=\"1217\">Uszczelka:<\/strong> 1000 szt. w worku PP; 2000 szt. w pude\u0142ku wewn\u0119trznym; 20000 szt. w kartonie<\/p>\n<\/li>\n<li data-start=\"1286\" data-end=\"1326\">\n<p data-start=\"1288\" data-end=\"1326\"><strong data-start=\"1288\" data-end=\"1307\">Certyfikaty:<\/strong> ISO \/ RoHS \/ SGS<\/p>\n<\/li>\n<li data-start=\"1327\" data-end=\"1372\">\n<p data-start=\"1329\" data-end=\"1372\"><strong data-start=\"1329\" data-end=\"1342\">Dostawa:<\/strong> Drog\u0105 morsk\u0105, lotnicz\u0105 lub ekspresow\u0105<\/p>\n<\/li>\n<\/ul>\n<h2 data-start=\"1374\" data-end=\"1399\">Tabela (Specyfikacja)<\/h2>\n<div class=\"_tableContainer_1rjym_1\">\n<div class=\"group _tableWrapper_1rjym_13 flex w-fit flex-col-reverse\" tabindex=\"-1\">\n<table class=\"w-fit min-w-(--thread-content-width)\" data-start=\"1401\" data-end=\"3139\">\n<thead data-start=\"1401\" data-end=\"1532\">\n<tr data-start=\"1401\" data-end=\"1532\">\n<th data-start=\"1401\" data-end=\"1419\" data-col-size=\"sm\">Kategoria<\/th>\n<th data-start=\"1419\" data-end=\"1442\" data-col-size=\"sm\">Parametr<\/th>\n<th data-start=\"1442\" data-end=\"1532\" data-col-size=\"md\">Warto\u015b\u0107<\/th>\n<\/tr>\n<\/thead>\n<tbody data-start=\"1665\" data-end=\"3139\">\n<tr data-start=\"1665\" data-end=\"1796\">\n<td data-start=\"1665\" data-end=\"1683\" data-col-size=\"sm\">Tworzywo<\/td>\n<td data-col-size=\"sm\" data-start=\"1683\" data-end=\"1706\">Cia\u0142o<\/td>\n<td data-col-size=\"md\" data-start=\"1706\" data-end=\"1796\">Papier Tyvek\u00ae<\/td>\n<\/tr>\n<tr data-start=\"1797\" data-end=\"1928\">\n<td data-start=\"1797\" data-end=\"1815\" data-col-size=\"sm\">Wymiary<\/td>\n<td data-start=\"1815\" data-end=\"1838\" data-col-size=\"sm\">Opcje rozmiaru<\/td>\n<td data-col-size=\"md\" data-start=\"1838\" data-end=\"1928\">250 \u00d7 25 mm; 250 \u00d7 20 mm; dost\u0119pne rozmiary niestandardowe<\/td>\n<\/tr>\n<tr data-start=\"1929\" data-end=\"2060\">\n<td data-start=\"1929\" data-end=\"1947\" data-col-size=\"sm\">Kolor<\/td>\n<td data-col-size=\"sm\" data-start=\"1947\" data-end=\"1970\">Opcje<\/td>\n<td data-col-size=\"md\" data-start=\"1970\" data-end=\"2060\">CMYK \/ Pantone<\/td>\n<\/tr>\n<tr data-start=\"2061\" data-end=\"2192\">\n<td data-start=\"2061\" data-end=\"2079\" data-col-size=\"sm\">Druk<\/td>\n<td data-col-size=\"sm\" data-start=\"2079\" data-end=\"2102\">Metody<\/td>\n<td data-col-size=\"md\" data-start=\"2102\" data-end=\"2192\">Pe\u0142nokolorowe logo, obrazy, tekst, kody kreskowe, kody QR, numery seryjne; jednolite kolory<\/td>\n<\/tr>\n<tr data-start=\"2193\" data-end=\"2338\">\n<td data-start=\"2193\" data-end=\"2211\" data-col-size=\"sm\">Sprz\u0119t komputerowy<\/td>\n<td data-col-size=\"sm\" data-start=\"2211\" data-end=\"2234\">Opcje na \u017cetony<\/td>\n<td data-col-size=\"md\" data-start=\"2234\" data-end=\"2338\">NTAG 203\/213\/215\/216; MIFARE Classic 1K\/4K; MIFARE Plus 1K\/2K\/4K; Ultralight EV1\/C; DESFire 2K\/4K\/8K<\/td>\n<\/tr>\n<tr data-start=\"2339\" data-end=\"2470\">\n<td data-start=\"2339\" data-end=\"2357\" data-col-size=\"sm\">Zamkni\u0119cie<\/td>\n<td data-col-size=\"sm\" data-start=\"2357\" data-end=\"2380\">Typ<\/td>\n<td data-col-size=\"md\" data-start=\"2380\" data-end=\"2470\">Zamkni\u0119cie wielokrotnego u\u017cytku<\/td>\n<\/tr>\n<tr data-start=\"2471\" data-end=\"2602\">\n<td data-start=\"2471\" data-end=\"2489\" data-col-size=\"sm\">Minimalne zam\u00f3wienie<\/td>\n<td data-col-size=\"sm\" data-start=\"2489\" data-end=\"2512\">Minimalne zam\u00f3wienie<\/td>\n<td data-col-size=\"md\" data-start=\"2512\" data-end=\"2602\">500 szt.<\/td>\n<\/tr>\n<tr data-start=\"2603\" data-end=\"2734\">\n<td data-start=\"2603\" data-end=\"2621\" data-col-size=\"sm\">Opakowanie<\/td>\n<td data-col-size=\"sm\" data-start=\"2621\" data-end=\"2644\">Pakiety standardowe<\/td>\n<td data-col-size=\"md\" data-start=\"2644\" data-end=\"2734\">1000 szt.\/worek PP; 2000 szt.\/pude\u0142ko wewn\u0119trzne; 20000 szt.\/karton<\/td>\n<\/tr>\n<tr data-start=\"2735\" data-end=\"2866\">\n<td data-start=\"2735\" data-end=\"2753\" data-col-size=\"sm\">Certyfikaty<\/td>\n<td data-col-size=\"sm\" data-start=\"2753\" data-end=\"2776\">Zgodno\u015b\u0107<\/td>\n<td data-col-size=\"md\" data-start=\"2776\" data-end=\"2866\">ISO \/ RoHS \/ SGS<\/td>\n<\/tr>\n<tr data-start=\"2867\" data-end=\"2998\">\n<td data-start=\"2867\" data-end=\"2885\" data-col-size=\"sm\">Logistyka<\/td>\n<td data-col-size=\"sm\" data-start=\"2885\" data-end=\"2908\">Metody dostawy<\/td>\n<td data-col-size=\"md\" data-start=\"2908\" data-end=\"2998\">Transport morski, lotniczy, ekspresowy<\/td>\n<\/tr>\n<tr data-start=\"2999\" data-end=\"3139\">\n<td data-start=\"2999\" data-end=\"3017\" data-col-size=\"sm\">Aplikacje<\/td>\n<td data-col-size=\"sm\" data-start=\"3017\" data-end=\"3040\">Przypadki u\u017cycia<\/td>\n<td data-col-size=\"md\" data-start=\"3040\" data-end=\"3139\">Wydarzenia, festiwale, koncerty, wystawy, parki rozrywki\/aquaparki, sporty, kluby, bary, szpitale<\/td>\n<\/tr>\n<\/tbody>\n<\/table>\n<\/div>\n<\/div>","protected":false},"excerpt":{"rendered":"<p>Ekologiczne opaski RFID\/NFC Tyvek\u00ae na wydarzenia \u2014 lekkie, trwa\u0142e i w pe\u0142ni konfigurowalne pod wzgl\u0119dem kolor\u00f3w, nadruku i opcji chipowych, zapewniaj\u0105ce bezpieczny dost\u0119p i p\u0142atno\u015bci bezgot\u00f3wkowe.<\/p>","protected":false},"featured_media":797,"template":"","meta":{"_gspb_post_css":""},"product_brand":[],"product_cat":[21],"product_tag":[],"class_list":{"0":"post-796","1":"product","2":"type-product","3":"status-publish","4":"has-post-thumbnail","6":"product_cat-rfid-nfc-bracelets","8":"first","9":"instock","10":"shipping-taxable","11":"purchasable","12":"product-type-simple"},"_links":{"self":[{"href":"https:\/\/www.cxjsmartcard.com\/pl\/wp-json\/wp\/v2\/product\/796","targetHints":{"allow":["GET"]}}],"collection":[{"href":"https:\/\/www.cxjsmartcard.com\/pl\/wp-json\/wp\/v2\/product"}],"about":[{"href":"https:\/\/www.cxjsmartcard.com\/pl\/wp-json\/wp\/v2\/types\/product"}],"wp:featuredmedia":[{"embeddable":true,"href":"https:\/\/www.cxjsmartcard.com\/pl\/wp-json\/wp\/v2\/media\/797"}],"wp:attachment":[{"href":"https:\/\/www.cxjsmartcard.com\/pl\/wp-json\/wp\/v2\/media?parent=796"}],"wp:term":[{"taxonomy":"product_brand","embeddable":true,"href":"https:\/\/www.cxjsmartcard.com\/pl\/wp-json\/wp\/v2\/product_brand?post=796"},{"taxonomy":"product_cat","embeddable":true,"href":"https:\/\/www.cxjsmartcard.com\/pl\/wp-json\/wp\/v2\/product_cat?post=796"},{"taxonomy":"product_tag","embeddable":true,"href":"https:\/\/www.cxjsmartcard.com\/pl\/wp-json\/wp\/v2\/product_tag?post=796"}],"curies":[{"name":"wp","href":"https:\/\/api.w.org\/{rel}","templated":true}]}}